{"id":25225,"date":"2025-06-10T17:29:20","date_gmt":"2025-06-10T15:29:20","guid":{"rendered":"https:\/\/keluvo.com\/no\/produkt\/verktoy-for-oyeblikkelig-som\/"},"modified":"2025-07-22T17:27:23","modified_gmt":"2025-07-22T15:27:23","slug":"verktoy-for-oyeblikkelig-som","status":"publish","type":"product","link":"https:\/\/keluvo.com\/no\/produkt\/verktoy-for-oyeblikkelig-som\/","title":{"rendered":"Verkt\u00f8y for \u00f8yeblikkelig s\u00f8m"},"content":{"rendered":"<p style=\"text-align: center;\"><strong>Vi Introduserer Instant Stitch Tool \u2013 Ditt Nye Verkt\u00f8y For Raske Klesjusteringer! <\/strong><\/p>\n<p style=\"text-align: center;\">Tenk p\u00e5 det som din personlige skredder hjemme, klar til \u00e5 f\u00e5 kl\u00e6rne dine til \u00e5 passe perfekt. Her er hva det kan gj\u00f8re for deg:<\/p>\n<p style=\"text-align: center;\">Rette opp motetabber med raske, midlertidige endringer i antrekkene dine.<\/p>\n<p><img decoding=\"async\" class=\"size-full wp-image-23062 aligncenter\" src=\"https:\/\/keluvo.com\/template\/wp-content\/uploads\/sites\/5\/2025\/06\/2674d60b190995dfc95a9c3a936f9552d48f61d9.webp\" alt=\"\" \/><\/p>\n<p style=\"text-align: center;\">Fiks enkelt hull i favorittskjortene og kjolene dine.<\/p>\n<p><img decoding=\"async\" class=\"size-full wp-image-23061 aligncenter\" src=\"https:\/\/keluvo.com\/template\/wp-content\/uploads\/sites\/5\/2025\/06\/2afd03a7b0c3263806bdf34bc3a0d57516069727.webp\" alt=\"\" \/><\/p>\n<p style=\"text-align: center;\">Juster kragen p\u00e5 skjortene dine for et stilig utseende, perfekt for \u00e5 vise frem favorittkjedene dine.<\/p>\n<p><img decoding=\"async\" class=\"size-full wp-image-23060 aligncenter\" src=\"https:\/\/keluvo.com\/template\/wp-content\/uploads\/sites\/5\/2025\/06\/75202e9ec4e20e9c07ff3a09379aaa7e4c143bc8.webp\" alt=\"\" \/><\/p>\n<p style=\"text-align: center;\">Lag midlertidige s\u00f8mmer p\u00e5 alle antrekk for \u00e5 f\u00e5 den perfekte lengden til enhver anledning.<\/p>\n<p><img decoding=\"async\" class=\"size-full wp-image-23059 aligncenter\" src=\"https:\/\/keluvo.com\/template\/wp-content\/uploads\/sites\/5\/2025\/06\/23c6fe5bfe79073eec5f6e2fc66f0c3004de9f38.webp\" alt=\"\" \/><\/p>\n<p style=\"text-align: center;\">Stram til l\u00f8se mansjetter p\u00e5 et blunk med dette praktiske verkt\u00f8yet.<\/p>\n<h2 style=\"text-align: center;\">Slik Bruker Du Instant Stitch-Verkt\u00f8yet<\/h2>\n<ul>\n<li><img decoding=\"async\" class=\"size-full wp-image-23058 aligncenter\" src=\"https:\/\/keluvo.com\/template\/wp-content\/uploads\/sites\/5\/2025\/06\/2a070ae4fcdfb54061344da58ee5a7a1b385b09b.webp\" alt=\"\" \/>Sett inn festeanordningen, skyv n\u00e5len gjennom stoffet og trykk p\u00e5 avtrekkeren for en rask l\u00f8sning!<\/li>\n<li>Den lille st\u00f8rrelsen p\u00e5 n\u00e5len gj\u00f8r at den er sk\u00e5nsom mot tekstiler, slik at den ikke skader kl\u00e6rne dine.<\/li>\n<li>V\u00e5re mikrofester er bittesm\u00e5 og nesten usynlige p\u00e5 plaggene.<\/li>\n<li>Instant stitch-verkt\u00f8yet kan ogs\u00e5 brukes til \u00e5 feste knapper, elastiske b\u00e5nd, dekaler, s\u00f8mmer og mye mer.<\/li>\n<\/ul>\n<h2 style=\"text-align: center;\">Ikke Bare Til Kl\u00e6r<\/h2>\n<p style=\"text-align: center;\">Dette praktiske verkt\u00f8yet er ogs\u00e5 perfekt til merking av varer. Enten du skal holde loppemarked, organisere et hagesalg eller merke eiendelene dine, er det raskt og enkelt \u00e5 merke dem.<\/p>\n<h2 style=\"text-align: center;\">Tilbakemeldinger Fra Kunder<\/h2>\n<p style=\"text-align: center;\">&laquo;Jeg hadde noen kjoler som var for avsl\u00f8rende, s\u00e5 jeg brukte dem ikke s\u00e5 mye. Med dette verkt\u00f8yet kan jeg f\u00e5 kl\u00e6rne mine til \u00e5 passe slik jeg vil. Det er lite, s\u00e5 jeg har det i vesken, og stylistene p\u00e5 settet er alltid takknemlige n\u00e5r jeg bruker det!&raquo;<\/p>\n<p><img decoding=\"async\" class=\"size-full wp-image-23057 aligncenter\" src=\"https:\/\/keluvo.com\/template\/wp-content\/uploads\/sites\/5\/2025\/06\/b6206a5568b0fb718a69389a528241e9572ec4d2.avif\" alt=\"\" \/><\/p>\n<h2 style=\"text-align: center;\">Pakken Inneholder<\/h2>\n<p>1 x sett med 1000 limn\u00e5ler, 6 pistoln\u00e5ler og en merkepistol.<\/p>\n<p style=\"text-align: center;\"><strong>Skaff Deg Instant Stitch Tool I Dag Og Forenkle Klesjusteringene Dine!<\/strong><\/p>\n","protected":false},"excerpt":{"rendered":"<p>Vi Introduserer Instant Stitch Tool \u2013 Ditt Nye Verkt\u00f8y For Raske Klesjusteringer! Tenk p\u00e5 det som din personlige skredder hjemme, [&hellip;]<\/p>\n","protected":false},"featured_media":25221,"comment_status":"open","ping_status":"closed","template":"","meta":{"site-sidebar-layout":"default","site-content-layout":"","ast-site-content-layout":"default","site-content-style":"default","site-sidebar-style":"default","ast-global-header-display":"","ast-banner-title-visibility":"","ast-main-header-display":"","ast-hfb-above-header-display":"","ast-hfb-below-header-display":"","ast-hfb-mobile-header-display":"","site-post-title":"","ast-breadcrumbs-content":"","ast-featured-img":"","footer-sml-layout":"","theme-transparent-header-meta":"default","adv-header-id-meta":"","stick-header-meta":"","header-above-stick-meta":"","header-main-stick-meta":"","header-below-stick-meta":"","astra-migrate-meta-layouts":"set","ast-page-background-enabled":"default","ast-page-background-meta":{"desktop":{"background-color":"var(--ast-global-color-4)","background-image":"","background-repeat":"repeat","background-position":"center center","background-size":"auto","background-attachment":"scroll","background-type":"","background-media":"","overlay-type":"","overlay-color":"","overlay-opacity":"","overlay-gradient":""},"tablet":{"background-color":"","background-image":"","background-repeat":"repeat","background-position":"center center","background-size":"auto","background-attachment":"scroll","background-type":"","background-media":"","overlay-type":"","overlay-color":"","overlay-opacity":"","overlay-gradient":""},"mobile":{"background-color":"","background-image":"","background-repeat":"repeat","background-position":"center center","background-size":"auto","background-attachment":"scroll","background-type":"","background-media":"","overlay-type":"","overlay-color":"","overlay-opacity":"","overlay-gradient":""}},"ast-content-background-meta":{"desktop":{"background-color":"var(--ast-global-color-5)","background-image":"","background-repeat":"repeat","background-position":"center center","background-size":"auto","background-attachment":"scroll","background-type":"","background-media":"","overlay-type":"","overlay-color":"","overlay-opacity":"","overlay-gradient":""},"tablet":{"background-color":"var(--ast-global-color-5)","background-image":"","background-repeat":"repeat","background-position":"center center","background-size":"auto","background-attachment":"scroll","background-type":"","background-media":"","overlay-type":"","overlay-color":"","overlay-opacity":"","overlay-gradient":""},"mobile":{"background-color":"var(--ast-global-color-5)","background-image":"","background-repeat":"repeat","background-position":"center center","background-size":"auto","background-attachment":"scroll","background-type":"","background-media":"","overlay-type":"","overlay-color":"","overlay-opacity":"","overlay-gradient":""}}},"product_brand":[],"product_cat":[1001],"product_tag":[],"class_list":{"0":"post-25225","1":"product","2":"type-product","3":"status-publish","4":"has-post-thumbnail","6":"product_cat-husholdningsartikler","7":"pa_48182_otgltm6n-gronn","8":"pa_48182_otgltm6n-hvit","9":"pa_48182_otgltm6n-rod","10":"pa_48182_otgltm6n-rosa","11":"pa_48182_otgltm6n-svart","12":"desktop-align-left","13":"tablet-align-left","14":"mobile-align-left","16":"first","17":"instock","18":"shipping-taxable","19":"purchasable","20":"product-type-variable"},"_links":{"self":[{"href":"https:\/\/keluvo.com\/no\/wp-json\/wp\/v2\/product\/25225","targetHints":{"allow":["GET"]}}],"collection":[{"href":"https:\/\/keluvo.com\/no\/wp-json\/wp\/v2\/product"}],"about":[{"href":"https:\/\/keluvo.com\/no\/wp-json\/wp\/v2\/types\/product"}],"replies":[{"embeddable":true,"href":"https:\/\/keluvo.com\/no\/wp-json\/wp\/v2\/comments?post=25225"}],"wp:featuredmedia":[{"embeddable":true,"href":"https:\/\/keluvo.com\/no\/wp-json\/wp\/v2\/media\/25221"}],"wp:attachment":[{"href":"https:\/\/keluvo.com\/no\/wp-json\/wp\/v2\/media?parent=25225"}],"wp:term":[{"taxonomy":"product_brand","embeddable":true,"href":"https:\/\/keluvo.com\/no\/wp-json\/wp\/v2\/product_brand?post=25225"},{"taxonomy":"product_cat","embeddable":true,"href":"https:\/\/keluvo.com\/no\/wp-json\/wp\/v2\/product_cat?post=25225"},{"taxonomy":"product_tag","embeddable":true,"href":"https:\/\/keluvo.com\/no\/wp-json\/wp\/v2\/product_tag?post=25225"}],"curies":[{"name":"wp","href":"https:\/\/api.w.org\/{rel}","templated":true}]}}