{"id":25061,"date":"2025-06-10T17:21:50","date_gmt":"2025-06-10T15:21:50","guid":{"rendered":"https:\/\/keluvo.com\/no\/produkt\/jeans-med-avslappet-passform-og-snoring-for-kvinner\/"},"modified":"2025-07-22T17:24:00","modified_gmt":"2025-07-22T15:24:00","slug":"jeans-med-avslappet-passform-og-snoring-for-kvinner","status":"publish","type":"product","link":"https:\/\/keluvo.com\/no\/produkt\/jeans-med-avslappet-passform-og-snoring-for-kvinner\/","title":{"rendered":"Jeans med avslappet passform og sn\u00f8ring for kvinner"},"content":{"rendered":"<p><img decoding=\"async\" class=\"size-full wp-image-22948 aligncenter\" src=\"https:\/\/keluvo.com\/template\/wp-content\/uploads\/sites\/5\/2025\/06\/2025-06-09.jpg\" alt=\"\" \/><\/p>\n<p style=\"text-align: center;\">Disse damebuksene med avslappet passform og sn\u00f8ring handler om komfort og stil for en avslappet look. De er laget av myk, pustende denim og har elastisk linning med sn\u00f8ring og avsmalnende benavslutninger, noe som gir deg en trendy, men avslappet stil &#8211; perfekt for hverdagsbruk. Den l\u00f8se passformen s\u00f8rger for komfort hele dagen, enten du er ute p\u00e5 \u00e6rend eller p\u00e5 helgetur.<\/p>\n<ul>\n<li><strong>Klassisk Denimstoff<\/strong>: Mykt og slitesterkt for god bevegelighet.<\/li>\n<li><strong>Avslappet Passform<\/strong>: Sjener\u00f8st snitt for komfort.<\/li>\n<li><strong>H\u00f8y Midje<\/strong>: Har en h\u00f8y midjeh\u00f8yde p\u00e5 31 cm.<\/li>\n<li><strong>Linning Med Sn\u00f8ring<\/strong>: Justerbar for perfekt passform.<\/li>\n<li><strong>Koniske Mansjetter<\/strong>: Stilige ankelmanchetter gir en uformell look.<\/li>\n<li><strong>Funksjonelle Lommer<\/strong>: Praktiske baklommer er inkludert.<\/li>\n<li><strong>Lettstelt<\/strong>: Kan vaskes i maskin.<\/li>\n<\/ul>\n<h2 style=\"text-align: center;\">\ud83d\udc56Hvordan Velge Den Perfekte St\u00f8rrelsen<\/h2>\n<p style=\"text-align: center;\">For st\u00f8rrelsesinformasjon, sjekk ut st\u00f8rrelsestabellen p\u00e5 v\u00e5r produktdetaljside, som viser de faktiske dimensjonene. Du kan sammenligne kroppsm\u00e5lene dine (som bryst, midje og hofter) med st\u00f8rrelsestabellen for \u00e5 finne din perfekte passform. Alternativt kan du m\u00e5le dine egne kl\u00e6r og sammenligne dem med tabellen, noe vi ogs\u00e5 anbefaler. Hvis du trenger hjelp med \u00e5 finne riktig st\u00f8rrelse, er du velkommen til \u00e5 kontakte oss. Vi hjelper deg gjerne!<\/p>\n","protected":false},"excerpt":{"rendered":"<p>Disse damebuksene med avslappet passform og sn\u00f8ring handler om komfort og stil for en avslappet look. De er laget av [&hellip;]<\/p>\n","protected":false},"featured_media":25057,"comment_status":"open","ping_status":"closed","template":"","meta":{"site-sidebar-layout":"default","site-content-layout":"","ast-site-content-layout":"default","site-content-style":"default","site-sidebar-style":"default","ast-global-header-display":"","ast-banner-title-visibility":"","ast-main-header-display":"","ast-hfb-above-header-display":"","ast-hfb-below-header-display":"","ast-hfb-mobile-header-display":"","site-post-title":"","ast-breadcrumbs-content":"","ast-featured-img":"","footer-sml-layout":"","theme-transparent-header-meta":"default","adv-header-id-meta":"","stick-header-meta":"","header-above-stick-meta":"","header-main-stick-meta":"","header-below-stick-meta":"","astra-migrate-meta-layouts":"set","ast-page-background-enabled":"default","ast-page-background-meta":{"desktop":{"background-color":"var(--ast-global-color-4)","background-image":"","background-repeat":"repeat","background-position":"center center","background-size":"auto","background-attachment":"scroll","background-type":"","background-media":"","overlay-type":"","overlay-color":"","overlay-opacity":"","overlay-gradient":""},"tablet":{"background-color":"","background-image":"","background-repeat":"repeat","background-position":"center center","background-size":"auto","background-attachment":"scroll","background-type":"","background-media":"","overlay-type":"","overlay-color":"","overlay-opacity":"","overlay-gradient":""},"mobile":{"background-color":"","background-image":"","background-repeat":"repeat","background-position":"center center","background-size":"auto","background-attachment":"scroll","background-type":"","background-media":"","overlay-type":"","overlay-color":"","overlay-opacity":"","overlay-gradient":""}},"ast-content-background-meta":{"desktop":{"background-color":"var(--ast-global-color-5)","background-image":"","background-repeat":"repeat","background-position":"center center","background-size":"auto","background-attachment":"scroll","background-type":"","background-media":"","overlay-type":"","overlay-color":"","overlay-opacity":"","overlay-gradient":""},"tablet":{"background-color":"var(--ast-global-color-5)","background-image":"","background-repeat":"repeat","background-position":"center center","background-size":"auto","background-attachment":"scroll","background-type":"","background-media":"","overlay-type":"","overlay-color":"","overlay-opacity":"","overlay-gradient":""},"mobile":{"background-color":"var(--ast-global-color-5)","background-image":"","background-repeat":"repeat","background-position":"center center","background-size":"auto","background-attachment":"scroll","background-type":"","background-media":"","overlay-type":"","overlay-color":"","overlay-opacity":"","overlay-gradient":""}}},"product_brand":[],"product_cat":[994],"product_tag":[],"class_list":{"0":"post-25061","1":"product","2":"type-product","3":"status-publish","4":"has-post-thumbnail","6":"product_cat-klaer-til-kvinner","7":"pa_48178_9zd123mu-s","8":"pa_48178_9zd123mu-m","9":"pa_48178_9zd123mu-l","10":"pa_48178_9zd123mu-xl","11":"pa_48178_9zd123mu-2xl","12":"pa_48178_nf496naq-lysebla","13":"pa_48178_nf496naq-morkebla","14":"desktop-align-left","15":"tablet-align-left","16":"mobile-align-left","18":"first","19":"instock","20":"shipping-taxable","21":"purchasable","22":"product-type-variable","23":"has-default-attributes"},"_links":{"self":[{"href":"https:\/\/keluvo.com\/no\/wp-json\/wp\/v2\/product\/25061","targetHints":{"allow":["GET"]}}],"collection":[{"href":"https:\/\/keluvo.com\/no\/wp-json\/wp\/v2\/product"}],"about":[{"href":"https:\/\/keluvo.com\/no\/wp-json\/wp\/v2\/types\/product"}],"replies":[{"embeddable":true,"href":"https:\/\/keluvo.com\/no\/wp-json\/wp\/v2\/comments?post=25061"}],"wp:featuredmedia":[{"embeddable":true,"href":"https:\/\/keluvo.com\/no\/wp-json\/wp\/v2\/media\/25057"}],"wp:attachment":[{"href":"https:\/\/keluvo.com\/no\/wp-json\/wp\/v2\/media?parent=25061"}],"wp:term":[{"taxonomy":"product_brand","embeddable":true,"href":"https:\/\/keluvo.com\/no\/wp-json\/wp\/v2\/product_brand?post=25061"},{"taxonomy":"product_cat","embeddable":true,"href":"https:\/\/keluvo.com\/no\/wp-json\/wp\/v2\/product_cat?post=25061"},{"taxonomy":"product_tag","embeddable":true,"href":"https:\/\/keluvo.com\/no\/wp-json\/wp\/v2\/product_tag?post=25061"}],"curies":[{"name":"wp","href":"https:\/\/api.w.org\/{rel}","templated":true}]}}