{"id":25050,"date":"2025-06-10T17:17:25","date_gmt":"2025-06-10T15:17:25","guid":{"rendered":"https:\/\/keluvo.com\/no\/produkt\/stotteklemmer-for-planter\/"},"modified":"2025-07-22T17:22:45","modified_gmt":"2025-07-22T15:22:45","slug":"stotteklemmer-for-planter","status":"publish","type":"product","link":"https:\/\/keluvo.com\/no\/produkt\/stotteklemmer-for-planter\/","title":{"rendered":"St\u00f8tteklemmer for planter"},"content":{"rendered":"<p style=\"text-align: center;\"><strong>\ud83c\udf31Oppdag kraften i planteklips &#8211; et lite verkt\u00f8y som kan hjelpe deg med \u00e5 oppn\u00e5 den vakre hagen du alltid har \u00f8nsket deg.<\/strong><\/p>\n<p><img decoding=\"async\" class=\"size-full wp-image-22928 aligncenter\" src=\"https:\/\/keluvo.com\/template\/wp-content\/uploads\/sites\/5\/2025\/06\/ezgif.com-video-to-webp-converter.webp\" alt=\"\" \/><\/p>\n<h2 style=\"text-align: center;\">Funksjoner<\/h2>\n<p><strong>\u00d8ke Planteveksten<\/strong><\/p>\n<p>Disse klipsene st\u00f8tter plantene dine, forbedrer veksten og den generelle helsen.<\/p>\n<p><img decoding=\"async\" class=\"size-full wp-image-22934 aligncenter\" src=\"https:\/\/keluvo.com\/template\/wp-content\/uploads\/sites\/5\/2025\/06\/2_0f890b5c-a8cc-41ff-aaf1-81dee2ab1767.webp\" alt=\"\" \/><\/p>\n<p><strong>Forhindre Skade<\/strong><\/p>\n<p>H\u00f8ye og tunge planter risikerer \u00e5 b\u00f8ye seg eller knekke. Klipsene holder dem oppreist og trygge.<\/p>\n<p><img decoding=\"async\" class=\"size-full wp-image-22933 aligncenter\" src=\"https:\/\/keluvo.com\/template\/wp-content\/uploads\/sites\/5\/2025\/06\/7_b1d27008-a806-4ca1-a230-c1630c44a313.jpeg\" alt=\"\" \/><\/p>\n<p><strong>\u00d8ke Avlingen<\/strong><\/p>\n<p>Ved \u00e5 forhindre skader og gi bedre n\u00e6ringsopptak bidrar disse klipsene til \u00e5 forbedre avlingen.<\/p>\n<p><img decoding=\"async\" class=\"size-full wp-image-22932 aligncenter\" src=\"https:\/\/keluvo.com\/template\/wp-content\/uploads\/sites\/5\/2025\/06\/3_66a5db24-9bef-4ee3-a79f-a0c34918a6c3.jpeg\" alt=\"\" \/><\/p>\n<p><strong>Bedre Luftstr\u00f8m<\/strong><\/p>\n<p>Klippene skaper plass mellom plantene, oppmuntrer til luftsirkulasjon og reduserer sjansen for sykdom.<\/p>\n<p><img decoding=\"async\" class=\"size-full wp-image-22931 aligncenter\" src=\"https:\/\/keluvo.com\/template\/wp-content\/uploads\/sites\/5\/2025\/06\/4_fafcb72e-0cf5-47fa-b27b-711db3a3b628.jpeg\" alt=\"\" \/><\/p>\n<p><strong>Gjenbrukbar<\/strong><\/p>\n<p>Du kan bruke disse klipsene sesong etter sesong, noe som gj\u00f8r dem til et holdbart valg sammenlignet med engangsalternativer.<\/p>\n<p><img decoding=\"async\" class=\"size-full wp-image-22930 aligncenter\" src=\"https:\/\/keluvo.com\/template\/wp-content\/uploads\/sites\/5\/2025\/06\/5_0f74ddea-79e9-4926-8ac3-7cd0e906555c.jpeg\" alt=\"\" \/><\/p>\n<p><strong>Enkel Installasjon<\/strong><\/p>\n<p>Disse klipsene er enkle \u00e5 sette opp og fungerer godt med forskjellige planter, noe som hjelper deg med \u00e5 spare plass i hagen eller drivhuset ditt.<\/p>\n<p><img decoding=\"async\" class=\"size-full wp-image-22929 aligncenter\" src=\"https:\/\/keluvo.com\/template\/wp-content\/uploads\/sites\/5\/2025\/06\/6_f6b79120-72cb-4f3b-b8d0-8e381bcedb17.jpeg\" alt=\"\" \/><\/p>\n<p><strong>Organisert Utseende<\/strong><\/p>\n<p>Med hjelp av plantestativer vil hagen din se ren og ryddig ut, ettersom plantene dine forblir st\u00f8ttet og ordnet.<\/p>\n<h2 style=\"text-align: center;\">Spesifikasjoner<\/h2>\n<ul>\n<li>Materiale: Plast<\/li>\n<li>Farge: Hvit<\/li>\n<li>Dimensjoner: 3 cm i diameter, 1 cm i h\u00f8yden<\/li>\n<\/ul>\n<h2 style=\"text-align: center;\">Pakken Inkluderer<\/h2>\n<p>Velg mellom 50, 100 eller 200 plantest\u00f8tteklemmer.<\/p>\n","protected":false},"excerpt":{"rendered":"<p>\ud83c\udf31Oppdag kraften i planteklips &#8211; et lite verkt\u00f8y som kan hjelpe deg med \u00e5 oppn\u00e5 den vakre hagen du alltid [&hellip;]<\/p>\n","protected":false},"featured_media":25046,"comment_status":"open","ping_status":"closed","template":"","meta":{"site-sidebar-layout":"default","site-content-layout":"","ast-site-content-layout":"default","site-content-style":"default","site-sidebar-style":"default","ast-global-header-display":"","ast-banner-title-visibility":"","ast-main-header-display":"","ast-hfb-above-header-display":"","ast-hfb-below-header-display":"","ast-hfb-mobile-header-display":"","site-post-title":"","ast-breadcrumbs-content":"","ast-featured-img":"","footer-sml-layout":"","theme-transparent-header-meta":"default","adv-header-id-meta":"","stick-header-meta":"","header-above-stick-meta":"","header-main-stick-meta":"","header-below-stick-meta":"","astra-migrate-meta-layouts":"set","ast-page-background-enabled":"default","ast-page-background-meta":{"desktop":{"background-color":"var(--ast-global-color-4)","background-image":"","background-repeat":"repeat","background-position":"center center","background-size":"auto","background-attachment":"scroll","background-type":"","background-media":"","overlay-type":"","overlay-color":"","overlay-opacity":"","overlay-gradient":""},"tablet":{"background-color":"","background-image":"","background-repeat":"repeat","background-position":"center center","background-size":"auto","background-attachment":"scroll","background-type":"","background-media":"","overlay-type":"","overlay-color":"","overlay-opacity":"","overlay-gradient":""},"mobile":{"background-color":"","background-image":"","background-repeat":"repeat","background-position":"center center","background-size":"auto","background-attachment":"scroll","background-type":"","background-media":"","overlay-type":"","overlay-color":"","overlay-opacity":"","overlay-gradient":""}},"ast-content-background-meta":{"desktop":{"background-color":"var(--ast-global-color-5)","background-image":"","background-repeat":"repeat","background-position":"center center","background-size":"auto","background-attachment":"scroll","background-type":"","background-media":"","overlay-type":"","overlay-color":"","overlay-opacity":"","overlay-gradient":""},"tablet":{"background-color":"var(--ast-global-color-5)","background-image":"","background-repeat":"repeat","background-position":"center center","background-size":"auto","background-attachment":"scroll","background-type":"","background-media":"","overlay-type":"","overlay-color":"","overlay-opacity":"","overlay-gradient":""},"mobile":{"background-color":"var(--ast-global-color-5)","background-image":"","background-repeat":"repeat","background-position":"center center","background-size":"auto","background-attachment":"scroll","background-type":"","background-media":"","overlay-type":"","overlay-color":"","overlay-opacity":"","overlay-gradient":""}}},"product_brand":[],"product_cat":[1001],"product_tag":[],"class_list":{"0":"post-25050","1":"product","2":"type-product","3":"status-publish","4":"has-post-thumbnail","6":"product_cat-husholdningsartikler","7":"pa_48177_1n0oqs3f-50-stk","8":"pa_48177_1n0oqs3f-100-stk","9":"pa_48177_1n0oqs3f-200-stk","10":"desktop-align-left","11":"tablet-align-left","12":"mobile-align-left","14":"first","15":"instock","16":"shipping-taxable","17":"purchasable","18":"product-type-variable"},"_links":{"self":[{"href":"https:\/\/keluvo.com\/no\/wp-json\/wp\/v2\/product\/25050","targetHints":{"allow":["GET"]}}],"collection":[{"href":"https:\/\/keluvo.com\/no\/wp-json\/wp\/v2\/product"}],"about":[{"href":"https:\/\/keluvo.com\/no\/wp-json\/wp\/v2\/types\/product"}],"replies":[{"embeddable":true,"href":"https:\/\/keluvo.com\/no\/wp-json\/wp\/v2\/comments?post=25050"}],"wp:featuredmedia":[{"embeddable":true,"href":"https:\/\/keluvo.com\/no\/wp-json\/wp\/v2\/media\/25046"}],"wp:attachment":[{"href":"https:\/\/keluvo.com\/no\/wp-json\/wp\/v2\/media?parent=25050"}],"wp:term":[{"taxonomy":"product_brand","embeddable":true,"href":"https:\/\/keluvo.com\/no\/wp-json\/wp\/v2\/product_brand?post=25050"},{"taxonomy":"product_cat","embeddable":true,"href":"https:\/\/keluvo.com\/no\/wp-json\/wp\/v2\/product_cat?post=25050"},{"taxonomy":"product_tag","embeddable":true,"href":"https:\/\/keluvo.com\/no\/wp-json\/wp\/v2\/product_tag?post=25050"}],"curies":[{"name":"wp","href":"https:\/\/api.w.org\/{rel}","templated":true}]}}