{"id":24623,"date":"2025-06-06T17:51:43","date_gmt":"2025-06-06T15:51:43","guid":{"rendered":"https:\/\/keluvo.com\/no\/produkt\/ortopediske-joggesko-for-kvinner\/"},"modified":"2025-06-06T17:54:25","modified_gmt":"2025-06-06T15:54:25","slug":"ortopediske-joggesko-for-kvinner","status":"publish","type":"product","link":"https:\/\/keluvo.com\/no\/produkt\/ortopediske-joggesko-for-kvinner\/","title":{"rendered":"Ortopediske joggesko for kvinner"},"content":{"rendered":"<p style=\"text-align: center\">Disse skoene er laget av ortopediske eksperter for \u00e5 hjelpe deg med smerter i h\u00e6l, fot og kne! Hvis du er ute etter st\u00f8tte p\u00e5 lange distanser, er disse skoene perfekte for deg som \u00f8nsker \u00e5 g\u00e5 komfortabelt igjen uten smerter. Ingen \u00f8nsker at h\u00e6lspore eller fotproblemer skal p\u00e5virke livet.<\/p>\n<p><img decoding=\"async\" class=\"alignnone size-full wp-image-22844 aligncenter\" src=\"https:\/\/keluvo.com\/template\/wp-content\/uploads\/sites\/5\/2025\/06\/ef0d75b69a9625c0aa8b029ba4f51159.webp\" alt=\"\" \/><\/p>\n<h2 style=\"text-align: center\">Hva gj\u00f8r disse skoene s\u00e5 spesielle?<\/h2>\n<p><strong>\u2714\ufe0f Demping<\/strong> &#8211; De gir demping for hele foten, noe som sikrer komfort. S\u00e5len har en spesiell gel som absorberer st\u00f8t bedre enn andre.<\/p>\n<p><strong>\u2714\ufe0f Stabilitet<\/strong> &#8211; Den brede h\u00e6ls\u00e5len p\u00e5 4 cm gir stabilitet, mens inners\u00e5len er designet for perfekt passform og komfort.<\/p>\n<p><strong>\u2714\ufe0f Passform for alle<\/strong> &#8211; Disse skoene har plass til b\u00e5de brede og smale f\u00f8tter. I tillegg er de laget av pustende materialer for \u00e5 holde f\u00f8ttene kj\u00f8lige!<\/p>\n<p style=\"text-align: center\">Si farvel til fotsmerter med v\u00e5re ortopediske sko, laget av amerikanske ortopediske kirurger! De er perfekte for deg som har plager som plantar fasciitt, h\u00e6lspore, Mortons nevrom, gikt og mye mer. Den unike s\u00e5len gir ekstra st\u00f8tte, absorberer 98 % av h\u00e6ltrykket og gir godt grep.<\/p>\n<p><img decoding=\"async\" class=\"size-full wp-image-22835 aligncenter\" src=\"https:\/\/keluvo.com\/template\/wp-content\/uploads\/sites\/5\/2025\/06\/shoo-chart.jpg\" alt=\"\" \/><\/p>\n","protected":false},"excerpt":{"rendered":"<p>Disse skoene er laget av ortopediske eksperter for \u00e5 hjelpe deg med smerter i h\u00e6l, fot og kne! Hvis du [&hellip;]<\/p>\n","protected":false},"featured_media":24619,"comment_status":"open","ping_status":"closed","template":"","meta":{"site-sidebar-layout":"default","site-content-layout":"","ast-site-content-layout":"default","site-content-style":"default","site-sidebar-style":"default","ast-global-header-display":"","ast-banner-title-visibility":"","ast-main-header-display":"","ast-hfb-above-header-display":"","ast-hfb-below-header-display":"","ast-hfb-mobile-header-display":"","site-post-title":"","ast-breadcrumbs-content":"","ast-featured-img":"","footer-sml-layout":"","theme-transparent-header-meta":"default","adv-header-id-meta":"","stick-header-meta":"","header-above-stick-meta":"","header-main-stick-meta":"","header-below-stick-meta":"","astra-migrate-meta-layouts":"set","ast-page-background-enabled":"default","ast-page-background-meta":{"desktop":{"background-color":"var(--ast-global-color-4)","background-image":"","background-repeat":"repeat","background-position":"center center","background-size":"auto","background-attachment":"scroll","background-type":"","background-media":"","overlay-type":"","overlay-color":"","overlay-opacity":"","overlay-gradient":""},"tablet":{"background-color":"","background-image":"","background-repeat":"repeat","background-position":"center center","background-size":"auto","background-attachment":"scroll","background-type":"","background-media":"","overlay-type":"","overlay-color":"","overlay-opacity":"","overlay-gradient":""},"mobile":{"background-color":"","background-image":"","background-repeat":"repeat","background-position":"center center","background-size":"auto","background-attachment":"scroll","background-type":"","background-media":"","overlay-type":"","overlay-color":"","overlay-opacity":"","overlay-gradient":""}},"ast-content-background-meta":{"desktop":{"background-color":"var(--ast-global-color-5)","background-image":"","background-repeat":"repeat","background-position":"center center","background-size":"auto","background-attachment":"scroll","background-type":"","background-media":"","overlay-type":"","overlay-color":"","overlay-opacity":"","overlay-gradient":""},"tablet":{"background-color":"var(--ast-global-color-5)","background-image":"","background-repeat":"repeat","background-position":"center center","background-size":"auto","background-attachment":"scroll","background-type":"","background-media":"","overlay-type":"","overlay-color":"","overlay-opacity":"","overlay-gradient":""},"mobile":{"background-color":"var(--ast-global-color-5)","background-image":"","background-repeat":"repeat","background-position":"center center","background-size":"auto","background-attachment":"scroll","background-type":"","background-media":"","overlay-type":"","overlay-color":"","overlay-opacity":"","overlay-gradient":""}}},"product_brand":[],"product_cat":[993],"product_tag":[],"class_list":{"0":"post-24623","1":"product","2":"type-product","3":"status-publish","4":"has-post-thumbnail","6":"product_cat-skotoy-tilbehor","7":"pa_48176_1ogtock1-beige","8":"pa_48176_1ogtock1-gra","9":"pa_48176_1ogtock1-gronn","10":"pa_48176_1ogtock1-khaki","11":"pa_48176_1ogtock1-lilla","12":"pa_48176_1ogtock1-lys-lilla","13":"pa_48176_1ogtock1-morkegra","14":"pa_48176_1ogtock1-rod","15":"pa_48176_1ogtock1-svart","16":"desktop-align-left","17":"tablet-align-left","18":"mobile-align-left","20":"first","21":"instock","22":"shipping-taxable","23":"purchasable","24":"product-type-variable","25":"has-default-attributes"},"_links":{"self":[{"href":"https:\/\/keluvo.com\/no\/wp-json\/wp\/v2\/product\/24623","targetHints":{"allow":["GET"]}}],"collection":[{"href":"https:\/\/keluvo.com\/no\/wp-json\/wp\/v2\/product"}],"about":[{"href":"https:\/\/keluvo.com\/no\/wp-json\/wp\/v2\/types\/product"}],"replies":[{"embeddable":true,"href":"https:\/\/keluvo.com\/no\/wp-json\/wp\/v2\/comments?post=24623"}],"wp:featuredmedia":[{"embeddable":true,"href":"https:\/\/keluvo.com\/no\/wp-json\/wp\/v2\/media\/24619"}],"wp:attachment":[{"href":"https:\/\/keluvo.com\/no\/wp-json\/wp\/v2\/media?parent=24623"}],"wp:term":[{"taxonomy":"product_brand","embeddable":true,"href":"https:\/\/keluvo.com\/no\/wp-json\/wp\/v2\/product_brand?post=24623"},{"taxonomy":"product_cat","embeddable":true,"href":"https:\/\/keluvo.com\/no\/wp-json\/wp\/v2\/product_cat?post=24623"},{"taxonomy":"product_tag","embeddable":true,"href":"https:\/\/keluvo.com\/no\/wp-json\/wp\/v2\/product_tag?post=24623"}],"curies":[{"name":"wp","href":"https:\/\/api.w.org\/{rel}","templated":true}]}}