{"id":24474,"date":"2025-06-06T17:47:19","date_gmt":"2025-06-06T15:47:19","guid":{"rendered":"https:\/\/keluvo.com\/no\/produkt\/komfortable-sko-for-diabetikere\/"},"modified":"2025-07-22T17:21:17","modified_gmt":"2025-07-22T15:21:17","slug":"komfortable-sko-for-diabetikere","status":"publish","type":"product","link":"https:\/\/keluvo.com\/no\/produkt\/komfortable-sko-for-diabetikere\/","title":{"rendered":"Komfortable sko for diabetikere"},"content":{"rendered":"<h2 style=\"text-align: center;\">Lider du av noe av f\u00f8lgende?<\/h2>\n<ul>\n<li>Fotsmerter<\/li>\n<li>H\u00e6lspore<\/li>\n<li>Knesmerter<img decoding=\"async\" class=\"alignnone size-full wp-image-22760\" style=\"font-weight: inherit; text-align: center;\" src=\"https:\/\/keluvo.com\/template\/wp-content\/uploads\/sites\/5\/2025\/06\/pain.jpg\" alt=\"\" \/><\/li>\n<\/ul>\n<h2 style=\"text-align: center;\">Ikke mer lidelse. Komfort for hvert skritt!<\/h2>\n<ul>\n<li>Luftdemping<\/li>\n<li>Svangst\u00f8tte<\/li>\n<li>Tilpasset alle fottyper<\/li>\n<\/ul>\n<p><img decoding=\"async\" class=\"alignnone size-full wp-image-22748 aligncenter\" src=\"https:\/\/keluvo.com\/template\/wp-content\/uploads\/sites\/5\/2025\/06\/20250430-bg8-1.webp\" alt=\"\" \/><\/p>\n<p style=\"text-align: center;\">Etopediske kirurger anbefaler disse g\u00e5skoene som er utviklet for diabetikere. De bidrar til \u00e5 redusere trykk og ubehag forbundet med d\u00e5rlig tilpassede sko. Med forbedret stabilitet og st\u00f8tte kan disse skoene forbedre gangfunksjon og holdning betydelig, noe som gj\u00f8r daglige aktiviteter mye mer overkommelige.<\/p>\n<h2 style=\"text-align: center;\">Avansert luftpute-st\u00f8tte<\/h2>\n<div class=\"sp-detail\" style=\"text-align: center;\">Omslutter f\u00f8ttene dine &#8211; som \u00e5 g\u00e5 p\u00e5 skyer!<\/div>\n<div style=\"text-align: center;\">Avlaster trykket p\u00e5 leddene!<\/div>\n<div style=\"text-align: center;\">3D ortopedisk st\u00f8tte!<\/div>\n<div><img fetchpriority=\"high\" decoding=\"async\" class=\"wp-image-22750 aligncenter\" src=\"https:\/\/keluvo.com\/template\/wp-content\/uploads\/sites\/5\/2025\/06\/20250430-gif2.webp\" alt=\"\" width=\"500\" height=\"448\" \/><img decoding=\"async\" class=\"wp-image-22749 aligncenter\" src=\"https:\/\/keluvo.com\/template\/wp-content\/uploads\/sites\/5\/2025\/06\/20250430-gif3.webp\" alt=\"\" width=\"500\" height=\"500\" \/><\/div>\n<div><\/div>\n<h2 style=\"text-align: center;\">G\u00e5 med stolthet!<\/h2>\n<p style=\"text-align: center;\">Hold deg kj\u00f8lig og komfortabel uansett hvor du g\u00e5r.<\/p>\n<div>\n<section>\u274c Ingen bakteriedannelse<\/section>\n<section>\u274c Ingen luktdannelse<\/section>\n<section>\u274c Ingen svettef\u00f8lelse<\/section>\n<section><img decoding=\"async\" class=\"alignnone size-full wp-image-22746 aligncenter\" src=\"https:\/\/keluvo.com\/template\/wp-content\/uploads\/sites\/5\/2025\/06\/20250430-bg8-2.webp\" alt=\"\" \/><\/section>\n<\/div>\n<h2 style=\"text-align: center;\">Utmerket sklisikkerhet<\/h2>\n<ul>\n<li>Sklisikker<\/li>\n<li>\n<div class=\"sp-text\">Repefast<\/div>\n<\/li>\n<li>\n<div class=\"sp-text\">St\u00f8tdempende<\/div>\n<\/li>\n<\/ul>\n<p><img decoding=\"async\" class=\"alignnone size-full wp-image-22745 aligncenter\" src=\"https:\/\/keluvo.com\/template\/wp-content\/uploads\/sites\/5\/2025\/06\/20250430-bg8-3.webp\" alt=\"\" \/><\/p>\n<h2 style=\"text-align: center;\">Spesifikasjoner:<\/h2>\n<p>Materiale: Mesh, PU<br \/>\nSt\u00f8rrelse: EU 35-43<\/p>\n<p><img decoding=\"async\" class=\"alignnone size-full wp-image-22751 aligncenter\" src=\"https:\/\/keluvo.com\/template\/wp-content\/uploads\/sites\/5\/2025\/06\/diabetic-cghart.jpg\" alt=\"\" \/><\/p>\n","protected":false},"excerpt":{"rendered":"<p>Lider du av noe av f\u00f8lgende? Fotsmerter H\u00e6lspore Knesmerter Ikke mer lidelse. Komfort for hvert skritt! Luftdemping Svangst\u00f8tte Tilpasset alle [&hellip;]<\/p>\n","protected":false},"featured_media":24470,"comment_status":"open","ping_status":"closed","template":"","meta":{"site-sidebar-layout":"default","site-content-layout":"","ast-site-content-layout":"default","site-content-style":"default","site-sidebar-style":"default","ast-global-header-display":"","ast-banner-title-visibility":"","ast-main-header-display":"","ast-hfb-above-header-display":"","ast-hfb-below-header-display":"","ast-hfb-mobile-header-display":"","site-post-title":"","ast-breadcrumbs-content":"","ast-featured-img":"","footer-sml-layout":"","theme-transparent-header-meta":"default","adv-header-id-meta":"","stick-header-meta":"","header-above-stick-meta":"","header-main-stick-meta":"","header-below-stick-meta":"","astra-migrate-meta-layouts":"set","ast-page-background-enabled":"default","ast-page-background-meta":{"desktop":{"background-color":"var(--ast-global-color-4)","background-image":"","background-repeat":"repeat","background-position":"center center","background-size":"auto","background-attachment":"scroll","background-type":"","background-media":"","overlay-type":"","overlay-color":"","overlay-opacity":"","overlay-gradient":""},"tablet":{"background-color":"","background-image":"","background-repeat":"repeat","background-position":"center center","background-size":"auto","background-attachment":"scroll","background-type":"","background-media":"","overlay-type":"","overlay-color":"","overlay-opacity":"","overlay-gradient":""},"mobile":{"background-color":"","background-image":"","background-repeat":"repeat","background-position":"center center","background-size":"auto","background-attachment":"scroll","background-type":"","background-media":"","overlay-type":"","overlay-color":"","overlay-opacity":"","overlay-gradient":""}},"ast-content-background-meta":{"desktop":{"background-color":"var(--ast-global-color-5)","background-image":"","background-repeat":"repeat","background-position":"center center","background-size":"auto","background-attachment":"scroll","background-type":"","background-media":"","overlay-type":"","overlay-color":"","overlay-opacity":"","overlay-gradient":""},"tablet":{"background-color":"var(--ast-global-color-5)","background-image":"","background-repeat":"repeat","background-position":"center center","background-size":"auto","background-attachment":"scroll","background-type":"","background-media":"","overlay-type":"","overlay-color":"","overlay-opacity":"","overlay-gradient":""},"mobile":{"background-color":"var(--ast-global-color-5)","background-image":"","background-repeat":"repeat","background-position":"center center","background-size":"auto","background-attachment":"scroll","background-type":"","background-media":"","overlay-type":"","overlay-color":"","overlay-opacity":"","overlay-gradient":""}}},"product_brand":[],"product_cat":[991,993],"product_tag":[],"class_list":{"0":"post-24474","1":"product","2":"type-product","3":"status-publish","4":"has-post-thumbnail","6":"product_cat-helseprodukter","7":"product_cat-skotoy-tilbehor","8":"pa_48175_4p8w65dd-bla","9":"pa_48175_4p8w65dd-gra","10":"pa_48175_4p8w65dd-khaki","11":"pa_48175_4p8w65dd-marinen","12":"pa_48175_4p8w65dd-mork-gra","13":"pa_48175_4p8w65dd-rod","14":"pa_48175_4p8w65dd-rosa","15":"pa_48175_4p8w65dd-svart","16":"pa_48175_sxb3blxc-4593","17":"pa_48175_sxb3blxc-4594","18":"pa_48175_sxb3blxc-4595","19":"pa_48175_sxb3blxc-4596","20":"pa_48175_sxb3blxc-4597","21":"pa_48175_sxb3blxc-4598","22":"pa_48175_sxb3blxc-4599","23":"pa_48175_sxb3blxc-4600","24":"pa_48175_sxb3blxc-4601","25":"desktop-align-left","26":"tablet-align-left","27":"mobile-align-left","29":"first","30":"instock","31":"shipping-taxable","32":"purchasable","33":"product-type-variable","34":"has-default-attributes"},"_links":{"self":[{"href":"https:\/\/keluvo.com\/no\/wp-json\/wp\/v2\/product\/24474","targetHints":{"allow":["GET"]}}],"collection":[{"href":"https:\/\/keluvo.com\/no\/wp-json\/wp\/v2\/product"}],"about":[{"href":"https:\/\/keluvo.com\/no\/wp-json\/wp\/v2\/types\/product"}],"replies":[{"embeddable":true,"href":"https:\/\/keluvo.com\/no\/wp-json\/wp\/v2\/comments?post=24474"}],"wp:featuredmedia":[{"embeddable":true,"href":"https:\/\/keluvo.com\/no\/wp-json\/wp\/v2\/media\/24470"}],"wp:attachment":[{"href":"https:\/\/keluvo.com\/no\/wp-json\/wp\/v2\/media?parent=24474"}],"wp:term":[{"taxonomy":"product_brand","embeddable":true,"href":"https:\/\/keluvo.com\/no\/wp-json\/wp\/v2\/product_brand?post=24474"},{"taxonomy":"product_cat","embeddable":true,"href":"https:\/\/keluvo.com\/no\/wp-json\/wp\/v2\/product_cat?post=24474"},{"taxonomy":"product_tag","embeddable":true,"href":"https:\/\/keluvo.com\/no\/wp-json\/wp\/v2\/product_tag?post=24474"}],"curies":[{"name":"wp","href":"https:\/\/api.w.org\/{rel}","templated":true}]}}