{"id":24420,"date":"2025-06-06T17:44:36","date_gmt":"2025-06-06T15:44:36","guid":{"rendered":"https:\/\/keluvo.com\/no\/produkt\/negleklippersett-for-barn\/"},"modified":"2025-07-22T17:19:47","modified_gmt":"2025-07-22T15:19:47","slug":"negleklippersett-for-barn","status":"publish","type":"product","link":"https:\/\/keluvo.com\/no\/produkt\/negleklippersett-for-barn\/","title":{"rendered":"Negleklippersett for barn"},"content":{"rendered":"<h2><img fetchpriority=\"high\" decoding=\"async\" class=\"alignnone wp-image-22710 aligncenter\" src=\"https:\/\/keluvo.com\/template\/wp-content\/uploads\/sites\/5\/2025\/06\/Toddler_Nail_Trimmer_Blue_gif_480x480.webp\" alt=\"\" width=\"500\" height=\"500\" \/><\/h2>\n<h2 style=\"text-align: center\"><strong>Gj\u00f8r Negleklipping Enkelt Og Trygt For Alle!<\/strong><\/h2>\n<p style=\"text-align: center\">Med v\u00e5rt barnevennlige negleklippersett kan du file neglene sk\u00e5nsomt uten \u00e5 bekymre deg for kutt. Denne elektriske negleklipperen har myke slipeputer, g\u00e5r stille og har LED-lys, noe som gj\u00f8r den perfekt \u00e5 bruke selv n\u00e5r barnet sover. Den leveres med seks slipehoder for babyer, barn og voksne, s\u00e5 den er ideell for hele familien.<\/p>\n<p><img decoding=\"async\" class=\"alignnone size-full wp-image-22709 aligncenter\" src=\"https:\/\/keluvo.com\/template\/wp-content\/uploads\/sites\/5\/2025\/06\/5.webp\" alt=\"\" \/><\/p>\n<h2 style=\"text-align: center\"><strong>Detaljer:<\/strong><\/h2>\n<ul>\n<li>CE-merket<\/li>\n<li>St\u00f8rrelse: 40*25*130 mm<\/li>\n<li>Materiale: ABS-plast<\/li>\n<li>Batterier: 2 x AA<\/li>\n<\/ul>\n","protected":false},"excerpt":{"rendered":"<p>Gj\u00f8r Negleklipping Enkelt Og Trygt For Alle! Med v\u00e5rt barnevennlige negleklippersett kan du file neglene sk\u00e5nsomt uten \u00e5 bekymre deg [&hellip;]<\/p>\n","protected":false},"featured_media":24416,"comment_status":"open","ping_status":"closed","template":"","meta":{"site-sidebar-layout":"default","site-content-layout":"","ast-site-content-layout":"default","site-content-style":"default","site-sidebar-style":"default","ast-global-header-display":"","ast-banner-title-visibility":"","ast-main-header-display":"","ast-hfb-above-header-display":"","ast-hfb-below-header-display":"","ast-hfb-mobile-header-display":"","site-post-title":"","ast-breadcrumbs-content":"","ast-featured-img":"","footer-sml-layout":"","theme-transparent-header-meta":"default","adv-header-id-meta":"","stick-header-meta":"","header-above-stick-meta":"","header-main-stick-meta":"","header-below-stick-meta":"","astra-migrate-meta-layouts":"set","ast-page-background-enabled":"default","ast-page-background-meta":{"desktop":{"background-color":"var(--ast-global-color-4)","background-image":"","background-repeat":"repeat","background-position":"center center","background-size":"auto","background-attachment":"scroll","background-type":"","background-media":"","overlay-type":"","overlay-color":"","overlay-opacity":"","overlay-gradient":""},"tablet":{"background-color":"","background-image":"","background-repeat":"repeat","background-position":"center center","background-size":"auto","background-attachment":"scroll","background-type":"","background-media":"","overlay-type":"","overlay-color":"","overlay-opacity":"","overlay-gradient":""},"mobile":{"background-color":"","background-image":"","background-repeat":"repeat","background-position":"center center","background-size":"auto","background-attachment":"scroll","background-type":"","background-media":"","overlay-type":"","overlay-color":"","overlay-opacity":"","overlay-gradient":""}},"ast-content-background-meta":{"desktop":{"background-color":"var(--ast-global-color-5)","background-image":"","background-repeat":"repeat","background-position":"center center","background-size":"auto","background-attachment":"scroll","background-type":"","background-media":"","overlay-type":"","overlay-color":"","overlay-opacity":"","overlay-gradient":""},"tablet":{"background-color":"var(--ast-global-color-5)","background-image":"","background-repeat":"repeat","background-position":"center center","background-size":"auto","background-attachment":"scroll","background-type":"","background-media":"","overlay-type":"","overlay-color":"","overlay-opacity":"","overlay-gradient":""},"mobile":{"background-color":"var(--ast-global-color-5)","background-image":"","background-repeat":"repeat","background-position":"center center","background-size":"auto","background-attachment":"scroll","background-type":"","background-media":"","overlay-type":"","overlay-color":"","overlay-opacity":"","overlay-gradient":""}}},"product_brand":[],"product_cat":[990,992],"product_tag":[],"class_list":{"0":"post-24420","1":"product","2":"type-product","3":"status-publish","4":"has-post-thumbnail","6":"product_cat-leker-barne-og-babyprodukter","7":"product_cat-skjonnhets-og-hygieneprodukter","8":"pa_48173_ad9427w8-bla","9":"pa_48173_ad9427w8-rosa","10":"desktop-align-left","11":"tablet-align-left","12":"mobile-align-left","14":"first","15":"instock","16":"shipping-taxable","17":"purchasable","18":"product-type-variable"},"_links":{"self":[{"href":"https:\/\/keluvo.com\/no\/wp-json\/wp\/v2\/product\/24420","targetHints":{"allow":["GET"]}}],"collection":[{"href":"https:\/\/keluvo.com\/no\/wp-json\/wp\/v2\/product"}],"about":[{"href":"https:\/\/keluvo.com\/no\/wp-json\/wp\/v2\/types\/product"}],"replies":[{"embeddable":true,"href":"https:\/\/keluvo.com\/no\/wp-json\/wp\/v2\/comments?post=24420"}],"wp:featuredmedia":[{"embeddable":true,"href":"https:\/\/keluvo.com\/no\/wp-json\/wp\/v2\/media\/24416"}],"wp:attachment":[{"href":"https:\/\/keluvo.com\/no\/wp-json\/wp\/v2\/media?parent=24420"}],"wp:term":[{"taxonomy":"product_brand","embeddable":true,"href":"https:\/\/keluvo.com\/no\/wp-json\/wp\/v2\/product_brand?post=24420"},{"taxonomy":"product_cat","embeddable":true,"href":"https:\/\/keluvo.com\/no\/wp-json\/wp\/v2\/product_cat?post=24420"},{"taxonomy":"product_tag","embeddable":true,"href":"https:\/\/keluvo.com\/no\/wp-json\/wp\/v2\/product_tag?post=24420"}],"curies":[{"name":"wp","href":"https:\/\/api.w.org\/{rel}","templated":true}]}}