{"id":24400,"date":"2025-06-06T12:10:44","date_gmt":"2025-06-06T10:10:44","guid":{"rendered":"https:\/\/keluvo.com\/no\/produkt\/camping-lyskaede\/"},"modified":"2025-07-22T17:18:53","modified_gmt":"2025-07-22T15:18:53","slug":"camping-lyskaede","status":"publish","type":"product","link":"https:\/\/keluvo.com\/no\/produkt\/camping-lyskaede\/","title":{"rendered":"Camping lysk\u00e6de"},"content":{"rendered":"<h2 style=\"text-align: center;\">Berik ethvert sted med campinglysk\u00e6den<\/h2>\n<p style=\"text-align: center;\">Campinglysk\u00e6den kan lyse opp ethvert sted med en varm og innbydende gl\u00f8d.<\/p>\n<p style=\"text-align: center;\">Denne 10 meter lange, vanntette LED-kabelen har jevnt fordelte, myke LED-lys som gir en jevn lyseffekt i opptil 20 timer!<\/p>\n<p style=\"text-align: center;\">Campinglysk\u00e6den er perfekt for en spennende campingtur eller for \u00e5 gi et koselig preg hjemme eller i hagen, og den er alltid klar til bruk.<\/p>\n<p><img decoding=\"async\" class=\"alignnone size-full wp-image-22700 aligncenter\" src=\"https:\/\/keluvo.com\/template\/wp-content\/uploads\/sites\/5\/2025\/06\/10.webp\" alt=\"\" \/><\/p>\n<h2 style=\"text-align: center;\">N\u00f8kkelfunksjoner<\/h2>\n<p>\u2705 <strong>Kompakt &amp; Allsidig<\/strong> &#8211; Perfekt for ethvert scenario, enten du skal sette opp et komfortabelt campingomr\u00e5de eller lyse opp hjemmet ditt.<\/p>\n<p>\u2705 <strong>Enkel \u00c5 Bruke Og Flokerfri<\/strong> &#8211; Med det brukervennlige h\u00e5ndtaket er det enkelt \u00e5 rulle lysene ut og inn igjen, slik at du kan justere lengden for enhver situasjon.<\/p>\n<p>\u2705 <strong>Helt Vanntett (IP67)<\/strong> &#8211; Du trenger ikke \u00e5 bekymre deg for regn eller sprut, campinglysketten er vanntett og kan brukes under ulike v\u00e6rforhold.<\/p>\n<p>\u2705 <strong>USB-C-Oppladbar<\/strong> &#8211; Lad opp lysene via USB-C, slik at du ikke trenger \u00e5 lete etter batterier eller et str\u00f8muttak. Den er klar til bruk n\u00e5r som helst.<\/p>\n<p><img decoding=\"async\" class=\"alignnone size-full wp-image-22704 aligncenter\" src=\"https:\/\/keluvo.com\/template\/wp-content\/uploads\/sites\/5\/2025\/06\/5-4.jpg\" alt=\"\" \/><\/p>\n<h2 style=\"text-align: center;\">Produktspesifikasjoner<\/h2>\n<ul>\n<li>Materialer: ABS<\/li>\n<li>Finish: Gr\u00f8nn, Khaki<\/li>\n<li>Lumen: 200 lumen<\/li>\n<li>Wattstyrke: 2W<\/li>\n<\/ul>\n<p><img decoding=\"async\" class=\"alignnone size-full wp-image-22697 aligncenter\" src=\"https:\/\/keluvo.com\/template\/wp-content\/uploads\/sites\/5\/2025\/06\/campify-string-606.webp\" alt=\"\" \/><\/p>\n<h2 style=\"text-align: center;\">Dimensjoner:<\/h2>\n<ul>\n<li>H\u00f8yde: 3,8 cm<\/li>\n<li>Diameter: 11,8 cm<\/li>\n<li>Vekt: 227 g<\/li>\n<\/ul>\n<p><img decoding=\"async\" class=\"alignnone size-full wp-image-22695 aligncenter\" src=\"https:\/\/keluvo.com\/template\/wp-content\/uploads\/sites\/5\/2025\/06\/campify-string-546.webp\" alt=\"\" \/><\/p>\n<h2 style=\"text-align: center;\">Hva er i esken?<\/h2>\n<ul>\n<li>1x campinglysk\u00e6de<\/li>\n<li>1x bruksanvisning<\/li>\n<li>1x USB-C-ladekabel<\/li>\n<\/ul>\n","protected":false},"excerpt":{"rendered":"<p>Berik ethvert sted med campinglysk\u00e6den Campinglysk\u00e6den kan lyse opp ethvert sted med en varm og innbydende gl\u00f8d. Denne 10 meter [&hellip;]<\/p>\n","protected":false},"featured_media":24396,"comment_status":"open","ping_status":"closed","template":"","meta":{"site-sidebar-layout":"default","site-content-layout":"","ast-site-content-layout":"default","site-content-style":"default","site-sidebar-style":"default","ast-global-header-display":"","ast-banner-title-visibility":"","ast-main-header-display":"","ast-hfb-above-header-display":"","ast-hfb-below-header-display":"","ast-hfb-mobile-header-display":"","site-post-title":"","ast-breadcrumbs-content":"","ast-featured-img":"","footer-sml-layout":"","theme-transparent-header-meta":"default","adv-header-id-meta":"","stick-header-meta":"","header-above-stick-meta":"","header-main-stick-meta":"","header-below-stick-meta":"","astra-migrate-meta-layouts":"set","ast-page-background-enabled":"default","ast-page-background-meta":{"desktop":{"background-color":"var(--ast-global-color-4)","background-image":"","background-repeat":"repeat","background-position":"center center","background-size":"auto","background-attachment":"scroll","background-type":"","background-media":"","overlay-type":"","overlay-color":"","overlay-opacity":"","overlay-gradient":""},"tablet":{"background-color":"","background-image":"","background-repeat":"repeat","background-position":"center center","background-size":"auto","background-attachment":"scroll","background-type":"","background-media":"","overlay-type":"","overlay-color":"","overlay-opacity":"","overlay-gradient":""},"mobile":{"background-color":"","background-image":"","background-repeat":"repeat","background-position":"center center","background-size":"auto","background-attachment":"scroll","background-type":"","background-media":"","overlay-type":"","overlay-color":"","overlay-opacity":"","overlay-gradient":""}},"ast-content-background-meta":{"desktop":{"background-color":"var(--ast-global-color-5)","background-image":"","background-repeat":"repeat","background-position":"center center","background-size":"auto","background-attachment":"scroll","background-type":"","background-media":"","overlay-type":"","overlay-color":"","overlay-opacity":"","overlay-gradient":""},"tablet":{"background-color":"var(--ast-global-color-5)","background-image":"","background-repeat":"repeat","background-position":"center center","background-size":"auto","background-attachment":"scroll","background-type":"","background-media":"","overlay-type":"","overlay-color":"","overlay-opacity":"","overlay-gradient":""},"mobile":{"background-color":"var(--ast-global-color-5)","background-image":"","background-repeat":"repeat","background-position":"center center","background-size":"auto","background-attachment":"scroll","background-type":"","background-media":"","overlay-type":"","overlay-color":"","overlay-opacity":"","overlay-gradient":""}}},"product_brand":[],"product_cat":[1000],"product_tag":[],"class_list":{"0":"post-24400","1":"product","2":"type-product","3":"status-publish","4":"has-post-thumbnail","6":"product_cat-tur-camping-og-fritidsutstyr","7":"desktop-align-left","8":"tablet-align-left","9":"mobile-align-left","11":"first","12":"instock","13":"shipping-taxable","14":"purchasable","15":"product-type-simple"},"_links":{"self":[{"href":"https:\/\/keluvo.com\/no\/wp-json\/wp\/v2\/product\/24400","targetHints":{"allow":["GET"]}}],"collection":[{"href":"https:\/\/keluvo.com\/no\/wp-json\/wp\/v2\/product"}],"about":[{"href":"https:\/\/keluvo.com\/no\/wp-json\/wp\/v2\/types\/product"}],"replies":[{"embeddable":true,"href":"https:\/\/keluvo.com\/no\/wp-json\/wp\/v2\/comments?post=24400"}],"wp:featuredmedia":[{"embeddable":true,"href":"https:\/\/keluvo.com\/no\/wp-json\/wp\/v2\/media\/24396"}],"wp:attachment":[{"href":"https:\/\/keluvo.com\/no\/wp-json\/wp\/v2\/media?parent=24400"}],"wp:term":[{"taxonomy":"product_brand","embeddable":true,"href":"https:\/\/keluvo.com\/no\/wp-json\/wp\/v2\/product_brand?post=24400"},{"taxonomy":"product_cat","embeddable":true,"href":"https:\/\/keluvo.com\/no\/wp-json\/wp\/v2\/product_cat?post=24400"},{"taxonomy":"product_tag","embeddable":true,"href":"https:\/\/keluvo.com\/no\/wp-json\/wp\/v2\/product_tag?post=24400"}],"curies":[{"name":"wp","href":"https:\/\/api.w.org\/{rel}","templated":true}]}}