{"id":24359,"date":"2025-06-06T12:09:20","date_gmt":"2025-06-06T10:09:20","guid":{"rendered":"https:\/\/keluvo.com\/no\/produkt\/sommerlig-salongsett-for-menn\/"},"modified":"2025-07-22T16:24:54","modified_gmt":"2025-07-22T14:24:54","slug":"sommerlig-salongsett-for-menn","status":"publish","type":"product","link":"https:\/\/keluvo.com\/no\/produkt\/sommerlig-salongsett-for-menn\/","title":{"rendered":"Sommerlig salongsett for menn"},"content":{"rendered":"<p style=\"text-align: center\">Dette komfortable todelte settet for menn best\u00e5r av en T-skjorte med avslappet passform og matchende shorts med l\u00f8pesnor. Det er lett og pustende, noe som gj\u00f8r det perfekt for avslapping eller uformelle kvelder. Det strukturerte stoffet gir en fin touch og kombinerer komfort med stil.<\/p>\n<ul>\n<li>Avslappet passform<\/li>\n<li>Fleksibel stil<\/li>\n<li>Strukturert design<\/li>\n<li>T\u00e5ler maskinvask<\/li>\n<li>Soft, pustende vaffelstrikket stoff<\/li>\n<\/ul>\n<p><img fetchpriority=\"high\" decoding=\"async\" class=\"alignnone wp-image-22693 aligncenter\" src=\"https:\/\/keluvo.com\/template\/wp-content\/uploads\/sites\/5\/2025\/06\/waffle.jpg\" alt=\"\" width=\"500\" height=\"773\" \/><\/p>\n","protected":false},"excerpt":{"rendered":"<p>Dette komfortable todelte settet for menn best\u00e5r av en T-skjorte med avslappet passform og matchende shorts med l\u00f8pesnor. Det er [&hellip;]<\/p>\n","protected":false},"featured_media":24355,"comment_status":"open","ping_status":"closed","template":"","meta":{"site-sidebar-layout":"default","site-content-layout":"","ast-site-content-layout":"default","site-content-style":"default","site-sidebar-style":"default","ast-global-header-display":"","ast-banner-title-visibility":"","ast-main-header-display":"","ast-hfb-above-header-display":"","ast-hfb-below-header-display":"","ast-hfb-mobile-header-display":"","site-post-title":"","ast-breadcrumbs-content":"","ast-featured-img":"","footer-sml-layout":"","theme-transparent-header-meta":"default","adv-header-id-meta":"","stick-header-meta":"","header-above-stick-meta":"","header-main-stick-meta":"","header-below-stick-meta":"","astra-migrate-meta-layouts":"set","ast-page-background-enabled":"default","ast-page-background-meta":{"desktop":{"background-color":"var(--ast-global-color-4)","background-image":"","background-repeat":"repeat","background-position":"center center","background-size":"auto","background-attachment":"scroll","background-type":"","background-media":"","overlay-type":"","overlay-color":"","overlay-opacity":"","overlay-gradient":""},"tablet":{"background-color":"","background-image":"","background-repeat":"repeat","background-position":"center center","background-size":"auto","background-attachment":"scroll","background-type":"","background-media":"","overlay-type":"","overlay-color":"","overlay-opacity":"","overlay-gradient":""},"mobile":{"background-color":"","background-image":"","background-repeat":"repeat","background-position":"center center","background-size":"auto","background-attachment":"scroll","background-type":"","background-media":"","overlay-type":"","overlay-color":"","overlay-opacity":"","overlay-gradient":""}},"ast-content-background-meta":{"desktop":{"background-color":"var(--ast-global-color-5)","background-image":"","background-repeat":"repeat","background-position":"center center","background-size":"auto","background-attachment":"scroll","background-type":"","background-media":"","overlay-type":"","overlay-color":"","overlay-opacity":"","overlay-gradient":""},"tablet":{"background-color":"var(--ast-global-color-5)","background-image":"","background-repeat":"repeat","background-position":"center center","background-size":"auto","background-attachment":"scroll","background-type":"","background-media":"","overlay-type":"","overlay-color":"","overlay-opacity":"","overlay-gradient":""},"mobile":{"background-color":"var(--ast-global-color-5)","background-image":"","background-repeat":"repeat","background-position":"center center","background-size":"auto","background-attachment":"scroll","background-type":"","background-media":"","overlay-type":"","overlay-color":"","overlay-opacity":"","overlay-gradient":""}}},"product_brand":[],"product_cat":[995],"product_tag":[],"class_list":{"0":"post-24359","1":"product","2":"type-product","3":"status-publish","4":"has-post-thumbnail","6":"product_cat-klaer-til-menn","7":"pa_48171_aawwsyv8-beige","8":"pa_48171_aawwsyv8-gra","9":"pa_48171_aawwsyv8-svart","10":"pa_48171_xpuu8jzo-s","11":"pa_48171_xpuu8jzo-m","12":"pa_48171_xpuu8jzo-l","13":"pa_48171_xpuu8jzo-xl","14":"pa_48171_xpuu8jzo-2xl","15":"pa_48171_xpuu8jzo-3xl","16":"desktop-align-left","17":"tablet-align-left","18":"mobile-align-left","20":"first","21":"instock","22":"shipping-taxable","23":"purchasable","24":"product-type-variable","25":"has-default-attributes"},"_links":{"self":[{"href":"https:\/\/keluvo.com\/no\/wp-json\/wp\/v2\/product\/24359","targetHints":{"allow":["GET"]}}],"collection":[{"href":"https:\/\/keluvo.com\/no\/wp-json\/wp\/v2\/product"}],"about":[{"href":"https:\/\/keluvo.com\/no\/wp-json\/wp\/v2\/types\/product"}],"replies":[{"embeddable":true,"href":"https:\/\/keluvo.com\/no\/wp-json\/wp\/v2\/comments?post=24359"}],"wp:featuredmedia":[{"embeddable":true,"href":"https:\/\/keluvo.com\/no\/wp-json\/wp\/v2\/media\/24355"}],"wp:attachment":[{"href":"https:\/\/keluvo.com\/no\/wp-json\/wp\/v2\/media?parent=24359"}],"wp:term":[{"taxonomy":"product_brand","embeddable":true,"href":"https:\/\/keluvo.com\/no\/wp-json\/wp\/v2\/product_brand?post=24359"},{"taxonomy":"product_cat","embeddable":true,"href":"https:\/\/keluvo.com\/no\/wp-json\/wp\/v2\/product_cat?post=24359"},{"taxonomy":"product_tag","embeddable":true,"href":"https:\/\/keluvo.com\/no\/wp-json\/wp\/v2\/product_tag?post=24359"}],"curies":[{"name":"wp","href":"https:\/\/api.w.org\/{rel}","templated":true}]}}