{"id":24311,"date":"2025-06-06T12:07:42","date_gmt":"2025-06-06T10:07:42","guid":{"rendered":"https:\/\/keluvo.com\/no\/produkt\/klorebeskyttende-teppe-for-katter\/"},"modified":"2025-12-15T18:11:03","modified_gmt":"2025-12-15T16:11:03","slug":"klorebeskyttende-teppe-for-katter","status":"publish","type":"product","link":"https:\/\/keluvo.com\/no\/produkt\/klorebeskyttende-teppe-for-katter\/","title":{"rendered":"Klorebeskyttende teppe for katter"},"content":{"rendered":"<p style=\"text-align: center\">Beskytt m\u00f8blene dine samtidig som katten din er forn\u00f8yd med ripebeskyttende tepper. Hvis du er lei av klorete sofaer, tepper og vegger, er dette svaret du trenger. V\u00e5r selvklebende klormatte av naturlig sisal tilfredsstiller kattens kloreinstinkt p\u00e5 et bestemt sted, slik at det er greit for den \u00e5 klore. Den er enkel \u00e5 sette opp, tilpasse og passer fint inn i innredningen.<\/p>\n<p><img fetchpriority=\"high\" decoding=\"async\" class=\"alignnone wp-image-22614 aligncenter\" src=\"https:\/\/keluvo.com\/template\/wp-content\/uploads\/sites\/5\/2025\/06\/0324_1_1_a6504a4b-58c6-42da-a812-f046f9c8d225.webp\" alt=\"\" width=\"500\" height=\"500\" \/><\/p>\n<h2 style=\"text-align: center\">Slutt \u00e5 bekymre deg for m\u00f8blene dine n\u00e5!<\/h2>\n<p style=\"text-align: center\">Alle katteeiere kjenner f\u00f8lelsen: du g\u00e5r ut et \u00f8yeblikk, og sofaen din blir angrepet. Deretter kan det v\u00e6re tapetet eller favorittstolen. Katter klorer fordi det er en naturlig atferd, ikke p\u00e5 grunn av ondskap.<\/p>\n<p style=\"text-align: center\">70 % av alle katteeiere har sett kj\u00e6ledyrene sine klore p\u00e5 feil steder. Det er tydelig at vi trenger andre l\u00f8sninger enn krafsestolper som kattene ofte ignorerer.<\/p>\n<p><img decoding=\"async\" class=\"alignnone size-full wp-image-22617 aligncenter\" src=\"https:\/\/keluvo.com\/template\/wp-content\/uploads\/sites\/5\/2025\/06\/sg-11134201-7rd59-lwzivzgzje4s24_2.webp\" alt=\"\" width=\"800\" height=\"800\" \/><\/p>\n<h2 style=\"text-align: center\">Og det er her teppet v\u00e5rt kommer inn i bildet.<\/h2>\n<p style=\"text-align: center\">Det er en smart, selvklebende matte som fester seg der katten din allerede klorer, i stedet for der du \u00f8nsker at den skal klore.<\/p>\n<ul>\n<li>Fest den p\u00e5 vegger, sofaer, d\u00f8rer eller stolbein \u2014 der det er behov for den.<\/li>\n<li>Den selvklebende baksiden holder det sikkert p\u00e5 plass, men etterlater ingen merker.<\/li>\n<li>Det er enkelt \u00e5 klippe til i alle former og st\u00f8rrelser.<\/li>\n<li>Det er avtakbart og gjenbrukbart.<\/li>\n<li>Det finnes i ulike farger og st\u00f8rrelser for \u00e5 passe din stil.<\/li>\n<li>Kattklorebeskyttelsesmatten er laget av 100 % naturlig sisal, en sterk plantefiber som er behagelig for katter \u00e5 klore p\u00e5. Det slites ikke, varer lenge og f\u00f8les riktig for katten din.<\/li>\n<\/ul>\n<p><img decoding=\"async\" class=\"alignnone size-full wp-image-22613 aligncenter\" src=\"https:\/\/keluvo.com\/template\/wp-content\/uploads\/sites\/5\/2025\/06\/Inserir_um_subtitulo_3_205d28f8-cf39-44b3-98e0-11b8101fabee.webp\" alt=\"\" width=\"1000\" height=\"1000\" \/><\/p>\n<h2 style=\"text-align: center\">Du finner farger som passer til ethvert hjem!<\/h2>\n<p style=\"text-align: center\">Takket v\u00e6re den selvklebende baksiden trenger du ikke verkt\u00f8y eller skruer, og det vil ikke bli skadet n\u00e5r du fjerner det.<\/p>\n<p style=\"text-align: center\">Mange klorestolper kan v\u00e6re ineffektive, plastdeksler varer ikke, og spray har ofte sterke lukter uten \u00e5 hjelpe. \u00c5 kj\u00f8pe nye m\u00f8bler er kostbart og l\u00f8ser ikke problemet.<\/p>\n<p style=\"text-align: center\">Men v\u00e5rt teppe er stilig, enkelt og effektivt akkurat der katten klorer. Spar p\u00e5 m\u00f8blene dine, spar p\u00e5 kostnadene og la katten klore fritt uten \u00e5 skade hjemmet ditt. Det er en smart l\u00f8sning for et hjem du er glad i.<\/p>\n","protected":false},"excerpt":{"rendered":"<p>Beskytt m\u00f8blene dine samtidig som katten din er forn\u00f8yd med ripebeskyttende tepper. Hvis du er lei av klorete sofaer, tepper [&hellip;]<\/p>\n","protected":false},"featured_media":24307,"comment_status":"open","ping_status":"closed","template":"","meta":{"site-sidebar-layout":"default","site-content-layout":"","ast-site-content-layout":"default","site-content-style":"default","site-sidebar-style":"default","ast-global-header-display":"","ast-banner-title-visibility":"","ast-main-header-display":"","ast-hfb-above-header-display":"","ast-hfb-below-header-display":"","ast-hfb-mobile-header-display":"","site-post-title":"","ast-breadcrumbs-content":"","ast-featured-img":"","footer-sml-layout":"","theme-transparent-header-meta":"default","adv-header-id-meta":"","stick-header-meta":"","header-above-stick-meta":"","header-main-stick-meta":"","header-below-stick-meta":"","astra-migrate-meta-layouts":"set","ast-page-background-enabled":"default","ast-page-background-meta":{"desktop":{"background-color":"var(--ast-global-color-4)","background-image":"","background-repeat":"repeat","background-position":"center center","background-size":"auto","background-attachment":"scroll","background-type":"","background-media":"","overlay-type":"","overlay-color":"","overlay-opacity":"","overlay-gradient":""},"tablet":{"background-color":"","background-image":"","background-repeat":"repeat","background-position":"center center","background-size":"auto","background-attachment":"scroll","background-type":"","background-media":"","overlay-type":"","overlay-color":"","overlay-opacity":"","overlay-gradient":""},"mobile":{"background-color":"","background-image":"","background-repeat":"repeat","background-position":"center center","background-size":"auto","background-attachment":"scroll","background-type":"","background-media":"","overlay-type":"","overlay-color":"","overlay-opacity":"","overlay-gradient":""}},"ast-content-background-meta":{"desktop":{"background-color":"var(--ast-global-color-5)","background-image":"","background-repeat":"repeat","background-position":"center center","background-size":"auto","background-attachment":"scroll","background-type":"","background-media":"","overlay-type":"","overlay-color":"","overlay-opacity":"","overlay-gradient":""},"tablet":{"background-color":"var(--ast-global-color-5)","background-image":"","background-repeat":"repeat","background-position":"center center","background-size":"auto","background-attachment":"scroll","background-type":"","background-media":"","overlay-type":"","overlay-color":"","overlay-opacity":"","overlay-gradient":""},"mobile":{"background-color":"var(--ast-global-color-5)","background-image":"","background-repeat":"repeat","background-position":"center center","background-size":"auto","background-attachment":"scroll","background-type":"","background-media":"","overlay-type":"","overlay-color":"","overlay-opacity":"","overlay-gradient":""}}},"product_brand":[],"product_cat":[1001,997],"product_tag":[],"class_list":{"0":"post-24311","1":"product","2":"type-product","3":"status-publish","4":"has-post-thumbnail","6":"product_cat-husholdningsartikler","7":"product_cat-husdyrprodukter","8":"pa_48169_0wexs4m8-bla","9":"pa_48169_0wexs4m8-brun","10":"pa_48169_0wexs4m8-khaki","11":"pa_48169_0wexs4m8-lysegra","12":"pa_48169_0wexs4m8-morkegra","13":"pa_48169_ec6rcrrh-s-30x30","14":"pa_48169_ec6rcrrh-m-30x100","15":"pa_48169_ec6rcrrh-l-40x200","16":"desktop-align-left","17":"tablet-align-left","18":"mobile-align-left","20":"first","21":"instock","22":"shipping-taxable","23":"purchasable","24":"product-type-variable","25":"has-default-attributes"},"_links":{"self":[{"href":"https:\/\/keluvo.com\/no\/wp-json\/wp\/v2\/product\/24311","targetHints":{"allow":["GET"]}}],"collection":[{"href":"https:\/\/keluvo.com\/no\/wp-json\/wp\/v2\/product"}],"about":[{"href":"https:\/\/keluvo.com\/no\/wp-json\/wp\/v2\/types\/product"}],"replies":[{"embeddable":true,"href":"https:\/\/keluvo.com\/no\/wp-json\/wp\/v2\/comments?post=24311"}],"wp:featuredmedia":[{"embeddable":true,"href":"https:\/\/keluvo.com\/no\/wp-json\/wp\/v2\/media\/24307"}],"wp:attachment":[{"href":"https:\/\/keluvo.com\/no\/wp-json\/wp\/v2\/media?parent=24311"}],"wp:term":[{"taxonomy":"product_brand","embeddable":true,"href":"https:\/\/keluvo.com\/no\/wp-json\/wp\/v2\/product_brand?post=24311"},{"taxonomy":"product_cat","embeddable":true,"href":"https:\/\/keluvo.com\/no\/wp-json\/wp\/v2\/product_cat?post=24311"},{"taxonomy":"product_tag","embeddable":true,"href":"https:\/\/keluvo.com\/no\/wp-json\/wp\/v2\/product_tag?post=24311"}],"curies":[{"name":"wp","href":"https:\/\/api.w.org\/{rel}","templated":true}]}}