{"id":24216,"date":"2025-06-05T15:27:33","date_gmt":"2025-06-05T13:27:33","guid":{"rendered":"https:\/\/keluvo.com\/no\/produkt\/penne-med-gravering-for-personlig-tilpasning\/"},"modified":"2025-07-22T16:11:31","modified_gmt":"2025-07-22T14:11:31","slug":"penne-med-gravering-for-personlig-tilpasning","status":"publish","type":"product","link":"https:\/\/keluvo.com\/no\/produkt\/penne-med-gravering-for-personlig-tilpasning\/","title":{"rendered":"Penne med gravering for personlig tilpasning"},"content":{"rendered":"<p>\u2714 Enkel og brukervennlig<\/p>\n<p>\u2714 En morsom og avslappende opplevelse<\/p>\n<p>\u2714 Gj\u00f8r vanlige gjenstander til noe helt spesielt<\/p>\n<p>\u2714 Graver p\u00e5 tre, glass, metall, stein og mye mer!<\/p>\n<p><img fetchpriority=\"high\" decoding=\"async\" class=\"alignnone wp-image-22590 aligncenter\" src=\"https:\/\/keluvo.com\/template\/wp-content\/uploads\/sites\/5\/2025\/06\/ready-to-create-gif-customizer-resarled.webp\" alt=\"\" width=\"489\" height=\"489\" \/><\/p>\n<h2 style=\"text-align: center;\">Spesifikasjoner:<\/h2>\n<p><strong>Motor<\/strong>: 3 hastighetsinnstillinger (8 000-21 000 o\/min) og 30 g\/cm dreiemoment<\/p>\n<p><strong>Vekt<\/strong>: 50 g<\/p>\n<p><strong>Lengde<\/strong>: 125 mm<\/p>\n<p><strong>Bredde<\/strong>: 17 mm diameter<\/p>\n<p><strong>Batteri<\/strong>: 3,7 V litiumbatteri &#8211; 500 mAh<\/p>\n<p><strong>Lader<\/strong>: USB-C hurtiglading<\/p>\n<h2 style=\"text-align: center;\">Kreer Og Nyt I 3 Enkle Trinn<\/h2>\n<p style=\"text-align: center;\">La kreativiteten flyte! Med bare tre enkle trinn kan du lage noe helt unikt med den tilpassede graveringspennen. Det er enkelt og morsomt!<\/p>\n<p><img decoding=\"async\" class=\"alignnone wp-image-22591 aligncenter\" src=\"https:\/\/keluvo.com\/template\/wp-content\/uploads\/sites\/5\/2025\/06\/beautifulls-design-engraving-pen-resparked.webp\" alt=\"\" width=\"500\" height=\"500\" \/><\/p>\n<h3 style=\"text-align: center;\">1. Velg Overflate<\/h3>\n<p style=\"text-align: center;\">Velg en gjenstand du vil personliggj\u00f8re &#8211; tre, glass, metall eller stein. Du kan gravere nesten hva som helst!<\/p>\n<p><img decoding=\"async\" class=\"alignnone size-full wp-image-22588 aligncenter\" src=\"https:\/\/keluvo.com\/template\/wp-content\/uploads\/sites\/5\/2025\/06\/step-1-choose-your-surface-customizer.webp\" alt=\"\" \/><\/p>\n<h3 style=\"text-align: center;\">2. Graver I Ditt Eget Tempo<\/h3>\n<p style=\"text-align: center;\">Slapp av og engasjer deg i prosessen. Nyt den beroligende rytmen mens du gir liv til ideene dine.<\/p>\n<p><img decoding=\"async\" class=\"size-full wp-image-22587 aligncenter\" src=\"https:\/\/keluvo.com\/template\/wp-content\/uploads\/sites\/5\/2025\/06\/step-2-create-in-calm-customizer-resparked.webp\" alt=\"\" \/><\/p>\n<h3 style=\"text-align: center;\">3. Feir Det Du Har Skapt<\/h3>\n<p style=\"text-align: center;\">Ta deg tid til \u00e5 sette pris p\u00e5 det ferdige verket. V\u00e6r stolt av det du har laget!<\/p>\n<p><img decoding=\"async\" class=\"alignnone size-full wp-image-22586 aligncenter\" src=\"https:\/\/keluvo.com\/template\/wp-content\/uploads\/sites\/5\/2025\/06\/step-3-enjoy-your-achievement-customizer-resparked.webp\" alt=\"\" \/><\/p>\n<h2 style=\"text-align: center;\">Oppdag Hobbyen Alle Elsker<\/h2>\n<p style=\"text-align: center;\">Lag personlige gaver, vakker innredning og mye mer &#8211; alt mens du tar deg tid til deg selv.<\/p>\n","protected":false},"excerpt":{"rendered":"<p>\u2714 Enkel og brukervennlig \u2714 En morsom og avslappende opplevelse \u2714 Gj\u00f8r vanlige gjenstander til noe helt spesielt \u2714 Graver [&hellip;]<\/p>\n","protected":false},"featured_media":24212,"comment_status":"open","ping_status":"closed","template":"","meta":{"site-sidebar-layout":"default","site-content-layout":"","ast-site-content-layout":"default","site-content-style":"default","site-sidebar-style":"default","ast-global-header-display":"","ast-banner-title-visibility":"","ast-main-header-display":"","ast-hfb-above-header-display":"","ast-hfb-below-header-display":"","ast-hfb-mobile-header-display":"","site-post-title":"","ast-breadcrumbs-content":"","ast-featured-img":"","footer-sml-layout":"","theme-transparent-header-meta":"default","adv-header-id-meta":"","stick-header-meta":"","header-above-stick-meta":"","header-main-stick-meta":"","header-below-stick-meta":"","astra-migrate-meta-layouts":"set","ast-page-background-enabled":"default","ast-page-background-meta":{"desktop":{"background-color":"var(--ast-global-color-4)","background-image":"","background-repeat":"repeat","background-position":"center center","background-size":"auto","background-attachment":"scroll","background-type":"","background-media":"","overlay-type":"","overlay-color":"","overlay-opacity":"","overlay-gradient":""},"tablet":{"background-color":"","background-image":"","background-repeat":"repeat","background-position":"center center","background-size":"auto","background-attachment":"scroll","background-type":"","background-media":"","overlay-type":"","overlay-color":"","overlay-opacity":"","overlay-gradient":""},"mobile":{"background-color":"","background-image":"","background-repeat":"repeat","background-position":"center center","background-size":"auto","background-attachment":"scroll","background-type":"","background-media":"","overlay-type":"","overlay-color":"","overlay-opacity":"","overlay-gradient":""}},"ast-content-background-meta":{"desktop":{"background-color":"var(--ast-global-color-5)","background-image":"","background-repeat":"repeat","background-position":"center center","background-size":"auto","background-attachment":"scroll","background-type":"","background-media":"","overlay-type":"","overlay-color":"","overlay-opacity":"","overlay-gradient":""},"tablet":{"background-color":"var(--ast-global-color-5)","background-image":"","background-repeat":"repeat","background-position":"center center","background-size":"auto","background-attachment":"scroll","background-type":"","background-media":"","overlay-type":"","overlay-color":"","overlay-opacity":"","overlay-gradient":""},"mobile":{"background-color":"var(--ast-global-color-5)","background-image":"","background-repeat":"repeat","background-position":"center center","background-size":"auto","background-attachment":"scroll","background-type":"","background-media":"","overlay-type":"","overlay-color":"","overlay-opacity":"","overlay-gradient":""}}},"product_brand":[],"product_cat":[996],"product_tag":[],"class_list":{"0":"post-24216","1":"product","2":"type-product","3":"status-publish","4":"has-post-thumbnail","6":"product_cat-verktoy","7":"desktop-align-left","8":"tablet-align-left","9":"mobile-align-left","11":"first","12":"instock","13":"shipping-taxable","14":"purchasable","15":"product-type-simple"},"_links":{"self":[{"href":"https:\/\/keluvo.com\/no\/wp-json\/wp\/v2\/product\/24216","targetHints":{"allow":["GET"]}}],"collection":[{"href":"https:\/\/keluvo.com\/no\/wp-json\/wp\/v2\/product"}],"about":[{"href":"https:\/\/keluvo.com\/no\/wp-json\/wp\/v2\/types\/product"}],"replies":[{"embeddable":true,"href":"https:\/\/keluvo.com\/no\/wp-json\/wp\/v2\/comments?post=24216"}],"wp:featuredmedia":[{"embeddable":true,"href":"https:\/\/keluvo.com\/no\/wp-json\/wp\/v2\/media\/24212"}],"wp:attachment":[{"href":"https:\/\/keluvo.com\/no\/wp-json\/wp\/v2\/media?parent=24216"}],"wp:term":[{"taxonomy":"product_brand","embeddable":true,"href":"https:\/\/keluvo.com\/no\/wp-json\/wp\/v2\/product_brand?post=24216"},{"taxonomy":"product_cat","embeddable":true,"href":"https:\/\/keluvo.com\/no\/wp-json\/wp\/v2\/product_cat?post=24216"},{"taxonomy":"product_tag","embeddable":true,"href":"https:\/\/keluvo.com\/no\/wp-json\/wp\/v2\/product_tag?post=24216"}],"curies":[{"name":"wp","href":"https:\/\/api.w.org\/{rel}","templated":true}]}}