{"id":24062,"date":"2025-06-03T16:18:59","date_gmt":"2025-06-03T14:18:59","guid":{"rendered":"https:\/\/keluvo.com\/no\/produkt\/lysende-tofler\/"},"modified":"2025-07-22T16:09:00","modified_gmt":"2025-07-22T14:09:00","slug":"lysende-tofler","status":"publish","type":"product","link":"https:\/\/keluvo.com\/no\/produkt\/lysende-tofler\/","title":{"rendered":"Lysende t\u00f8fler"},"content":{"rendered":"<ul>\n<li>\u2728 Magiske LED-lys for hvert skritt<\/li>\n<li>\ud83d\udc5f Myk og behagelig design for daglig bruk<\/li>\n<li>\ud83e\uddb6 Sklisikre s\u00e5ler for sikkerhet innvendig og utvendig<\/li>\n<li>\ud83d\udca7 Lett \u00e5 rengj\u00f8re, slitesterk og vanntett PVC<\/li>\n<li>\ud83d\udc63 St\u00f8rrelser 26-37 for voksende f\u00f8tter<\/li>\n<\/ul>\n<p><img fetchpriority=\"high\" decoding=\"async\" class=\"alignnone wp-image-22539 aligncenter\" src=\"https:\/\/keluvo.com\/template\/wp-content\/uploads\/sites\/5\/2025\/06\/436817355_1962279567539736_2147425877437688385_n-ezgif.com-video-to-webp-converter.webp\" alt=\"\" width=\"400\" height=\"500\" \/><\/p>\n<h2 style=\"text-align: center\">\u2728 Lys Opp Hvert Skritt Med De Opplyste T\u00f8flene<\/h2>\n<p style=\"text-align: center\">Gj\u00f8r barnets skritt morsomme med disse LED-belyste t\u00f8flene for barn. Disse t\u00f8flene er perfekte for sm\u00e5 eventyrere!<\/p>\n<p><img decoding=\"async\" class=\"alignnone size-full wp-image-22530 aligncenter\" src=\"https:\/\/keluvo.com\/template\/wp-content\/uploads\/sites\/5\/2025\/06\/be3de9c9ed55f_HAPPYS19753.jpg\" alt=\"\" \/><\/p>\n<h2 style=\"text-align: center\">Hvorfor Disse T\u00f8flene Er Det Beste Valget:<\/h2>\n<p><strong>\ud83c\udf89 Morsom Gangopplevelse:<\/strong> LED-lysene gj\u00f8r det spennende \u00e5 bevege seg og oppmuntrer barna til \u00e5 v\u00e6re aktive.<\/p>\n<p><strong>\ud83d\udee1\ufe0f Sikkerhet For Foreldre:<\/strong> Med sklisikre s\u00e5ler og en behagelig passform kan du f\u00f8le deg trygg p\u00e5 at barna dine er trygge.<\/p>\n<p><strong>\ud83e\uddfd Lett \u00c5 Rengj\u00f8re:<\/strong> Det vanntette materialet gj\u00f8r det enkelt \u00e5 holde disse t\u00f8flene fine.<\/p>\n<p><img decoding=\"async\" class=\"alignnone size-full wp-image-22532 aligncenter\" src=\"https:\/\/keluvo.com\/template\/wp-content\/uploads\/sites\/5\/2025\/06\/5e00d5e49bc8a_HAPPYS16951-1.jpg\" alt=\"\" \/><\/p>\n<h2 style=\"text-align: center\">Tekniske Detaljer:<\/h2>\n<ul>\n<li>Materiale: Slitesterkt og vanntett PVC<\/li>\n<li>Allgjengelige st\u00f8rrelser:<\/li>\n<li>26\/27: Passer til fotlengde 16 cm<\/li>\n<li>28\/29: Passer til fotlengde 17 cm<\/li>\n<li>30\/31: Passer til fotlengde 18 cm<\/li>\n<li>32\/33: Passer til fotlengde 19 cm<\/li>\n<li>34\/35: Passer til fotlengde 20 cm<\/li>\n<li>36\/37: Passer til fotlengde 22,5 cm<\/li>\n<\/ul>\n<p><img decoding=\"async\" class=\"alignnone size-full wp-image-22531 aligncenter\" src=\"https:\/\/keluvo.com\/template\/wp-content\/uploads\/sites\/5\/2025\/06\/957e47236df0f_HAPPYS17852.jpg\" alt=\"\" \/><\/p>\n<h2 style=\"text-align: center\">Pakken Inkluderer:<\/h2>\n<p>1 par LED-t\u00f8fler<\/p>\n","protected":false},"excerpt":{"rendered":"<p>\u2728 Magiske LED-lys for hvert skritt \ud83d\udc5f Myk og behagelig design for daglig bruk \ud83e\uddb6 Sklisikre s\u00e5ler for sikkerhet innvendig [&hellip;]<\/p>\n","protected":false},"featured_media":24058,"comment_status":"open","ping_status":"closed","template":"","meta":{"site-sidebar-layout":"default","site-content-layout":"","ast-site-content-layout":"default","site-content-style":"default","site-sidebar-style":"default","ast-global-header-display":"","ast-banner-title-visibility":"","ast-main-header-display":"","ast-hfb-above-header-display":"","ast-hfb-below-header-display":"","ast-hfb-mobile-header-display":"","site-post-title":"","ast-breadcrumbs-content":"","ast-featured-img":"","footer-sml-layout":"","theme-transparent-header-meta":"default","adv-header-id-meta":"","stick-header-meta":"","header-above-stick-meta":"","header-main-stick-meta":"","header-below-stick-meta":"","astra-migrate-meta-layouts":"set","ast-page-background-enabled":"default","ast-page-background-meta":{"desktop":{"background-color":"var(--ast-global-color-4)","background-image":"","background-repeat":"repeat","background-position":"center center","background-size":"auto","background-attachment":"scroll","background-type":"","background-media":"","overlay-type":"","overlay-color":"","overlay-opacity":"","overlay-gradient":""},"tablet":{"background-color":"","background-image":"","background-repeat":"repeat","background-position":"center center","background-size":"auto","background-attachment":"scroll","background-type":"","background-media":"","overlay-type":"","overlay-color":"","overlay-opacity":"","overlay-gradient":""},"mobile":{"background-color":"","background-image":"","background-repeat":"repeat","background-position":"center center","background-size":"auto","background-attachment":"scroll","background-type":"","background-media":"","overlay-type":"","overlay-color":"","overlay-opacity":"","overlay-gradient":""}},"ast-content-background-meta":{"desktop":{"background-color":"var(--ast-global-color-5)","background-image":"","background-repeat":"repeat","background-position":"center center","background-size":"auto","background-attachment":"scroll","background-type":"","background-media":"","overlay-type":"","overlay-color":"","overlay-opacity":"","overlay-gradient":""},"tablet":{"background-color":"var(--ast-global-color-5)","background-image":"","background-repeat":"repeat","background-position":"center center","background-size":"auto","background-attachment":"scroll","background-type":"","background-media":"","overlay-type":"","overlay-color":"","overlay-opacity":"","overlay-gradient":""},"mobile":{"background-color":"var(--ast-global-color-5)","background-image":"","background-repeat":"repeat","background-position":"center center","background-size":"auto","background-attachment":"scroll","background-type":"","background-media":"","overlay-type":"","overlay-color":"","overlay-opacity":"","overlay-gradient":""}}},"product_brand":[],"product_cat":[990,993],"product_tag":[],"class_list":{"0":"post-24062","1":"product","2":"type-product","3":"status-publish","4":"has-post-thumbnail","6":"product_cat-leker-barne-og-babyprodukter","7":"product_cat-skotoy-tilbehor","8":"pa_48164_qoatakx3-26-27","9":"pa_48164_qoatakx3-28-29","10":"pa_48164_qoatakx3-30-31","11":"pa_48164_qoatakx3-32-33","12":"pa_48164_qoatakx3-34-35","13":"pa_48164_qoatakx3-36-37","14":"pa_48164_vzr31h5b-bla","15":"pa_48164_vzr31h5b-gul","16":"pa_48164_vzr31h5b-rosa","17":"desktop-align-left","18":"tablet-align-left","19":"mobile-align-left","21":"first","22":"instock","23":"shipping-taxable","24":"purchasable","25":"product-type-variable","26":"has-default-attributes"},"_links":{"self":[{"href":"https:\/\/keluvo.com\/no\/wp-json\/wp\/v2\/product\/24062","targetHints":{"allow":["GET"]}}],"collection":[{"href":"https:\/\/keluvo.com\/no\/wp-json\/wp\/v2\/product"}],"about":[{"href":"https:\/\/keluvo.com\/no\/wp-json\/wp\/v2\/types\/product"}],"replies":[{"embeddable":true,"href":"https:\/\/keluvo.com\/no\/wp-json\/wp\/v2\/comments?post=24062"}],"wp:featuredmedia":[{"embeddable":true,"href":"https:\/\/keluvo.com\/no\/wp-json\/wp\/v2\/media\/24058"}],"wp:attachment":[{"href":"https:\/\/keluvo.com\/no\/wp-json\/wp\/v2\/media?parent=24062"}],"wp:term":[{"taxonomy":"product_brand","embeddable":true,"href":"https:\/\/keluvo.com\/no\/wp-json\/wp\/v2\/product_brand?post=24062"},{"taxonomy":"product_cat","embeddable":true,"href":"https:\/\/keluvo.com\/no\/wp-json\/wp\/v2\/product_cat?post=24062"},{"taxonomy":"product_tag","embeddable":true,"href":"https:\/\/keluvo.com\/no\/wp-json\/wp\/v2\/product_tag?post=24062"}],"curies":[{"name":"wp","href":"https:\/\/api.w.org\/{rel}","templated":true}]}}