{"id":24053,"date":"2025-06-03T16:17:57","date_gmt":"2025-06-03T14:17:57","guid":{"rendered":"https:\/\/keluvo.com\/no\/produkt\/luminia-parasollampe-med-28-led-lys\/"},"modified":"2025-07-22T16:08:12","modified_gmt":"2025-07-22T14:08:12","slug":"luminia-parasollampe-med-28-led-lys","status":"publish","type":"product","link":"https:\/\/keluvo.com\/no\/produkt\/luminia-parasollampe-med-28-led-lys\/","title":{"rendered":"Luminia &#8211; Parasollampe med 28 LED-lys"},"content":{"rendered":"<h2 style=\"text-align: center\">Parasollampe med 28 LED-lys | Velg mellom USB-oppladbar eller batteridrevet<\/h2>\n<p style=\"text-align: center\">Gj\u00f8r utekveldene dine spesielle med stilig belysning. Enten det er en sommersammenkomst, en koselig middag under parasollen eller lesing i solsengen, gir v\u00e5r Luminia parasollampe fleksibel og sterk belysning uansett hvor du trenger den &#8211; uten behov for ledninger.<\/p>\n<p><img decoding=\"async\" class=\"aligncenter wp-image-22519 size-full\" src=\"https:\/\/keluvo.com\/template\/wp-content\/uploads\/sites\/5\/2025\/06\/ezgif-3a1e425ec0b1a9-576x1024-1-e1748954692302.gif\" alt=\"\" \/><\/p>\n<h2 style=\"text-align: center\">1. \ud83d\udd0cLuminia USB-oppladbar (NY!)<\/h2>\n<ul>\n<li>3 lysmoduser: Dim (4 LED), Strong (24 LED), Super Strong (28 LED)<\/li>\n<li>Oppladbar via USB &#8211; ingen batterier kreves<\/li>\n<li>Lyset varer 3-10 timer avhengig av lysstyrke<\/li>\n<li>Batteriniv\u00e5indikator<\/li>\n<li>Passer til parasollstenger \u00d8 3,2-4,8 cm<\/li>\n<li>Milj\u00f8vennlig og \u00f8konomisk valg<\/li>\n<\/ul>\n<p style=\"text-align: center\"><strong>Perfekt for problemfritt, langvarig lys med bare \u00e9n lading!<\/strong><\/p>\n<p><img decoding=\"async\" class=\"alignnone size-full wp-image-22522 aligncenter\" src=\"https:\/\/keluvo.com\/template\/wp-content\/uploads\/sites\/5\/2025\/06\/USB-2.avif\" alt=\"\" \/><\/p>\n<h2 style=\"text-align: center\">2. \ud83d\udd0bLuminia batteridrevet (4 x AA)<\/h2>\n<ul>\n<li>3 lysmodi: Dim (4 LED), Strong (24 LED), Super Strong (28 LED)<\/li>\n<li>Drives av 4 x AA-batterier (medf\u00f8lger ikke)<\/li>\n<li>B\u00e6rbar &#8211; ideell for camping, b\u00e5tliv eller feriehus<\/li>\n<li>Kan henges opp med innebygde kroker<\/li>\n<li>Passer til parasollstenger \u00d8 2,2-4,6 cm<\/li>\n<\/ul>\n<p><img decoding=\"async\" class=\"alignnone size-full wp-image-22523 aligncenter\" src=\"https:\/\/keluvo.com\/template\/wp-content\/uploads\/sites\/5\/2025\/06\/1-40.avif\" alt=\"\" \/><\/p>\n<p style=\"text-align: center\"><strong>Et fleksibelt valg for belysning uansett hvor du er!<\/strong><\/p>\n<h2 style=\"text-align: center\">\u2728Fordeler<\/h2>\n<ul>\n<li>Lett \u00e5 montere &#8211; bare klikk p\u00e5 plass<\/li>\n<li>Skaper en koselig atmosf\u00e6re p\u00e5 uteplasser, balkonger, i hager og p\u00e5 campingplassen<\/li>\n<li>Stilfull design som passer til alle uterom<\/li>\n<li>28 energisparende LED-lys<\/li>\n<li>Sett stemningen med et enkelt knappetrykk<\/li>\n<\/ul>\n<p><img decoding=\"async\" class=\"alignnone size-full wp-image-22520 aligncenter\" src=\"https:\/\/keluvo.com\/template\/wp-content\/uploads\/sites\/5\/2025\/06\/hur-gor-jag.avif\" alt=\"\" \/><\/p>\n","protected":false},"excerpt":{"rendered":"<p>Parasollampe med 28 LED-lys | Velg mellom USB-oppladbar eller batteridrevet Gj\u00f8r utekveldene dine spesielle med stilig belysning. Enten det er [&hellip;]<\/p>\n","protected":false},"featured_media":24049,"comment_status":"open","ping_status":"closed","template":"","meta":{"site-sidebar-layout":"default","site-content-layout":"","ast-site-content-layout":"default","site-content-style":"default","site-sidebar-style":"default","ast-global-header-display":"","ast-banner-title-visibility":"","ast-main-header-display":"","ast-hfb-above-header-display":"","ast-hfb-below-header-display":"","ast-hfb-mobile-header-display":"","site-post-title":"","ast-breadcrumbs-content":"","ast-featured-img":"","footer-sml-layout":"","theme-transparent-header-meta":"default","adv-header-id-meta":"","stick-header-meta":"","header-above-stick-meta":"","header-main-stick-meta":"","header-below-stick-meta":"","astra-migrate-meta-layouts":"set","ast-page-background-enabled":"default","ast-page-background-meta":{"desktop":{"background-color":"var(--ast-global-color-4)","background-image":"","background-repeat":"repeat","background-position":"center center","background-size":"auto","background-attachment":"scroll","background-type":"","background-media":"","overlay-type":"","overlay-color":"","overlay-opacity":"","overlay-gradient":""},"tablet":{"background-color":"","background-image":"","background-repeat":"repeat","background-position":"center center","background-size":"auto","background-attachment":"scroll","background-type":"","background-media":"","overlay-type":"","overlay-color":"","overlay-opacity":"","overlay-gradient":""},"mobile":{"background-color":"","background-image":"","background-repeat":"repeat","background-position":"center center","background-size":"auto","background-attachment":"scroll","background-type":"","background-media":"","overlay-type":"","overlay-color":"","overlay-opacity":"","overlay-gradient":""}},"ast-content-background-meta":{"desktop":{"background-color":"var(--ast-global-color-5)","background-image":"","background-repeat":"repeat","background-position":"center center","background-size":"auto","background-attachment":"scroll","background-type":"","background-media":"","overlay-type":"","overlay-color":"","overlay-opacity":"","overlay-gradient":""},"tablet":{"background-color":"var(--ast-global-color-5)","background-image":"","background-repeat":"repeat","background-position":"center center","background-size":"auto","background-attachment":"scroll","background-type":"","background-media":"","overlay-type":"","overlay-color":"","overlay-opacity":"","overlay-gradient":""},"mobile":{"background-color":"var(--ast-global-color-5)","background-image":"","background-repeat":"repeat","background-position":"center center","background-size":"auto","background-attachment":"scroll","background-type":"","background-media":"","overlay-type":"","overlay-color":"","overlay-opacity":"","overlay-gradient":""}}},"product_brand":[],"product_cat":[1001],"product_tag":[],"class_list":{"0":"post-24053","1":"product","2":"type-product","3":"status-publish","4":"has-post-thumbnail","6":"product_cat-husholdningsartikler","7":"pa_48163_41wecmph-batteridrevet","8":"pa_48163_41wecmph-usb-oppladbar","9":"desktop-align-left","10":"tablet-align-left","11":"mobile-align-left","13":"first","14":"instock","15":"shipping-taxable","16":"purchasable","17":"product-type-variable"},"_links":{"self":[{"href":"https:\/\/keluvo.com\/no\/wp-json\/wp\/v2\/product\/24053","targetHints":{"allow":["GET"]}}],"collection":[{"href":"https:\/\/keluvo.com\/no\/wp-json\/wp\/v2\/product"}],"about":[{"href":"https:\/\/keluvo.com\/no\/wp-json\/wp\/v2\/types\/product"}],"replies":[{"embeddable":true,"href":"https:\/\/keluvo.com\/no\/wp-json\/wp\/v2\/comments?post=24053"}],"wp:featuredmedia":[{"embeddable":true,"href":"https:\/\/keluvo.com\/no\/wp-json\/wp\/v2\/media\/24049"}],"wp:attachment":[{"href":"https:\/\/keluvo.com\/no\/wp-json\/wp\/v2\/media?parent=24053"}],"wp:term":[{"taxonomy":"product_brand","embeddable":true,"href":"https:\/\/keluvo.com\/no\/wp-json\/wp\/v2\/product_brand?post=24053"},{"taxonomy":"product_cat","embeddable":true,"href":"https:\/\/keluvo.com\/no\/wp-json\/wp\/v2\/product_cat?post=24053"},{"taxonomy":"product_tag","embeddable":true,"href":"https:\/\/keluvo.com\/no\/wp-json\/wp\/v2\/product_tag?post=24053"}],"curies":[{"name":"wp","href":"https:\/\/api.w.org\/{rel}","templated":true}]}}