{"id":24036,"date":"2025-06-03T16:17:09","date_gmt":"2025-06-03T14:17:09","guid":{"rendered":"https:\/\/keluvo.com\/no\/produkt\/invisnail-dekorer-med-stil\/"},"modified":"2025-06-03T16:29:51","modified_gmt":"2025-06-03T14:29:51","slug":"invisnail-dekorer-med-stil","status":"publish","type":"product","link":"https:\/\/keluvo.com\/no\/produkt\/invisnail-dekorer-med-stil\/","title":{"rendered":"InvisNail &#8211; Dekorer med stil"},"content":{"rendered":"<h2><img decoding=\"async\" class=\"alignnone size-full wp-image-22505 aligncenter\" src=\"https:\/\/keluvo.com\/template\/wp-content\/uploads\/sites\/5\/2025\/06\/gif3-80.webp\" alt=\"\" \/><\/h2>\n<h2 style=\"text-align: center;\">Forvandle hjemmet og snekkerprosjektene dine p\u00e5 en enkel m\u00e5te!<\/h2>\n<p style=\"text-align: center;\"><strong>InvisNail<\/strong> gj\u00f8r det enkelt \u00e5 oppn\u00e5 et rent og stilig utseende. Si farvel til synlige spiker og skruer &#8211; <strong>InvisNail<\/strong> s\u00f8rger for at alle installasjoner ser elegante og s\u00f8ml\u00f8se ut. Den praktiske holderen hjelper deg med \u00e5 plassere og sl\u00e5 inn spikrene n\u00f8yaktig, noe som gj\u00f8r den ideell for interi\u00f8rdesign, gulvlister, m\u00f8belmontering og andre kreative prosjekter.<\/p>\n<p><img decoding=\"async\" class=\"alignnone size-full wp-image-22504 aligncenter\" src=\"https:\/\/keluvo.com\/template\/wp-content\/uploads\/sites\/5\/2025\/06\/gif1-182.webp\" alt=\"\" \/><\/p>\n<p style=\"text-align: center;\">Med <strong>InvisNail<\/strong> er det ikke n\u00f8dvendig \u00e5 velge mellom funksjonalitet og stil. Du kan skape vakre prosjekter uten skjemmende festemidler. Det har aldri v\u00e6rt enklere \u00e5 jobbe pent!<\/p>\n<p><img decoding=\"async\" class=\"alignnone size-full wp-image-22503 aligncenter\" src=\"https:\/\/keluvo.com\/template\/wp-content\/uploads\/sites\/5\/2025\/06\/gif2-147.webp\" alt=\"\" \/><\/p>\n<p style=\"text-align: center;\">Enkel, effektiv og stilig &#8211; InvisNail er den perfekte l\u00f8sningen for b\u00e5de gj\u00f8r-det-selv-entusiaster og profesjonelle.<\/p>\n<h2 style=\"text-align: center;\">\u2705 Holder Medf\u00f8lger<\/h2>\n<ul>\n<li>S\u00f8rger for presis plassering av <strong>InvisNail<\/strong>.<\/li>\n<li>Rask montering sparer tid og gir profesjonelle resultater<\/li>\n<li>Sikkert for overflater\u2014ingen bekymringer om sprekker eller skader.<\/li>\n<\/ul>\n<p><img decoding=\"async\" class=\"alignnone size-full wp-image-22502 aligncenter\" src=\"https:\/\/keluvo.com\/template\/wp-content\/uploads\/sites\/5\/2025\/06\/gal2-58-768x602-1.webp\" alt=\"\" \/><\/p>\n<h2 style=\"text-align: center;\">\u2705 Diskret Og Slitesterk<\/h2>\n<p style=\"text-align: center;\">Stort grep for ulike materialer som tre og gips.<\/p>\n<p><img decoding=\"async\" class=\"alignnone size-full wp-image-22501 aligncenter\" src=\"https:\/\/keluvo.com\/template\/wp-content\/uploads\/sites\/5\/2025\/06\/gif4-31.webp\" alt=\"\" \/><\/p>\n<h2 style=\"text-align: center;\">\u2705 Allsidige Bruksomr\u00e5der<\/h2>\n<ul>\n<li>Monter hyller, kunst og designdetaljer p\u00e5 vegger.<\/li>\n<li>Ta deg av m\u00f8belmontering og reparasjoner.<\/li>\n<li>Ideell for kreative prosjekter som trenger en polert ferdig.<\/li>\n<li>Perfekt for profesjonelt arbeid som krever presisjon og estetisk appell.<\/li>\n<\/ul>\n<p><img decoding=\"async\" class=\"alignnone size-full wp-image-22500 aligncenter\" src=\"https:\/\/keluvo.com\/template\/wp-content\/uploads\/sites\/5\/2025\/06\/gal1-56-768x761-1.webp\" alt=\"\" \/><\/p>\n","protected":false},"excerpt":{"rendered":"<p>Forvandle hjemmet og snekkerprosjektene dine p\u00e5 en enkel m\u00e5te! InvisNail gj\u00f8r det enkelt \u00e5 oppn\u00e5 et rent og stilig utseende. [&hellip;]<\/p>\n","protected":false},"featured_media":24032,"comment_status":"open","ping_status":"closed","template":"","meta":{"site-sidebar-layout":"default","site-content-layout":"","ast-site-content-layout":"default","site-content-style":"default","site-sidebar-style":"default","ast-global-header-display":"","ast-banner-title-visibility":"","ast-main-header-display":"","ast-hfb-above-header-display":"","ast-hfb-below-header-display":"","ast-hfb-mobile-header-display":"","site-post-title":"","ast-breadcrumbs-content":"","ast-featured-img":"","footer-sml-layout":"","theme-transparent-header-meta":"default","adv-header-id-meta":"","stick-header-meta":"","header-above-stick-meta":"","header-main-stick-meta":"","header-below-stick-meta":"","astra-migrate-meta-layouts":"set","ast-page-background-enabled":"default","ast-page-background-meta":{"desktop":{"background-color":"var(--ast-global-color-4)","background-image":"","background-repeat":"repeat","background-position":"center center","background-size":"auto","background-attachment":"scroll","background-type":"","background-media":"","overlay-type":"","overlay-color":"","overlay-opacity":"","overlay-gradient":""},"tablet":{"background-color":"","background-image":"","background-repeat":"repeat","background-position":"center center","background-size":"auto","background-attachment":"scroll","background-type":"","background-media":"","overlay-type":"","overlay-color":"","overlay-opacity":"","overlay-gradient":""},"mobile":{"background-color":"","background-image":"","background-repeat":"repeat","background-position":"center center","background-size":"auto","background-attachment":"scroll","background-type":"","background-media":"","overlay-type":"","overlay-color":"","overlay-opacity":"","overlay-gradient":""}},"ast-content-background-meta":{"desktop":{"background-color":"var(--ast-global-color-5)","background-image":"","background-repeat":"repeat","background-position":"center center","background-size":"auto","background-attachment":"scroll","background-type":"","background-media":"","overlay-type":"","overlay-color":"","overlay-opacity":"","overlay-gradient":""},"tablet":{"background-color":"var(--ast-global-color-5)","background-image":"","background-repeat":"repeat","background-position":"center center","background-size":"auto","background-attachment":"scroll","background-type":"","background-media":"","overlay-type":"","overlay-color":"","overlay-opacity":"","overlay-gradient":""},"mobile":{"background-color":"var(--ast-global-color-5)","background-image":"","background-repeat":"repeat","background-position":"center center","background-size":"auto","background-attachment":"scroll","background-type":"","background-media":"","overlay-type":"","overlay-color":"","overlay-opacity":"","overlay-gradient":""}}},"product_brand":[],"product_cat":[1001,996],"product_tag":[],"class_list":{"0":"post-24036","1":"product","2":"type-product","3":"status-publish","4":"has-post-thumbnail","6":"product_cat-husholdningsartikler","7":"product_cat-verktoy","8":"pa_48162_9eq6eklk-100-stk","9":"pa_48162_9eq6eklk-200-stk","10":"pa_48162_9eq6eklk-500-stk","11":"pa_48162_snxakx9l-a","12":"pa_48162_snxakx9l-b","13":"desktop-align-left","14":"tablet-align-left","15":"mobile-align-left","17":"first","18":"instock","19":"shipping-taxable","20":"purchasable","21":"product-type-variable","22":"has-default-attributes"},"_links":{"self":[{"href":"https:\/\/keluvo.com\/no\/wp-json\/wp\/v2\/product\/24036","targetHints":{"allow":["GET"]}}],"collection":[{"href":"https:\/\/keluvo.com\/no\/wp-json\/wp\/v2\/product"}],"about":[{"href":"https:\/\/keluvo.com\/no\/wp-json\/wp\/v2\/types\/product"}],"replies":[{"embeddable":true,"href":"https:\/\/keluvo.com\/no\/wp-json\/wp\/v2\/comments?post=24036"}],"wp:featuredmedia":[{"embeddable":true,"href":"https:\/\/keluvo.com\/no\/wp-json\/wp\/v2\/media\/24032"}],"wp:attachment":[{"href":"https:\/\/keluvo.com\/no\/wp-json\/wp\/v2\/media?parent=24036"}],"wp:term":[{"taxonomy":"product_brand","embeddable":true,"href":"https:\/\/keluvo.com\/no\/wp-json\/wp\/v2\/product_brand?post=24036"},{"taxonomy":"product_cat","embeddable":true,"href":"https:\/\/keluvo.com\/no\/wp-json\/wp\/v2\/product_cat?post=24036"},{"taxonomy":"product_tag","embeddable":true,"href":"https:\/\/keluvo.com\/no\/wp-json\/wp\/v2\/product_tag?post=24036"}],"curies":[{"name":"wp","href":"https:\/\/api.w.org\/{rel}","templated":true}]}}