{"id":24013,"date":"2025-06-03T16:15:20","date_gmt":"2025-06-03T14:15:20","guid":{"rendered":"https:\/\/keluvo.com\/no\/produkt\/suctionmaster-overforing-av-vaesker-drivstoff-og-olje\/"},"modified":"2025-06-03T16:15:20","modified_gmt":"2025-06-03T14:15:20","slug":"suctionmaster-overforing-av-vaesker-drivstoff-og-olje","status":"publish","type":"product","link":"https:\/\/keluvo.com\/no\/produkt\/suctionmaster-overforing-av-vaesker-drivstoff-og-olje\/","title":{"rendered":"SuctionMaster: Overf\u00f8ring av v\u00e6sker, drivstoff og olje"},"content":{"rendered":"<p><img fetchpriority=\"high\" decoding=\"async\" class=\"alignnone wp-image-22465 aligncenter\" src=\"https:\/\/keluvo.com\/template\/wp-content\/uploads\/sites\/5\/2025\/06\/gif1-230.webp\" alt=\"\" width=\"678\" height=\"678\" \/><\/p>\n<h2 style=\"text-align: center\">Enkel, Rask Og Praktisk<\/h2>\n<p style=\"text-align: center\">Trenger du \u00e5 tappe motorolje, overf\u00f8re bensin eller skifte akvarievann uten problemer? Da er denne manuelle oljesugeren akkurat det du trenger! Det er en enkel, b\u00e6rbar hevertpumpe som lar deg overf\u00f8re v\u00e6sker p\u00e5 en trygg og ren m\u00e5te, uten s\u00f8l.<\/p>\n<p style=\"text-align: center\">Den er laget av solid plast og har en slitesterk, gjennomsiktig PVC-slange som motst\u00e5r olje, varme og kjemikalier. Med innebygd luftbelg og tilbakeslagsventiler f\u00e5r du en jevn v\u00e6skestr\u00f8m p\u00e5 bare 5 sekunder &#8211; uten bekymringer for tilbakeslag!<\/p>\n<p><img decoding=\"async\" class=\"alignnone size-full wp-image-22464 aligncenter\" src=\"https:\/\/keluvo.com\/template\/wp-content\/uploads\/sites\/5\/2025\/06\/ezgif-gal1-768x762-1.webp\" alt=\"\" \/><\/p>\n<h2 style=\"text-align: center\">Ideell For:<\/h2>\n<ul>\n<li>Tapping eller p\u00e5fylling av motorolje i biler, b\u00e5ter eller gressklippere<\/li>\n<li>Overf\u00f8ring av drivstoff som bensin eller diesel mellom tanker<\/li>\n<li>Skifte vann i akvarier eller andre beholdere<\/li>\n<li>Sikker flytting av kjemikalier eller rengj\u00f8ringsprodukter<\/li>\n<li>P\u00e5fylling eller tapping av v\u00e6sker i hageredskaper som hekksakser og motorsager<\/li>\n<\/ul>\n<p style=\"text-align: center\">Et praktisk verkt\u00f8y for problemfri v\u00e6skeoverf\u00f8ring hjemme eller p\u00e5 verkstedet!<\/p>\n<h2 style=\"text-align: center\">Rask Og Enkel Bruk<\/h2>\n<p style=\"text-align: center\">Uansett om du er gj\u00f8r-det-selv-entusiast, bilentusiast eller hageekspert, hjelper dette verkt\u00f8yet deg med \u00e5 fullf\u00f8re oppgaver enkelt og raskt.<\/p>\n<p><img decoding=\"async\" class=\"alignnone size-full wp-image-22463 aligncenter\" src=\"https:\/\/keluvo.com\/template\/wp-content\/uploads\/sites\/5\/2025\/06\/gal2-88-1024x962-1.webp\" alt=\"\" \/><\/p>\n<h2 style=\"text-align: center\">I Esken:<\/h2>\n<ul>\n<li>200 cm slange<\/li>\n<li>Luftbelg<\/li>\n<li>Rustfritt st\u00e5lklemme<\/li>\n<\/ul>\n","protected":false},"excerpt":{"rendered":"<p>Enkel, Rask Og Praktisk Trenger du \u00e5 tappe motorolje, overf\u00f8re bensin eller skifte akvarievann uten problemer? Da er denne manuelle [&hellip;]<\/p>\n","protected":false},"featured_media":24009,"comment_status":"open","ping_status":"closed","template":"","meta":{"site-sidebar-layout":"default","site-content-layout":"","ast-site-content-layout":"default","site-content-style":"default","site-sidebar-style":"default","ast-global-header-display":"","ast-banner-title-visibility":"","ast-main-header-display":"","ast-hfb-above-header-display":"","ast-hfb-below-header-display":"","ast-hfb-mobile-header-display":"","site-post-title":"","ast-breadcrumbs-content":"","ast-featured-img":"","footer-sml-layout":"","theme-transparent-header-meta":"default","adv-header-id-meta":"","stick-header-meta":"","header-above-stick-meta":"","header-main-stick-meta":"","header-below-stick-meta":"","astra-migrate-meta-layouts":"set","ast-page-background-enabled":"default","ast-page-background-meta":{"desktop":{"background-color":"var(--ast-global-color-4)","background-image":"","background-repeat":"repeat","background-position":"center center","background-size":"auto","background-attachment":"scroll","background-type":"","background-media":"","overlay-type":"","overlay-color":"","overlay-opacity":"","overlay-gradient":""},"tablet":{"background-color":"","background-image":"","background-repeat":"repeat","background-position":"center center","background-size":"auto","background-attachment":"scroll","background-type":"","background-media":"","overlay-type":"","overlay-color":"","overlay-opacity":"","overlay-gradient":""},"mobile":{"background-color":"","background-image":"","background-repeat":"repeat","background-position":"center center","background-size":"auto","background-attachment":"scroll","background-type":"","background-media":"","overlay-type":"","overlay-color":"","overlay-opacity":"","overlay-gradient":""}},"ast-content-background-meta":{"desktop":{"background-color":"var(--ast-global-color-5)","background-image":"","background-repeat":"repeat","background-position":"center center","background-size":"auto","background-attachment":"scroll","background-type":"","background-media":"","overlay-type":"","overlay-color":"","overlay-opacity":"","overlay-gradient":""},"tablet":{"background-color":"var(--ast-global-color-5)","background-image":"","background-repeat":"repeat","background-position":"center center","background-size":"auto","background-attachment":"scroll","background-type":"","background-media":"","overlay-type":"","overlay-color":"","overlay-opacity":"","overlay-gradient":""},"mobile":{"background-color":"var(--ast-global-color-5)","background-image":"","background-repeat":"repeat","background-position":"center center","background-size":"auto","background-attachment":"scroll","background-type":"","background-media":"","overlay-type":"","overlay-color":"","overlay-opacity":"","overlay-gradient":""}}},"product_brand":[],"product_cat":[998],"product_tag":[],"class_list":{"0":"post-24013","1":"product","2":"type-product","3":"status-publish","4":"has-post-thumbnail","6":"product_cat-bilprodukter","7":"desktop-align-left","8":"tablet-align-left","9":"mobile-align-left","11":"first","12":"instock","13":"shipping-taxable","14":"purchasable","15":"product-type-simple"},"_links":{"self":[{"href":"https:\/\/keluvo.com\/no\/wp-json\/wp\/v2\/product\/24013","targetHints":{"allow":["GET"]}}],"collection":[{"href":"https:\/\/keluvo.com\/no\/wp-json\/wp\/v2\/product"}],"about":[{"href":"https:\/\/keluvo.com\/no\/wp-json\/wp\/v2\/types\/product"}],"replies":[{"embeddable":true,"href":"https:\/\/keluvo.com\/no\/wp-json\/wp\/v2\/comments?post=24013"}],"wp:featuredmedia":[{"embeddable":true,"href":"https:\/\/keluvo.com\/no\/wp-json\/wp\/v2\/media\/24009"}],"wp:attachment":[{"href":"https:\/\/keluvo.com\/no\/wp-json\/wp\/v2\/media?parent=24013"}],"wp:term":[{"taxonomy":"product_brand","embeddable":true,"href":"https:\/\/keluvo.com\/no\/wp-json\/wp\/v2\/product_brand?post=24013"},{"taxonomy":"product_cat","embeddable":true,"href":"https:\/\/keluvo.com\/no\/wp-json\/wp\/v2\/product_cat?post=24013"},{"taxonomy":"product_tag","embeddable":true,"href":"https:\/\/keluvo.com\/no\/wp-json\/wp\/v2\/product_tag?post=24013"}],"curies":[{"name":"wp","href":"https:\/\/api.w.org\/{rel}","templated":true}]}}