{"id":2393,"date":"2024-10-24T17:32:20","date_gmt":"2024-10-24T14:32:20","guid":{"rendered":"https:\/\/keluvo.com\/no\/produkt\/hylle-pa-badet\/"},"modified":"2025-01-21T16:08:19","modified_gmt":"2025-01-21T14:08:19","slug":"hylle-pa-badet","status":"publish","type":"product","link":"https:\/\/keluvo.com\/no\/produkt\/hylle-pa-badet\/","title":{"rendered":"Hylle p\u00e5 badet"},"content":{"rendered":"<div>\n<h2 style=\"text-align: center;\"><strong>Materiale av h\u00f8y kvalitet<\/strong><\/h2>\n<p style=\"text-align: center;\">Denne oppbevaringsboksen med sugekopp er laget av materiale av h\u00f8y kvalitet, som ikke er lett \u00e5 \u00f8delegge. Den er slitesterk og holdbar.<\/p>\n<h2><img decoding=\"async\" class=\"size-medium wp-image-1273 aligncenter\" src=\"https:\/\/keluvo.com\/template\/wp-content\/uploads\/sites\/5\/2024\/10\/ea688aea-683f-4204-ad34-031f60d0d189.webp\" alt=\"\" \/><\/h2>\n<p>&nbsp;<\/p>\n<h2 style=\"text-align: center;\"><strong>Lett \u00e5 installere og rengj\u00f8re<\/strong><\/h2>\n<p style=\"text-align: center;\">Oppbevaringskurven til baderommet er en sugekoppinstallasjon uten boring. Det tar bare noen minutter \u00e5 montere den, og den er avtakbar. Du kan ogs\u00e5 ta den ut for rengj\u00f8ring.<\/p>\n<p style=\"text-align: center;\"><img decoding=\"async\" class=\"alignnone size-medium wp-image-1266 aligncenter\" src=\"https:\/\/keluvo.com\/template\/wp-content\/uploads\/sites\/5\/2024\/10\/2bd0dd7d-1db6-4056-ae2b-c60d729d0ba6.webp\" alt=\"\" \/><\/p>\n<p>&nbsp;<\/p>\n<h2 style=\"text-align: center;\"><strong>Stor kapasitet<\/strong><\/h2>\n<p style=\"text-align: center;\">Denne oppbevaringshyllen har stor kapasitet og bunnt\u00f8mming. Det kan oppbevare daglige n\u00f8dvendigheter, baderomsutstyr, kj\u00f8kkenkrydder og andre gjenstander i rommet.<\/p>\n<p><img decoding=\"async\" class=\"alignnone size-medium wp-image-1267 aligncenter\" src=\"https:\/\/keluvo.com\/template\/wp-content\/uploads\/sites\/5\/2024\/10\/3f4c8d4d-c850-4ca6-8b31-1c1452375871.webp\" alt=\"\" \/><\/p>\n<h2 style=\"text-align: center;\"><strong>Plassbesparende<\/strong><\/h2>\n<p style=\"text-align: center;\">Denne oppbevaringsstativet er en flott m\u00e5te \u00e5 maksimere ubrukt veggplass der det trengs, og gir et praktisk plasseringsomr\u00e5de.<\/p>\n<p><img decoding=\"async\" class=\"size-medium wp-image-1265 aligncenter\" src=\"https:\/\/keluvo.com\/template\/wp-content\/uploads\/sites\/5\/2024\/10\/1a1770f2-8c68-4500-80ed-ea7caa2a57d6.webp\" alt=\"\" \/><\/p>\n<h2 style=\"text-align: center;\" data-spm-anchor-id=\"a2g0o.detail.1000023.i0.61f74dzI4dzIDu\"><strong>Bredt bruksomr\u00e5de<\/strong><\/h2>\n<p style=\"text-align: center;\" data-spm-anchor-id=\"a2g0o.detail.1000023.i0.61f74dzI4dzIDu\">Oppbevaringsstativet er egnet for hjemmet, enten det er soverom, bad, kj\u00f8kken, kontor, hobbyrom, garasje &#8230; \u2013 og s\u00f8rger for at du har orden p\u00e5 ting.<\/p>\n<h4><img decoding=\"async\" class=\"size-medium wp-image-1272 aligncenter\" src=\"https:\/\/keluvo.com\/template\/wp-content\/uploads\/sites\/5\/2024\/10\/d99942a5-6956-4f19-a35c-6830d7d727e4.webp\" alt=\"\" \/><\/h4>\n<\/div>\n<p>.<\/p>\n","protected":false},"excerpt":{"rendered":"<p>Materiale av h\u00f8y kvalitet Denne oppbevaringsboksen med sugekopp er laget av materiale av h\u00f8y kvalitet, som ikke er lett \u00e5 [&hellip;]<\/p>\n","protected":false},"featured_media":2388,"comment_status":"open","ping_status":"closed","template":"","meta":{"site-sidebar-layout":"default","site-content-layout":"","ast-site-content-layout":"default","site-content-style":"default","site-sidebar-style":"default","ast-global-header-display":"","ast-banner-title-visibility":"","ast-main-header-display":"","ast-hfb-above-header-display":"","ast-hfb-below-header-display":"","ast-hfb-mobile-header-display":"","site-post-title":"","ast-breadcrumbs-content":"","ast-featured-img":"","footer-sml-layout":"","theme-transparent-header-meta":"default","adv-header-id-meta":"","stick-header-meta":"","header-above-stick-meta":"","header-main-stick-meta":"","header-below-stick-meta":"","astra-migrate-meta-layouts":"set","ast-page-background-enabled":"default","ast-page-background-meta":{"desktop":{"background-color":"var(--ast-global-color-4)","background-image":"","background-repeat":"repeat","background-position":"center center","background-size":"auto","background-attachment":"scroll","background-type":"","background-media":"","overlay-type":"","overlay-color":"","overlay-opacity":"","overlay-gradient":""},"tablet":{"background-color":"","background-image":"","background-repeat":"repeat","background-position":"center center","background-size":"auto","background-attachment":"scroll","background-type":"","background-media":"","overlay-type":"","overlay-color":"","overlay-opacity":"","overlay-gradient":""},"mobile":{"background-color":"","background-image":"","background-repeat":"repeat","background-position":"center center","background-size":"auto","background-attachment":"scroll","background-type":"","background-media":"","overlay-type":"","overlay-color":"","overlay-opacity":"","overlay-gradient":""}},"ast-content-background-meta":{"desktop":{"background-color":"var(--ast-global-color-5)","background-image":"","background-repeat":"repeat","background-position":"center center","background-size":"auto","background-attachment":"scroll","background-type":"","background-media":"","overlay-type":"","overlay-color":"","overlay-opacity":"","overlay-gradient":""},"tablet":{"background-color":"var(--ast-global-color-5)","background-image":"","background-repeat":"repeat","background-position":"center center","background-size":"auto","background-attachment":"scroll","background-type":"","background-media":"","overlay-type":"","overlay-color":"","overlay-opacity":"","overlay-gradient":""},"mobile":{"background-color":"var(--ast-global-color-5)","background-image":"","background-repeat":"repeat","background-position":"center center","background-size":"auto","background-attachment":"scroll","background-type":"","background-media":"","overlay-type":"","overlay-color":"","overlay-opacity":"","overlay-gradient":""}}},"product_brand":[],"product_cat":[15],"product_tag":[],"class_list":{"0":"post-2393","1":"product","2":"type-product","3":"status-publish","4":"has-post-thumbnail","6":"product_cat-uncategorized","7":"desktop-align-left","8":"tablet-align-left","9":"mobile-align-left","11":"first","12":"instock","13":"sale","14":"shipping-taxable","15":"purchasable","16":"product-type-variable"},"_links":{"self":[{"href":"https:\/\/keluvo.com\/no\/wp-json\/wp\/v2\/product\/2393","targetHints":{"allow":["GET"]}}],"collection":[{"href":"https:\/\/keluvo.com\/no\/wp-json\/wp\/v2\/product"}],"about":[{"href":"https:\/\/keluvo.com\/no\/wp-json\/wp\/v2\/types\/product"}],"replies":[{"embeddable":true,"href":"https:\/\/keluvo.com\/no\/wp-json\/wp\/v2\/comments?post=2393"}],"wp:featuredmedia":[{"embeddable":true,"href":"https:\/\/keluvo.com\/no\/wp-json\/wp\/v2\/media\/2388"}],"wp:attachment":[{"href":"https:\/\/keluvo.com\/no\/wp-json\/wp\/v2\/media?parent=2393"}],"wp:term":[{"taxonomy":"product_brand","embeddable":true,"href":"https:\/\/keluvo.com\/no\/wp-json\/wp\/v2\/product_brand?post=2393"},{"taxonomy":"product_cat","embeddable":true,"href":"https:\/\/keluvo.com\/no\/wp-json\/wp\/v2\/product_cat?post=2393"},{"taxonomy":"product_tag","embeddable":true,"href":"https:\/\/keluvo.com\/no\/wp-json\/wp\/v2\/product_tag?post=2393"}],"curies":[{"name":"wp","href":"https:\/\/api.w.org\/{rel}","templated":true}]}}