{"id":2387,"date":"2024-10-24T17:31:55","date_gmt":"2024-10-24T14:31:55","guid":{"rendered":"https:\/\/keluvo.com\/no\/produkt\/rengjoringsmiddel-for-kjokkenvasken\/"},"modified":"2024-10-27T14:10:35","modified_gmt":"2024-10-27T11:10:35","slug":"rengjoringsmiddel-kjokkenvasken","status":"publish","type":"product","link":"https:\/\/keluvo.com\/no\/produkt\/rengjoringsmiddel-kjokkenvasken\/","title":{"rendered":"Rengj\u00f8ringsmiddel for kj\u00f8kkenvasken"},"content":{"rendered":"<h2 style=\"text-align: center;\"><strong><span class=\"a-list-item\">Praktisk \u00e5 bruke<\/span><\/strong><\/h2>\n<p style=\"text-align: center;\"><span class=\"a-list-item\">Det er veldig praktisk for brukerne \u00e5 ta tak i blokkeringer bare ved \u00e5 trykke p\u00e5 toppen av tettefjernerens h\u00e5ndtak. B\u00f8lgenettet er mykt og elastisk; du kan helle ut restene med et forsiktig trekk.<\/span><\/p>\n<p style=\"text-align: center;\"><img decoding=\"async\" class=\"alignnone size-medium wp-image-1276\" src=\"https:\/\/keluvo.com\/template\/wp-content\/uploads\/sites\/5\/2024\/10\/1d2005d5-b2f4-416c-8a9e-832acc95c1ed.webp\" alt=\"\" \/><\/p>\n<h2 style=\"text-align: center;\"><strong><strong><span class=\"a-list-item\">Fleksibel vask <\/span><\/strong><\/strong><\/h2>\n<p style=\"text-align: center;\"><span class=\"a-list-item\">Denne rengj\u00f8ringskloen kan enkelt b\u00f8yes inn i mange siler og r\u00f8r. Fleksible rengj\u00f8ringsverkt\u00f8y for vask\/avl\u00f8psrensetr\u00e5d i sm\u00e5 siler eller r\u00f8r som ofte kan v\u00e6re tette.<\/span><\/p>\n<p style=\"text-align: center;\"><img decoding=\"async\" class=\"alignnone size-medium wp-image-1278\" src=\"https:\/\/keluvo.com\/template\/wp-content\/uploads\/sites\/5\/2024\/10\/5df099f9-7dfb-46e0-a7a6-b47fbac644bb.webp\" alt=\"\" \/><\/p>\n<h2 style=\"text-align: center;\"><strong><strong>Smart verkt\u00f8y for B<span class=\"a-list-item\">baderom &amp; Kj\u00f8kken<\/span><\/strong><\/strong><\/h2>\n<p style=\"text-align: center;\"><span class=\"a-list-item\">Denne rengj\u00f8ringskloen er egnet for rengj\u00f8ring av bad, kj\u00f8kken, vasker, badekar, mudring av r\u00f8r, avl\u00f8p, kloakk og andre tilstoppede omr\u00e5der. Den fanger effektivt opp h\u00e5r, mat og andre blokkeringer.<\/span><\/p>\n<h4><img decoding=\"async\" class=\"size-medium wp-image-1281 aligncenter\" src=\"https:\/\/keluvo.com\/template\/wp-content\/uploads\/sites\/5\/2024\/10\/9160055a-2dad-4b55-a24e-2ab7bfdfc26a.webp\" alt=\"\" \/><\/h4>\n","protected":false},"excerpt":{"rendered":"<p>Praktisk \u00e5 bruke Det er veldig praktisk for brukerne \u00e5 ta tak i blokkeringer bare ved \u00e5 trykke p\u00e5 toppen [&hellip;]<\/p>\n","protected":false},"featured_media":2382,"comment_status":"open","ping_status":"closed","template":"","meta":{"site-sidebar-layout":"default","site-content-layout":"","ast-site-content-layout":"default","site-content-style":"default","site-sidebar-style":"default","ast-global-header-display":"","ast-banner-title-visibility":"","ast-main-header-display":"","ast-hfb-above-header-display":"","ast-hfb-below-header-display":"","ast-hfb-mobile-header-display":"","site-post-title":"","ast-breadcrumbs-content":"","ast-featured-img":"","footer-sml-layout":"","theme-transparent-header-meta":"default","adv-header-id-meta":"","stick-header-meta":"","header-above-stick-meta":"","header-main-stick-meta":"","header-below-stick-meta":"","astra-migrate-meta-layouts":"set","ast-page-background-enabled":"default","ast-page-background-meta":{"desktop":{"background-color":"var(--ast-global-color-4)","background-image":"","background-repeat":"repeat","background-position":"center center","background-size":"auto","background-attachment":"scroll","background-type":"","background-media":"","overlay-type":"","overlay-color":"","overlay-opacity":"","overlay-gradient":""},"tablet":{"background-color":"","background-image":"","background-repeat":"repeat","background-position":"center center","background-size":"auto","background-attachment":"scroll","background-type":"","background-media":"","overlay-type":"","overlay-color":"","overlay-opacity":"","overlay-gradient":""},"mobile":{"background-color":"","background-image":"","background-repeat":"repeat","background-position":"center center","background-size":"auto","background-attachment":"scroll","background-type":"","background-media":"","overlay-type":"","overlay-color":"","overlay-opacity":"","overlay-gradient":""}},"ast-content-background-meta":{"desktop":{"background-color":"var(--ast-global-color-5)","background-image":"","background-repeat":"repeat","background-position":"center center","background-size":"auto","background-attachment":"scroll","background-type":"","background-media":"","overlay-type":"","overlay-color":"","overlay-opacity":"","overlay-gradient":""},"tablet":{"background-color":"var(--ast-global-color-5)","background-image":"","background-repeat":"repeat","background-position":"center center","background-size":"auto","background-attachment":"scroll","background-type":"","background-media":"","overlay-type":"","overlay-color":"","overlay-opacity":"","overlay-gradient":""},"mobile":{"background-color":"var(--ast-global-color-5)","background-image":"","background-repeat":"repeat","background-position":"center center","background-size":"auto","background-attachment":"scroll","background-type":"","background-media":"","overlay-type":"","overlay-color":"","overlay-opacity":"","overlay-gradient":""}}},"product_brand":[],"product_cat":[15],"product_tag":[],"class_list":{"0":"post-2387","1":"product","2":"type-product","3":"status-publish","4":"has-post-thumbnail","6":"product_cat-uncategorized","7":"desktop-align-left","8":"tablet-align-left","9":"mobile-align-left","11":"first","12":"instock","13":"shipping-taxable","14":"purchasable","15":"product-type-simple"},"_links":{"self":[{"href":"https:\/\/keluvo.com\/no\/wp-json\/wp\/v2\/product\/2387","targetHints":{"allow":["GET"]}}],"collection":[{"href":"https:\/\/keluvo.com\/no\/wp-json\/wp\/v2\/product"}],"about":[{"href":"https:\/\/keluvo.com\/no\/wp-json\/wp\/v2\/types\/product"}],"replies":[{"embeddable":true,"href":"https:\/\/keluvo.com\/no\/wp-json\/wp\/v2\/comments?post=2387"}],"wp:featuredmedia":[{"embeddable":true,"href":"https:\/\/keluvo.com\/no\/wp-json\/wp\/v2\/media\/2382"}],"wp:attachment":[{"href":"https:\/\/keluvo.com\/no\/wp-json\/wp\/v2\/media?parent=2387"}],"wp:term":[{"taxonomy":"product_brand","embeddable":true,"href":"https:\/\/keluvo.com\/no\/wp-json\/wp\/v2\/product_brand?post=2387"},{"taxonomy":"product_cat","embeddable":true,"href":"https:\/\/keluvo.com\/no\/wp-json\/wp\/v2\/product_cat?post=2387"},{"taxonomy":"product_tag","embeddable":true,"href":"https:\/\/keluvo.com\/no\/wp-json\/wp\/v2\/product_tag?post=2387"}],"curies":[{"name":"wp","href":"https:\/\/api.w.org\/{rel}","templated":true}]}}