{"id":23751,"date":"2025-06-02T16:04:13","date_gmt":"2025-06-02T14:04:13","guid":{"rendered":"https:\/\/keluvo.com\/no\/produkt\/florence-skjorte-i-bomull\/"},"modified":"2025-07-22T15:59:53","modified_gmt":"2025-07-22T13:59:53","slug":"florence-skjorte-i-bomull","status":"publish","type":"product","link":"https:\/\/keluvo.com\/no\/produkt\/florence-skjorte-i-bomull\/","title":{"rendered":"Florence-skjorte i bomull"},"content":{"rendered":"<p style=\"text-align: center;\"><strong><img decoding=\"async\" class=\"emoji\" role=\"img\" src=\"https:\/\/s.w.org\/images\/core\/emoji\/15.1.0\/svg\/2714.svg\" alt=\"\u2714\" \/> Risikofri retur | <\/strong><strong><img decoding=\"async\" class=\"emoji\" role=\"img\" src=\"https:\/\/s.w.org\/images\/core\/emoji\/15.1.0\/svg\/1f69a.svg\" alt=\"\ud83d\ude9a\" \/>\u00a0Sikker frakt<\/strong><\/p>\n<p style=\"text-align: center;\">Bomullsskjorten Florence er et komfortabelt og allsidig plagg i enhver herregarderobe.<\/p>\n<p style=\"text-align: center;\">Den er laget av bomull av h\u00f8y kvalitet, noe som gj\u00f8r den egnet for b\u00e5de uformelle og formelle settinger. Med lange ermer og knappelukning er den et praktisk valg for alle \u00e5rstider.<\/p>\n<ul>\n<li>Myk og behagelig passform i f\u00f8rsteklasses bomull.<\/li>\n<li>Lange ermer for varme og stil.<\/li>\n<li>Knappelukning for et rent, profesjonelt utseende.<\/li>\n<\/ul>\n","protected":false},"excerpt":{"rendered":"<p>Risikofri retur | \u00a0Sikker frakt Bomullsskjorten Florence er et komfortabelt og allsidig plagg i enhver herregarderobe. Den er laget av [&hellip;]<\/p>\n","protected":false},"featured_media":23747,"comment_status":"open","ping_status":"closed","template":"","meta":{"site-sidebar-layout":"default","site-content-layout":"","ast-site-content-layout":"default","site-content-style":"default","site-sidebar-style":"default","ast-global-header-display":"","ast-banner-title-visibility":"","ast-main-header-display":"","ast-hfb-above-header-display":"","ast-hfb-below-header-display":"","ast-hfb-mobile-header-display":"","site-post-title":"","ast-breadcrumbs-content":"","ast-featured-img":"","footer-sml-layout":"","theme-transparent-header-meta":"default","adv-header-id-meta":"","stick-header-meta":"","header-above-stick-meta":"","header-main-stick-meta":"","header-below-stick-meta":"","astra-migrate-meta-layouts":"set","ast-page-background-enabled":"default","ast-page-background-meta":{"desktop":{"background-color":"var(--ast-global-color-4)","background-image":"","background-repeat":"repeat","background-position":"center center","background-size":"auto","background-attachment":"scroll","background-type":"","background-media":"","overlay-type":"","overlay-color":"","overlay-opacity":"","overlay-gradient":""},"tablet":{"background-color":"","background-image":"","background-repeat":"repeat","background-position":"center center","background-size":"auto","background-attachment":"scroll","background-type":"","background-media":"","overlay-type":"","overlay-color":"","overlay-opacity":"","overlay-gradient":""},"mobile":{"background-color":"","background-image":"","background-repeat":"repeat","background-position":"center center","background-size":"auto","background-attachment":"scroll","background-type":"","background-media":"","overlay-type":"","overlay-color":"","overlay-opacity":"","overlay-gradient":""}},"ast-content-background-meta":{"desktop":{"background-color":"var(--ast-global-color-5)","background-image":"","background-repeat":"repeat","background-position":"center center","background-size":"auto","background-attachment":"scroll","background-type":"","background-media":"","overlay-type":"","overlay-color":"","overlay-opacity":"","overlay-gradient":""},"tablet":{"background-color":"var(--ast-global-color-5)","background-image":"","background-repeat":"repeat","background-position":"center center","background-size":"auto","background-attachment":"scroll","background-type":"","background-media":"","overlay-type":"","overlay-color":"","overlay-opacity":"","overlay-gradient":""},"mobile":{"background-color":"var(--ast-global-color-5)","background-image":"","background-repeat":"repeat","background-position":"center center","background-size":"auto","background-attachment":"scroll","background-type":"","background-media":"","overlay-type":"","overlay-color":"","overlay-opacity":"","overlay-gradient":""}}},"product_brand":[],"product_cat":[995],"product_tag":[],"class_list":{"0":"post-23751","1":"product","2":"type-product","3":"status-publish","4":"has-post-thumbnail","6":"product_cat-klaer-til-menn","7":"pa_48154_2xu7xogn-s","8":"pa_48154_2xu7xogn-m","9":"pa_48154_2xu7xogn-l","10":"pa_48154_2xu7xogn-xl","11":"pa_48154_2xu7xogn-xxl","12":"pa_48154_mlh8ujo3-bla","13":"pa_48154_mlh8ujo3-gronn","14":"pa_48154_mlh8ujo3-gul","15":"pa_48154_mlh8ujo3-svart","16":"desktop-align-left","17":"tablet-align-left","18":"mobile-align-left","20":"first","21":"instock","22":"shipping-taxable","23":"purchasable","24":"product-type-variable","25":"has-default-attributes"},"_links":{"self":[{"href":"https:\/\/keluvo.com\/no\/wp-json\/wp\/v2\/product\/23751","targetHints":{"allow":["GET"]}}],"collection":[{"href":"https:\/\/keluvo.com\/no\/wp-json\/wp\/v2\/product"}],"about":[{"href":"https:\/\/keluvo.com\/no\/wp-json\/wp\/v2\/types\/product"}],"replies":[{"embeddable":true,"href":"https:\/\/keluvo.com\/no\/wp-json\/wp\/v2\/comments?post=23751"}],"wp:featuredmedia":[{"embeddable":true,"href":"https:\/\/keluvo.com\/no\/wp-json\/wp\/v2\/media\/23747"}],"wp:attachment":[{"href":"https:\/\/keluvo.com\/no\/wp-json\/wp\/v2\/media?parent=23751"}],"wp:term":[{"taxonomy":"product_brand","embeddable":true,"href":"https:\/\/keluvo.com\/no\/wp-json\/wp\/v2\/product_brand?post=23751"},{"taxonomy":"product_cat","embeddable":true,"href":"https:\/\/keluvo.com\/no\/wp-json\/wp\/v2\/product_cat?post=23751"},{"taxonomy":"product_tag","embeddable":true,"href":"https:\/\/keluvo.com\/no\/wp-json\/wp\/v2\/product_tag?post=23751"}],"curies":[{"name":"wp","href":"https:\/\/api.w.org\/{rel}","templated":true}]}}