{"id":2370,"date":"2024-10-23T15:43:45","date_gmt":"2024-10-23T12:43:45","guid":{"rendered":"https:\/\/keluvo.com\/no\/produkt\/malingsrulle\/"},"modified":"2025-09-03T11:29:23","modified_gmt":"2025-09-03T08:29:23","slug":"malingsrulle","status":"publish","type":"product","link":"https:\/\/keluvo.com\/no\/produkt\/malingsrulle\/","title":{"rendered":"Malingsrulle"},"content":{"rendered":"<h2 style=\"text-align: center\"><strong>Slitestyrke og design av h\u00f8y kvalitet<\/strong><\/h2>\n<p style=\"text-align: center\">Malerrullen v\u00e5r er bygget av robuste materialer som sikrer langvarig ytelse. Selv ved omfattende bruk opprettholder den sin effektivitet, slik at du kan ta fatt p\u00e5 ethvert maleprosjekt med selvtillit.<\/p>\n<p><img decoding=\"async\" class=\"size-medium wp-image-1261 aligncenter\" src=\"https:\/\/keluvo.com\/template\/wp-content\/uploads\/sites\/5\/2024\/10\/paintrollerdesc1.webp\" alt=\"\" \/><\/p>\n<h2 style=\"text-align: center\"><\/h2>\n<h2 style=\"text-align: center\"><strong>Brukervennlig og effektiv<br \/>\n<\/strong><\/h2>\n<p style=\"text-align: center\">Denne valsen er designet for \u00e5 v\u00e6re enkel i bruk, b\u00e5de profesjonelle og gj\u00f8r-det-selv-entusiaster til \u00e5 oppn\u00e5 perfekte kanter raskt. H\u00e5ndtaket er behagelig \u00e5 holde i, og rullemekanismen er smidig, noe som gj\u00f8r maleprosessen mindre arbeidskrevende.<\/p>\n<p><img decoding=\"async\" class=\"size-medium wp-image-1261 aligncenter\" src=\"https:\/\/keluvo.com\/template\/wp-content\/uploads\/sites\/5\/2024\/10\/paintrollerdesc2.webp\" alt=\"\" \/><\/p>\n<h2><\/h2>\n<h2 style=\"text-align: center\"><strong>Precise kanter uten hull<\/strong><\/h2>\n<p style=\"text-align: center\">Malerullen er konstruert for \u00e5 gi tette, s\u00f8ml\u00f8se kanter p\u00e5 vegger og hj\u00f8rner, noe som eliminerer det vanlige problemet med hull eller ujevne linjer. Det er det ideelle verkt\u00f8yet for deg som \u00f8nsker \u00e5 oppn\u00e5 en skarp, profesjonell finish p\u00e5 malerjobben.<\/p>\n<p><img decoding=\"async\" class=\"size-medium wp-image-1261 aligncenter\" src=\"https:\/\/keluvo.com\/template\/wp-content\/uploads\/sites\/5\/2024\/10\/paintrollerdesc3.webp\" alt=\"\" \/><\/p>\n<p>.<\/p>\n","protected":false},"excerpt":{"rendered":"<p>Slitestyrke og design av h\u00f8y kvalitet Malerrullen v\u00e5r er bygget av robuste materialer som sikrer langvarig ytelse. Selv ved omfattende [&hellip;]<\/p>\n","protected":false},"featured_media":2366,"comment_status":"open","ping_status":"closed","template":"","meta":{"site-sidebar-layout":"default","site-content-layout":"","ast-site-content-layout":"default","site-content-style":"default","site-sidebar-style":"default","ast-global-header-display":"","ast-banner-title-visibility":"","ast-main-header-display":"","ast-hfb-above-header-display":"","ast-hfb-below-header-display":"","ast-hfb-mobile-header-display":"","site-post-title":"","ast-breadcrumbs-content":"","ast-featured-img":"","footer-sml-layout":"","theme-transparent-header-meta":"default","adv-header-id-meta":"","stick-header-meta":"","header-above-stick-meta":"","header-main-stick-meta":"","header-below-stick-meta":"","astra-migrate-meta-layouts":"set","ast-page-background-enabled":"default","ast-page-background-meta":{"desktop":{"background-color":"var(--ast-global-color-4)","background-image":"","background-repeat":"repeat","background-position":"center center","background-size":"auto","background-attachment":"scroll","background-type":"","background-media":"","overlay-type":"","overlay-color":"","overlay-opacity":"","overlay-gradient":""},"tablet":{"background-color":"","background-image":"","background-repeat":"repeat","background-position":"center center","background-size":"auto","background-attachment":"scroll","background-type":"","background-media":"","overlay-type":"","overlay-color":"","overlay-opacity":"","overlay-gradient":""},"mobile":{"background-color":"","background-image":"","background-repeat":"repeat","background-position":"center center","background-size":"auto","background-attachment":"scroll","background-type":"","background-media":"","overlay-type":"","overlay-color":"","overlay-opacity":"","overlay-gradient":""}},"ast-content-background-meta":{"desktop":{"background-color":"var(--ast-global-color-5)","background-image":"","background-repeat":"repeat","background-position":"center center","background-size":"auto","background-attachment":"scroll","background-type":"","background-media":"","overlay-type":"","overlay-color":"","overlay-opacity":"","overlay-gradient":""},"tablet":{"background-color":"var(--ast-global-color-5)","background-image":"","background-repeat":"repeat","background-position":"center center","background-size":"auto","background-attachment":"scroll","background-type":"","background-media":"","overlay-type":"","overlay-color":"","overlay-opacity":"","overlay-gradient":""},"mobile":{"background-color":"var(--ast-global-color-5)","background-image":"","background-repeat":"repeat","background-position":"center center","background-size":"auto","background-attachment":"scroll","background-type":"","background-media":"","overlay-type":"","overlay-color":"","overlay-opacity":"","overlay-gradient":""}}},"product_brand":[],"product_cat":[15],"product_tag":[],"class_list":{"0":"post-2370","1":"product","2":"type-product","3":"status-publish","4":"has-post-thumbnail","6":"product_cat-uncategorized","7":"desktop-align-left","8":"tablet-align-left","9":"mobile-align-left","11":"first","12":"instock","13":"shipping-taxable","14":"purchasable","15":"product-type-simple"},"_links":{"self":[{"href":"https:\/\/keluvo.com\/no\/wp-json\/wp\/v2\/product\/2370","targetHints":{"allow":["GET"]}}],"collection":[{"href":"https:\/\/keluvo.com\/no\/wp-json\/wp\/v2\/product"}],"about":[{"href":"https:\/\/keluvo.com\/no\/wp-json\/wp\/v2\/types\/product"}],"replies":[{"embeddable":true,"href":"https:\/\/keluvo.com\/no\/wp-json\/wp\/v2\/comments?post=2370"}],"wp:featuredmedia":[{"embeddable":true,"href":"https:\/\/keluvo.com\/no\/wp-json\/wp\/v2\/media\/2366"}],"wp:attachment":[{"href":"https:\/\/keluvo.com\/no\/wp-json\/wp\/v2\/media?parent=2370"}],"wp:term":[{"taxonomy":"product_brand","embeddable":true,"href":"https:\/\/keluvo.com\/no\/wp-json\/wp\/v2\/product_brand?post=2370"},{"taxonomy":"product_cat","embeddable":true,"href":"https:\/\/keluvo.com\/no\/wp-json\/wp\/v2\/product_cat?post=2370"},{"taxonomy":"product_tag","embeddable":true,"href":"https:\/\/keluvo.com\/no\/wp-json\/wp\/v2\/product_tag?post=2370"}],"curies":[{"name":"wp","href":"https:\/\/api.w.org\/{rel}","templated":true}]}}