{"id":23628,"date":"2025-06-02T16:00:39","date_gmt":"2025-06-02T14:00:39","guid":{"rendered":"https:\/\/keluvo.com\/no\/produkt\/bukser-i-lin-fra-massimo\/"},"modified":"2025-06-05T23:34:04","modified_gmt":"2025-06-05T21:34:04","slug":"bukser-i-lin-fra-massimo","status":"publish","type":"product","link":"https:\/\/keluvo.com\/no\/produkt\/bukser-i-lin-fra-massimo\/","title":{"rendered":"Bukser i lin fra Massimo"},"content":{"rendered":"<p style=\"text-align: center;\"><strong>\u2714 Risikofri retur<\/strong><br \/>\n<strong>\ud83d\ude9a Sikker frakt<\/strong><\/p>\n<p><img fetchpriority=\"high\" decoding=\"async\" width=\"685\" height=\"442\" class=\"alignnone size-full wp-image-24269 aligncenter\" src=\"https:\/\/keluvo.com\/no\/wp-content\/uploads\/sites\/10\/2025\/06\/massimo-chart.jpg\" alt=\"\"  \/><\/p>\n<p style=\"text-align: center;\">Disse linbuksene fra Massimo handler om komfort og enkel stil. De er laget av et lett, pustende stoff som holder deg kj\u00f8lig i varmt v\u00e6r. Den avslappede passformen og den justerbare snoren i livet gj\u00f8r at du kan bruke dem hele dagen uten problemer.<\/p>\n<p style=\"text-align: center;\">Enten du skal g\u00e5 en tur eller m\u00f8te venner utend\u00f8rs, gir disse buksene en avslappet sommerf\u00f8lelse samtidig som de holder deg komfortabel.<\/p>\n<ul>\n<li>Lett og pustende for \u00e5 holde deg kj\u00f8lig.<\/li>\n<li>Avslappet passform for komfort hele dagen.<\/li>\n<li>Justerbar sn\u00f8ring i livet for en tilpasset passform.<\/li>\n<\/ul>\n","protected":false},"excerpt":{"rendered":"<p>\u2714 Risikofri retur \ud83d\ude9a Sikker frakt Disse linbuksene fra Massimo handler om komfort og enkel stil. De er laget av [&hellip;]<\/p>\n","protected":false},"featured_media":23624,"comment_status":"open","ping_status":"closed","template":"","meta":{"site-sidebar-layout":"default","site-content-layout":"","ast-site-content-layout":"default","site-content-style":"default","site-sidebar-style":"default","ast-global-header-display":"","ast-banner-title-visibility":"","ast-main-header-display":"","ast-hfb-above-header-display":"","ast-hfb-below-header-display":"","ast-hfb-mobile-header-display":"","site-post-title":"","ast-breadcrumbs-content":"","ast-featured-img":"","footer-sml-layout":"","theme-transparent-header-meta":"default","adv-header-id-meta":"","stick-header-meta":"","header-above-stick-meta":"","header-main-stick-meta":"","header-below-stick-meta":"","astra-migrate-meta-layouts":"set","ast-page-background-enabled":"default","ast-page-background-meta":{"desktop":{"background-color":"var(--ast-global-color-4)","background-image":"","background-repeat":"repeat","background-position":"center center","background-size":"auto","background-attachment":"scroll","background-type":"","background-media":"","overlay-type":"","overlay-color":"","overlay-opacity":"","overlay-gradient":""},"tablet":{"background-color":"","background-image":"","background-repeat":"repeat","background-position":"center center","background-size":"auto","background-attachment":"scroll","background-type":"","background-media":"","overlay-type":"","overlay-color":"","overlay-opacity":"","overlay-gradient":""},"mobile":{"background-color":"","background-image":"","background-repeat":"repeat","background-position":"center center","background-size":"auto","background-attachment":"scroll","background-type":"","background-media":"","overlay-type":"","overlay-color":"","overlay-opacity":"","overlay-gradient":""}},"ast-content-background-meta":{"desktop":{"background-color":"var(--ast-global-color-5)","background-image":"","background-repeat":"repeat","background-position":"center center","background-size":"auto","background-attachment":"scroll","background-type":"","background-media":"","overlay-type":"","overlay-color":"","overlay-opacity":"","overlay-gradient":""},"tablet":{"background-color":"var(--ast-global-color-5)","background-image":"","background-repeat":"repeat","background-position":"center center","background-size":"auto","background-attachment":"scroll","background-type":"","background-media":"","overlay-type":"","overlay-color":"","overlay-opacity":"","overlay-gradient":""},"mobile":{"background-color":"var(--ast-global-color-5)","background-image":"","background-repeat":"repeat","background-position":"center center","background-size":"auto","background-attachment":"scroll","background-type":"","background-media":"","overlay-type":"","overlay-color":"","overlay-opacity":"","overlay-gradient":""}}},"product_brand":[],"product_cat":[995],"product_tag":[],"class_list":{"0":"post-23628","1":"product","2":"type-product","3":"status-publish","4":"has-post-thumbnail","6":"product_cat-klaer-til-menn","7":"pa_48153_510vxdop-bla","8":"pa_48153_510vxdop-lysegra","9":"pa_48153_510vxdop-morkegra","10":"pa_48153_510vxdop-rod","11":"pa_48153_510vxdop-svart","12":"pa_48153_nolvgw29-xs","13":"pa_48153_nolvgw29-s","14":"pa_48153_nolvgw29-m","15":"pa_48153_nolvgw29-l","16":"pa_48153_nolvgw29-xl","17":"pa_48153_nolvgw29-2xl","18":"pa_48153_nolvgw29-3xl","19":"desktop-align-left","20":"tablet-align-left","21":"mobile-align-left","23":"first","24":"instock","25":"shipping-taxable","26":"purchasable","27":"product-type-variable","28":"has-default-attributes"},"_links":{"self":[{"href":"https:\/\/keluvo.com\/no\/wp-json\/wp\/v2\/product\/23628","targetHints":{"allow":["GET"]}}],"collection":[{"href":"https:\/\/keluvo.com\/no\/wp-json\/wp\/v2\/product"}],"about":[{"href":"https:\/\/keluvo.com\/no\/wp-json\/wp\/v2\/types\/product"}],"replies":[{"embeddable":true,"href":"https:\/\/keluvo.com\/no\/wp-json\/wp\/v2\/comments?post=23628"}],"wp:featuredmedia":[{"embeddable":true,"href":"https:\/\/keluvo.com\/no\/wp-json\/wp\/v2\/media\/23624"}],"wp:attachment":[{"href":"https:\/\/keluvo.com\/no\/wp-json\/wp\/v2\/media?parent=23628"}],"wp:term":[{"taxonomy":"product_brand","embeddable":true,"href":"https:\/\/keluvo.com\/no\/wp-json\/wp\/v2\/product_brand?post=23628"},{"taxonomy":"product_cat","embeddable":true,"href":"https:\/\/keluvo.com\/no\/wp-json\/wp\/v2\/product_cat?post=23628"},{"taxonomy":"product_tag","embeddable":true,"href":"https:\/\/keluvo.com\/no\/wp-json\/wp\/v2\/product_tag?post=23628"}],"curies":[{"name":"wp","href":"https:\/\/api.w.org\/{rel}","templated":true}]}}