{"id":23539,"date":"2025-06-02T15:58:06","date_gmt":"2025-06-02T13:58:06","guid":{"rendered":"https:\/\/keluvo.com\/no\/produkt\/avslappet-sommerbukse\/"},"modified":"2025-07-22T15:58:20","modified_gmt":"2025-07-22T13:58:20","slug":"avslappet-sommerbukse","status":"publish","type":"product","link":"https:\/\/keluvo.com\/no\/produkt\/avslappet-sommerbukse\/","title":{"rendered":"Avslappet sommerbukse"},"content":{"rendered":"<h2><img decoding=\"async\" class=\"alignnone size-full wp-image-22263 aligncenter\" src=\"https:\/\/keluvo.com\/template\/wp-content\/uploads\/sites\/5\/2025\/06\/trousers-chart.jpg\" alt=\"\" \/><\/h2>\n<h2 style=\"text-align: center\">Frigj\u00f8r kroppen din &#8211; nyt friheten<\/h2>\n<p style=\"text-align: center\">Det myke, lette stoffet f\u00f8les godt mot huden. Den luftige designen gir enkel bevegelse og komfort, noe som gj\u00f8r den ideell for v\u00e5ren og sommeren.<\/p>\n<p><img decoding=\"async\" class=\"alignnone size-full wp-image-22219 aligncenter\" src=\"https:\/\/keluvo.com\/template\/wp-content\/uploads\/sites\/5\/2025\/06\/487709695_1213376706805180_3391944769081322366_n.jpg\" alt=\"\" \/><\/p>\n<p>\u2714 Komfortabel passform &#8211; elastisk midje og luftig stil for enkel bevegelse<\/p>\n<p>\u2714 Stilig og enkel &#8211; passer godt til b\u00e5de skjorter og t-skjorter<\/p>\n<p>\u2714 Uunnv\u00e6rlig i hverdagen &#8211; har lommer til viktige ting<\/p>\n<p><img decoding=\"async\" class=\"alignnone size-full wp-image-22212 aligncenter\" src=\"https:\/\/keluvo.com\/template\/wp-content\/uploads\/sites\/5\/2025\/06\/Ontwerp_zonder_titel_52.webp\" alt=\"\" \/><\/p>\n<p style=\"text-align: center\"><strong>F\u00f8l Friheten &#8211; Bestill N\u00e5 Og Se Forskjellen.<\/strong><\/p>\n<p>Jeg er veldig forn\u00f8yd med produktene; de er komfortable og sitter helt riktig! &#8211; \u2611 Elsa<\/p>\n","protected":false},"excerpt":{"rendered":"<p>Frigj\u00f8r kroppen din &#8211; nyt friheten Det myke, lette stoffet f\u00f8les godt mot huden. Den luftige designen gir enkel bevegelse [&hellip;]<\/p>\n","protected":false},"featured_media":23535,"comment_status":"open","ping_status":"closed","template":"","meta":{"site-sidebar-layout":"default","site-content-layout":"","ast-site-content-layout":"default","site-content-style":"default","site-sidebar-style":"default","ast-global-header-display":"","ast-banner-title-visibility":"","ast-main-header-display":"","ast-hfb-above-header-display":"","ast-hfb-below-header-display":"","ast-hfb-mobile-header-display":"","site-post-title":"","ast-breadcrumbs-content":"","ast-featured-img":"","footer-sml-layout":"","theme-transparent-header-meta":"default","adv-header-id-meta":"","stick-header-meta":"","header-above-stick-meta":"","header-main-stick-meta":"","header-below-stick-meta":"","astra-migrate-meta-layouts":"set","ast-page-background-enabled":"default","ast-page-background-meta":{"desktop":{"background-color":"var(--ast-global-color-4)","background-image":"","background-repeat":"repeat","background-position":"center center","background-size":"auto","background-attachment":"scroll","background-type":"","background-media":"","overlay-type":"","overlay-color":"","overlay-opacity":"","overlay-gradient":""},"tablet":{"background-color":"","background-image":"","background-repeat":"repeat","background-position":"center center","background-size":"auto","background-attachment":"scroll","background-type":"","background-media":"","overlay-type":"","overlay-color":"","overlay-opacity":"","overlay-gradient":""},"mobile":{"background-color":"","background-image":"","background-repeat":"repeat","background-position":"center center","background-size":"auto","background-attachment":"scroll","background-type":"","background-media":"","overlay-type":"","overlay-color":"","overlay-opacity":"","overlay-gradient":""}},"ast-content-background-meta":{"desktop":{"background-color":"var(--ast-global-color-5)","background-image":"","background-repeat":"repeat","background-position":"center center","background-size":"auto","background-attachment":"scroll","background-type":"","background-media":"","overlay-type":"","overlay-color":"","overlay-opacity":"","overlay-gradient":""},"tablet":{"background-color":"var(--ast-global-color-5)","background-image":"","background-repeat":"repeat","background-position":"center center","background-size":"auto","background-attachment":"scroll","background-type":"","background-media":"","overlay-type":"","overlay-color":"","overlay-opacity":"","overlay-gradient":""},"mobile":{"background-color":"var(--ast-global-color-5)","background-image":"","background-repeat":"repeat","background-position":"center center","background-size":"auto","background-attachment":"scroll","background-type":"","background-media":"","overlay-type":"","overlay-color":"","overlay-opacity":"","overlay-gradient":""}}},"product_brand":[],"product_cat":[994],"product_tag":[],"class_list":{"0":"post-23539","1":"product","2":"type-product","3":"status-publish","4":"has-post-thumbnail","6":"product_cat-klaer-til-kvinner","7":"pa_48152_tcvxhzuw-bla","8":"pa_48152_tcvxhzuw-gra","9":"pa_48152_tcvxhzuw-gronn","10":"pa_48152_tcvxhzuw-lilla","11":"pa_48152_tcvxhzuw-rosa","12":"pa_48152_tcvxhzuw-svart","13":"pa_48152_zfvfjli9-xs-32-34","14":"pa_48152_zfvfjli9-s-36-38","15":"pa_48152_zfvfjli9-m-40-42","16":"pa_48152_zfvfjli9-l-44-46","17":"pa_48152_zfvfjli9-xl-48-50","18":"pa_48152_zfvfjli9-xxl-52-54","19":"pa_48152_zfvfjli9-3xl-56-58","20":"desktop-align-left","21":"tablet-align-left","22":"mobile-align-left","24":"first","25":"instock","26":"shipping-taxable","27":"purchasable","28":"product-type-variable","29":"has-default-attributes"},"_links":{"self":[{"href":"https:\/\/keluvo.com\/no\/wp-json\/wp\/v2\/product\/23539","targetHints":{"allow":["GET"]}}],"collection":[{"href":"https:\/\/keluvo.com\/no\/wp-json\/wp\/v2\/product"}],"about":[{"href":"https:\/\/keluvo.com\/no\/wp-json\/wp\/v2\/types\/product"}],"replies":[{"embeddable":true,"href":"https:\/\/keluvo.com\/no\/wp-json\/wp\/v2\/comments?post=23539"}],"wp:featuredmedia":[{"embeddable":true,"href":"https:\/\/keluvo.com\/no\/wp-json\/wp\/v2\/media\/23535"}],"wp:attachment":[{"href":"https:\/\/keluvo.com\/no\/wp-json\/wp\/v2\/media?parent=23539"}],"wp:term":[{"taxonomy":"product_brand","embeddable":true,"href":"https:\/\/keluvo.com\/no\/wp-json\/wp\/v2\/product_brand?post=23539"},{"taxonomy":"product_cat","embeddable":true,"href":"https:\/\/keluvo.com\/no\/wp-json\/wp\/v2\/product_cat?post=23539"},{"taxonomy":"product_tag","embeddable":true,"href":"https:\/\/keluvo.com\/no\/wp-json\/wp\/v2\/product_tag?post=23539"}],"curies":[{"name":"wp","href":"https:\/\/api.w.org\/{rel}","templated":true}]}}