{"id":23494,"date":"2025-06-02T15:56:40","date_gmt":"2025-06-02T13:56:40","guid":{"rendered":"https:\/\/keluvo.com\/no\/produkt\/kjeledress-i-kanvas-for-menn\/"},"modified":"2025-07-22T15:56:17","modified_gmt":"2025-07-22T13:56:17","slug":"kjeledress-i-kanvas-for-menn","status":"publish","type":"product","link":"https:\/\/keluvo.com\/no\/produkt\/kjeledress-i-kanvas-for-menn\/","title":{"rendered":"Kjeledress i kanvas for menn"},"content":{"rendered":"<p style=\"text-align: center\">Denne bruksoverallen i kanvas er robust og designet for hverdagsbruk. Den er laget av slitesterk kanvas og passer perfekt enten du er p\u00e5 jobb eller bare er ute i det fri. Denne kjeledressen er perfekt for h\u00e5ndverkere og alle som setter pris p\u00e5 b\u00e5de slitestyrke og komfort, og er et must i garderoben.<\/p>\n<p><img decoding=\"async\" class=\"alignnone size-full wp-image-22145 aligncenter\" src=\"https:\/\/keluvo.com\/template\/wp-content\/uploads\/sites\/5\/2025\/06\/Mens-Canvas-Overalls-Flap-Pockets-Button-Front-Workwear-26.webp\" alt=\"\" \/><\/p>\n<h2 style=\"text-align: center\">N\u00f8kkelegenskaper<\/h2>\n<ul>\n<li><strong>Slitesterk Kanvas<\/strong>: Sterkt materiale som er klar for enhver oppgave.<\/li>\n<li><strong>Lommer<\/strong>: To sidelommer med klaff og to baklommer med knapper for praktisk oppbevaring.<\/li>\n<li><strong>Komfortabel Passform<\/strong>: Omvendte knefolder gj\u00f8r det enkelt \u00e5 bevege seg n\u00e5r du kneler eller b\u00f8yer deg.<\/li>\n<li><strong>Designdetaljer<\/strong>: Knappelukking foran, sidelukkinger med nagler i bronse og avsmalnende ben for en slank passform.<\/li>\n<\/ul>\n<p><img decoding=\"async\" class=\"alignnone size-full wp-image-22137 aligncenter\" src=\"https:\/\/keluvo.com\/template\/wp-content\/uploads\/sites\/5\/2025\/06\/Mens-Canvas-Overalls-Flap-Pockets-Button-Front-Workwear-15.jpg\" alt=\"\" \/><\/p>\n<h2 style=\"text-align: center\">St\u00f8rrelsesguide<\/h2>\n<ul>\n<li>Modellh\u00f8yde: 180 cm, vekt: 72 kg, brystm\u00e5l: 96 cm &#8211; if\u00f8rt st\u00f8rrelse M.<\/li>\n<li>Sjekk st\u00f8rrelsestabellen for faktiske m\u00e5l.<\/li>\n<li>M\u00e5l bryst, midje og hofter, eller sammenlign klesst\u00f8rrelsene dine med tabellen for \u00e5 finne din passform.<\/li>\n<li>Hvis du har sp\u00f8rsm\u00e5l eller trenger hjelp med st\u00f8rrelsen, er du velkommen til \u00e5 ta kontakt med oss. Vi er her for \u00e5 hjelpe deg!<\/li>\n<\/ul>\n<p><img decoding=\"async\" class=\"alignnone size-full wp-image-22136 aligncenter\" src=\"https:\/\/keluvo.com\/template\/wp-content\/uploads\/sites\/5\/2025\/06\/overalls-chart.jpg\" alt=\"\" \/><\/p>\n","protected":false},"excerpt":{"rendered":"<p>Denne bruksoverallen i kanvas er robust og designet for hverdagsbruk. Den er laget av slitesterk kanvas og passer perfekt enten [&hellip;]<\/p>\n","protected":false},"featured_media":23490,"comment_status":"open","ping_status":"closed","template":"","meta":{"site-sidebar-layout":"default","site-content-layout":"","ast-site-content-layout":"default","site-content-style":"default","site-sidebar-style":"default","ast-global-header-display":"","ast-banner-title-visibility":"","ast-main-header-display":"","ast-hfb-above-header-display":"","ast-hfb-below-header-display":"","ast-hfb-mobile-header-display":"","site-post-title":"","ast-breadcrumbs-content":"","ast-featured-img":"","footer-sml-layout":"","theme-transparent-header-meta":"default","adv-header-id-meta":"","stick-header-meta":"","header-above-stick-meta":"","header-main-stick-meta":"","header-below-stick-meta":"","astra-migrate-meta-layouts":"set","ast-page-background-enabled":"default","ast-page-background-meta":{"desktop":{"background-color":"var(--ast-global-color-4)","background-image":"","background-repeat":"repeat","background-position":"center center","background-size":"auto","background-attachment":"scroll","background-type":"","background-media":"","overlay-type":"","overlay-color":"","overlay-opacity":"","overlay-gradient":""},"tablet":{"background-color":"","background-image":"","background-repeat":"repeat","background-position":"center center","background-size":"auto","background-attachment":"scroll","background-type":"","background-media":"","overlay-type":"","overlay-color":"","overlay-opacity":"","overlay-gradient":""},"mobile":{"background-color":"","background-image":"","background-repeat":"repeat","background-position":"center center","background-size":"auto","background-attachment":"scroll","background-type":"","background-media":"","overlay-type":"","overlay-color":"","overlay-opacity":"","overlay-gradient":""}},"ast-content-background-meta":{"desktop":{"background-color":"var(--ast-global-color-5)","background-image":"","background-repeat":"repeat","background-position":"center center","background-size":"auto","background-attachment":"scroll","background-type":"","background-media":"","overlay-type":"","overlay-color":"","overlay-opacity":"","overlay-gradient":""},"tablet":{"background-color":"var(--ast-global-color-5)","background-image":"","background-repeat":"repeat","background-position":"center center","background-size":"auto","background-attachment":"scroll","background-type":"","background-media":"","overlay-type":"","overlay-color":"","overlay-opacity":"","overlay-gradient":""},"mobile":{"background-color":"var(--ast-global-color-5)","background-image":"","background-repeat":"repeat","background-position":"center center","background-size":"auto","background-attachment":"scroll","background-type":"","background-media":"","overlay-type":"","overlay-color":"","overlay-opacity":"","overlay-gradient":""}}},"product_brand":[],"product_cat":[995],"product_tag":[],"class_list":{"0":"post-23494","1":"product","2":"type-product","3":"status-publish","4":"has-post-thumbnail","6":"product_cat-klaer-til-menn","7":"pa_48150_5vr0xbec-bla","8":"pa_48150_5vr0xbec-gra","9":"pa_48150_5vr0xbec-khaki","10":"pa_48150_5vr0xbec-oliven","11":"pa_48150_s0tr1flb-s","12":"pa_48150_s0tr1flb-m","13":"pa_48150_s0tr1flb-l","14":"pa_48150_s0tr1flb-xl","15":"pa_48150_s0tr1flb-2xl","16":"desktop-align-left","17":"tablet-align-left","18":"mobile-align-left","20":"first","21":"instock","22":"shipping-taxable","23":"purchasable","24":"product-type-variable","25":"has-default-attributes"},"_links":{"self":[{"href":"https:\/\/keluvo.com\/no\/wp-json\/wp\/v2\/product\/23494","targetHints":{"allow":["GET"]}}],"collection":[{"href":"https:\/\/keluvo.com\/no\/wp-json\/wp\/v2\/product"}],"about":[{"href":"https:\/\/keluvo.com\/no\/wp-json\/wp\/v2\/types\/product"}],"replies":[{"embeddable":true,"href":"https:\/\/keluvo.com\/no\/wp-json\/wp\/v2\/comments?post=23494"}],"wp:featuredmedia":[{"embeddable":true,"href":"https:\/\/keluvo.com\/no\/wp-json\/wp\/v2\/media\/23490"}],"wp:attachment":[{"href":"https:\/\/keluvo.com\/no\/wp-json\/wp\/v2\/media?parent=23494"}],"wp:term":[{"taxonomy":"product_brand","embeddable":true,"href":"https:\/\/keluvo.com\/no\/wp-json\/wp\/v2\/product_brand?post=23494"},{"taxonomy":"product_cat","embeddable":true,"href":"https:\/\/keluvo.com\/no\/wp-json\/wp\/v2\/product_cat?post=23494"},{"taxonomy":"product_tag","embeddable":true,"href":"https:\/\/keluvo.com\/no\/wp-json\/wp\/v2\/product_tag?post=23494"}],"curies":[{"name":"wp","href":"https:\/\/api.w.org\/{rel}","templated":true}]}}