{"id":2340,"date":"2024-10-22T19:17:55","date_gmt":"2024-10-22T16:17:55","guid":{"rendered":"https:\/\/keluvo.com\/no\/produkt\/skrubber-pa-ryggen\/"},"modified":"2024-10-27T14:10:51","modified_gmt":"2024-10-27T11:10:51","slug":"skrubber-pa-ryggen","status":"publish","type":"product","link":"https:\/\/keluvo.com\/no\/produkt\/skrubber-pa-ryggen\/","title":{"rendered":"Skrubber p\u00e5 ryggen"},"content":{"rendered":"<h2 style=\"text-align: center;\"><strong>Tosidig kroppssvamp i silikon<\/strong><\/h2>\n<p style=\"text-align: center;\">N\u00e5 alle de vanskelige stedene med letthet og rens huden dypt med ryggskrubberen v\u00e5r.<\/p>\n<p><img fetchpriority=\"high\" decoding=\"async\" width=\"720\" height=\"720\" class=\"size-medium wp-image-2250 aligncenter\" src=\"https:\/\/keluvo.com\/no\/wp-content\/uploads\/sites\/10\/2024\/10\/ec64961a-00df-46f3-8873-745acc9be096.webp\" alt=\"\" srcset=\"https:\/\/keluvo.com\/no\/wp-content\/uploads\/sites\/10\/2024\/10\/ec64961a-00df-46f3-8873-745acc9be096.webp 720w, https:\/\/keluvo.com\/no\/wp-content\/uploads\/sites\/10\/2024\/10\/ec64961a-00df-46f3-8873-745acc9be096-300x300.webp 300w, https:\/\/keluvo.com\/no\/wp-content\/uploads\/sites\/10\/2024\/10\/ec64961a-00df-46f3-8873-745acc9be096-150x150.webp 150w, https:\/\/keluvo.com\/no\/wp-content\/uploads\/sites\/10\/2024\/10\/ec64961a-00df-46f3-8873-745acc9be096-600x600.webp 600w, https:\/\/keluvo.com\/no\/wp-content\/uploads\/sites\/10\/2024\/10\/ec64961a-00df-46f3-8873-745acc9be096-100x100.webp 100w, https:\/\/keluvo.com\/no\/wp-content\/uploads\/sites\/10\/2024\/10\/ec64961a-00df-46f3-8873-745acc9be096-50x50.webp 50w\" sizes=\"(max-width: 720px) 100vw, 720px\" \/><\/p>\n<p>&nbsp;<\/p>\n<h2 style=\"text-align: center;\"><strong>Ergonomiske h\u00e5ndtak<\/strong><\/h2>\n<p style=\"text-align: center;\">Denne kroppssvampen er designet med tanke p\u00e5 komfort og har ergonomiske h\u00e5ndtak i begge ender. Dette gir et komfortabelt og sikkert grep, noe som gj\u00f8r det enkelt \u00e5 skrubbe alle vanskelig tilgjengelige omr\u00e5der.<\/p>\n<p><img decoding=\"async\" width=\"600\" height=\"600\" class=\"size-medium wp-image-2251 aligncenter\" src=\"https:\/\/keluvo.com\/no\/wp-content\/uploads\/sites\/10\/2024\/10\/bc98f4d9-253e-4cd8-b7cd-7a1b13f55e0c.webp\" alt=\"\" srcset=\"https:\/\/keluvo.com\/no\/wp-content\/uploads\/sites\/10\/2024\/10\/bc98f4d9-253e-4cd8-b7cd-7a1b13f55e0c.webp 600w, https:\/\/keluvo.com\/no\/wp-content\/uploads\/sites\/10\/2024\/10\/bc98f4d9-253e-4cd8-b7cd-7a1b13f55e0c-300x300.webp 300w, https:\/\/keluvo.com\/no\/wp-content\/uploads\/sites\/10\/2024\/10\/bc98f4d9-253e-4cd8-b7cd-7a1b13f55e0c-150x150.webp 150w, https:\/\/keluvo.com\/no\/wp-content\/uploads\/sites\/10\/2024\/10\/bc98f4d9-253e-4cd8-b7cd-7a1b13f55e0c-100x100.webp 100w, https:\/\/keluvo.com\/no\/wp-content\/uploads\/sites\/10\/2024\/10\/bc98f4d9-253e-4cd8-b7cd-7a1b13f55e0c-50x50.webp 50w\" sizes=\"(max-width: 600px) 100vw, 600px\" \/><\/p>\n<h2 style=\"text-align: center;\"><strong>Fargerik variasjon<\/strong><\/h2>\n<p style=\"text-align: center;\">Velg en ryggsvamp som passer din stil! V\u00e5re kroppssvamper kommer i en rekke livlige farger, noe som gj\u00f8r din daglige baderutine ikke bare forfriskende, men ogs\u00e5 visuelt tiltalende.<\/p>\n<p><img decoding=\"async\" width=\"800\" height=\"800\" class=\"size-medium wp-image-2252 aligncenter\" src=\"https:\/\/keluvo.com\/no\/wp-content\/uploads\/sites\/10\/2024\/10\/eb6f443a-518d-45d3-9c73-2bcfec411059.webp\" alt=\"\" srcset=\"https:\/\/keluvo.com\/no\/wp-content\/uploads\/sites\/10\/2024\/10\/eb6f443a-518d-45d3-9c73-2bcfec411059.webp 800w, https:\/\/keluvo.com\/no\/wp-content\/uploads\/sites\/10\/2024\/10\/eb6f443a-518d-45d3-9c73-2bcfec411059-300x300.webp 300w, https:\/\/keluvo.com\/no\/wp-content\/uploads\/sites\/10\/2024\/10\/eb6f443a-518d-45d3-9c73-2bcfec411059-150x150.webp 150w, https:\/\/keluvo.com\/no\/wp-content\/uploads\/sites\/10\/2024\/10\/eb6f443a-518d-45d3-9c73-2bcfec411059-768x768.webp 768w, https:\/\/keluvo.com\/no\/wp-content\/uploads\/sites\/10\/2024\/10\/eb6f443a-518d-45d3-9c73-2bcfec411059-600x600.webp 600w, https:\/\/keluvo.com\/no\/wp-content\/uploads\/sites\/10\/2024\/10\/eb6f443a-518d-45d3-9c73-2bcfec411059-100x100.webp 100w, https:\/\/keluvo.com\/no\/wp-content\/uploads\/sites\/10\/2024\/10\/eb6f443a-518d-45d3-9c73-2bcfec411059-50x50.webp 50w\" sizes=\"(max-width: 800px) 100vw, 800px\" \/><\/p>\n","protected":false},"excerpt":{"rendered":"<p>Tosidig kroppssvamp i silikon N\u00e5 alle de vanskelige stedene med letthet og rens huden dypt med ryggskrubberen v\u00e5r. &nbsp; Ergonomiske [&hellip;]<\/p>\n","protected":false},"featured_media":2336,"comment_status":"open","ping_status":"closed","template":"","meta":{"site-sidebar-layout":"default","site-content-layout":"","ast-site-content-layout":"default","site-content-style":"default","site-sidebar-style":"default","ast-global-header-display":"","ast-banner-title-visibility":"","ast-main-header-display":"","ast-hfb-above-header-display":"","ast-hfb-below-header-display":"","ast-hfb-mobile-header-display":"","site-post-title":"","ast-breadcrumbs-content":"","ast-featured-img":"","footer-sml-layout":"","theme-transparent-header-meta":"default","adv-header-id-meta":"","stick-header-meta":"","header-above-stick-meta":"","header-main-stick-meta":"","header-below-stick-meta":"","astra-migrate-meta-layouts":"set","ast-page-background-enabled":"default","ast-page-background-meta":{"desktop":{"background-color":"var(--ast-global-color-4)","background-image":"","background-repeat":"repeat","background-position":"center center","background-size":"auto","background-attachment":"scroll","background-type":"","background-media":"","overlay-type":"","overlay-color":"","overlay-opacity":"","overlay-gradient":""},"tablet":{"background-color":"","background-image":"","background-repeat":"repeat","background-position":"center center","background-size":"auto","background-attachment":"scroll","background-type":"","background-media":"","overlay-type":"","overlay-color":"","overlay-opacity":"","overlay-gradient":""},"mobile":{"background-color":"","background-image":"","background-repeat":"repeat","background-position":"center center","background-size":"auto","background-attachment":"scroll","background-type":"","background-media":"","overlay-type":"","overlay-color":"","overlay-opacity":"","overlay-gradient":""}},"ast-content-background-meta":{"desktop":{"background-color":"var(--ast-global-color-5)","background-image":"","background-repeat":"repeat","background-position":"center center","background-size":"auto","background-attachment":"scroll","background-type":"","background-media":"","overlay-type":"","overlay-color":"","overlay-opacity":"","overlay-gradient":""},"tablet":{"background-color":"var(--ast-global-color-5)","background-image":"","background-repeat":"repeat","background-position":"center center","background-size":"auto","background-attachment":"scroll","background-type":"","background-media":"","overlay-type":"","overlay-color":"","overlay-opacity":"","overlay-gradient":""},"mobile":{"background-color":"var(--ast-global-color-5)","background-image":"","background-repeat":"repeat","background-position":"center center","background-size":"auto","background-attachment":"scroll","background-type":"","background-media":"","overlay-type":"","overlay-color":"","overlay-opacity":"","overlay-gradient":""}}},"product_brand":[],"product_cat":[15],"product_tag":[],"class_list":{"0":"post-2340","1":"product","2":"type-product","3":"status-publish","4":"has-post-thumbnail","6":"product_cat-uncategorized","7":"pa_j5jchsea-bla","8":"pa_j5jchsea-gronn","9":"pa_j5jchsea-lilla","10":"pa_j5jchsea-oransje","11":"desktop-align-left","12":"tablet-align-left","13":"mobile-align-left","15":"first","16":"instock","17":"shipping-taxable","18":"purchasable","19":"product-type-variable"},"_links":{"self":[{"href":"https:\/\/keluvo.com\/no\/wp-json\/wp\/v2\/product\/2340","targetHints":{"allow":["GET"]}}],"collection":[{"href":"https:\/\/keluvo.com\/no\/wp-json\/wp\/v2\/product"}],"about":[{"href":"https:\/\/keluvo.com\/no\/wp-json\/wp\/v2\/types\/product"}],"replies":[{"embeddable":true,"href":"https:\/\/keluvo.com\/no\/wp-json\/wp\/v2\/comments?post=2340"}],"wp:featuredmedia":[{"embeddable":true,"href":"https:\/\/keluvo.com\/no\/wp-json\/wp\/v2\/media\/2336"}],"wp:attachment":[{"href":"https:\/\/keluvo.com\/no\/wp-json\/wp\/v2\/media?parent=2340"}],"wp:term":[{"taxonomy":"product_brand","embeddable":true,"href":"https:\/\/keluvo.com\/no\/wp-json\/wp\/v2\/product_brand?post=2340"},{"taxonomy":"product_cat","embeddable":true,"href":"https:\/\/keluvo.com\/no\/wp-json\/wp\/v2\/product_cat?post=2340"},{"taxonomy":"product_tag","embeddable":true,"href":"https:\/\/keluvo.com\/no\/wp-json\/wp\/v2\/product_tag?post=2340"}],"curies":[{"name":"wp","href":"https:\/\/api.w.org\/{rel}","templated":true}]}}