{"id":23134,"date":"2025-05-29T17:18:48","date_gmt":"2025-05-29T15:18:48","guid":{"rendered":"https:\/\/keluvo.com\/no\/produkt\/markor-2\/"},"modified":"2025-05-30T15:17:36","modified_gmt":"2025-05-30T13:17:36","slug":"markor-2","status":"publish","type":"product","link":"https:\/\/keluvo.com\/no\/produkt\/markor-2\/","title":{"rendered":"Skjeggpenn"},"content":{"rendered":"<p style=\"text-align: center;\"><strong>Fyll Ut, Definer Og Fremhev \u2014 Tykkere Skjegg \u00d8yeblikkelig!<\/strong><\/p>\n<p style=\"text-align: center;\"><span style=\"font-weight: 400;\">Denne skjeggmark\u00f8ren er den raske og enkle l\u00f8sningen for \u00e5 dekke gr\u00e5 h\u00e5r, fylle ut ujevne flekker og gi skjegget eller barten et fyldigere og skarpere utseende. Med fyldig farge og en jevn glid hjelper den deg med \u00e5 definere stilen din samtidig som du beholder et naturlig utseende. Pennen er vann- og svettebestandig og holder seg p\u00e5 plass hele dagen. Enten du skal ut, trene eller bare vil ha et polert daglig utseende, gir denne skjeggmark\u00f8ren deg kontroll, bekvemmelighet og selvtillit &#8211; uansett hvor du g\u00e5r.<\/span><\/p>\n<p><img decoding=\"async\" class=\"size-full wp-image-21731 aligncenter\" src=\"https:\/\/keluvo.com\/template\/wp-content\/uploads\/sites\/5\/2025\/05\/marker-ezgif.com-video-to-webp-converter-1.webp\" alt=\"\" \/><\/p>\n<h2 style=\"text-align: center;\">\u2b50 Hovedfordeler<\/h2>\n<p><span style=\"font-weight: 400;\">\ud83d\udd8a\ufe0f <\/span><b>Tykkere skjeggutseende<\/b><span style=\"font-weight: 400;\"> \u2013 Fyller ut sparsomme omr\u00e5der for et fyldigere utseende.<\/span><span style=\"font-weight: 400;\"><br \/>\n<\/span><\/p>\n<p><span style=\"font-weight: 400;\">\ud83c\udfa8 <\/span><b>Rik, naturlig farge<\/b><span style=\"font-weight: 400;\"> \u2013 Tilgjengelig i svart og m\u00f8rkebrun for \u00e5 matche h\u00e5ret ditt.<\/span><\/p>\n<p><span style=\"font-weight: 400;\">\ud83d\udca7 <\/span><b>Vanntett og svettebestandig<\/b><span style=\"font-weight: 400;\"> \u2013 Vil ikke flekke eller falme i l\u00f8pet av dagen.<\/span><\/p>\n<p><span style=\"font-weight: 400;\">\u270f\ufe0f <\/span><b>Jevn p\u00e5f\u00f8ring<\/b><span style=\"font-weight: 400;\"> \u2013 Fin, voksbasert formel glir uten \u00e5 klumpe seg.<\/span><\/p>\n<p><span style=\"font-weight: 400;\">\ud83d\udd04 <\/span><b>Enkel \u00e5 bruke og b\u00e6re<\/b><span style=\"font-weight: 400;\"> \u2013 Liten, b\u00e6rbar og enkel \u00e5 p\u00e5f\u00f8re n\u00e5r som helst.<\/span><span style=\"font-weight: 400;\"><br \/>\n<\/span><\/p>\n<p><img decoding=\"async\" class=\"size-full wp-image-21733 aligncenter\" src=\"https:\/\/keluvo.com\/template\/wp-content\/uploads\/sites\/5\/2025\/05\/038a2495-9877-42c2-ac9d-492cfb2197b4.webp\" alt=\"\" \/><\/p>\n<h2 style=\"text-align: center;\">\ud83d\udccc Hvordan Bruke<\/h2>\n<ol>\n<li style=\"font-weight: 400;\"><span style=\"font-weight: 400;\">Bruk pennen til \u00e5 skissere \u00f8nsket skjegg- eller bartform.<\/span><span style=\"font-weight: 400;\"><br \/>\n<\/span><\/li>\n<li style=\"font-weight: 400;\"><span style=\"font-weight: 400;\">Fyll ut det indre omr\u00e5det jevnt med korte, milde str\u00f8k.<\/span><\/li>\n<li style=\"font-weight: 400;\"><span style=\"font-weight: 400;\">Bruk b\u00f8rsten til \u00e5 blande for en naturlig finish.<\/span><\/li>\n<\/ol>\n<h2 style=\"text-align: center;\">\ud83d\udcd0 Produktdetaljer<\/h2>\n<ul>\n<li style=\"font-weight: 400;\"><span style=\"font-weight: 400;\">Vekt: 33 g<\/span><span style=\"font-weight: 400;\"><br \/>\n<\/span><\/li>\n<li style=\"font-weight: 400;\"><span style=\"font-weight: 400;\">Pakningsst\u00f8rrelse: 15 \u00d7 3,5 cm<\/span><span style=\"font-weight: 400;\"><br \/>\n<\/span><\/li>\n<li style=\"font-weight: 400;\"><span style=\"font-weight: 400;\">Pen materiale: Fett &amp; voksbase<\/span><span style=\"font-weight: 400;\"><br \/>\n<\/span><\/li>\n<li style=\"font-weight: 400;\"><span style=\"font-weight: 400;\">B\u00f8rstemateriale: Plast + nylon<\/span><span style=\"font-weight: 400;\"><br \/>\n<\/span><\/li>\n<li style=\"font-weight: 400;\"><span style=\"font-weight: 400;\">Funksjoner: Glatt tekstur, vanntett, svettebestandig, falmebestandig<\/span><\/li>\n<li style=\"font-weight: 400;\"><span style=\"font-weight: 400;\">Bruk: Skjeggfylling, gr\u00e5 dekning, skjeggforming<\/span><\/li>\n<\/ul>\n<h2 style=\"text-align: center;\">\ud83d\udce6 Pakken Inkluderer<\/h2>\n<ul>\n<li style=\"font-weight: 400;\"><span style=\"font-weight: 400;\">1, 3, 5 stk skjeggmark\u00f8rpenn<\/span><span style=\"font-weight: 400;\"><br \/>\n<\/span><\/li>\n<li style=\"font-weight: 400;\"><span style=\"font-weight: 400;\">1, 3, 5 stk blandeb\u00f8rste.<\/span><\/li>\n<\/ul>\n<p>&nbsp;<\/p>\n","protected":false},"excerpt":{"rendered":"<p>Fyll Ut, Definer Og Fremhev \u2014 Tykkere Skjegg \u00d8yeblikkelig! Denne skjeggmark\u00f8ren er den raske og enkle l\u00f8sningen for \u00e5 dekke [&hellip;]<\/p>\n","protected":false},"featured_media":23130,"comment_status":"open","ping_status":"closed","template":"","meta":{"site-sidebar-layout":"default","site-content-layout":"","ast-site-content-layout":"default","site-content-style":"default","site-sidebar-style":"default","ast-global-header-display":"","ast-banner-title-visibility":"","ast-main-header-display":"","ast-hfb-above-header-display":"","ast-hfb-below-header-display":"","ast-hfb-mobile-header-display":"","site-post-title":"","ast-breadcrumbs-content":"","ast-featured-img":"","footer-sml-layout":"","theme-transparent-header-meta":"default","adv-header-id-meta":"","stick-header-meta":"","header-above-stick-meta":"","header-main-stick-meta":"","header-below-stick-meta":"","astra-migrate-meta-layouts":"set","ast-page-background-enabled":"default","ast-page-background-meta":{"desktop":{"background-color":"var(--ast-global-color-4)","background-image":"","background-repeat":"repeat","background-position":"center center","background-size":"auto","background-attachment":"scroll","background-type":"","background-media":"","overlay-type":"","overlay-color":"","overlay-opacity":"","overlay-gradient":""},"tablet":{"background-color":"","background-image":"","background-repeat":"repeat","background-position":"center center","background-size":"auto","background-attachment":"scroll","background-type":"","background-media":"","overlay-type":"","overlay-color":"","overlay-opacity":"","overlay-gradient":""},"mobile":{"background-color":"","background-image":"","background-repeat":"repeat","background-position":"center center","background-size":"auto","background-attachment":"scroll","background-type":"","background-media":"","overlay-type":"","overlay-color":"","overlay-opacity":"","overlay-gradient":""}},"ast-content-background-meta":{"desktop":{"background-color":"var(--ast-global-color-5)","background-image":"","background-repeat":"repeat","background-position":"center center","background-size":"auto","background-attachment":"scroll","background-type":"","background-media":"","overlay-type":"","overlay-color":"","overlay-opacity":"","overlay-gradient":""},"tablet":{"background-color":"var(--ast-global-color-5)","background-image":"","background-repeat":"repeat","background-position":"center center","background-size":"auto","background-attachment":"scroll","background-type":"","background-media":"","overlay-type":"","overlay-color":"","overlay-opacity":"","overlay-gradient":""},"mobile":{"background-color":"var(--ast-global-color-5)","background-image":"","background-repeat":"repeat","background-position":"center center","background-size":"auto","background-attachment":"scroll","background-type":"","background-media":"","overlay-type":"","overlay-color":"","overlay-opacity":"","overlay-gradient":""}}},"product_brand":[],"product_cat":[992],"product_tag":[],"class_list":{"0":"post-23134","1":"product","2":"type-product","3":"status-publish","4":"has-post-thumbnail","6":"product_cat-skjonnhets-og-hygieneprodukter","7":"pa_21253_91vn677o-1-stk","8":"pa_21253_91vn677o-3-stk","9":"pa_21253_91vn677o-5-stk","10":"pa_21253_p3h6wjlo-morkebrun","11":"pa_21253_p3h6wjlo-svart","12":"desktop-align-left","13":"tablet-align-left","14":"mobile-align-left","16":"first","17":"instock","18":"shipping-taxable","19":"purchasable","20":"product-type-variable"},"_links":{"self":[{"href":"https:\/\/keluvo.com\/no\/wp-json\/wp\/v2\/product\/23134","targetHints":{"allow":["GET"]}}],"collection":[{"href":"https:\/\/keluvo.com\/no\/wp-json\/wp\/v2\/product"}],"about":[{"href":"https:\/\/keluvo.com\/no\/wp-json\/wp\/v2\/types\/product"}],"replies":[{"embeddable":true,"href":"https:\/\/keluvo.com\/no\/wp-json\/wp\/v2\/comments?post=23134"}],"wp:featuredmedia":[{"embeddable":true,"href":"https:\/\/keluvo.com\/no\/wp-json\/wp\/v2\/media\/23130"}],"wp:attachment":[{"href":"https:\/\/keluvo.com\/no\/wp-json\/wp\/v2\/media?parent=23134"}],"wp:term":[{"taxonomy":"product_brand","embeddable":true,"href":"https:\/\/keluvo.com\/no\/wp-json\/wp\/v2\/product_brand?post=23134"},{"taxonomy":"product_cat","embeddable":true,"href":"https:\/\/keluvo.com\/no\/wp-json\/wp\/v2\/product_cat?post=23134"},{"taxonomy":"product_tag","embeddable":true,"href":"https:\/\/keluvo.com\/no\/wp-json\/wp\/v2\/product_tag?post=23134"}],"curies":[{"name":"wp","href":"https:\/\/api.w.org\/{rel}","templated":true}]}}