{"id":23108,"date":"2025-05-29T17:16:35","date_gmt":"2025-05-29T15:16:35","guid":{"rendered":"https:\/\/keluvo.com\/no\/produkt\/lcd-tegnebrett\/"},"modified":"2025-07-11T18:28:16","modified_gmt":"2025-07-11T16:28:16","slug":"lcd-tegnebrett","status":"publish","type":"product","link":"https:\/\/keluvo.com\/no\/produkt\/lcd-tegnebrett\/","title":{"rendered":"LCD-tegnebrett"},"content":{"rendered":"<p style=\"text-align: center;\"><strong>Tegn, skriv, slett \u2014 Alt med et klikk p\u00e5 dette lette LCD-tegnebrettet!<\/strong><\/p>\n<p style=\"text-align: center;\">LCD-tegnebrettet er det perfekte verkt\u00f8yet for skriving, kruseduller og l\u00e6ring &#8211; uten bruk av papir eller blekk. Med sitt lette design og 8,5-tommers skjerm er det perfekt for barn, studenter og alle som liker \u00e5 notere ned ideer mens de er p\u00e5 farten.<\/p>\n<p style=\"text-align: center;\">Den har funksjoner for sletting og l\u00e5sing av skjermen med ett klikk, noe som gj\u00f8r den enkel \u00e5 bruke og gjenbruke hver dag. Dette nettbrettet er trygt, str\u00e5lingsfritt og milj\u00f8vennlig, og tilbyr en ren og enkel m\u00e5te \u00e5 uttrykke kreativitet p\u00e5 eller ta notater n\u00e5r som helst og hvor som helst.<\/p>\n<p><img decoding=\"async\" class=\"size-full wp-image-21812 aligncenter\" src=\"https:\/\/keluvo.com\/template\/wp-content\/uploads\/sites\/5\/2025\/05\/tablet-ezgif.com-video-to-webp-converter.webp\" alt=\"\" \/><\/p>\n<h2 style=\"text-align: center;\">\u2b50 Hovedfordeler<\/h2>\n<p><span style=\"font-weight: 400;\">\u270d\ufe0f <\/span><b>Skriv &amp; tegn enkelt <\/b><span style=\"font-weight: 400;\">\u00a0\u2013 Glatt skjerm med trykkf\u00f8lsom inngang for naturlig skriving og skissering.<\/span><\/p>\n<p><span style=\"font-weight: 400;\">\ud83e\uddfd <\/span><b>Slett med ett klikk <\/b><span style=\"font-weight: 400;\">\u00a0\u2013 Slett skjermen umiddelbart med ett enkelt trykk.<\/span><\/p>\n<p><span style=\"font-weight: 400;\">\ud83d\udd12 <\/span><b>L\u00e5sefunksjon<\/b><span style=\"font-weight: 400;\"> \u2013 Forhindre utilsiktet sletting med skjerml\u00e5s.<\/span><\/p>\n<p><span style=\"font-weight: 400;\">\ud83c\udf3f <\/span><b>Milj\u00f8vennlig &amp; gjenbrukbar <\/b><span style=\"font-weight: 400;\">\u2013 Ikke noe papir, ikke noe blekk, ikke noe rot.<\/span><\/p>\n<p><span style=\"font-weight: 400;\">\ud83c\udf92 <\/span><b>B\u00e6rbar &amp; lett <\/b><span style=\"font-weight: 400;\">\u2013 Perfekt for skole, kontor eller reise.<\/span><\/p>\n<p><span style=\"font-weight: 400;\">\ud83d\udca1 <\/span><b>Trygg for alle aldre <\/b><span style=\"font-weight: 400;\">\u00a0\u2013 Ingen str\u00e5ling, sk\u00e5nsom mot \u00f8ynene og barnevennlig.<\/span><img decoding=\"async\" class=\"size-full wp-image-21816 aligncenter\" src=\"https:\/\/keluvo.com\/template\/wp-content\/uploads\/sites\/5\/2025\/05\/e27143d8-817b-47a0-ab33-da8210838414.webp\" alt=\"\" \/><\/p>\n<h2 style=\"text-align: center;\">\ud83d\udccc Slik bruker du den<\/h2>\n<ol>\n<li style=\"font-weight: 400;\"><span style=\"font-weight: 400;\">Begynn \u00e5 skrive eller tegne direkte p\u00e5 skjermen med lett trykk.<\/span><span style=\"font-weight: 400;\"><br \/>\n<\/span><\/li>\n<li style=\"font-weight: 400;\"><span style=\"font-weight: 400;\">Trykk p\u00e5 sletteknappen for \u00e5 slette skjermen.<\/span><span style=\"font-weight: 400;\"><br \/>\n<\/span><\/li>\n<li style=\"font-weight: 400;\"><span style=\"font-weight: 400;\">Bruk l\u00e5seknappen for \u00e5 beskytte innholdet ditt mot \u00e5 bli slettet.<\/span><\/li>\n<li style=\"font-weight: 400;\"><span style=\"font-weight: 400;\">Bytt ut knappebatteriet (CR2025) n\u00e5r det er n\u00f8dvendig for langvarig bruk.<\/span><\/li>\n<\/ol>\n<h2 style=\"text-align: center;\">\ud83d\udcd0 Produktdetaljer<\/h2>\n<ul>\n<li style=\"font-weight: 400;\"><span style=\"font-weight: 400;\"><strong>Materiale<\/strong>: ABS-ramme<\/span><span style=\"font-weight: 400;\"><br \/>\n<\/span><\/li>\n<li style=\"font-weight: 400;\"><span style=\"font-weight: 400;\"><strong>Skjermst\u00f8rrelse<\/strong>: 8,5 tommer LCD<\/span><span style=\"font-weight: 400;\"><br \/>\n<\/span><\/li>\n<li style=\"font-weight: 400;\"><span style=\"font-weight: 400;\"><strong>Produktdimensjoner<\/strong>: 22,5 \u00d7 14,5 \u00d7 0,5 cm<\/span><span style=\"font-weight: 400;\"><br \/>\n<\/span><\/li>\n<li style=\"font-weight: 400;\"><span style=\"font-weight: 400;\"><strong>Inngangstrykk<\/strong>: 100-200 g<\/span><span style=\"font-weight: 400;\"><br \/>\n<\/span><\/li>\n<li style=\"font-weight: 400;\"><span style=\"font-weight: 400;\"><strong>Refleksivitet<\/strong>: 25 %-30 %<\/span><span style=\"font-weight: 400;\"><br \/>\n<\/span><\/li>\n<li style=\"font-weight: 400;\"><span style=\"font-weight: 400;\"><strong>Energi<\/strong>: Innebygd CR2025 knappebatteri (inkludert)<\/span><span style=\"font-weight: 400;\"><br \/>\n<\/span><\/li>\n<li style=\"font-weight: 400;\"><span style=\"font-weight: 400;\"><strong>Funksjoner<\/strong>: Ett-klikk-sletting, l\u00e5seskjerm, gjenbrukbar, lavt str\u00f8mforbruk<\/span><\/li>\n<li style=\"font-weight: 400;\"><span style=\"font-weight: 400;\"><strong>Sikkerhet<\/strong>: Ingen str\u00e5ling, giftfri, milj\u00f8vennlig<\/span><\/li>\n<\/ul>\n<h2 style=\"text-align: center;\">\ud83d\udce6 Pakken Inkluderer<\/h2>\n<ul>\n<li style=\"font-weight: 400;\"><span style=\"font-weight: 400;\">1x LCD-tegnebrett<\/span><span style=\"font-weight: 400;\"><br \/>\n<\/span><\/li>\n<li style=\"font-weight: 400;\"><span style=\"font-weight: 400;\">1x CR2025-batteri (installert)<\/span><span style=\"font-weight: 400;\"><br \/>\n<\/span><\/li>\n<li style=\"font-weight: 400;\"><span style=\"font-weight: 400;\">1x styluspenn.<\/span><\/li>\n<\/ul>\n","protected":false},"excerpt":{"rendered":"<p>Tegn, skriv, slett \u2014 Alt med et klikk p\u00e5 dette lette LCD-tegnebrettet! LCD-tegnebrettet er det perfekte verkt\u00f8yet for skriving, kruseduller [&hellip;]<\/p>\n","protected":false},"featured_media":23104,"comment_status":"open","ping_status":"closed","template":"","meta":{"site-sidebar-layout":"default","site-content-layout":"","ast-site-content-layout":"default","site-content-style":"default","site-sidebar-style":"default","ast-global-header-display":"","ast-banner-title-visibility":"","ast-main-header-display":"","ast-hfb-above-header-display":"","ast-hfb-below-header-display":"","ast-hfb-mobile-header-display":"","site-post-title":"","ast-breadcrumbs-content":"","ast-featured-img":"","footer-sml-layout":"","theme-transparent-header-meta":"default","adv-header-id-meta":"","stick-header-meta":"","header-above-stick-meta":"","header-main-stick-meta":"","header-below-stick-meta":"","astra-migrate-meta-layouts":"set","ast-page-background-enabled":"default","ast-page-background-meta":{"desktop":{"background-color":"var(--ast-global-color-4)","background-image":"","background-repeat":"repeat","background-position":"center center","background-size":"auto","background-attachment":"scroll","background-type":"","background-media":"","overlay-type":"","overlay-color":"","overlay-opacity":"","overlay-gradient":""},"tablet":{"background-color":"","background-image":"","background-repeat":"repeat","background-position":"center center","background-size":"auto","background-attachment":"scroll","background-type":"","background-media":"","overlay-type":"","overlay-color":"","overlay-opacity":"","overlay-gradient":""},"mobile":{"background-color":"","background-image":"","background-repeat":"repeat","background-position":"center center","background-size":"auto","background-attachment":"scroll","background-type":"","background-media":"","overlay-type":"","overlay-color":"","overlay-opacity":"","overlay-gradient":""}},"ast-content-background-meta":{"desktop":{"background-color":"var(--ast-global-color-5)","background-image":"","background-repeat":"repeat","background-position":"center center","background-size":"auto","background-attachment":"scroll","background-type":"","background-media":"","overlay-type":"","overlay-color":"","overlay-opacity":"","overlay-gradient":""},"tablet":{"background-color":"var(--ast-global-color-5)","background-image":"","background-repeat":"repeat","background-position":"center center","background-size":"auto","background-attachment":"scroll","background-type":"","background-media":"","overlay-type":"","overlay-color":"","overlay-opacity":"","overlay-gradient":""},"mobile":{"background-color":"var(--ast-global-color-5)","background-image":"","background-repeat":"repeat","background-position":"center center","background-size":"auto","background-attachment":"scroll","background-type":"","background-media":"","overlay-type":"","overlay-color":"","overlay-opacity":"","overlay-gradient":""}}},"product_brand":[],"product_cat":[990],"product_tag":[],"class_list":{"0":"post-23108","1":"product","2":"type-product","3":"status-publish","4":"has-post-thumbnail","6":"product_cat-leker-barne-og-babyprodukter","7":"pa_47027_7zgs7y9z-bla","8":"pa_47027_7zgs7y9z-gronn","9":"pa_47027_7zgs7y9z-hvit","10":"pa_47027_7zgs7y9z-rod","11":"pa_47027_7zgs7y9z-rosa","12":"pa_47027_7zgs7y9z-svart","13":"desktop-align-left","14":"tablet-align-left","15":"mobile-align-left","17":"first","18":"instock","19":"shipping-taxable","20":"purchasable","21":"product-type-variable"},"_links":{"self":[{"href":"https:\/\/keluvo.com\/no\/wp-json\/wp\/v2\/product\/23108","targetHints":{"allow":["GET"]}}],"collection":[{"href":"https:\/\/keluvo.com\/no\/wp-json\/wp\/v2\/product"}],"about":[{"href":"https:\/\/keluvo.com\/no\/wp-json\/wp\/v2\/types\/product"}],"replies":[{"embeddable":true,"href":"https:\/\/keluvo.com\/no\/wp-json\/wp\/v2\/comments?post=23108"}],"wp:featuredmedia":[{"embeddable":true,"href":"https:\/\/keluvo.com\/no\/wp-json\/wp\/v2\/media\/23104"}],"wp:attachment":[{"href":"https:\/\/keluvo.com\/no\/wp-json\/wp\/v2\/media?parent=23108"}],"wp:term":[{"taxonomy":"product_brand","embeddable":true,"href":"https:\/\/keluvo.com\/no\/wp-json\/wp\/v2\/product_brand?post=23108"},{"taxonomy":"product_cat","embeddable":true,"href":"https:\/\/keluvo.com\/no\/wp-json\/wp\/v2\/product_cat?post=23108"},{"taxonomy":"product_tag","embeddable":true,"href":"https:\/\/keluvo.com\/no\/wp-json\/wp\/v2\/product_tag?post=23108"}],"curies":[{"name":"wp","href":"https:\/\/api.w.org\/{rel}","templated":true}]}}