{"id":23092,"date":"2025-05-29T17:14:41","date_gmt":"2025-05-29T15:14:41","guid":{"rendered":"https:\/\/keluvo.com\/no\/produkt\/nasal-enhet\/"},"modified":"2025-05-30T15:16:46","modified_gmt":"2025-05-30T13:16:46","slug":"nasal-enhet","status":"publish","type":"product","link":"https:\/\/keluvo.com\/no\/produkt\/nasal-enhet\/","title":{"rendered":"Neseapparat"},"content":{"rendered":"<p style=\"text-align: center;\"><strong>Pust Lettere \u2014 Naturlig Lindring Med Neseterapi Med R\u00f8dt Lys!<\/strong><\/p>\n<p style=\"text-align: center;\"><span style=\"font-weight: 400;\">Det tr\u00e5dl\u00f8se apparatet for neseterapi med r\u00f8dt lys er en trygg, ikke-invasiv m\u00e5te \u00e5 lindre ubehag i nesen for\u00e5rsaket av bihulebetennelse, allergi eller overbelastning. Den er kompakt og enkel \u00e5 bruke, og bruker sk\u00e5nsomt r\u00f8dt lys for \u00e5 lindre betennelser, fremme helbredelse og st\u00f8tte den generelle nesehelsen &#8211; n\u00e5r som helst og hvor som helst. Denne enheten er perfekt for daglig nesepleie og bidrar til \u00e5 redusere hevelse, t\u00f8rrhet og kl\u00f8e, samtidig som den forbedrer blodgjennomstr\u00f8mningen i nesegangene. Det er et ideelt valg for de som s\u00f8ker lindring uten medisiner.<\/span><\/p>\n<p><img decoding=\"async\" class=\"size-full wp-image-21871 aligncenter\" src=\"https:\/\/keluvo.com\/template\/wp-content\/uploads\/sites\/5\/2025\/05\/nose-ezgif.com-video-to-webp-converter.webp\" alt=\"\" \/><\/p>\n<h2 style=\"text-align: center;\">\u2b50Hovedfordeler<\/h2>\n<p><span style=\"font-weight: 400;\">\ud83c\udf2c\ufe0f <\/span><b>Lindrer overbelastning<\/b><span style=\"font-weight: 400;\"> \u2013 Hjelper med \u00e5 redusere tetthet og nesetrykk.<\/span><\/p>\n<p><span style=\"font-weight: 400;\">\ud83d\udd34 <\/span><b>R\u00f8dlysterapi<\/b><span style=\"font-weight: 400;\"> \u2013 Fremmer blodsirkulasjon og helbredelse.<\/span><\/p>\n<p><span style=\"font-weight: 400;\">\ud83d\udee1\ufe0f <\/span><b>Reduserer betennelse<\/b><span style=\"font-weight: 400;\"> \u2013 Beroliger irritert nesevev.<\/span><\/p>\n<p><span style=\"font-weight: 400;\">\ud83e\ude79 <\/span><b>Fremskynder helbredelse<\/b><span style=\"font-weight: 400;\"> \u2013 Oppmuntrer til reparasjon av vev for raskere restitusjon.<\/span><\/p>\n<p><span style=\"font-weight: 400;\">\ud83d\udd0b <\/span><b>Tr\u00e5dl\u00f8s og b\u00e6rbar<\/b><span style=\"font-weight: 400;\"> \u2013 Bruk den komfortabelt hvor som helst, n\u00e5r som helst.<\/span><\/p>\n<p><img decoding=\"async\" class=\"size-full wp-image-21878 aligncenter\" src=\"https:\/\/keluvo.com\/template\/wp-content\/uploads\/sites\/5\/2025\/05\/83b1080f-ba53-41e9-838c-243374e98549.webp\" alt=\"\" \/><\/p>\n<h2 style=\"text-align: center;\">\ud83d\udccc Hvordan Bruke<\/h2>\n<ol>\n<li style=\"font-weight: 400;\"><span style=\"font-weight: 400;\">Lad enheten (hvis den er oppladbar) og s\u00f8rg for at den er ren f\u00f8r bruk.<\/span><span style=\"font-weight: 400;\"><br \/>\n<\/span><\/li>\n<li style=\"font-weight: 400;\"><span style=\"font-weight: 400;\">Sett den forsiktig inn i hvert nesebor og aktiver det r\u00f8de lyset.<\/span><span style=\"font-weight: 400;\"><br \/>\n<\/span><\/li>\n<li style=\"font-weight: 400;\"><span style=\"font-weight: 400;\">Bruk som anvist, vanligvis i noen minutter per \u00f8kt.<\/span><\/li>\n<li style=\"font-weight: 400;\"><span style=\"font-weight: 400;\">Rengj\u00f8r enheten etter hver bruk for hygiene.<\/span><\/li>\n<\/ol>\n<h2 style=\"text-align: center;\">\ud83d\udcd0 Produktdetaljer<\/h2>\n<ul>\n<li style=\"font-weight: 400;\"><span style=\"font-weight: 400;\">Materiale: Plast<\/span><span style=\"font-weight: 400;\"><br \/>\n<\/span><\/li>\n<li style=\"font-weight: 400;\"><span style=\"font-weight: 400;\">St\u00f8rrelse: 50 x 50 x 50 mm<\/span><span style=\"font-weight: 400;\"><br \/>\n<\/span><\/li>\n<li style=\"font-weight: 400;\"><span style=\"font-weight: 400;\">Bruk: Nesepleie for overbelastning, allergier, bihulebetennelse, t\u00f8rrhet, betennelse<\/span><\/li>\n<\/ul>\n<h2 style=\"text-align: center;\">\ud83d\udce6 Pakken Inneholder<\/h2>\n<ul>\n<li style=\"font-weight: 400;\"><span style=\"font-weight: 400;\">1x neseenhet.<\/span><\/li>\n<\/ul>\n","protected":false},"excerpt":{"rendered":"<p>Pust Lettere \u2014 Naturlig Lindring Med Neseterapi Med R\u00f8dt Lys! Det tr\u00e5dl\u00f8se apparatet for neseterapi med r\u00f8dt lys er en [&hellip;]<\/p>\n","protected":false},"featured_media":23088,"comment_status":"open","ping_status":"closed","template":"","meta":{"site-sidebar-layout":"default","site-content-layout":"","ast-site-content-layout":"default","site-content-style":"default","site-sidebar-style":"default","ast-global-header-display":"","ast-banner-title-visibility":"","ast-main-header-display":"","ast-hfb-above-header-display":"","ast-hfb-below-header-display":"","ast-hfb-mobile-header-display":"","site-post-title":"","ast-breadcrumbs-content":"","ast-featured-img":"","footer-sml-layout":"","theme-transparent-header-meta":"default","adv-header-id-meta":"","stick-header-meta":"","header-above-stick-meta":"","header-main-stick-meta":"","header-below-stick-meta":"","astra-migrate-meta-layouts":"set","ast-page-background-enabled":"default","ast-page-background-meta":{"desktop":{"background-color":"var(--ast-global-color-4)","background-image":"","background-repeat":"repeat","background-position":"center center","background-size":"auto","background-attachment":"scroll","background-type":"","background-media":"","overlay-type":"","overlay-color":"","overlay-opacity":"","overlay-gradient":""},"tablet":{"background-color":"","background-image":"","background-repeat":"repeat","background-position":"center center","background-size":"auto","background-attachment":"scroll","background-type":"","background-media":"","overlay-type":"","overlay-color":"","overlay-opacity":"","overlay-gradient":""},"mobile":{"background-color":"","background-image":"","background-repeat":"repeat","background-position":"center center","background-size":"auto","background-attachment":"scroll","background-type":"","background-media":"","overlay-type":"","overlay-color":"","overlay-opacity":"","overlay-gradient":""}},"ast-content-background-meta":{"desktop":{"background-color":"var(--ast-global-color-5)","background-image":"","background-repeat":"repeat","background-position":"center center","background-size":"auto","background-attachment":"scroll","background-type":"","background-media":"","overlay-type":"","overlay-color":"","overlay-opacity":"","overlay-gradient":""},"tablet":{"background-color":"var(--ast-global-color-5)","background-image":"","background-repeat":"repeat","background-position":"center center","background-size":"auto","background-attachment":"scroll","background-type":"","background-media":"","overlay-type":"","overlay-color":"","overlay-opacity":"","overlay-gradient":""},"mobile":{"background-color":"var(--ast-global-color-5)","background-image":"","background-repeat":"repeat","background-position":"center center","background-size":"auto","background-attachment":"scroll","background-type":"","background-media":"","overlay-type":"","overlay-color":"","overlay-opacity":"","overlay-gradient":""}}},"product_brand":[],"product_cat":[1001],"product_tag":[],"class_list":{"0":"post-23092","1":"product","2":"type-product","3":"status-publish","4":"has-post-thumbnail","6":"product_cat-husholdningsartikler","7":"desktop-align-left","8":"tablet-align-left","9":"mobile-align-left","11":"first","12":"instock","13":"shipping-taxable","14":"purchasable","15":"product-type-simple"},"_links":{"self":[{"href":"https:\/\/keluvo.com\/no\/wp-json\/wp\/v2\/product\/23092","targetHints":{"allow":["GET"]}}],"collection":[{"href":"https:\/\/keluvo.com\/no\/wp-json\/wp\/v2\/product"}],"about":[{"href":"https:\/\/keluvo.com\/no\/wp-json\/wp\/v2\/types\/product"}],"replies":[{"embeddable":true,"href":"https:\/\/keluvo.com\/no\/wp-json\/wp\/v2\/comments?post=23092"}],"wp:featuredmedia":[{"embeddable":true,"href":"https:\/\/keluvo.com\/no\/wp-json\/wp\/v2\/media\/23088"}],"wp:attachment":[{"href":"https:\/\/keluvo.com\/no\/wp-json\/wp\/v2\/media?parent=23092"}],"wp:term":[{"taxonomy":"product_brand","embeddable":true,"href":"https:\/\/keluvo.com\/no\/wp-json\/wp\/v2\/product_brand?post=23092"},{"taxonomy":"product_cat","embeddable":true,"href":"https:\/\/keluvo.com\/no\/wp-json\/wp\/v2\/product_cat?post=23092"},{"taxonomy":"product_tag","embeddable":true,"href":"https:\/\/keluvo.com\/no\/wp-json\/wp\/v2\/product_tag?post=23092"}],"curies":[{"name":"wp","href":"https:\/\/api.w.org\/{rel}","templated":true}]}}