{"id":22938,"date":"2025-05-29T16:52:01","date_gmt":"2025-05-29T14:52:01","guid":{"rendered":"https:\/\/keluvo.com\/no\/produkt\/bokmerke\/"},"modified":"2025-05-29T17:31:29","modified_gmt":"2025-05-29T15:31:29","slug":"bokmerke","status":"publish","type":"product","link":"https:\/\/keluvo.com\/no\/produkt\/bokmerke\/","title":{"rendered":"Bokmerke"},"content":{"rendered":"<p style=\"text-align: center;\"><strong>Gj\u00f8r lesingen personlig og stilig &#8211; med et h\u00e5ndbrodert preg!<\/strong><\/p>\n<p style=\"text-align: center;\"><span style=\"font-weight: 400;\">Disse personlige bokmerkene kombinerer sjarm og funksjon, og hjelper deg med \u00e5 markere din plass med et koselig, h\u00e5ndsydd design. Enten det er v\u00e5r, sommer, h\u00f8st eller vinter, gjenspeiler hvert enkelt bokmerke din favorittsesong og -bokstav. Disse broderte bokmerkene i filt er perfekte for bokelskere, og de gir varme til lesestunden. De er lette, milj\u00f8vennlige og vakkert utformet, og de er flotte \u00e5 gi bort i gave eller nyte litt leseglede selv.<\/span><\/p>\n<p><img decoding=\"async\" class=\"alignnone size-full wp-image-21739 aligncenter\" src=\"https:\/\/keluvo.com\/template\/wp-content\/uploads\/sites\/5\/2025\/05\/Sac378e11fc234317ae1cd6682301d3deF.jpg_960x960q75.jpg_.jpeg\" alt=\"\" \/><\/p>\n<h2 style=\"text-align: center;\">\u2b50 Hovedfordeler<\/h2>\n<p><span style=\"font-weight: 400;\">\ud83e\uddf5 <\/span><b>H\u00e5ndlaget med kj\u00e6rlighet<\/b><span style=\"font-weight: 400;\"> \u2013 Hvert bokmerke er sydd for h\u00e5nd med filt og resirkulert papp.<\/span><\/p>\n<p><span style=\"font-weight: 400;\">\ud83d\udcda <\/span><b>Sesongdesign<\/b><span style=\"font-weight: 400;\"> \u2013 Velg mellom v\u00e5r-, sommer-, h\u00f8st- eller vintertemaer.<\/span><\/p>\n<p><span style=\"font-weight: 400;\">\ud83c\udf31 <\/span><b>Milj\u00f8vennlig<\/b><span style=\"font-weight: 400;\"> \u2013 Laget av b\u00e6rekraftige materialer.<\/span><\/p>\n<p><span style=\"font-weight: 400;\">\ud83c\udf81 <strong>Perfekt ga<\/strong><\/span><span style=\"font-weight: 400;\">\u00a0\u2013 En omtenksom, unik gave til bokelskere og spesielle anledninger.<\/span><span style=\"font-weight: 400;\"><br \/>\n<\/span><\/p>\n<p><img decoding=\"async\" class=\"alignnone size-full wp-image-21755 aligncenter\" src=\"https:\/\/keluvo.com\/template\/wp-content\/uploads\/sites\/5\/2025\/05\/S6ed0ea04ba3845ba9e9e9da6eae7a975q.jpeg\" alt=\"\" \/><\/p>\n<h2 style=\"text-align: center;\">\ud83d\udccc Slik bruker du den<\/h2>\n<ol>\n<li style=\"font-weight: 400;\"><span style=\"font-weight: 400;\">Velg ditt favorittdesign.<\/span><span style=\"font-weight: 400;\"><br \/>\n<\/span><\/li>\n<li style=\"font-weight: 400;\"><span style=\"font-weight: 400;\">Skyv hj\u00f8rnet av bokmerket over siden du vil lagre.<\/span><span style=\"font-weight: 400;\"><br \/>\n<\/span><\/li>\n<li style=\"font-weight: 400;\"><span style=\"font-weight: 400;\">Lukk boken og nyt vissheten om at plassen din er lagret med stil!<\/span><span style=\"font-weight: 400;\"><br \/>\n<\/span><\/li>\n<\/ol>\n<h2 style=\"text-align: center;\">\ud83d\udcd0 Produktdetaljer<\/h2>\n<ul>\n<li style=\"font-weight: 400;\"><span style=\"font-weight: 400;\">St\u00f8rrelse: 9,5 cm x 9,5 cm<\/span><span style=\"font-weight: 400;\"><br \/>\n<\/span><\/li>\n<li style=\"font-weight: 400;\"><span style=\"font-weight: 400;\">Materiale: Filt og resirkulert papp<\/span><span style=\"font-weight: 400;\"><br \/>\n<\/span><\/li>\n<li style=\"font-weight: 400;\"><span style=\"font-weight: 400;\">H\u00e5ndbrodert<\/span><span style=\"font-weight: 400;\"><br \/>\n<\/span><\/li>\n<li style=\"font-weight: 400;\"><span style=\"font-weight: 400;\">Sesongalternativer: V\u00e5r, sommer, h\u00f8st, vinter<\/span><span style=\"font-weight: 400;\"><br \/>\n<\/span><\/li>\n<li style=\"font-weight: 400;\"><span style=\"font-weight: 400;\">Bruk: Sidemarkering, bokdekorasjon, gaveid\u00e9<\/span><span style=\"font-weight: 400;\"><br \/>\n<\/span><\/li>\n<\/ul>\n<h2 style=\"text-align: center;\">\ud83d\udce6 Pakken inneholder<\/h2>\n<ul>\n<li style=\"font-weight: 400;\"><span style=\"font-weight: 400;\">1, 2, 4 stk bokmerke.<\/span><\/li>\n<\/ul>\n","protected":false},"excerpt":{"rendered":"<p>Gj\u00f8r lesingen personlig og stilig &#8211; med et h\u00e5ndbrodert preg! Disse personlige bokmerkene kombinerer sjarm og funksjon, og hjelper deg [&hellip;]<\/p>\n","protected":false},"featured_media":22934,"comment_status":"open","ping_status":"closed","template":"","meta":{"site-sidebar-layout":"default","site-content-layout":"","ast-site-content-layout":"default","site-content-style":"default","site-sidebar-style":"default","ast-global-header-display":"","ast-banner-title-visibility":"","ast-main-header-display":"","ast-hfb-above-header-display":"","ast-hfb-below-header-display":"","ast-hfb-mobile-header-display":"","site-post-title":"","ast-breadcrumbs-content":"","ast-featured-img":"","footer-sml-layout":"","theme-transparent-header-meta":"default","adv-header-id-meta":"","stick-header-meta":"","header-above-stick-meta":"","header-main-stick-meta":"","header-below-stick-meta":"","astra-migrate-meta-layouts":"set","ast-page-background-enabled":"default","ast-page-background-meta":{"desktop":{"background-color":"var(--ast-global-color-4)","background-image":"","background-repeat":"repeat","background-position":"center center","background-size":"auto","background-attachment":"scroll","background-type":"","background-media":"","overlay-type":"","overlay-color":"","overlay-opacity":"","overlay-gradient":""},"tablet":{"background-color":"","background-image":"","background-repeat":"repeat","background-position":"center center","background-size":"auto","background-attachment":"scroll","background-type":"","background-media":"","overlay-type":"","overlay-color":"","overlay-opacity":"","overlay-gradient":""},"mobile":{"background-color":"","background-image":"","background-repeat":"repeat","background-position":"center center","background-size":"auto","background-attachment":"scroll","background-type":"","background-media":"","overlay-type":"","overlay-color":"","overlay-opacity":"","overlay-gradient":""}},"ast-content-background-meta":{"desktop":{"background-color":"var(--ast-global-color-5)","background-image":"","background-repeat":"repeat","background-position":"center center","background-size":"auto","background-attachment":"scroll","background-type":"","background-media":"","overlay-type":"","overlay-color":"","overlay-opacity":"","overlay-gradient":""},"tablet":{"background-color":"var(--ast-global-color-5)","background-image":"","background-repeat":"repeat","background-position":"center center","background-size":"auto","background-attachment":"scroll","background-type":"","background-media":"","overlay-type":"","overlay-color":"","overlay-opacity":"","overlay-gradient":""},"mobile":{"background-color":"var(--ast-global-color-5)","background-image":"","background-repeat":"repeat","background-position":"center center","background-size":"auto","background-attachment":"scroll","background-type":"","background-media":"","overlay-type":"","overlay-color":"","overlay-opacity":"","overlay-gradient":""}}},"product_brand":[],"product_cat":[993],"product_tag":[],"class_list":{"0":"post-22938","1":"product","2":"type-product","3":"status-publish","4":"has-post-thumbnail","6":"product_cat-skotoy-tilbehor","7":"pa_33488_lf98uu3k-hosten","8":"pa_33488_lf98uu3k-sommer","9":"pa_33488_lf98uu3k-var","10":"pa_33488_lf98uu3k-vinter","11":"pa_33488_spk39zv2-1-stk","12":"pa_33488_spk39zv2-2-stk","13":"pa_33488_spk39zv2-4-stk","14":"desktop-align-left","15":"tablet-align-left","16":"mobile-align-left","18":"first","19":"instock","20":"shipping-taxable","21":"purchasable","22":"product-type-variable","23":"has-default-attributes"},"_links":{"self":[{"href":"https:\/\/keluvo.com\/no\/wp-json\/wp\/v2\/product\/22938","targetHints":{"allow":["GET"]}}],"collection":[{"href":"https:\/\/keluvo.com\/no\/wp-json\/wp\/v2\/product"}],"about":[{"href":"https:\/\/keluvo.com\/no\/wp-json\/wp\/v2\/types\/product"}],"replies":[{"embeddable":true,"href":"https:\/\/keluvo.com\/no\/wp-json\/wp\/v2\/comments?post=22938"}],"wp:featuredmedia":[{"embeddable":true,"href":"https:\/\/keluvo.com\/no\/wp-json\/wp\/v2\/media\/22934"}],"wp:attachment":[{"href":"https:\/\/keluvo.com\/no\/wp-json\/wp\/v2\/media?parent=22938"}],"wp:term":[{"taxonomy":"product_brand","embeddable":true,"href":"https:\/\/keluvo.com\/no\/wp-json\/wp\/v2\/product_brand?post=22938"},{"taxonomy":"product_cat","embeddable":true,"href":"https:\/\/keluvo.com\/no\/wp-json\/wp\/v2\/product_cat?post=22938"},{"taxonomy":"product_tag","embeddable":true,"href":"https:\/\/keluvo.com\/no\/wp-json\/wp\/v2\/product_tag?post=22938"}],"curies":[{"name":"wp","href":"https:\/\/api.w.org\/{rel}","templated":true}]}}