{"id":22753,"date":"2025-05-29T14:52:31","date_gmt":"2025-05-29T12:52:31","guid":{"rendered":"https:\/\/keluvo.com\/no\/produkt\/lostsittende-denimdress-med-distress\/"},"modified":"2025-07-17T17:38:05","modified_gmt":"2025-07-17T15:38:05","slug":"lostsittende-denimdress-med-distress","status":"publish","type":"product","link":"https:\/\/keluvo.com\/no\/produkt\/lostsittende-denimdress-med-distress\/","title":{"rendered":"Vid denimjumpsuit med slitt finish"},"content":{"rendered":"<p style=\"text-align: center;\">Denne denimoverallen er laget av vasket denim, noe som gir den et trendy, slitt utseende. De har en l\u00f8s, oversized passform med justerbare stropper og noen slitte detaljer som gir dem ekstra karakter.<\/p>\n<ul>\n<li>Materiale: 81 % bomull, 14 % viskose, 5 % lyocell<\/li>\n<li>Vasket, falmet finish<\/li>\n<li>Justerbare knappestropper<\/li>\n<li>S\u00f8ylelomme<\/li>\n<li>Side- og baklommer<\/li>\n<li>L\u00f8s, avslappet passform<\/li>\n<li>Bred benstil<\/li>\n<li>Slitte detaljer<\/li>\n<li>Vask: Maskinvaskes p\u00e5 kaldt med vrangen ut, t\u00f8rkes i t\u00f8rketrommel<\/li>\n<\/ul>\n<p><img decoding=\"async\" class=\"alignnone size-full wp-image-22035 aligncenter\" src=\"https:\/\/keluvo.com\/template\/wp-content\/uploads\/sites\/5\/2025\/05\/denim-charts.jpg\" alt=\"\" \/><\/p>\n<h2 style=\"text-align: center;\">Hvordan velge riktig st\u00f8rrelse?<\/h2>\n<p style=\"text-align: center;\">Sjekk st\u00f8rrelsestabellen for \u00e5 finne riktig st\u00f8rrelse. M\u00e5l bryst, midje og hofter, og sammenlign deretter disse m\u00e5lene med tabellen. Du kan ogs\u00e5 m\u00e5le et klesplagg du allerede har som passer godt, og bruke det som hjelp til \u00e5 velge st\u00f8rrelse.<\/p>\n<p style=\"text-align: center;\">Vi hjelper deg gjerne!<\/p>\n<p>&nbsp;<\/p>\n","protected":false},"excerpt":{"rendered":"<p>Denne denimoverallen er laget av vasket denim, noe som gir den et trendy, slitt utseende. De har en l\u00f8s, oversized [&hellip;]<\/p>\n","protected":false},"featured_media":22749,"comment_status":"open","ping_status":"closed","template":"","meta":{"site-sidebar-layout":"default","site-content-layout":"","ast-site-content-layout":"default","site-content-style":"default","site-sidebar-style":"default","ast-global-header-display":"","ast-banner-title-visibility":"","ast-main-header-display":"","ast-hfb-above-header-display":"","ast-hfb-below-header-display":"","ast-hfb-mobile-header-display":"","site-post-title":"","ast-breadcrumbs-content":"","ast-featured-img":"","footer-sml-layout":"","theme-transparent-header-meta":"default","adv-header-id-meta":"","stick-header-meta":"","header-above-stick-meta":"","header-main-stick-meta":"","header-below-stick-meta":"","astra-migrate-meta-layouts":"set","ast-page-background-enabled":"default","ast-page-background-meta":{"desktop":{"background-color":"var(--ast-global-color-4)","background-image":"","background-repeat":"repeat","background-position":"center center","background-size":"auto","background-attachment":"scroll","background-type":"","background-media":"","overlay-type":"","overlay-color":"","overlay-opacity":"","overlay-gradient":""},"tablet":{"background-color":"","background-image":"","background-repeat":"repeat","background-position":"center center","background-size":"auto","background-attachment":"scroll","background-type":"","background-media":"","overlay-type":"","overlay-color":"","overlay-opacity":"","overlay-gradient":""},"mobile":{"background-color":"","background-image":"","background-repeat":"repeat","background-position":"center center","background-size":"auto","background-attachment":"scroll","background-type":"","background-media":"","overlay-type":"","overlay-color":"","overlay-opacity":"","overlay-gradient":""}},"ast-content-background-meta":{"desktop":{"background-color":"var(--ast-global-color-5)","background-image":"","background-repeat":"repeat","background-position":"center center","background-size":"auto","background-attachment":"scroll","background-type":"","background-media":"","overlay-type":"","overlay-color":"","overlay-opacity":"","overlay-gradient":""},"tablet":{"background-color":"var(--ast-global-color-5)","background-image":"","background-repeat":"repeat","background-position":"center center","background-size":"auto","background-attachment":"scroll","background-type":"","background-media":"","overlay-type":"","overlay-color":"","overlay-opacity":"","overlay-gradient":""},"mobile":{"background-color":"var(--ast-global-color-5)","background-image":"","background-repeat":"repeat","background-position":"center center","background-size":"auto","background-attachment":"scroll","background-type":"","background-media":"","overlay-type":"","overlay-color":"","overlay-opacity":"","overlay-gradient":""}}},"product_brand":[],"product_cat":[994],"product_tag":[],"class_list":{"0":"post-22753","1":"product","2":"type-product","3":"status-publish","4":"has-post-thumbnail","6":"product_cat-klaer-til-kvinner","7":"pa_48145_d3086bl5-lysebla","8":"pa_48145_d3086bl5-morkebla","9":"pa_48145_nqbbwd8b-s","10":"pa_48145_nqbbwd8b-m","11":"pa_48145_nqbbwd8b-l","12":"pa_48145_nqbbwd8b-xl","13":"pa_48145_nqbbwd8b-2xl","14":"desktop-align-left","15":"tablet-align-left","16":"mobile-align-left","18":"first","19":"instock","20":"shipping-taxable","21":"purchasable","22":"product-type-variable","23":"has-default-attributes"},"_links":{"self":[{"href":"https:\/\/keluvo.com\/no\/wp-json\/wp\/v2\/product\/22753","targetHints":{"allow":["GET"]}}],"collection":[{"href":"https:\/\/keluvo.com\/no\/wp-json\/wp\/v2\/product"}],"about":[{"href":"https:\/\/keluvo.com\/no\/wp-json\/wp\/v2\/types\/product"}],"replies":[{"embeddable":true,"href":"https:\/\/keluvo.com\/no\/wp-json\/wp\/v2\/comments?post=22753"}],"wp:featuredmedia":[{"embeddable":true,"href":"https:\/\/keluvo.com\/no\/wp-json\/wp\/v2\/media\/22749"}],"wp:attachment":[{"href":"https:\/\/keluvo.com\/no\/wp-json\/wp\/v2\/media?parent=22753"}],"wp:term":[{"taxonomy":"product_brand","embeddable":true,"href":"https:\/\/keluvo.com\/no\/wp-json\/wp\/v2\/product_brand?post=22753"},{"taxonomy":"product_cat","embeddable":true,"href":"https:\/\/keluvo.com\/no\/wp-json\/wp\/v2\/product_cat?post=22753"},{"taxonomy":"product_tag","embeddable":true,"href":"https:\/\/keluvo.com\/no\/wp-json\/wp\/v2\/product_tag?post=22753"}],"curies":[{"name":"wp","href":"https:\/\/api.w.org\/{rel}","templated":true}]}}