{"id":22740,"date":"2025-05-29T14:51:54","date_gmt":"2025-05-29T12:51:54","guid":{"rendered":"https:\/\/keluvo.com\/no\/produkt\/nye-baereseler-for-nyfodte-og-smabarn\/"},"modified":"2025-07-17T17:37:02","modified_gmt":"2025-07-17T15:37:02","slug":"nye-baereseler-for-nyfodte-og-smabarn","status":"publish","type":"product","link":"https:\/\/keluvo.com\/no\/produkt\/nye-baereseler-for-nyfodte-og-smabarn\/","title":{"rendered":"Nye b\u00e6reseler for nyf\u00f8dte og sm\u00e5barn"},"content":{"rendered":"<p style=\"text-align: center\">B\u00e6reselen er en praktisk og trygg m\u00e5te for foreldre \u00e5 b\u00e6re de sm\u00e5 p\u00e5 fra nyf\u00f8dt til sm\u00e5barnsalder.<\/p>\n<p><img decoding=\"async\" class=\"alignnone size-full wp-image-22002 aligncenter\" src=\"https:\/\/keluvo.com\/template\/wp-content\/uploads\/sites\/5\/2025\/05\/bb0f7f7f815779491e5df117a9fc25d222b01630.webp\" alt=\"\" \/><\/p>\n<h2 style=\"text-align: center\"><strong>Hvorfor Foreldre Elsker Den:<\/strong><\/h2>\n<h3 style=\"text-align: center\">Rask og Enkel<\/h3>\n<p style=\"text-align: center\">B\u00e6reselen v\u00e5r er designet for \u00e5 v\u00e6re praktisk, slik at du kan plassere babyen raskt og komfortabelt i den. Du kan f\u00e5 den lille inn og ut p\u00e5 bare 10 sekunder, helt p\u00e5 egen h\u00e5nd.<\/p>\n<p><img decoding=\"async\" class=\"aligncenter wp-image-22008 size-full\" src=\"https:\/\/keluvo.com\/template\/wp-content\/uploads\/sites\/5\/2025\/05\/black-3-e1748509485988.jpg\" alt=\"\" \/><\/p>\n<h3 style=\"text-align: center\">Trygg og B\u00e6rbar<\/h3>\n<p style=\"text-align: center\">Denne b\u00e6reselen er lett og kompakt, perfekt for foreldre som er p\u00e5 farten. Det enkle spennesystemet holder babyen sikker samtidig som det tar minimalt med plass i bleievesken.<\/p>\n<p><img decoding=\"async\" class=\"alignnone size-full wp-image-22001 aligncenter\" src=\"https:\/\/keluvo.com\/template\/wp-content\/uploads\/sites\/5\/2025\/05\/3eb6d7cebb11fd439453df18de2741e242a2992a.webp\" alt=\"\" \/><\/p>\n<h3 style=\"text-align: center\">Allsidig Bruk<\/h3>\n<p style=\"text-align: center\">Med justerbare stropper passer denne b\u00e6reselen for babyer fra 0 til 36 m\u00e5neder. Den har to justerbare spenner, slik at den kan tilpasses babyens behov etter hvert som den vokser. Velg mellom ulike b\u00e6remoduser, for eksempel horisontal, diagonal eller grensel\u00f8s b\u00e6ring.<\/p>\n<p><img decoding=\"async\" class=\"alignnone size-full wp-image-22010 aligncenter\" src=\"https:\/\/keluvo.com\/template\/wp-content\/uploads\/sites\/5\/2025\/05\/bonsai_blue-1.jpg\" alt=\"\" \/><\/p>\n<h3 style=\"text-align: center\">Komfortabel Design<\/h3>\n<p style=\"text-align: center\">Den hoftemonterte b\u00e6reselen er laget for b\u00e5de deg og babyen din, og har justerbare stropper og et polstret hoftebelte som gir god komfort. Den st\u00f8tter barnets naturlige kroppsholdning og gir god st\u00f8tte for hode og nakke.<\/p>\n<p><img decoding=\"async\" class=\"alignnone size-full wp-image-22006 aligncenter\" src=\"https:\/\/keluvo.com\/template\/wp-content\/uploads\/sites\/5\/2025\/05\/zebra_stripes.jpg\" alt=\"\" \/><\/p>\n<h3 style=\"text-align: center\">Tid til \u00e5 Knytte B\u00e5nd<\/h3>\n<p style=\"text-align: center\">Bruken av denne b\u00e6reselen fremmer et sterkt b\u00e5nd mellom deg og barnet ditt, samtidig som den st\u00f8tter barnets utvikling. Nyt n\u00e6rheten og intimiteten ved \u00e5 b\u00e6re babyen samtidig som du har hendene fri.<\/p>\n<h3 style=\"text-align: center\">Beskrivelse<\/h3>\n<ul>\n<li>Beltefunksjon: Enkel \u00e5 justere<\/li>\n<li>Anvendelig alder: 0,5-3 \u00e5r<\/li>\n<li>Maksimal b\u00e6reevne: 15 kg (for utvidet bruk)<\/li>\n<li>Lengde: 120-172 cm<\/li>\n<li>Materiale: 35 % polyester, 65 % bomull<\/li>\n<\/ul>\n<h3 style=\"text-align: center\">Pakken Inneholder<\/h3>\n<ul>\n<li>1 b\u00e6resele for sm\u00e5barn<\/li>\n<\/ul>\n","protected":false},"excerpt":{"rendered":"<p>B\u00e6reselen er en praktisk og trygg m\u00e5te for foreldre \u00e5 b\u00e6re de sm\u00e5 p\u00e5 fra nyf\u00f8dt til sm\u00e5barnsalder. Hvorfor Foreldre [&hellip;]<\/p>\n","protected":false},"featured_media":22736,"comment_status":"open","ping_status":"closed","template":"","meta":{"site-sidebar-layout":"default","site-content-layout":"","ast-site-content-layout":"default","site-content-style":"default","site-sidebar-style":"default","ast-global-header-display":"","ast-banner-title-visibility":"","ast-main-header-display":"","ast-hfb-above-header-display":"","ast-hfb-below-header-display":"","ast-hfb-mobile-header-display":"","site-post-title":"","ast-breadcrumbs-content":"","ast-featured-img":"","footer-sml-layout":"","theme-transparent-header-meta":"default","adv-header-id-meta":"","stick-header-meta":"","header-above-stick-meta":"","header-main-stick-meta":"","header-below-stick-meta":"","astra-migrate-meta-layouts":"set","ast-page-background-enabled":"default","ast-page-background-meta":{"desktop":{"background-color":"var(--ast-global-color-4)","background-image":"","background-repeat":"repeat","background-position":"center center","background-size":"auto","background-attachment":"scroll","background-type":"","background-media":"","overlay-type":"","overlay-color":"","overlay-opacity":"","overlay-gradient":""},"tablet":{"background-color":"","background-image":"","background-repeat":"repeat","background-position":"center center","background-size":"auto","background-attachment":"scroll","background-type":"","background-media":"","overlay-type":"","overlay-color":"","overlay-opacity":"","overlay-gradient":""},"mobile":{"background-color":"","background-image":"","background-repeat":"repeat","background-position":"center center","background-size":"auto","background-attachment":"scroll","background-type":"","background-media":"","overlay-type":"","overlay-color":"","overlay-opacity":"","overlay-gradient":""}},"ast-content-background-meta":{"desktop":{"background-color":"var(--ast-global-color-5)","background-image":"","background-repeat":"repeat","background-position":"center center","background-size":"auto","background-attachment":"scroll","background-type":"","background-media":"","overlay-type":"","overlay-color":"","overlay-opacity":"","overlay-gradient":""},"tablet":{"background-color":"var(--ast-global-color-5)","background-image":"","background-repeat":"repeat","background-position":"center center","background-size":"auto","background-attachment":"scroll","background-type":"","background-media":"","overlay-type":"","overlay-color":"","overlay-opacity":"","overlay-gradient":""},"mobile":{"background-color":"var(--ast-global-color-5)","background-image":"","background-repeat":"repeat","background-position":"center center","background-size":"auto","background-attachment":"scroll","background-type":"","background-media":"","overlay-type":"","overlay-color":"","overlay-opacity":"","overlay-gradient":""}}},"product_brand":[],"product_cat":[990],"product_tag":[],"class_list":{"0":"post-22740","1":"product","2":"type-product","3":"status-publish","4":"has-post-thumbnail","6":"product_cat-leker-barne-og-babyprodukter","7":"pa_48144_g211h6qh-bla","8":"pa_48144_g211h6qh-bonsai-bla","9":"pa_48144_g211h6qh-bonsai-svart","10":"pa_48144_g211h6qh-svart","11":"desktop-align-left","12":"tablet-align-left","13":"mobile-align-left","15":"first","16":"instock","17":"shipping-taxable","18":"purchasable","19":"product-type-variable"},"_links":{"self":[{"href":"https:\/\/keluvo.com\/no\/wp-json\/wp\/v2\/product\/22740","targetHints":{"allow":["GET"]}}],"collection":[{"href":"https:\/\/keluvo.com\/no\/wp-json\/wp\/v2\/product"}],"about":[{"href":"https:\/\/keluvo.com\/no\/wp-json\/wp\/v2\/types\/product"}],"replies":[{"embeddable":true,"href":"https:\/\/keluvo.com\/no\/wp-json\/wp\/v2\/comments?post=22740"}],"wp:featuredmedia":[{"embeddable":true,"href":"https:\/\/keluvo.com\/no\/wp-json\/wp\/v2\/media\/22736"}],"wp:attachment":[{"href":"https:\/\/keluvo.com\/no\/wp-json\/wp\/v2\/media?parent=22740"}],"wp:term":[{"taxonomy":"product_brand","embeddable":true,"href":"https:\/\/keluvo.com\/no\/wp-json\/wp\/v2\/product_brand?post=22740"},{"taxonomy":"product_cat","embeddable":true,"href":"https:\/\/keluvo.com\/no\/wp-json\/wp\/v2\/product_cat?post=22740"},{"taxonomy":"product_tag","embeddable":true,"href":"https:\/\/keluvo.com\/no\/wp-json\/wp\/v2\/product_tag?post=22740"}],"curies":[{"name":"wp","href":"https:\/\/api.w.org\/{rel}","templated":true}]}}