{"id":22656,"date":"2025-05-28T18:23:10","date_gmt":"2025-05-28T16:23:10","guid":{"rendered":"https:\/\/keluvo.com\/no\/produkt\/sammenleggbar-multifunksjonell-veske\/"},"modified":"2025-07-17T17:33:48","modified_gmt":"2025-07-17T15:33:48","slug":"sammenleggbar-multifunksjonell-veske","status":"publish","type":"product","link":"https:\/\/keluvo.com\/no\/produkt\/sammenleggbar-multifunksjonell-veske\/","title":{"rendered":"Sammenleggbar veske"},"content":{"rendered":"<p>\ud83d\udc5d Kan utvides for mer plass, enkel \u00e5 brette sammen for oppbevaring<\/p>\n<p>\ud83d\udc5c Perfekt for reiser, trening, shopping, eller daglig use<\/p>\n<p>\ud83c\udf27\ufe0f Laget av vanntett og rivefast stoff<\/p>\n<p>\ud83d\udcc2 Flere lommer for enkel organization<\/p>\n<p>\u2708\ufe0f Lett og kan festes til kofferten handles<\/p>\n<p>\ud83c\udfcb\ufe0f\u200d\u2640\ufe0f Rommer opptil 8 kg for alt du trenger<\/p>\n<p style=\"text-align: center;\">Den sammenleggbare reisevesken har et romslig design og praktisk oppbevaring for alle dine reisebehov med sin kompakte, sammenleggbare funksjon. Denne vesken er perfekt for det viktigste du trenger p\u00e5 reisen, samtidig som den gj\u00f8r det enkelt \u00e5 holde orden p\u00e5 alt. Den romslige kapasiteten og sammenleggbare egenskapen gj\u00f8r reisen mye enklere.<\/p>\n<p><img fetchpriority=\"high\" decoding=\"async\" class=\"alignnone size-full wp-image-21619 aligncenter\" src=\"https:\/\/keluvo.com\/template\/wp-content\/uploads\/sites\/5\/2025\/05\/BAGPLUS22908__845026e1.webp\" alt=\"\" width=\"600\" height=\"600\" \/><\/p>\n<h2 style=\"text-align: center;\">Stilig Og Multifunksjonell<\/h2>\n<p style=\"text-align: center;\">Med en utvidbar funksjon i bunnen kan du justere st\u00f8rrelsen p\u00e5 vesken etter behov &#8211; bare brett den sammen eller brett den ut etter behov.<\/p>\n<p><img decoding=\"async\" class=\"alignnone size-full wp-image-21620 aligncenter\" src=\"https:\/\/keluvo.com\/template\/wp-content\/uploads\/sites\/5\/2025\/05\/BAGPLUS23897__1cdc308e-1-ezgif.com-gif-to-webp-converter.webp\" alt=\"\" width=\"600\" height=\"600\" \/><\/p>\n<h2 style=\"text-align: center;\">4 Rom: 2 Med Glidel\u00e5s Og 2 Innvendige\/Utvendige<\/h2>\n<p style=\"text-align: center;\">Flerlommedesignet gir rikelig med oppbevaringsplass, slik at du kan holde eiendelene dine organisert og tilgjengelige.<\/p>\n<p><img decoding=\"async\" class=\"alignnone size-full wp-image-21624 aligncenter\" src=\"https:\/\/keluvo.com\/template\/wp-content\/uploads\/sites\/5\/2025\/05\/BAGPLUS24897__9ca1b846-1.webp\" alt=\"\" width=\"600\" height=\"600\" \/><\/p>\n<h2 style=\"text-align: center;\">Kompakt, men romslig<\/h2>\n<p style=\"text-align: center;\">Denne allsidige vesken kan utvides til en st\u00f8rre h\u00e5ndbagasje eller komprimeres til en mindre st\u00f8rrelse, slik at den passer perfekt til dine behov.<\/p>\n<p><img loading=\"lazy\" decoding=\"async\" class=\"size-full wp-image-21621 aligncenter\" src=\"https:\/\/keluvo.com\/template\/wp-content\/uploads\/sites\/5\/2025\/05\/BAGPLUS29897__f7c58907.webp\" alt=\"\" width=\"600\" height=\"600\" \/><\/p>\n<h2 style=\"text-align: center;\">Passer til alle anledninger<\/h2>\n<p style=\"text-align: center;\">Den sammenleggbare reisevesken er allsidig og sv\u00e6rt nyttig, enten det er i bruk til sport, reise, shopping eller hverdagsbruk.<\/p>\n<p><img loading=\"lazy\" decoding=\"async\" class=\"alignnone size-full wp-image-21623 aligncenter\" src=\"https:\/\/keluvo.com\/template\/wp-content\/uploads\/sites\/5\/2025\/05\/BAGPLUS26897__826178a9-1.webp\" alt=\"\" width=\"600\" height=\"600\" \/><\/p>\n<h2 style=\"text-align: center;\">Skillevegg For V\u00e5tt Og T\u00f8rt<\/h2>\n<p style=\"text-align: center;\">Den har en skillevegg for \u00e5 skille v\u00e5te kl\u00e6r eller h\u00e5ndkl\u00e6r fra det t\u00f8rre<\/p>\n<h2 style=\"text-align: center;\">Kvalitetsmaterialer<\/h2>\n<p style=\"text-align: center;\">Den er laget av slitesterkt og lett vanntett Oxford-stoff.<\/p>\n<p><img loading=\"lazy\" decoding=\"async\" class=\"size-full wp-image-21622 aligncenter\" src=\"https:\/\/keluvo.com\/template\/wp-content\/uploads\/sites\/5\/2025\/05\/BAGPLUS28897__5f0bb044.webp\" alt=\"\" width=\"600\" height=\"600\" \/><\/p>\n<p style=\"text-align: center;\">Det sammenleggbare designet sparer plass og kan utvides etter behov. Oppsettet med flere lommer holder orden p\u00e5 tingene dine. Passer til hverdagsbruk eller p\u00e5 reise. Den faste stroppen p\u00e5 baksiden fester den til kofferten.<\/p>\n<h2 style=\"text-align: center;\">Detaljer<\/h2>\n<p>Produktvekt: 437 g, lastekapasitet: 8 kg<\/p>\n<p>Materiale: Oxford-stoff<\/p>\n<p>M\u00e5l i sammenbrettet tilstand: 28 x 18 x 4 cm<\/p>\n<p>M\u00e5l n\u00e5r den er brettet ut: 42 x 28 x 10 cm<\/p>\n<p>Totale m\u00e5l: 42 x 28 x 22 cm<\/p>\n","protected":false},"excerpt":{"rendered":"<p>\ud83d\udc5d Kan utvides for mer plass, enkel \u00e5 brette sammen for oppbevaring \ud83d\udc5c Perfekt for reiser, trening, shopping, eller daglig [&hellip;]<\/p>\n","protected":false},"featured_media":22652,"comment_status":"open","ping_status":"closed","template":"","meta":{"site-sidebar-layout":"default","site-content-layout":"","ast-site-content-layout":"default","site-content-style":"default","site-sidebar-style":"default","ast-global-header-display":"","ast-banner-title-visibility":"","ast-main-header-display":"","ast-hfb-above-header-display":"","ast-hfb-below-header-display":"","ast-hfb-mobile-header-display":"","site-post-title":"","ast-breadcrumbs-content":"","ast-featured-img":"","footer-sml-layout":"","theme-transparent-header-meta":"default","adv-header-id-meta":"","stick-header-meta":"","header-above-stick-meta":"","header-main-stick-meta":"","header-below-stick-meta":"","astra-migrate-meta-layouts":"set","ast-page-background-enabled":"default","ast-page-background-meta":{"desktop":{"background-color":"var(--ast-global-color-4)","background-image":"","background-repeat":"repeat","background-position":"center center","background-size":"auto","background-attachment":"scroll","background-type":"","background-media":"","overlay-type":"","overlay-color":"","overlay-opacity":"","overlay-gradient":""},"tablet":{"background-color":"","background-image":"","background-repeat":"repeat","background-position":"center center","background-size":"auto","background-attachment":"scroll","background-type":"","background-media":"","overlay-type":"","overlay-color":"","overlay-opacity":"","overlay-gradient":""},"mobile":{"background-color":"","background-image":"","background-repeat":"repeat","background-position":"center center","background-size":"auto","background-attachment":"scroll","background-type":"","background-media":"","overlay-type":"","overlay-color":"","overlay-opacity":"","overlay-gradient":""}},"ast-content-background-meta":{"desktop":{"background-color":"var(--ast-global-color-5)","background-image":"","background-repeat":"repeat","background-position":"center center","background-size":"auto","background-attachment":"scroll","background-type":"","background-media":"","overlay-type":"","overlay-color":"","overlay-opacity":"","overlay-gradient":""},"tablet":{"background-color":"var(--ast-global-color-5)","background-image":"","background-repeat":"repeat","background-position":"center center","background-size":"auto","background-attachment":"scroll","background-type":"","background-media":"","overlay-type":"","overlay-color":"","overlay-opacity":"","overlay-gradient":""},"mobile":{"background-color":"var(--ast-global-color-5)","background-image":"","background-repeat":"repeat","background-position":"center center","background-size":"auto","background-attachment":"scroll","background-type":"","background-media":"","overlay-type":"","overlay-color":"","overlay-opacity":"","overlay-gradient":""}}},"product_brand":[],"product_cat":[993],"product_tag":[],"class_list":{"0":"post-22656","1":"product","2":"type-product","3":"status-publish","4":"has-post-thumbnail","6":"product_cat-skotoy-tilbehor","7":"pa_48142_jjbx7nm8-gronn","8":"pa_48142_jjbx7nm8-lilla","9":"pa_48142_jjbx7nm8-rosa","10":"pa_48142_jjbx7nm8-svart","11":"desktop-align-left","12":"tablet-align-left","13":"mobile-align-left","15":"first","16":"instock","17":"shipping-taxable","18":"purchasable","19":"product-type-variable"},"_links":{"self":[{"href":"https:\/\/keluvo.com\/no\/wp-json\/wp\/v2\/product\/22656","targetHints":{"allow":["GET"]}}],"collection":[{"href":"https:\/\/keluvo.com\/no\/wp-json\/wp\/v2\/product"}],"about":[{"href":"https:\/\/keluvo.com\/no\/wp-json\/wp\/v2\/types\/product"}],"replies":[{"embeddable":true,"href":"https:\/\/keluvo.com\/no\/wp-json\/wp\/v2\/comments?post=22656"}],"wp:featuredmedia":[{"embeddable":true,"href":"https:\/\/keluvo.com\/no\/wp-json\/wp\/v2\/media\/22652"}],"wp:attachment":[{"href":"https:\/\/keluvo.com\/no\/wp-json\/wp\/v2\/media?parent=22656"}],"wp:term":[{"taxonomy":"product_brand","embeddable":true,"href":"https:\/\/keluvo.com\/no\/wp-json\/wp\/v2\/product_brand?post=22656"},{"taxonomy":"product_cat","embeddable":true,"href":"https:\/\/keluvo.com\/no\/wp-json\/wp\/v2\/product_cat?post=22656"},{"taxonomy":"product_tag","embeddable":true,"href":"https:\/\/keluvo.com\/no\/wp-json\/wp\/v2\/product_tag?post=22656"}],"curies":[{"name":"wp","href":"https:\/\/api.w.org\/{rel}","templated":true}]}}