{"id":22641,"date":"2025-05-28T18:22:27","date_gmt":"2025-05-28T16:22:27","guid":{"rendered":"https:\/\/keluvo.com\/no\/produkt\/kjaeledyrvennlig-anti-bjeffehalsband\/"},"modified":"2025-07-17T17:32:28","modified_gmt":"2025-07-17T15:32:28","slug":"kjaeledyrvennlig-anti-bjeffehalsband","status":"publish","type":"product","link":"https:\/\/keluvo.com\/no\/produkt\/kjaeledyrvennlig-anti-bjeffehalsband\/","title":{"rendered":"Kj\u00e6ledyrvennlig anti-bjeffehalsb\u00e5nd"},"content":{"rendered":"<p style=\"text-align: center\">\u2714 Human bjeffetrening &#8211; ingen smerte eller frykt<br \/>\n\u2714 Sk\u00e5nsom og effektiv &#8211; for en rolig hverdag<br \/>\n\u2714 Bedre kontroll &#8211; enklere h\u00e5ndtering av hunden din<\/p>\n<p style=\"text-align: center\"><strong>Bare online &#8211; selges ikke i butikk!<\/strong><\/p>\n<p style=\"text-align: center\"><strong>Bjeffer hunden din mye? Halsb\u00e5ndet v\u00e5rt kan bidra til \u00e5 stoppe u\u00f8nsket bjeffing! Dette anti-bjeffehalsb\u00e5ndet er en vennlig og effektiv m\u00e5te \u00e5 redusere bjeffing p\u00e5. Det fungerer automatisk ved hjelp av vibrasjoner og lyder, uten elektriske st\u00f8t.<\/strong><\/p>\n<h2 style=\"text-align: center\">Hovedtrekk:<\/h2>\n<ul>\n<li>Humant og effektivt<\/li>\n<li>H\u00f8y kvalitet og komfortabel passform<\/li>\n<li>F\u00e5s i flere farger<\/li>\n<li>Laget av slitesterk nylon<\/li>\n<li>Lett \u00e5 rengj\u00f8re<\/li>\n<li>Godt \u00e5 ha med seg p\u00e5 farten<\/li>\n<li>Inkluderer batteri<\/li>\n<li>Oppladbart<\/li>\n<\/ul>\n<h2 style=\"text-align: center\">Plager Bjeffing Deg?<\/h2>\n<p style=\"text-align: center\">Bjeffing er naturlig for hunder; de gj\u00f8r det for \u00e5 kommunisere eller varsle oss. Men hvis hunden din bjeffer for mye eller om natten, kan det v\u00e6re et problem. Et bjeffehalsb\u00e5nd kan hjelpe. Det sender en liten puls n\u00e5r hunden bjeffer, noe som distraherer den og hjelper den til \u00e5 l\u00e6re \u00e5 bjeffe mindre.<\/p>\n<p><img decoding=\"async\" class=\"alignnone size-full wp-image-21594 aligncenter\" src=\"https:\/\/keluvo.com\/template\/wp-content\/uploads\/sites\/5\/2025\/05\/1_fcb554ab-88d4-4053-977f-a1b20c6eace3.jpg\" alt=\"\" \/><\/p>\n<h2 style=\"text-align: center\">Hvordan Fungere Det?<\/h2>\n<p style=\"text-align: center\">N\u00e5r hunden din bjeffer, sender halsb\u00e5ndet ut en liten puls. Det er ubehagelig, men ikke smertefullt, og forstyrrer bjeffingen. Over tid vil hunden din forst\u00e5 at bjeffing ikke er greit.<\/p>\n<p><img decoding=\"async\" class=\"alignnone size-full wp-image-21593 aligncenter\" src=\"https:\/\/keluvo.com\/template\/wp-content\/uploads\/sites\/5\/2025\/05\/EmmaloveProduktbilder_a7de05f3-5f95-49ac-8946-5a8cf6e7acfe.jpg\" alt=\"\" \/><\/p>\n<h2 style=\"text-align: center\">Velg Riktig Farge For Hunden Din<\/h2>\n<p style=\"text-align: center\">Halsb\u00e5ndet v\u00e5rt kommer i mange farger: bl\u00e5tt, gult, svart, oransje og lilla. Du kan velge den perfekte fargen for din valp!<\/p>\n","protected":false},"excerpt":{"rendered":"<p>\u2714 Human bjeffetrening &#8211; ingen smerte eller frykt \u2714 Sk\u00e5nsom og effektiv &#8211; for en rolig hverdag \u2714 Bedre kontroll [&hellip;]<\/p>\n","protected":false},"featured_media":22637,"comment_status":"open","ping_status":"closed","template":"","meta":{"site-sidebar-layout":"default","site-content-layout":"","ast-site-content-layout":"default","site-content-style":"default","site-sidebar-style":"default","ast-global-header-display":"","ast-banner-title-visibility":"","ast-main-header-display":"","ast-hfb-above-header-display":"","ast-hfb-below-header-display":"","ast-hfb-mobile-header-display":"","site-post-title":"","ast-breadcrumbs-content":"","ast-featured-img":"","footer-sml-layout":"","theme-transparent-header-meta":"default","adv-header-id-meta":"","stick-header-meta":"","header-above-stick-meta":"","header-main-stick-meta":"","header-below-stick-meta":"","astra-migrate-meta-layouts":"set","ast-page-background-enabled":"default","ast-page-background-meta":{"desktop":{"background-color":"var(--ast-global-color-4)","background-image":"","background-repeat":"repeat","background-position":"center center","background-size":"auto","background-attachment":"scroll","background-type":"","background-media":"","overlay-type":"","overlay-color":"","overlay-opacity":"","overlay-gradient":""},"tablet":{"background-color":"","background-image":"","background-repeat":"repeat","background-position":"center center","background-size":"auto","background-attachment":"scroll","background-type":"","background-media":"","overlay-type":"","overlay-color":"","overlay-opacity":"","overlay-gradient":""},"mobile":{"background-color":"","background-image":"","background-repeat":"repeat","background-position":"center center","background-size":"auto","background-attachment":"scroll","background-type":"","background-media":"","overlay-type":"","overlay-color":"","overlay-opacity":"","overlay-gradient":""}},"ast-content-background-meta":{"desktop":{"background-color":"var(--ast-global-color-5)","background-image":"","background-repeat":"repeat","background-position":"center center","background-size":"auto","background-attachment":"scroll","background-type":"","background-media":"","overlay-type":"","overlay-color":"","overlay-opacity":"","overlay-gradient":""},"tablet":{"background-color":"var(--ast-global-color-5)","background-image":"","background-repeat":"repeat","background-position":"center center","background-size":"auto","background-attachment":"scroll","background-type":"","background-media":"","overlay-type":"","overlay-color":"","overlay-opacity":"","overlay-gradient":""},"mobile":{"background-color":"var(--ast-global-color-5)","background-image":"","background-repeat":"repeat","background-position":"center center","background-size":"auto","background-attachment":"scroll","background-type":"","background-media":"","overlay-type":"","overlay-color":"","overlay-opacity":"","overlay-gradient":""}}},"product_brand":[],"product_cat":[997],"product_tag":[],"class_list":{"0":"post-22641","1":"product","2":"type-product","3":"status-publish","4":"has-post-thumbnail","6":"product_cat-husdyrprodukter","7":"pa_48141_0cak336o-bla","8":"pa_48141_0cak336o-gul","9":"pa_48141_0cak336o-lilla","10":"pa_48141_0cak336o-oransje","11":"pa_48141_0cak336o-svart","12":"desktop-align-left","13":"tablet-align-left","14":"mobile-align-left","16":"first","17":"instock","18":"shipping-taxable","19":"purchasable","20":"product-type-variable"},"_links":{"self":[{"href":"https:\/\/keluvo.com\/no\/wp-json\/wp\/v2\/product\/22641","targetHints":{"allow":["GET"]}}],"collection":[{"href":"https:\/\/keluvo.com\/no\/wp-json\/wp\/v2\/product"}],"about":[{"href":"https:\/\/keluvo.com\/no\/wp-json\/wp\/v2\/types\/product"}],"replies":[{"embeddable":true,"href":"https:\/\/keluvo.com\/no\/wp-json\/wp\/v2\/comments?post=22641"}],"wp:featuredmedia":[{"embeddable":true,"href":"https:\/\/keluvo.com\/no\/wp-json\/wp\/v2\/media\/22637"}],"wp:attachment":[{"href":"https:\/\/keluvo.com\/no\/wp-json\/wp\/v2\/media?parent=22641"}],"wp:term":[{"taxonomy":"product_brand","embeddable":true,"href":"https:\/\/keluvo.com\/no\/wp-json\/wp\/v2\/product_brand?post=22641"},{"taxonomy":"product_cat","embeddable":true,"href":"https:\/\/keluvo.com\/no\/wp-json\/wp\/v2\/product_cat?post=22641"},{"taxonomy":"product_tag","embeddable":true,"href":"https:\/\/keluvo.com\/no\/wp-json\/wp\/v2\/product_tag?post=22641"}],"curies":[{"name":"wp","href":"https:\/\/api.w.org\/{rel}","templated":true}]}}