{"id":2259,"date":"2024-10-22T18:55:37","date_gmt":"2024-10-22T15:55:37","guid":{"rendered":"https:\/\/keluvo.com\/no\/produkt\/tyverisikret-veske\/"},"modified":"2024-10-27T14:11:05","modified_gmt":"2024-10-27T11:11:05","slug":"tyverisikret-veske","status":"publish","type":"product","link":"https:\/\/keluvo.com\/no\/produkt\/tyverisikret-veske\/","title":{"rendered":"Tyverisikret veske"},"content":{"rendered":"<h2 style=\"text-align: center;\"><strong>Bygget av materialer av h\u00f8y kvalitet<\/strong><\/h2>\n<p style=\"text-align: center;\">Denne tyverisikrede vesken er laget av slitesterk polyester av h\u00f8y kvalitet, noe som gj\u00f8r den til en langvarig og slitesterk f\u00f8lgesvenn p\u00e5 alle dine reiser.<\/p>\n<h2 style=\"text-align: center;\"><img decoding=\"async\" class=\"size-medium wp-image-1211 aligncenter\" src=\"https:\/\/keluvo.com\/template\/wp-content\/uploads\/sites\/5\/2024\/10\/0f8fb97c-24cf-43d4-8ec9-7f6116d38a44.png\" alt=\"\" \/><\/h2>\n<h2><\/h2>\n<h2 style=\"text-align: center;\"><strong>Innovativ tyverisikring<\/strong><\/h2>\n<p style=\"text-align: center;\">Utstyrt med flere skjulte rom og sikre glidel\u00e5ser, er denne vesken designet for \u00e5 beskytte verdisakene dine mot tyveri, noe som gj\u00f8r den ideell for det travle bylivet eller p\u00e5 reise.<\/p>\n<p><img decoding=\"async\" class=\"size-medium wp-image-1212 aligncenter\" src=\"https:\/\/keluvo.com\/template\/wp-content\/uploads\/sites\/5\/2024\/10\/5679e8ae-43ad-451c-8704-e2909bcb26ab.webp\" alt=\"\" \/><\/p>\n<h2><\/h2>\n<h2 style=\"text-align: center;\"><strong>Wide Fargevalg<\/strong><\/h2>\n<p style=\"text-align: center;\">Velg mellom en rekke farger for \u00e5 matche din personlige stil. Denne allsidige vesken er perfekt \u00e5 kombinere med alle garderober, slik at du ser bra ut samtidig som du passer p\u00e5 eiendelene dine.<\/p>\n<p><img decoding=\"async\" class=\"size-medium wp-image-1213 aligncenter\" src=\"https:\/\/keluvo.com\/template\/wp-content\/uploads\/sites\/5\/2024\/10\/e0198de0-5ca8-4abd-a0f9-a9a3a528de0e.webp\" alt=\"\" \/><\/p>\n","protected":false},"excerpt":{"rendered":"<p>Bygget av materialer av h\u00f8y kvalitet Denne tyverisikrede vesken er laget av slitesterk polyester av h\u00f8y kvalitet, noe som gj\u00f8r [&hellip;]<\/p>\n","protected":false},"featured_media":2255,"comment_status":"open","ping_status":"closed","template":"","meta":{"site-sidebar-layout":"default","site-content-layout":"","ast-site-content-layout":"default","site-content-style":"default","site-sidebar-style":"default","ast-global-header-display":"","ast-banner-title-visibility":"","ast-main-header-display":"","ast-hfb-above-header-display":"","ast-hfb-below-header-display":"","ast-hfb-mobile-header-display":"","site-post-title":"","ast-breadcrumbs-content":"","ast-featured-img":"","footer-sml-layout":"","theme-transparent-header-meta":"default","adv-header-id-meta":"","stick-header-meta":"","header-above-stick-meta":"","header-main-stick-meta":"","header-below-stick-meta":"","astra-migrate-meta-layouts":"set","ast-page-background-enabled":"default","ast-page-background-meta":{"desktop":{"background-color":"var(--ast-global-color-4)","background-image":"","background-repeat":"repeat","background-position":"center center","background-size":"auto","background-attachment":"scroll","background-type":"","background-media":"","overlay-type":"","overlay-color":"","overlay-opacity":"","overlay-gradient":""},"tablet":{"background-color":"","background-image":"","background-repeat":"repeat","background-position":"center center","background-size":"auto","background-attachment":"scroll","background-type":"","background-media":"","overlay-type":"","overlay-color":"","overlay-opacity":"","overlay-gradient":""},"mobile":{"background-color":"","background-image":"","background-repeat":"repeat","background-position":"center center","background-size":"auto","background-attachment":"scroll","background-type":"","background-media":"","overlay-type":"","overlay-color":"","overlay-opacity":"","overlay-gradient":""}},"ast-content-background-meta":{"desktop":{"background-color":"var(--ast-global-color-5)","background-image":"","background-repeat":"repeat","background-position":"center center","background-size":"auto","background-attachment":"scroll","background-type":"","background-media":"","overlay-type":"","overlay-color":"","overlay-opacity":"","overlay-gradient":""},"tablet":{"background-color":"var(--ast-global-color-5)","background-image":"","background-repeat":"repeat","background-position":"center center","background-size":"auto","background-attachment":"scroll","background-type":"","background-media":"","overlay-type":"","overlay-color":"","overlay-opacity":"","overlay-gradient":""},"mobile":{"background-color":"var(--ast-global-color-5)","background-image":"","background-repeat":"repeat","background-position":"center center","background-size":"auto","background-attachment":"scroll","background-type":"","background-media":"","overlay-type":"","overlay-color":"","overlay-opacity":"","overlay-gradient":""}}},"product_brand":[],"product_cat":[15],"product_tag":[],"class_list":{"0":"post-2259","1":"product","2":"type-product","3":"status-publish","4":"has-post-thumbnail","6":"product_cat-uncategorized","7":"pa_3l8dqujf-gra","8":"pa_3l8dqujf-gronn","9":"pa_3l8dqujf-lilla","10":"pa_3l8dqujf-lys-rosa-med-monstre","11":"pa_3l8dqujf-lysebla","12":"pa_3l8dqujf-morkebla","13":"pa_3l8dqujf-morkegronn","14":"pa_3l8dqujf-rod","15":"pa_3l8dqujf-rod-med-monstre","16":"pa_3l8dqujf-rosa","17":"pa_3l8dqujf-svart","18":"pa_3l8dqujf-svart-med-monstre","19":"desktop-align-left","20":"tablet-align-left","21":"mobile-align-left","23":"first","24":"instock","25":"shipping-taxable","26":"purchasable","27":"product-type-variable"},"_links":{"self":[{"href":"https:\/\/keluvo.com\/no\/wp-json\/wp\/v2\/product\/2259","targetHints":{"allow":["GET"]}}],"collection":[{"href":"https:\/\/keluvo.com\/no\/wp-json\/wp\/v2\/product"}],"about":[{"href":"https:\/\/keluvo.com\/no\/wp-json\/wp\/v2\/types\/product"}],"replies":[{"embeddable":true,"href":"https:\/\/keluvo.com\/no\/wp-json\/wp\/v2\/comments?post=2259"}],"wp:featuredmedia":[{"embeddable":true,"href":"https:\/\/keluvo.com\/no\/wp-json\/wp\/v2\/media\/2255"}],"wp:attachment":[{"href":"https:\/\/keluvo.com\/no\/wp-json\/wp\/v2\/media?parent=2259"}],"wp:term":[{"taxonomy":"product_brand","embeddable":true,"href":"https:\/\/keluvo.com\/no\/wp-json\/wp\/v2\/product_brand?post=2259"},{"taxonomy":"product_cat","embeddable":true,"href":"https:\/\/keluvo.com\/no\/wp-json\/wp\/v2\/product_cat?post=2259"},{"taxonomy":"product_tag","embeddable":true,"href":"https:\/\/keluvo.com\/no\/wp-json\/wp\/v2\/product_tag?post=2259"}],"curies":[{"name":"wp","href":"https:\/\/api.w.org\/{rel}","templated":true}]}}