{"id":22480,"date":"2025-05-27T15:15:52","date_gmt":"2025-05-27T13:15:52","guid":{"rendered":"https:\/\/keluvo.com\/no\/produkt\/smertelindrende-ortopediske-joggesko\/"},"modified":"2025-07-17T17:31:09","modified_gmt":"2025-07-17T15:31:09","slug":"smertelindrende-ortopediske-joggesko","status":"publish","type":"product","link":"https:\/\/keluvo.com\/no\/produkt\/smertelindrende-ortopediske-joggesko\/","title":{"rendered":"Smertelindrende ortopediske joggesko"},"content":{"rendered":"<h2><img decoding=\"async\" class=\"alignnone size-full wp-image-21590 aligncenter\" src=\"https:\/\/keluvo.com\/template\/wp-content\/uploads\/sites\/5\/2025\/05\/shoes-chart.jpg\" alt=\"\" \/><\/h2>\n<h2 style=\"text-align: center\">Eliminer Fotsmerter \u2013 G\u00e5 Komfortabelt Igjen!<\/h2>\n<p style=\"text-align: center\">Hindrer \u00f8mme f\u00f8tter deg i \u00e5 nyte livet? De ortopediske joggeskoene gir deg den st\u00f8tten og avlastningen du trenger for komfort hele dagen. Enten du er ute p\u00e5 tur, l\u00f8per \u00e6rend eller holder deg aktiv, gir disse joggeskoene den n\u00f8dvendige stabiliteten og dempingen for \u00e5 lindre smerter og holde deg i gang.<\/p>\n<p><img decoding=\"async\" class=\"alignnone size-full wp-image-21534 aligncenter\" src=\"https:\/\/keluvo.com\/template\/wp-content\/uploads\/sites\/5\/2025\/05\/Filippa_Lindberg_Stockholm_T1.webp\" alt=\"\" \/><\/p>\n<h2 style=\"text-align: center\">G\u00e5 Fritt Og Komfortabelt \u2013 Hvert Skritt Blir Uanstrengt.<\/h2>\n<p>\u2714 Forbedret demping for smertelindring: Den robuste, st\u00f8tdempende s\u00e5len minimerer trykket p\u00e5 h\u00e6lene, fotbuene og kn\u00e6rne for hvert skritt.<\/p>\n<p>\u2714 Konstruert for stabilitet og balanse: Den slitesterke s\u00e5len og den tettsittende passformen gir ekstra st\u00f8tte, noe som reduserer belastning og ubehag.<\/p>\n<p>\u2714 Ideell passform for alle fotformer: Uansett om du har brede eller smale f\u00f8tter, tilpasser disse joggeskoene seg for \u00e5 gi deg en behagelig opplevelse.<\/p>\n<p>\u2714 Lett og pustende for komfort hele dagen: Laget av mykt, pustende materiale som holder f\u00f8ttene dine friske, t\u00f8rre og komfortable.<\/p>\n<p><img decoding=\"async\" class=\"alignnone size-full wp-image-21533 aligncenter\" src=\"https:\/\/keluvo.com\/template\/wp-content\/uploads\/sites\/5\/2025\/05\/Filippa_Lindberg_Stockholm_T2.webp\" alt=\"\" \/><\/p>\n","protected":false},"excerpt":{"rendered":"<p>Eliminer Fotsmerter \u2013 G\u00e5 Komfortabelt Igjen! Hindrer \u00f8mme f\u00f8tter deg i \u00e5 nyte livet? De ortopediske joggeskoene gir deg den [&hellip;]<\/p>\n","protected":false},"featured_media":22476,"comment_status":"open","ping_status":"closed","template":"","meta":{"site-sidebar-layout":"default","site-content-layout":"","ast-site-content-layout":"default","site-content-style":"default","site-sidebar-style":"default","ast-global-header-display":"","ast-banner-title-visibility":"","ast-main-header-display":"","ast-hfb-above-header-display":"","ast-hfb-below-header-display":"","ast-hfb-mobile-header-display":"","site-post-title":"","ast-breadcrumbs-content":"","ast-featured-img":"","footer-sml-layout":"","theme-transparent-header-meta":"default","adv-header-id-meta":"","stick-header-meta":"","header-above-stick-meta":"","header-main-stick-meta":"","header-below-stick-meta":"","astra-migrate-meta-layouts":"set","ast-page-background-enabled":"default","ast-page-background-meta":{"desktop":{"background-color":"var(--ast-global-color-4)","background-image":"","background-repeat":"repeat","background-position":"center center","background-size":"auto","background-attachment":"scroll","background-type":"","background-media":"","overlay-type":"","overlay-color":"","overlay-opacity":"","overlay-gradient":""},"tablet":{"background-color":"","background-image":"","background-repeat":"repeat","background-position":"center center","background-size":"auto","background-attachment":"scroll","background-type":"","background-media":"","overlay-type":"","overlay-color":"","overlay-opacity":"","overlay-gradient":""},"mobile":{"background-color":"","background-image":"","background-repeat":"repeat","background-position":"center center","background-size":"auto","background-attachment":"scroll","background-type":"","background-media":"","overlay-type":"","overlay-color":"","overlay-opacity":"","overlay-gradient":""}},"ast-content-background-meta":{"desktop":{"background-color":"var(--ast-global-color-5)","background-image":"","background-repeat":"repeat","background-position":"center center","background-size":"auto","background-attachment":"scroll","background-type":"","background-media":"","overlay-type":"","overlay-color":"","overlay-opacity":"","overlay-gradient":""},"tablet":{"background-color":"var(--ast-global-color-5)","background-image":"","background-repeat":"repeat","background-position":"center center","background-size":"auto","background-attachment":"scroll","background-type":"","background-media":"","overlay-type":"","overlay-color":"","overlay-opacity":"","overlay-gradient":""},"mobile":{"background-color":"var(--ast-global-color-5)","background-image":"","background-repeat":"repeat","background-position":"center center","background-size":"auto","background-attachment":"scroll","background-type":"","background-media":"","overlay-type":"","overlay-color":"","overlay-opacity":"","overlay-gradient":""}}},"product_brand":[],"product_cat":[993],"product_tag":[],"class_list":{"0":"post-22480","1":"product","2":"type-product","3":"status-publish","4":"has-post-thumbnail","6":"product_cat-skotoy-tilbehor","7":"pa_48140_erbz1sdm-bla","8":"pa_48140_erbz1sdm-gra","9":"pa_48140_erbz1sdm-hvit","10":"pa_48140_erbz1sdm-rosa","11":"pa_48140_erbz1sdm-svart","12":"pa_48140_odwbhfu4-4311","13":"pa_48140_odwbhfu4-4312","14":"pa_48140_odwbhfu4-4313","15":"pa_48140_odwbhfu4-4314","16":"pa_48140_odwbhfu4-4315","17":"pa_48140_odwbhfu4-4316","18":"pa_48140_odwbhfu4-4317","19":"pa_48140_odwbhfu4-4318","20":"pa_48140_odwbhfu4-4319","21":"pa_48140_odwbhfu4-4320","22":"desktop-align-left","23":"tablet-align-left","24":"mobile-align-left","26":"first","27":"instock","28":"shipping-taxable","29":"purchasable","30":"product-type-variable","31":"has-default-attributes"},"_links":{"self":[{"href":"https:\/\/keluvo.com\/no\/wp-json\/wp\/v2\/product\/22480","targetHints":{"allow":["GET"]}}],"collection":[{"href":"https:\/\/keluvo.com\/no\/wp-json\/wp\/v2\/product"}],"about":[{"href":"https:\/\/keluvo.com\/no\/wp-json\/wp\/v2\/types\/product"}],"replies":[{"embeddable":true,"href":"https:\/\/keluvo.com\/no\/wp-json\/wp\/v2\/comments?post=22480"}],"wp:featuredmedia":[{"embeddable":true,"href":"https:\/\/keluvo.com\/no\/wp-json\/wp\/v2\/media\/22476"}],"wp:attachment":[{"href":"https:\/\/keluvo.com\/no\/wp-json\/wp\/v2\/media?parent=22480"}],"wp:term":[{"taxonomy":"product_brand","embeddable":true,"href":"https:\/\/keluvo.com\/no\/wp-json\/wp\/v2\/product_brand?post=22480"},{"taxonomy":"product_cat","embeddable":true,"href":"https:\/\/keluvo.com\/no\/wp-json\/wp\/v2\/product_cat?post=22480"},{"taxonomy":"product_tag","embeddable":true,"href":"https:\/\/keluvo.com\/no\/wp-json\/wp\/v2\/product_tag?post=22480"}],"curies":[{"name":"wp","href":"https:\/\/api.w.org\/{rel}","templated":true}]}}