{"id":22475,"date":"2025-05-27T15:14:59","date_gmt":"2025-05-27T13:14:59","guid":{"rendered":"https:\/\/keluvo.com\/no\/produkt\/sommerlig-denimkjole-med-v-hals\/"},"modified":"2025-07-04T15:51:41","modified_gmt":"2025-07-04T13:51:41","slug":"sommerlig-denimkjole-med-v-hals","status":"publish","type":"product","link":"https:\/\/keluvo.com\/no\/produkt\/sommerlig-denimkjole-med-v-hals\/","title":{"rendered":"Sommerlig denimkjole med V-hals"},"content":{"rendered":"<h2 style=\"text-align: center;\"><img fetchpriority=\"high\" decoding=\"async\" width=\"771\" height=\"346\" class=\"size-full wp-image-22714 aligncenter\" src=\"https:\/\/keluvo.com\/no\/wp-content\/uploads\/sites\/10\/2025\/05\/denim-chart.jpg\" alt=\"\" \/><\/h2>\n<h2 style=\"text-align: center;\">En kjole du f\u00f8ler deg vel i, som har alt!<\/h2>\n<p style=\"text-align: center;\"><strong>Fang oppmerksomheten i en dongerikjole som kombinerer avslappet stil med praktiske detaljer.<\/strong><br \/>\nDenne kjolen er laget for kvinner som setter pris p\u00e5 allsidig mote \u2013 perfekt til uformelle brunsjer, spontane utflukter eller mer pyntede kvelder. Vil du ha en kjole som b\u00e5de sitter pent og er behagelig \u00e5 bruke, er dette et sikkert valg.<\/p>\n<p><img decoding=\"async\" class=\"alignnone size-full wp-image-21530 aligncenter\" src=\"https:\/\/keluvo.com\/template\/wp-content\/uploads\/sites\/5\/2025\/05\/Janina_Lindberg_Stockholm_T1_1.webp\" alt=\"\" \/><\/p>\n<h2 style=\"text-align: center;\">Ditt nye favorittplagg i garderoben<\/h2>\n<p>\u2713<strong> Flatterende silhuett:<\/strong> Designet for \u00e5 fremheve din naturlige form med en avslappet og luftig f\u00f8lelse som du vil sette pris p\u00e5. Stram den inn med belte for et mer skreddersydd uttrykk, eller bruk den l\u00f8st for en uformell og ledig stil.<\/p>\n<p>\u2713 <strong>Allsidig for alle \u00e5rstider:<\/strong> Kombiner den med st\u00f8vler og en cardigan om h\u00f8sten eller sandaler om sommeren. Denne kjolen er perfekt til alle \u00e5rstider &#8211; en tidl\u00f8s favoritt.<\/p>\n<p>\u2713 <strong>Luksuri\u00f8s denim av h\u00f8y kvalitet:<\/strong> Laget av f\u00f8rsteklasses denim som f\u00f8les fantastisk og ser fantastisk ut &#8211; myk mot huden og med perfekt tekstur. Slitesterk nok for hverdagsbruk, men komfortabel nok for bruk hele dagen.<\/p>\n<p>\u2713<strong> V-halsdesign &amp; Funksjonelle lommer:<\/strong> Med en elegant V-hals og to praktiske sidelommer kombinerer den stil med funksjonalitet. Kle den opp eller hold den avslappet &#8211; valget er ditt!<\/p>\n<p><img decoding=\"async\" class=\"alignnone size-full wp-image-21529 aligncenter\" src=\"https:\/\/keluvo.com\/template\/wp-content\/uploads\/sites\/5\/2025\/05\/Janina_Lindberg_Stockholm_T2.webp\" alt=\"\" \/><\/p>\n","protected":false},"excerpt":{"rendered":"<p>En kjole du f\u00f8ler deg vel i, som har alt! Fang oppmerksomheten i en dongerikjole som kombinerer avslappet stil med [&hellip;]<\/p>\n","protected":false},"featured_media":22471,"comment_status":"open","ping_status":"closed","template":"","meta":{"site-sidebar-layout":"default","site-content-layout":"","ast-site-content-layout":"default","site-content-style":"default","site-sidebar-style":"default","ast-global-header-display":"","ast-banner-title-visibility":"","ast-main-header-display":"","ast-hfb-above-header-display":"","ast-hfb-below-header-display":"","ast-hfb-mobile-header-display":"","site-post-title":"","ast-breadcrumbs-content":"","ast-featured-img":"","footer-sml-layout":"","theme-transparent-header-meta":"default","adv-header-id-meta":"","stick-header-meta":"","header-above-stick-meta":"","header-main-stick-meta":"","header-below-stick-meta":"","astra-migrate-meta-layouts":"set","ast-page-background-enabled":"default","ast-page-background-meta":{"desktop":{"background-color":"var(--ast-global-color-4)","background-image":"","background-repeat":"repeat","background-position":"center center","background-size":"auto","background-attachment":"scroll","background-type":"","background-media":"","overlay-type":"","overlay-color":"","overlay-opacity":"","overlay-gradient":""},"tablet":{"background-color":"","background-image":"","background-repeat":"repeat","background-position":"center center","background-size":"auto","background-attachment":"scroll","background-type":"","background-media":"","overlay-type":"","overlay-color":"","overlay-opacity":"","overlay-gradient":""},"mobile":{"background-color":"","background-image":"","background-repeat":"repeat","background-position":"center center","background-size":"auto","background-attachment":"scroll","background-type":"","background-media":"","overlay-type":"","overlay-color":"","overlay-opacity":"","overlay-gradient":""}},"ast-content-background-meta":{"desktop":{"background-color":"var(--ast-global-color-5)","background-image":"","background-repeat":"repeat","background-position":"center center","background-size":"auto","background-attachment":"scroll","background-type":"","background-media":"","overlay-type":"","overlay-color":"","overlay-opacity":"","overlay-gradient":""},"tablet":{"background-color":"var(--ast-global-color-5)","background-image":"","background-repeat":"repeat","background-position":"center center","background-size":"auto","background-attachment":"scroll","background-type":"","background-media":"","overlay-type":"","overlay-color":"","overlay-opacity":"","overlay-gradient":""},"mobile":{"background-color":"var(--ast-global-color-5)","background-image":"","background-repeat":"repeat","background-position":"center center","background-size":"auto","background-attachment":"scroll","background-type":"","background-media":"","overlay-type":"","overlay-color":"","overlay-opacity":"","overlay-gradient":""}}},"product_brand":[],"product_cat":[994],"product_tag":[],"class_list":{"0":"post-22475","1":"product","2":"type-product","3":"status-publish","4":"has-post-thumbnail","6":"product_cat-klaer-til-kvinner","7":"desktop-align-left","8":"tablet-align-left","9":"mobile-align-left","11":"first","12":"instock","13":"shipping-taxable","14":"purchasable","15":"product-type-variable"},"_links":{"self":[{"href":"https:\/\/keluvo.com\/no\/wp-json\/wp\/v2\/product\/22475","targetHints":{"allow":["GET"]}}],"collection":[{"href":"https:\/\/keluvo.com\/no\/wp-json\/wp\/v2\/product"}],"about":[{"href":"https:\/\/keluvo.com\/no\/wp-json\/wp\/v2\/types\/product"}],"replies":[{"embeddable":true,"href":"https:\/\/keluvo.com\/no\/wp-json\/wp\/v2\/comments?post=22475"}],"wp:featuredmedia":[{"embeddable":true,"href":"https:\/\/keluvo.com\/no\/wp-json\/wp\/v2\/media\/22471"}],"wp:attachment":[{"href":"https:\/\/keluvo.com\/no\/wp-json\/wp\/v2\/media?parent=22475"}],"wp:term":[{"taxonomy":"product_brand","embeddable":true,"href":"https:\/\/keluvo.com\/no\/wp-json\/wp\/v2\/product_brand?post=22475"},{"taxonomy":"product_cat","embeddable":true,"href":"https:\/\/keluvo.com\/no\/wp-json\/wp\/v2\/product_cat?post=22475"},{"taxonomy":"product_tag","embeddable":true,"href":"https:\/\/keluvo.com\/no\/wp-json\/wp\/v2\/product_tag?post=22475"}],"curies":[{"name":"wp","href":"https:\/\/api.w.org\/{rel}","templated":true}]}}