{"id":22459,"date":"2025-05-27T15:14:03","date_gmt":"2025-05-27T13:14:03","guid":{"rendered":"https:\/\/keluvo.com\/no\/produkt\/baerbart-vannpumpesett\/"},"modified":"2025-07-17T17:27:36","modified_gmt":"2025-07-17T15:27:36","slug":"baerbart-vannpumpesett","status":"publish","type":"product","link":"https:\/\/keluvo.com\/no\/produkt\/baerbart-vannpumpesett\/","title":{"rendered":"B\u00e6rbart vannpumpesett"},"content":{"rendered":"<h2><img decoding=\"async\" class=\"alignnone size-full wp-image-21507 aligncenter\" src=\"https:\/\/keluvo.com\/template\/wp-content\/uploads\/sites\/5\/2025\/05\/gif1-144.webp\" alt=\"\" \/><\/h2>\n<h2 style=\"text-align: center;\">Bruk naturen som vannkilde!<\/h2>\n<p style=\"text-align: center;\">Opplev hvor enkel og fleksibel v\u00e5r b\u00e6rbare, multifunksjonelle vannpumpe er! Den er perfekt til mange bruksomr\u00e5der. Den leveres med dyser for dusjing, vanning av planter, rengj\u00f8ring, \u00f8se ut b\u00e5ter, vaske hunder og mye mer.<\/p>\n<p style=\"text-align: center;\">Nedsenkbar pumpe: Senk pumpen helt ned i en vannkilde, for eksempel en b\u00f8tte, innsj\u00f8, bekk, sj\u00f8vann eller lignende, og aktiver motoren.<\/p>\n<p style=\"text-align: center;\">V\u00e5r b\u00e6rbare pumpe er laget for \u00e5 levere en jevn og behagelig vannstr\u00f8m, noe som gj\u00f8r den perfekt for sommermoro.<\/p>\n<p><img decoding=\"async\" class=\"alignnone size-full wp-image-21509 aligncenter\" src=\"https:\/\/keluvo.com\/template\/wp-content\/uploads\/sites\/5\/2025\/05\/gal1-29.jpg\" alt=\"\" \/><\/p>\n<h2 style=\"text-align: center;\">B\u00e6rbarhet og bekvemmelighet<\/h2>\n<p style=\"text-align: center;\"><strong>Kompakt Design<\/strong>: Lett og enkel \u00e5 ta med seg hvor som helst.<\/p>\n<p style=\"text-align: center;\"><strong>Oppladbart Batteri<\/strong>: Integrert batteri med lang levetid gj\u00f8r at du kan bruke pumpen uten \u00e5 m\u00e5tte v\u00e6re i n\u00e6rheten av en str\u00f8mkilde.<\/p>\n<p><img decoding=\"async\" class=\"alignnone size-full wp-image-21506 aligncenter\" src=\"https:\/\/keluvo.com\/template\/wp-content\/uploads\/sites\/5\/2025\/05\/gal4-12.webp\" alt=\"\" \/><\/p>\n<h2 style=\"text-align: center;\">Allsidige dyser<\/h2>\n<p style=\"text-align: center;\"><strong>Forskjellige Spraym\u00f8nstre<\/strong>: Inkluderer flere dyser for ulike bruksomr\u00e5der, for eksempel en fin t\u00e5ke for sk\u00e5nsomme planter, en sterk str\u00e5le for t\u00f8ff rengj\u00f8ring og en justerbar dyse for alle andre behov.<\/p>\n<p style=\"text-align: center;\"><strong>Hurtigkobling<\/strong>: Enkelt \u00e5 bytte munnstykker for raskt \u00e5 justere pumpen til ulike oppgaver.<\/p>\n<p><img decoding=\"async\" class=\"alignnone size-full wp-image-21505 aligncenter\" src=\"https:\/\/keluvo.com\/template\/wp-content\/uploads\/sites\/5\/2025\/05\/gif2-113.webp\" alt=\"\" \/><\/p>\n<h2 style=\"text-align: center;\">Bruksomr\u00e5der<\/h2>\n<p style=\"text-align: center;\"><strong>Hagearbeid<\/strong>: Vann plantene dine, fyll p\u00e5 hagedammer eller vask hageredskapene dine.<\/p>\n<p style=\"text-align: center;\">Dusj n\u00e5r som helst, hvor som helst!<\/p>\n<p style=\"text-align: center;\"><strong>Rengj\u00f8ring<\/strong>: Ideell til vask av biler, b\u00e5ter, utem\u00f8bler og uteplasser.<\/p>\n<p style=\"text-align: center;\"><strong>Utend\u00f8rsaktiviteter<\/strong>: Ta den med p\u00e5 camping, piknik eller b\u00e5tturer for \u00e5 h\u00e5ndtere vannbehovet ditt p\u00e5 en enkel m\u00e5te.<\/p>\n<p style=\"text-align: center;\"><strong>N\u00f8dsituasjoner<\/strong>: Nyttig under flom eller andre vannrelaterte kriser.<\/p>\n<p><img decoding=\"async\" class=\"alignnone size-full wp-image-21504 aligncenter\" src=\"https:\/\/keluvo.com\/template\/wp-content\/uploads\/sites\/5\/2025\/05\/gal5-7.webp\" alt=\"\" \/><\/p>\n<p><img decoding=\"async\" class=\"alignnone size-full wp-image-21502 aligncenter\" src=\"https:\/\/keluvo.com\/template\/wp-content\/uploads\/sites\/5\/2025\/05\/gif4-20.webp\" alt=\"\" \/><\/p>\n<h2 style=\"text-align: center;\">I pakken:<\/h2>\n<ul>\n<li>Vannpumpe<\/li>\n<li>Ladekabel (usb), 2 forskjellige dyser, slange (205 cm).\n<ul>\n<li>4000 mAh, 74 V<\/li>\n<li>Flow: Ca. 6-7 liter per minutt<\/li>\n<li>Pumpens brukstid: 60 minutter<\/li>\n<li>Lading: USB (kabel inkludert)<\/li>\n<\/ul>\n<\/li>\n<\/ul>\n<p>&nbsp;<\/p>\n","protected":false},"excerpt":{"rendered":"<p>Bruk naturen som vannkilde! Opplev hvor enkel og fleksibel v\u00e5r b\u00e6rbare, multifunksjonelle vannpumpe er! Den er perfekt til mange bruksomr\u00e5der. [&hellip;]<\/p>\n","protected":false},"featured_media":22456,"comment_status":"open","ping_status":"closed","template":"","meta":{"site-sidebar-layout":"default","site-content-layout":"","ast-site-content-layout":"default","site-content-style":"default","site-sidebar-style":"default","ast-global-header-display":"","ast-banner-title-visibility":"","ast-main-header-display":"","ast-hfb-above-header-display":"","ast-hfb-below-header-display":"","ast-hfb-mobile-header-display":"","site-post-title":"","ast-breadcrumbs-content":"","ast-featured-img":"","footer-sml-layout":"","theme-transparent-header-meta":"default","adv-header-id-meta":"","stick-header-meta":"","header-above-stick-meta":"","header-main-stick-meta":"","header-below-stick-meta":"","astra-migrate-meta-layouts":"set","ast-page-background-enabled":"default","ast-page-background-meta":{"desktop":{"background-color":"var(--ast-global-color-4)","background-image":"","background-repeat":"repeat","background-position":"center center","background-size":"auto","background-attachment":"scroll","background-type":"","background-media":"","overlay-type":"","overlay-color":"","overlay-opacity":"","overlay-gradient":""},"tablet":{"background-color":"","background-image":"","background-repeat":"repeat","background-position":"center center","background-size":"auto","background-attachment":"scroll","background-type":"","background-media":"","overlay-type":"","overlay-color":"","overlay-opacity":"","overlay-gradient":""},"mobile":{"background-color":"","background-image":"","background-repeat":"repeat","background-position":"center center","background-size":"auto","background-attachment":"scroll","background-type":"","background-media":"","overlay-type":"","overlay-color":"","overlay-opacity":"","overlay-gradient":""}},"ast-content-background-meta":{"desktop":{"background-color":"var(--ast-global-color-5)","background-image":"","background-repeat":"repeat","background-position":"center center","background-size":"auto","background-attachment":"scroll","background-type":"","background-media":"","overlay-type":"","overlay-color":"","overlay-opacity":"","overlay-gradient":""},"tablet":{"background-color":"var(--ast-global-color-5)","background-image":"","background-repeat":"repeat","background-position":"center center","background-size":"auto","background-attachment":"scroll","background-type":"","background-media":"","overlay-type":"","overlay-color":"","overlay-opacity":"","overlay-gradient":""},"mobile":{"background-color":"var(--ast-global-color-5)","background-image":"","background-repeat":"repeat","background-position":"center center","background-size":"auto","background-attachment":"scroll","background-type":"","background-media":"","overlay-type":"","overlay-color":"","overlay-opacity":"","overlay-gradient":""}}},"product_brand":[],"product_cat":[1000],"product_tag":[],"class_list":{"0":"post-22459","1":"product","2":"type-product","3":"status-publish","4":"has-post-thumbnail","6":"product_cat-tur-camping-og-fritidsutstyr","7":"desktop-align-left","8":"tablet-align-left","9":"mobile-align-left","11":"first","12":"instock","13":"shipping-taxable","14":"purchasable","15":"product-type-simple"},"_links":{"self":[{"href":"https:\/\/keluvo.com\/no\/wp-json\/wp\/v2\/product\/22459","targetHints":{"allow":["GET"]}}],"collection":[{"href":"https:\/\/keluvo.com\/no\/wp-json\/wp\/v2\/product"}],"about":[{"href":"https:\/\/keluvo.com\/no\/wp-json\/wp\/v2\/types\/product"}],"replies":[{"embeddable":true,"href":"https:\/\/keluvo.com\/no\/wp-json\/wp\/v2\/comments?post=22459"}],"wp:featuredmedia":[{"embeddable":true,"href":"https:\/\/keluvo.com\/no\/wp-json\/wp\/v2\/media\/22456"}],"wp:attachment":[{"href":"https:\/\/keluvo.com\/no\/wp-json\/wp\/v2\/media?parent=22459"}],"wp:term":[{"taxonomy":"product_brand","embeddable":true,"href":"https:\/\/keluvo.com\/no\/wp-json\/wp\/v2\/product_brand?post=22459"},{"taxonomy":"product_cat","embeddable":true,"href":"https:\/\/keluvo.com\/no\/wp-json\/wp\/v2\/product_cat?post=22459"},{"taxonomy":"product_tag","embeddable":true,"href":"https:\/\/keluvo.com\/no\/wp-json\/wp\/v2\/product_tag?post=22459"}],"curies":[{"name":"wp","href":"https:\/\/api.w.org\/{rel}","templated":true}]}}