{"id":22344,"date":"2025-05-26T18:17:46","date_gmt":"2025-05-26T16:17:46","guid":{"rendered":"https:\/\/keluvo.com\/no\/produkt\/monarqua-solbriller\/"},"modified":"2025-07-17T17:20:40","modified_gmt":"2025-07-17T15:20:40","slug":"monarqua-solbriller","status":"publish","type":"product","link":"https:\/\/keluvo.com\/no\/produkt\/monarqua-solbriller\/","title":{"rendered":"Monarqua\u2122 solbriller"},"content":{"rendered":"<h2 style=\"text-align: center\">Laget for \u00e5 fengsle. Laget med holdbarhet i tankene.<\/h2>\n<p style=\"text-align: center\">Monarqua\u2122-solbrillene har rene konturer, full detaljering og 100 % UV400-linsebeskyttelse som fremhever &laquo;looken&raquo; uten \u00e5 ofre selvtilliten. De skinner like mye som de f\u00f8les med en strukturert kontur, jevn balanse og uanstrengt f\u00f8lelse &#8211; det perfekte tilbeh\u00f8ret for skarpe morgener, helgeturer eller n\u00e5r det kreves skarp eleganse.<\/p>\n<p style=\"text-align: center\">For \u00e5 opprettholde kvaliteten p\u00e5 de f\u00f8rsteklasses materialene, anbefaler vi h\u00e5ndvask av alle plaggene v\u00e5re. Ved bruk av maskin, vennligst velg h\u00e5ndvask for \u00e5 unng\u00e5 skader. Plaggene m\u00e5 alltid luftt\u00f8rkes, da t\u00f8rketrommel er et vanskelig alternativ.<\/p>\n<h2 style=\"text-align: center\">St\u00f8rrelsesguide<\/h2>\n<p style=\"text-align: center\">Alle st\u00f8rrelsene v\u00e5re passer i st\u00f8rrelsen. Vi anbefaler imidlertid at du tar en st\u00f8rrelse st\u00f8rre enn din vanlige st\u00f8rrelse for optimal passform.<\/p>\n","protected":false},"excerpt":{"rendered":"<p>Laget for \u00e5 fengsle. Laget med holdbarhet i tankene. Monarqua\u2122-solbrillene har rene konturer, full detaljering og 100 % UV400-linsebeskyttelse som [&hellip;]<\/p>\n","protected":false},"featured_media":22340,"comment_status":"open","ping_status":"closed","template":"","meta":{"site-sidebar-layout":"default","site-content-layout":"","ast-site-content-layout":"default","site-content-style":"default","site-sidebar-style":"default","ast-global-header-display":"","ast-banner-title-visibility":"","ast-main-header-display":"","ast-hfb-above-header-display":"","ast-hfb-below-header-display":"","ast-hfb-mobile-header-display":"","site-post-title":"","ast-breadcrumbs-content":"","ast-featured-img":"","footer-sml-layout":"","theme-transparent-header-meta":"default","adv-header-id-meta":"","stick-header-meta":"","header-above-stick-meta":"","header-main-stick-meta":"","header-below-stick-meta":"","astra-migrate-meta-layouts":"set","ast-page-background-enabled":"default","ast-page-background-meta":{"desktop":{"background-color":"var(--ast-global-color-4)","background-image":"","background-repeat":"repeat","background-position":"center center","background-size":"auto","background-attachment":"scroll","background-type":"","background-media":"","overlay-type":"","overlay-color":"","overlay-opacity":"","overlay-gradient":""},"tablet":{"background-color":"","background-image":"","background-repeat":"repeat","background-position":"center center","background-size":"auto","background-attachment":"scroll","background-type":"","background-media":"","overlay-type":"","overlay-color":"","overlay-opacity":"","overlay-gradient":""},"mobile":{"background-color":"","background-image":"","background-repeat":"repeat","background-position":"center center","background-size":"auto","background-attachment":"scroll","background-type":"","background-media":"","overlay-type":"","overlay-color":"","overlay-opacity":"","overlay-gradient":""}},"ast-content-background-meta":{"desktop":{"background-color":"var(--ast-global-color-5)","background-image":"","background-repeat":"repeat","background-position":"center center","background-size":"auto","background-attachment":"scroll","background-type":"","background-media":"","overlay-type":"","overlay-color":"","overlay-opacity":"","overlay-gradient":""},"tablet":{"background-color":"var(--ast-global-color-5)","background-image":"","background-repeat":"repeat","background-position":"center center","background-size":"auto","background-attachment":"scroll","background-type":"","background-media":"","overlay-type":"","overlay-color":"","overlay-opacity":"","overlay-gradient":""},"mobile":{"background-color":"var(--ast-global-color-5)","background-image":"","background-repeat":"repeat","background-position":"center center","background-size":"auto","background-attachment":"scroll","background-type":"","background-media":"","overlay-type":"","overlay-color":"","overlay-opacity":"","overlay-gradient":""}}},"product_brand":[],"product_cat":[993],"product_tag":[],"class_list":{"0":"post-22344","1":"product","2":"type-product","3":"status-publish","4":"has-post-thumbnail","6":"product_cat-skotoy-tilbehor","7":"pa_48133_ubm952yn-bla","8":"pa_48133_ubm952yn-gra","9":"pa_48133_ubm952yn-gronn","10":"pa_48133_ubm952yn-oransje","11":"pa_48133_ubm952yn-svart","12":"desktop-align-left","13":"tablet-align-left","14":"mobile-align-left","16":"first","17":"instock","18":"shipping-taxable","19":"purchasable","20":"product-type-variable"},"_links":{"self":[{"href":"https:\/\/keluvo.com\/no\/wp-json\/wp\/v2\/product\/22344","targetHints":{"allow":["GET"]}}],"collection":[{"href":"https:\/\/keluvo.com\/no\/wp-json\/wp\/v2\/product"}],"about":[{"href":"https:\/\/keluvo.com\/no\/wp-json\/wp\/v2\/types\/product"}],"replies":[{"embeddable":true,"href":"https:\/\/keluvo.com\/no\/wp-json\/wp\/v2\/comments?post=22344"}],"wp:featuredmedia":[{"embeddable":true,"href":"https:\/\/keluvo.com\/no\/wp-json\/wp\/v2\/media\/22340"}],"wp:attachment":[{"href":"https:\/\/keluvo.com\/no\/wp-json\/wp\/v2\/media?parent=22344"}],"wp:term":[{"taxonomy":"product_brand","embeddable":true,"href":"https:\/\/keluvo.com\/no\/wp-json\/wp\/v2\/product_brand?post=22344"},{"taxonomy":"product_cat","embeddable":true,"href":"https:\/\/keluvo.com\/no\/wp-json\/wp\/v2\/product_cat?post=22344"},{"taxonomy":"product_tag","embeddable":true,"href":"https:\/\/keluvo.com\/no\/wp-json\/wp\/v2\/product_tag?post=22344"}],"curies":[{"name":"wp","href":"https:\/\/api.w.org\/{rel}","templated":true}]}}