{"id":21641,"date":"2025-05-23T11:46:30","date_gmt":"2025-05-23T09:46:30","guid":{"rendered":"https:\/\/keluvo.com\/no\/produkt\/magnetisk-multifunksjonell-tradlos-vegglampe\/"},"modified":"2025-07-04T15:03:10","modified_gmt":"2025-07-04T13:03:10","slug":"magnetisk-multifunksjonell-tradlos-vegglampe","status":"publish","type":"product","link":"https:\/\/keluvo.com\/no\/produkt\/magnetisk-multifunksjonell-tradlos-vegglampe\/","title":{"rendered":"Magnetisk multifunksjonell tr\u00e5dl\u00f8s vegglampe"},"content":{"rendered":"<h2 style=\"text-align: center;\">Det magnetiske lyset for alle moderne rom<\/h2>\n<p style=\"text-align: center;\">Dette er den elegante, tr\u00e5dl\u00f8se LED-vegglampen som installeres p\u00e5 sekunder &#8211; ingen ledninger, ingen boring, ingen problemer. Perfekt for soverom, gang, stue og hvor som helst i hjemmet ditt du vil ha gallerilignende belysning.<\/p>\n<p><img decoding=\"async\" class=\"size-full wp-image-21123 aligncenter\" src=\"https:\/\/keluvo.com\/template\/wp-content\/uploads\/sites\/5\/2025\/05\/ledgif-ezgif.com-video-to-webp-converter.webp\" alt=\"\" \/><\/p>\n<h2 style=\"text-align: center;\">Hva f\u00e5r den til \u00e5 skinne:<\/h2>\n<ul data-start=\"565\" data-end=\"1210\">\n<li data-start=\"565\" data-end=\"716\">\n<p data-start=\"567\" data-end=\"716\"><strong>Tr\u00e5dl\u00f8s og oppladbar<\/strong> \u2013 Si farvel til rotete kabler og dyre installasjoner. Den lades via USB og kan festes der du trenger lys.<\/p>\n<\/li>\n<li data-start=\"717\" data-end=\"807\">\n<p data-start=\"719\" data-end=\"807\"><strong>Magnetisk montering<\/strong> \u2013 Fest lampen p\u00e5 plass eller ta den enkelt av for h\u00e5ndholdt bruk.<\/p>\n<\/li>\n<li data-start=\"808\" data-end=\"911\">\n<p data-start=\"810\" data-end=\"911\"><strong>Justerbar belysning<\/strong> \u2013 Roter lampehodet og velg lysstyrkeniv\u00e5 for \u00e5 matche hum\u00f8ret ditt.<\/p>\n<\/li>\n<li data-start=\"912\" data-end=\"1024\">\n<p data-start=\"914\" data-end=\"1024\"><strong>Bevegelsessensormodus<\/strong> \u2013 Tennes automatisk n\u00e5r bevegelse registreres. Perfekt for skap, inngangspartier eller nattbelysning.<\/p>\n<\/li>\n<li data-start=\"1025\" data-end=\"1112\">\n<p data-start=\"1027\" data-end=\"1112\"><strong>Ber\u00f8ringskontroll<\/strong> \u2013 Trykk for \u00e5 sl\u00e5 p\u00e5\/av eller justere intensiteten. Moderne og intuitiv.<\/p>\n<\/li>\n<li data-start=\"1113\" data-end=\"1210\">\n<p data-start=\"1115\" data-end=\"1210\"><strong>Moderne og minimalistisk design<\/strong> \u2013 Rene linjer og matt finish passer uanstrengt inn i enhver innredning.<\/p>\n<\/li>\n<\/ul>\n<p><img decoding=\"async\" class=\"alignnone size-full wp-image-21120 aligncenter\" src=\"https:\/\/keluvo.com\/template\/wp-content\/uploads\/sites\/5\/2025\/05\/produktbild-15.webp\" alt=\"\" \/><\/p>\n<h2 style=\"text-align: center;\" data-start=\"1217\" data-end=\"1247\">Designet for alle rom<\/h2>\n<p style=\"text-align: center;\" data-start=\"1249\" data-end=\"1411\">Uavhengig av om du leser i sengen, lyser opp veggkunst eller belyser en trapp &#8211; lyset v\u00e5rt gir deg fleksibel, elegant belysning der tradisjonelle armaturer ikke kan!<\/p>\n<h2 style=\"text-align: center;\" data-start=\"1418\" data-end=\"1441\">Produktdetaljer:<\/h2>\n<ul data-start=\"1443\" data-end=\"1735\">\n<li data-start=\"1485\" data-end=\"1525\">\n<p data-start=\"1487\" data-end=\"1525\">\ud83d\udd0b Oppladbar via USB (kabel inkludert)<\/p>\n<\/li>\n<li data-start=\"1526\" data-end=\"1574\">\n<p data-start=\"1528\" data-end=\"1574\">\ud83d\udcd0 Roterbar design for retningsbestemt belysning<\/p>\n<\/li>\n<li data-start=\"1575\" data-end=\"1621\">\n<p data-start=\"1577\" data-end=\"1621\">\ud83c\udf19 3 moduser: Ber\u00f8ring, konstant, bevegelsessensor<\/p>\n<\/li>\n<li data-start=\"1622\" data-end=\"1659\">\n<p data-start=\"1624\" data-end=\"1659\">\ud83d\udce6 Enkel veggmontering med peel-and-stick<\/p>\n<\/li>\n<li data-start=\"1692\" data-end=\"1735\">\n<p data-start=\"1694\" data-end=\"1735\">\u23f1 Opptil 20 timer med lys p\u00e5 \u00e9n lading<\/p>\n<\/li>\n<li data-start=\"1692\" data-end=\"1735\">RGB-farger for ulike stemninger<\/li>\n<\/ul>\n<h2 style=\"text-align: center;\" data-start=\"1742\" data-end=\"1780\">Lett \u00e5 installere, fantastisk effekt<\/h2>\n<p style=\"text-align: center;\" data-start=\"1782\" data-end=\"1926\">Ingen elektriker. Ingen verkt\u00f8y. Bare skrell av, sett p\u00e5 plass og klikk lampen p\u00e5 plass med den magnetiske basen. Trenger du \u00e5 lade? Ta den av og plugg den inn.<\/p>\n","protected":false},"excerpt":{"rendered":"<p>Det magnetiske lyset for alle moderne rom Dette er den elegante, tr\u00e5dl\u00f8se LED-vegglampen som installeres p\u00e5 sekunder &#8211; ingen ledninger, [&hellip;]<\/p>\n","protected":false},"featured_media":21637,"comment_status":"open","ping_status":"closed","template":"","meta":{"site-sidebar-layout":"default","site-content-layout":"","ast-site-content-layout":"default","site-content-style":"default","site-sidebar-style":"default","ast-global-header-display":"","ast-banner-title-visibility":"","ast-main-header-display":"","ast-hfb-above-header-display":"","ast-hfb-below-header-display":"","ast-hfb-mobile-header-display":"","site-post-title":"","ast-breadcrumbs-content":"","ast-featured-img":"","footer-sml-layout":"","theme-transparent-header-meta":"default","adv-header-id-meta":"","stick-header-meta":"","header-above-stick-meta":"","header-main-stick-meta":"","header-below-stick-meta":"","astra-migrate-meta-layouts":"set","ast-page-background-enabled":"default","ast-page-background-meta":{"desktop":{"background-color":"var(--ast-global-color-4)","background-image":"","background-repeat":"repeat","background-position":"center center","background-size":"auto","background-attachment":"scroll","background-type":"","background-media":"","overlay-type":"","overlay-color":"","overlay-opacity":"","overlay-gradient":""},"tablet":{"background-color":"","background-image":"","background-repeat":"repeat","background-position":"center center","background-size":"auto","background-attachment":"scroll","background-type":"","background-media":"","overlay-type":"","overlay-color":"","overlay-opacity":"","overlay-gradient":""},"mobile":{"background-color":"","background-image":"","background-repeat":"repeat","background-position":"center center","background-size":"auto","background-attachment":"scroll","background-type":"","background-media":"","overlay-type":"","overlay-color":"","overlay-opacity":"","overlay-gradient":""}},"ast-content-background-meta":{"desktop":{"background-color":"var(--ast-global-color-5)","background-image":"","background-repeat":"repeat","background-position":"center center","background-size":"auto","background-attachment":"scroll","background-type":"","background-media":"","overlay-type":"","overlay-color":"","overlay-opacity":"","overlay-gradient":""},"tablet":{"background-color":"var(--ast-global-color-5)","background-image":"","background-repeat":"repeat","background-position":"center center","background-size":"auto","background-attachment":"scroll","background-type":"","background-media":"","overlay-type":"","overlay-color":"","overlay-opacity":"","overlay-gradient":""},"mobile":{"background-color":"var(--ast-global-color-5)","background-image":"","background-repeat":"repeat","background-position":"center center","background-size":"auto","background-attachment":"scroll","background-type":"","background-media":"","overlay-type":"","overlay-color":"","overlay-opacity":"","overlay-gradient":""}}},"product_brand":[],"product_cat":[1001],"product_tag":[],"class_list":{"0":"post-21641","1":"product","2":"type-product","3":"status-publish","4":"has-post-thumbnail","6":"product_cat-husholdningsartikler","7":"pa_48128_r2vln78s-gull-3-pakning","8":"pa_48128_r2vln78s-hvit-3-pakning","9":"pa_48128_r2vln78s-svart-3-pakning","10":"desktop-align-left","11":"tablet-align-left","12":"mobile-align-left","14":"first","15":"instock","16":"shipping-taxable","17":"purchasable","18":"product-type-variable"},"_links":{"self":[{"href":"https:\/\/keluvo.com\/no\/wp-json\/wp\/v2\/product\/21641","targetHints":{"allow":["GET"]}}],"collection":[{"href":"https:\/\/keluvo.com\/no\/wp-json\/wp\/v2\/product"}],"about":[{"href":"https:\/\/keluvo.com\/no\/wp-json\/wp\/v2\/types\/product"}],"replies":[{"embeddable":true,"href":"https:\/\/keluvo.com\/no\/wp-json\/wp\/v2\/comments?post=21641"}],"wp:featuredmedia":[{"embeddable":true,"href":"https:\/\/keluvo.com\/no\/wp-json\/wp\/v2\/media\/21637"}],"wp:attachment":[{"href":"https:\/\/keluvo.com\/no\/wp-json\/wp\/v2\/media?parent=21641"}],"wp:term":[{"taxonomy":"product_brand","embeddable":true,"href":"https:\/\/keluvo.com\/no\/wp-json\/wp\/v2\/product_brand?post=21641"},{"taxonomy":"product_cat","embeddable":true,"href":"https:\/\/keluvo.com\/no\/wp-json\/wp\/v2\/product_cat?post=21641"},{"taxonomy":"product_tag","embeddable":true,"href":"https:\/\/keluvo.com\/no\/wp-json\/wp\/v2\/product_tag?post=21641"}],"curies":[{"name":"wp","href":"https:\/\/api.w.org\/{rel}","templated":true}]}}