{"id":21631,"date":"2025-05-23T11:18:51","date_gmt":"2025-05-23T09:18:51","guid":{"rendered":"https:\/\/keluvo.com\/no\/produkt\/solcelledrevet-dyreavviser\/"},"modified":"2025-07-16T18:12:30","modified_gmt":"2025-07-16T16:12:30","slug":"solcelledrevet-dyreavviser","status":"publish","type":"product","link":"https:\/\/keluvo.com\/no\/produkt\/solcelledrevet-dyreavviser\/","title":{"rendered":"Solcelledrevet dyreavviser"},"content":{"rendered":"<h2 style=\"text-align: center;\" data-start=\"0\" data-end=\"64\">Hold u\u00f8nskede dyr unna med solcelleavviseren!<\/h2>\n<p style=\"text-align: center;\" data-start=\"66\" data-end=\"222\">Beskytt eiendommen din dag og natt ved hjelp av solcelledrevne lys med h\u00f8ye lydalarmer som effektivt skremmer bort ville dyr &#8211; uten behov for ledninger eller batterier.<\/p>\n<p style=\"text-align: center;\" data-start=\"224\" data-end=\"506\">Solcelleavviseren har h\u00f8yeffektive solcellepaneler, sterke blinkende lys og en gjennomtrengende alarm for \u00e5 avskrekke dyr som villsvin, hjort, vaskebj\u00f8rner og l\u00f8shunder. Den v\u00e6rbestandige designen gj\u00f8r at den fungerer under alle forhold og er enkel \u00e5 installere overalt der du trenger beskyttelse.<\/p>\n<p data-start=\"224\" data-end=\"506\"><img decoding=\"async\" class=\"alignnone size-full wp-image-21104 aligncenter\" src=\"https:\/\/keluvo.com\/template\/wp-content\/uploads\/sites\/5\/2025\/05\/20240808-gif1.webp\" alt=\"\" \/><\/p>\n<h2 style=\"text-align: center;\" data-start=\"513\" data-end=\"533\">Kraftig Avskrekker Enhet<\/h2>\n<ul data-start=\"535\" data-end=\"958\">\n<li data-start=\"535\" data-end=\"626\">\n<p data-start=\"537\" data-end=\"626\">\u2600\ufe0f <strong data-start=\"540\" data-end=\"557\">Solcelledrevet<\/strong> \u2013 Lades i l\u00f8pet av dagen og fungerer hele natten uten ekstern str\u00f8m.<\/p>\n<\/li>\n<li data-start=\"627\" data-end=\"714\">\n<p data-start=\"629\" data-end=\"714\">\ud83d\udd0a <strong data-start=\"632\" data-end=\"652\">H\u00f8y Alarmlyd<\/strong> \u2013 Avskrekkende lyd n\u00e5r langt for \u00e5 skremme bort dyr.<\/p>\n<\/li>\n<li data-start=\"715\" data-end=\"793\">\n<p data-start=\"717\" data-end=\"793\">\ud83d\udca1 <strong data-start=\"720\" data-end=\"739\">Blinkende Lys<\/strong> \u2013 Kraftige lysglimt varsler og skremmer bort inntrengere om natten.<\/p>\n<\/li>\n<li data-start=\"794\" data-end=\"885\">\n<p data-start=\"796\" data-end=\"885\">\ud83d\udc17 <strong data-start=\"799\" data-end=\"821\">Viltavskrekking<\/strong> \u2013 Effektiv mot villsvin, vaskebj\u00f8rner, r\u00e5dyr og l\u00f8shunder.<\/p>\n<\/li>\n<li data-start=\"886\" data-end=\"958\">\n<p data-start=\"888\" data-end=\"958\">\ud83c\udf27\ufe0f <strong data-start=\"892\" data-end=\"919\">V\u00e6rbestandig<\/strong> \u2013 Holdbar mot regn, sol og sn\u00f8.<\/p>\n<\/li>\n<\/ul>\n<p><img decoding=\"async\" class=\"alignnone size-full wp-image-21105 aligncenter\" src=\"https:\/\/keluvo.com\/template\/wp-content\/uploads\/sites\/5\/2025\/05\/1-30.jpg\" alt=\"\" \/><\/p>\n<h2 style=\"text-align: center;\" data-start=\"965\" data-end=\"983\">\ud83d\udee0\ufe0f Slik Bruker Du Den<\/h2>\n<ol data-start=\"985\" data-end=\"1288\">\n<li data-start=\"985\" data-end=\"1042\">\n<p data-start=\"988\" data-end=\"1042\">Plasser repelleren p\u00e5 et sted med direkte sollys.<\/p>\n<\/li>\n<li data-start=\"1043\" data-end=\"1127\">\n<p data-start=\"1046\" data-end=\"1127\">Velg din modell og installer den i \u00f8nsket h\u00f8yde.<\/p>\n<\/li>\n<li data-start=\"1128\" data-end=\"1171\">\n<p data-start=\"1131\" data-end=\"1171\">La enheten lade i l\u00f8pet av dagen.<\/p>\n<\/li>\n<li data-start=\"1172\" data-end=\"1288\">\n<p data-start=\"1175\" data-end=\"1288\">Lysene og alarmen aktiveres automatisk om natten n\u00e5r bevegelse oppdages eller stilles inn som kontinuerlig avskrekking.<\/p>\n<\/li>\n<\/ol>\n<p><img decoding=\"async\" class=\"alignnone size-full wp-image-21112 aligncenter\" src=\"https:\/\/keluvo.com\/template\/wp-content\/uploads\/sites\/5\/2025\/05\/6-17.jpg\" alt=\"\" \/><\/p>\n<h2 style=\"text-align: center;\" data-start=\"1295\" data-end=\"1317\">Produktdetaljer<\/h2>\n<ul data-start=\"1319\" data-end=\"1610\">\n<li data-start=\"1356\" data-end=\"1367\">\n<p data-start=\"1358\" data-end=\"1367\">Effekt: 1W<\/p>\n<\/li>\n<li data-start=\"1368\" data-end=\"1397\">\n<p data-start=\"1370\" data-end=\"1397\">Spenning: 3,7V | Str\u00f8m: 1A<\/p>\n<\/li>\n<li data-start=\"1398\" data-end=\"1443\">\n<p data-start=\"1400\" data-end=\"1443\">Materiale: Slitesterkt, v\u00e6rbestandig kabinett<\/p>\n<\/li>\n<li data-start=\"1459\" data-end=\"1544\">\n<p data-start=\"1461\" data-end=\"1468\">Modeller:<\/p>\n<ul data-start=\"1471\" data-end=\"1544\">\n<li data-start=\"1471\" data-end=\"1506\">\n<p data-start=\"1473\" data-end=\"1506\">2 s\u00f8kelyset: 110 \u00d7 185 \u00d7 97 mm<\/p>\n<\/li>\n<li data-start=\"1509\" data-end=\"1544\">\n<p data-start=\"1511\" data-end=\"1544\">4 s\u00f8kelyset: 190 \u00d7 156 \u00d7 92 mm<\/p>\n<\/li>\n<\/ul>\n<\/li>\n<li data-start=\"1545\" data-end=\"1610\">\n<p data-start=\"1547\" data-end=\"1610\">Funksjon: Visuell og lydmessig avskrekking for utend\u00f8rs dyrekontroll<\/p>\n<\/li>\n<\/ul>\n<p><img decoding=\"async\" class=\"alignnone size-full wp-image-21111 aligncenter\" src=\"https:\/\/keluvo.com\/template\/wp-content\/uploads\/sites\/5\/2025\/05\/5-18.jpg\" alt=\"\" \/><\/p>\n<h2 style=\"text-align: center;\" data-start=\"1617\" data-end=\"1640\">\ud83d\udce6 Pakken Inneholder<\/h2>\n<ul data-start=\"1642\" data-end=\"1725\">\n<li data-start=\"1642\" data-end=\"1725\">\n<p data-start=\"1644\" data-end=\"1725\">1 x dyreavvisende solvarsellampe med h\u00f8yt volum<\/p>\n<\/li>\n<\/ul>\n","protected":false},"excerpt":{"rendered":"<p>Hold u\u00f8nskede dyr unna med solcelleavviseren! Beskytt eiendommen din dag og natt ved hjelp av solcelledrevne lys med h\u00f8ye lydalarmer [&hellip;]<\/p>\n","protected":false},"featured_media":21627,"comment_status":"open","ping_status":"closed","template":"","meta":{"site-sidebar-layout":"default","site-content-layout":"","ast-site-content-layout":"default","site-content-style":"default","site-sidebar-style":"default","ast-global-header-display":"","ast-banner-title-visibility":"","ast-main-header-display":"","ast-hfb-above-header-display":"","ast-hfb-below-header-display":"","ast-hfb-mobile-header-display":"","site-post-title":"","ast-breadcrumbs-content":"","ast-featured-img":"","footer-sml-layout":"","theme-transparent-header-meta":"default","adv-header-id-meta":"","stick-header-meta":"","header-above-stick-meta":"","header-main-stick-meta":"","header-below-stick-meta":"","astra-migrate-meta-layouts":"set","ast-page-background-enabled":"default","ast-page-background-meta":{"desktop":{"background-color":"var(--ast-global-color-4)","background-image":"","background-repeat":"repeat","background-position":"center center","background-size":"auto","background-attachment":"scroll","background-type":"","background-media":"","overlay-type":"","overlay-color":"","overlay-opacity":"","overlay-gradient":""},"tablet":{"background-color":"","background-image":"","background-repeat":"repeat","background-position":"center center","background-size":"auto","background-attachment":"scroll","background-type":"","background-media":"","overlay-type":"","overlay-color":"","overlay-opacity":"","overlay-gradient":""},"mobile":{"background-color":"","background-image":"","background-repeat":"repeat","background-position":"center center","background-size":"auto","background-attachment":"scroll","background-type":"","background-media":"","overlay-type":"","overlay-color":"","overlay-opacity":"","overlay-gradient":""}},"ast-content-background-meta":{"desktop":{"background-color":"var(--ast-global-color-5)","background-image":"","background-repeat":"repeat","background-position":"center center","background-size":"auto","background-attachment":"scroll","background-type":"","background-media":"","overlay-type":"","overlay-color":"","overlay-opacity":"","overlay-gradient":""},"tablet":{"background-color":"var(--ast-global-color-5)","background-image":"","background-repeat":"repeat","background-position":"center center","background-size":"auto","background-attachment":"scroll","background-type":"","background-media":"","overlay-type":"","overlay-color":"","overlay-opacity":"","overlay-gradient":""},"mobile":{"background-color":"var(--ast-global-color-5)","background-image":"","background-repeat":"repeat","background-position":"center center","background-size":"auto","background-attachment":"scroll","background-type":"","background-media":"","overlay-type":"","overlay-color":"","overlay-opacity":"","overlay-gradient":""}}},"product_brand":[],"product_cat":[1001],"product_tag":[],"class_list":{"0":"post-21631","1":"product","2":"type-product","3":"status-publish","4":"has-post-thumbnail","6":"product_cat-husholdningsartikler","7":"pa_48127_4voy1snj-2-spotlights","8":"pa_48127_4voy1snj-4-spotlights","9":"desktop-align-left","10":"tablet-align-left","11":"mobile-align-left","13":"first","14":"instock","15":"shipping-taxable","16":"purchasable","17":"product-type-variable"},"_links":{"self":[{"href":"https:\/\/keluvo.com\/no\/wp-json\/wp\/v2\/product\/21631","targetHints":{"allow":["GET"]}}],"collection":[{"href":"https:\/\/keluvo.com\/no\/wp-json\/wp\/v2\/product"}],"about":[{"href":"https:\/\/keluvo.com\/no\/wp-json\/wp\/v2\/types\/product"}],"replies":[{"embeddable":true,"href":"https:\/\/keluvo.com\/no\/wp-json\/wp\/v2\/comments?post=21631"}],"wp:featuredmedia":[{"embeddable":true,"href":"https:\/\/keluvo.com\/no\/wp-json\/wp\/v2\/media\/21627"}],"wp:attachment":[{"href":"https:\/\/keluvo.com\/no\/wp-json\/wp\/v2\/media?parent=21631"}],"wp:term":[{"taxonomy":"product_brand","embeddable":true,"href":"https:\/\/keluvo.com\/no\/wp-json\/wp\/v2\/product_brand?post=21631"},{"taxonomy":"product_cat","embeddable":true,"href":"https:\/\/keluvo.com\/no\/wp-json\/wp\/v2\/product_cat?post=21631"},{"taxonomy":"product_tag","embeddable":true,"href":"https:\/\/keluvo.com\/no\/wp-json\/wp\/v2\/product_tag?post=21631"}],"curies":[{"name":"wp","href":"https:\/\/api.w.org\/{rel}","templated":true}]}}