{"id":21432,"date":"2025-05-22T18:48:22","date_gmt":"2025-05-22T16:48:22","guid":{"rendered":"https:\/\/keluvo.com\/no\/produkt\/latzbukser-i-kanvas-for-dame\/"},"modified":"2025-07-16T17:48:14","modified_gmt":"2025-07-16T15:48:14","slug":"latzbukser-i-kanvas-for-dame","status":"publish","type":"product","link":"https:\/\/keluvo.com\/no\/produkt\/latzbukser-i-kanvas-for-dame\/","title":{"rendered":"Selebukser i kanvas for dame"},"content":{"rendered":"<h2 style=\"text-align: center;\">\ud83d\udc56 Robust kanvasbukse for kvinner &#8211; ultraavlastet passform<\/h2>\n<p style=\"text-align: center;\" data-start=\"240\" data-end=\"351\"><strong data-start=\"240\" data-end=\"351\">Uanstrengt Komfort M\u00f8ter Slitesterkt Arbeidst\u00f8y \u2014 Den Perfekte Kjeledressen For Stil, Styrke Og Bevegelse.<\/strong><\/p>\n<p style=\"text-align: center;\" data-start=\"353\" data-end=\"566\">Denne kanvasbuksen er laget for hverdagslige gj\u00f8rem\u00e5l. Med justerbare stropper, dype lommer og slitesterkt stoff er de ideelle for hagearbeid, h\u00e5ndverk, utend\u00f8rsarbeid &#8211; eller bare for \u00e5 f\u00e5 en kul brukslook.<\/p>\n<h2 style=\"text-align: center;\" data-start=\"573\" data-end=\"593\">\ud83d\udd0d Viktige funksjoner:<\/h2>\n<ul data-start=\"595\" data-end=\"916\">\n<li data-start=\"595\" data-end=\"633\">\n<p data-start=\"597\" data-end=\"633\">\ud83d\udd27 Stretchstropper for tilpasset passform<\/p>\n<\/li>\n<li data-start=\"634\" data-end=\"675\">\n<p data-start=\"636\" data-end=\"675\">\ud83e\uddf5 Trippels\u00f8m for ekstra styrke<\/p>\n<\/li>\n<li data-start=\"676\" data-end=\"724\">\n<p data-start=\"678\" data-end=\"724\">\ud83c\udf92 Stor smekklomme med trykknapplukking<\/p>\n<\/li>\n<li data-start=\"725\" data-end=\"755\">\n<p data-start=\"727\" data-end=\"755\">\ud83d\udc56 To romslige frontlommer<\/p>\n<\/li>\n<li data-start=\"756\" data-end=\"786\">\n<p data-start=\"758\" data-end=\"786\">\ud83d\udd28 Hammerl\u00f8kke p\u00e5 venstre ben<\/p>\n<\/li>\n<li data-start=\"787\" data-end=\"831\">\n<p data-start=\"789\" data-end=\"831\">\ud83e\uddfa Forsterkede baklommer for daglig bruk<\/p>\n<\/li>\n<li data-start=\"832\" data-end=\"878\">\n<p data-start=\"834\" data-end=\"878\">\ud83e\uddf6 Laget av tykk, pustende 100 % bomull<\/p>\n<\/li>\n<li data-start=\"879\" data-end=\"916\">\n<p data-start=\"881\" data-end=\"916\">\ud83e\uddfc Kan vaskes i maskin for enkel pleie<\/p>\n<\/li>\n<li>\ud83d\udccf 74 cm inners\u00f8m<\/li>\n<\/ul>\n<h2 style=\"text-align: center;\">St\u00f8rrelsestabell<\/h2>\n<p><img decoding=\"async\" class=\"alignnone size-full wp-image-20986 aligncenter\" src=\"https:\/\/keluvo.com\/template\/wp-content\/uploads\/sites\/5\/2025\/05\/canvas-chart.jpg\" alt=\"\" \/><\/p>\n<div>\n<h2 class=\"summary__title\" style=\"text-align: center;\">Slik velger du st\u00f8rrelse<\/h2>\n<\/div>\n<div id=\"ProductAccordion-edf1794e-3b04-4bfc-a440-8f499b72f231-template--20624063660336__main\" class=\"accordion__content rte\">\n<p style=\"text-align: center;\">P\u00e5 detaljsiden til hvert av produktene v\u00e5re finner du en st\u00f8rrelsestabell som viser de faktiske m\u00e5lene p\u00e5 produktet.<\/p>\n<p style=\"text-align: center;\">M\u00e5l dine egne kroppsm\u00e5l (f.eks. bryst, midje og hofter), sammenlign kroppsm\u00e5lene dine med st\u00f8rrelsestabellen og velg den st\u00f8rrelsen som passer deg.<\/p>\n<p style=\"text-align: center;\">Du kan ogs\u00e5 m\u00e5le dine egne klesm\u00e5l, sammenligne dem med st\u00f8rrelsestabellen og velg en st\u00f8rrelse som ligger n\u00e6r klesm\u00e5lene dine. Dette er en metode vi anbefaler sterkt.<\/p>\n<p style=\"text-align: center;\">Hvis du fortsatt er usikker p\u00e5 hvordan du skal velge st\u00f8rrelse, kan du kontakte oss. Vi anbefaler gjerne en st\u00f8rrelse til deg.<\/p>\n<\/div>\n","protected":false},"excerpt":{"rendered":"<p>\ud83d\udc56 Robust kanvasbukse for kvinner &#8211; ultraavlastet passform Uanstrengt Komfort M\u00f8ter Slitesterkt Arbeidst\u00f8y \u2014 Den Perfekte Kjeledressen For Stil, Styrke [&hellip;]<\/p>\n","protected":false},"featured_media":21428,"comment_status":"open","ping_status":"closed","template":"","meta":{"site-sidebar-layout":"default","site-content-layout":"","ast-site-content-layout":"default","site-content-style":"default","site-sidebar-style":"default","ast-global-header-display":"","ast-banner-title-visibility":"","ast-main-header-display":"","ast-hfb-above-header-display":"","ast-hfb-below-header-display":"","ast-hfb-mobile-header-display":"","site-post-title":"","ast-breadcrumbs-content":"","ast-featured-img":"","footer-sml-layout":"","theme-transparent-header-meta":"default","adv-header-id-meta":"","stick-header-meta":"","header-above-stick-meta":"","header-main-stick-meta":"","header-below-stick-meta":"","astra-migrate-meta-layouts":"set","ast-page-background-enabled":"default","ast-page-background-meta":{"desktop":{"background-color":"var(--ast-global-color-4)","background-image":"","background-repeat":"repeat","background-position":"center center","background-size":"auto","background-attachment":"scroll","background-type":"","background-media":"","overlay-type":"","overlay-color":"","overlay-opacity":"","overlay-gradient":""},"tablet":{"background-color":"","background-image":"","background-repeat":"repeat","background-position":"center center","background-size":"auto","background-attachment":"scroll","background-type":"","background-media":"","overlay-type":"","overlay-color":"","overlay-opacity":"","overlay-gradient":""},"mobile":{"background-color":"","background-image":"","background-repeat":"repeat","background-position":"center center","background-size":"auto","background-attachment":"scroll","background-type":"","background-media":"","overlay-type":"","overlay-color":"","overlay-opacity":"","overlay-gradient":""}},"ast-content-background-meta":{"desktop":{"background-color":"var(--ast-global-color-5)","background-image":"","background-repeat":"repeat","background-position":"center center","background-size":"auto","background-attachment":"scroll","background-type":"","background-media":"","overlay-type":"","overlay-color":"","overlay-opacity":"","overlay-gradient":""},"tablet":{"background-color":"var(--ast-global-color-5)","background-image":"","background-repeat":"repeat","background-position":"center center","background-size":"auto","background-attachment":"scroll","background-type":"","background-media":"","overlay-type":"","overlay-color":"","overlay-opacity":"","overlay-gradient":""},"mobile":{"background-color":"var(--ast-global-color-5)","background-image":"","background-repeat":"repeat","background-position":"center center","background-size":"auto","background-attachment":"scroll","background-type":"","background-media":"","overlay-type":"","overlay-color":"","overlay-opacity":"","overlay-gradient":""}}},"product_brand":[],"product_cat":[994],"product_tag":[],"class_list":{"0":"post-21432","1":"product","2":"type-product","3":"status-publish","4":"has-post-thumbnail","6":"product_cat-klaer-til-kvinner","7":"pa_48125_rgkqxunh-gra","8":"pa_48125_rgkqxunh-gronn","9":"pa_48125_rgkqxunh-kamel","10":"pa_48125_rgkqxunh-svart","11":"pa_48125_yi6bgw5r-s","12":"pa_48125_yi6bgw5r-m","13":"pa_48125_yi6bgw5r-l","14":"pa_48125_yi6bgw5r-xl","15":"pa_48125_yi6bgw5r-2xl","16":"desktop-align-left","17":"tablet-align-left","18":"mobile-align-left","20":"first","21":"instock","22":"shipping-taxable","23":"purchasable","24":"product-type-variable","25":"has-default-attributes"},"_links":{"self":[{"href":"https:\/\/keluvo.com\/no\/wp-json\/wp\/v2\/product\/21432","targetHints":{"allow":["GET"]}}],"collection":[{"href":"https:\/\/keluvo.com\/no\/wp-json\/wp\/v2\/product"}],"about":[{"href":"https:\/\/keluvo.com\/no\/wp-json\/wp\/v2\/types\/product"}],"replies":[{"embeddable":true,"href":"https:\/\/keluvo.com\/no\/wp-json\/wp\/v2\/comments?post=21432"}],"wp:featuredmedia":[{"embeddable":true,"href":"https:\/\/keluvo.com\/no\/wp-json\/wp\/v2\/media\/21428"}],"wp:attachment":[{"href":"https:\/\/keluvo.com\/no\/wp-json\/wp\/v2\/media?parent=21432"}],"wp:term":[{"taxonomy":"product_brand","embeddable":true,"href":"https:\/\/keluvo.com\/no\/wp-json\/wp\/v2\/product_brand?post=21432"},{"taxonomy":"product_cat","embeddable":true,"href":"https:\/\/keluvo.com\/no\/wp-json\/wp\/v2\/product_cat?post=21432"},{"taxonomy":"product_tag","embeddable":true,"href":"https:\/\/keluvo.com\/no\/wp-json\/wp\/v2\/product_tag?post=21432"}],"curies":[{"name":"wp","href":"https:\/\/api.w.org\/{rel}","templated":true}]}}