{"id":21246,"date":"2025-05-22T16:49:49","date_gmt":"2025-05-22T14:49:49","guid":{"rendered":"https:\/\/keluvo.com\/no\/produkt\/plantepotte\/"},"modified":"2025-07-03T16:54:28","modified_gmt":"2025-07-03T14:54:28","slug":"plantepotte","status":"publish","type":"product","link":"https:\/\/keluvo.com\/no\/produkt\/plantepotte\/","title":{"rendered":"Plantepotte"},"content":{"rendered":"<p style=\"text-align: center;\"><strong>\ud83c\udf31 Gi rommet et l\u00f8ft sheremart joy-potten!<\/strong><\/p>\n<p style=\"text-align: center;\">Lys opp ethvert rom, hage eller uteplass med denne sjarmerende blomsterpotten &#8211; perfekt for \u00e5 bringe sjarm til favorittplantene dine. Blomsterpotten er laget av slitesterk harpiks og har et muntert uttrykk og lekne f\u00f8tter, som gj\u00f8r den til en i\u00f8ynefallende dekorasjon b\u00e5de innend\u00f8rs og utend\u00f8rs. Den er designet med et romslig planteomr\u00e5de og et innebygd dreneringshull, og er b\u00e5de funksjonell og morsom &#8211; ideell for sukkulenter, urter og sm\u00e5 potteplanter.<\/p>\n<p><img decoding=\"async\" class=\"alignnone size-full wp-image-20882 aligncenter\" src=\"https:\/\/keluvo.com\/template\/wp-content\/uploads\/sites\/5\/2025\/05\/Sa261e311ef95437a8f56a0fcebea4a2dA.jpg_960x960q75.jpg_.jpeg\" alt=\"\" \/><\/p>\n<h2 style=\"text-align: center;\">\ud83c\udf1f Hovedfordeler<\/h2>\n<p><span style=\"font-weight: 400;\">\ud83d\ude04 <\/span><b>Finurlig design<\/b><span style=\"font-weight: 400;\"> \u2013 Tilf\u00f8rer humor og personlighet med det smilende ansiktet og f\u00f8ttene.<\/span><\/p>\n<p><span style=\"font-weight: 400;\">\ud83e\udeb4 <\/span><b>Allsidig bruk<\/b><span style=\"font-weight: 400;\"> \u2013 Perfekt for sukkulenter, urter, blomster eller kunstige planter.<\/span><\/p>\n<p><span style=\"font-weight: 400;\">\ud83d\udca7 <\/span><b>Innebygd drenering<\/b><span style=\"font-weight: 400;\"> \u2013 Forhindrer overvanning og fremmer sunn vekst.<\/span><\/p>\n<p><span style=\"font-weight: 400;\">\ud83c\udfe1 <\/span><b>Innend\u00f8rs\/utend\u00f8rsvennlig<\/b><span style=\"font-weight: 400;\"> \u2013 Perfekt for hager, uteplasser, verandaer, skrivebord eller vinduskarmer.<\/span><\/p>\n<p><span style=\"font-weight: 400;\">\ud83c\udf81 <\/span><b>Perfekt gave<\/b><span style=\"font-weight: 400;\"> \u2013 En morsom overraskelse for planteelskere, kunstfans og alle som elsker unik innredning.<\/span><\/p>\n<p><img decoding=\"async\" class=\"alignnone size-full wp-image-20872 aligncenter\" src=\"https:\/\/keluvo.com\/template\/wp-content\/uploads\/sites\/5\/2025\/05\/8a7889f0-6e38-4830-8b63-369cb5fca8c9.webp.webp\" alt=\"\" \/><\/p>\n<h2 style=\"text-align: center;\">\ud83d\udee0\ufe0f Slik bruker du den<\/h2>\n<ol>\n<li style=\"font-weight: 400;\"><span style=\"font-weight: 400;\">Plasser krukken p\u00e5 \u00f8nsket sted, tilsett jord og favorittplanten eller -blomsten, vann lett og la overfl\u00f8dig vann renne ut av det innebygde hullet, og nyt den muntre stemningen den gir til rommet ditt!<\/span><span style=\"font-weight: 400;\"><br \/>\n<\/span><\/li>\n<\/ol>\n<h2 style=\"text-align: center;\">\ud83d\udccf Produktdetaljer<\/h2>\n<ul>\n<li style=\"font-weight: 400;\"><span style=\"font-weight: 400;\">Materiale: Harpiks av h\u00f8y kvalitet<\/span><span style=\"font-weight: 400;\"><br \/>\n<\/span><\/li>\n<li style=\"font-weight: 400;\"><span style=\"font-weight: 400;\">St\u00f8rrelse: 150 \u00d7 120 \u00d7 110 mm<\/span><span style=\"font-weight: 400;\"><br \/>\n<\/span><\/li>\n<li style=\"font-weight: 400;\"><span style=\"font-weight: 400;\">Vekt: Lett og enkel \u00e5 flytte<\/span><span style=\"font-weight: 400;\"><br \/>\n<\/span><\/li>\n<li style=\"font-weight: 400;\"><span style=\"font-weight: 400;\">Bruk: Dekorativ potte innend\u00f8rs eller utend\u00f8rs<\/span><span style=\"font-weight: 400;\"><br \/>\n<\/span><\/li>\n<\/ul>\n<h2 style=\"text-align: center;\">\ud83d\udce6 Pakken inkluderer<\/h2>\n<ul>\n<li style=\"font-weight: 400;\"><span style=\"font-weight: 400;\">1 x potte.<\/span><\/li>\n<\/ul>\n","protected":false},"excerpt":{"rendered":"<p>\ud83c\udf31 Gi rommet et l\u00f8ft sheremart joy-potten! Lys opp ethvert rom, hage eller uteplass med denne sjarmerende blomsterpotten &#8211; perfekt [&hellip;]<\/p>\n","protected":false},"featured_media":21242,"comment_status":"open","ping_status":"closed","template":"","meta":{"site-sidebar-layout":"default","site-content-layout":"","ast-site-content-layout":"default","site-content-style":"default","site-sidebar-style":"default","ast-global-header-display":"","ast-banner-title-visibility":"","ast-main-header-display":"","ast-hfb-above-header-display":"","ast-hfb-below-header-display":"","ast-hfb-mobile-header-display":"","site-post-title":"","ast-breadcrumbs-content":"","ast-featured-img":"","footer-sml-layout":"","theme-transparent-header-meta":"default","adv-header-id-meta":"","stick-header-meta":"","header-above-stick-meta":"","header-main-stick-meta":"","header-below-stick-meta":"","astra-migrate-meta-layouts":"set","ast-page-background-enabled":"default","ast-page-background-meta":{"desktop":{"background-color":"var(--ast-global-color-4)","background-image":"","background-repeat":"repeat","background-position":"center center","background-size":"auto","background-attachment":"scroll","background-type":"","background-media":"","overlay-type":"","overlay-color":"","overlay-opacity":"","overlay-gradient":""},"tablet":{"background-color":"","background-image":"","background-repeat":"repeat","background-position":"center center","background-size":"auto","background-attachment":"scroll","background-type":"","background-media":"","overlay-type":"","overlay-color":"","overlay-opacity":"","overlay-gradient":""},"mobile":{"background-color":"","background-image":"","background-repeat":"repeat","background-position":"center center","background-size":"auto","background-attachment":"scroll","background-type":"","background-media":"","overlay-type":"","overlay-color":"","overlay-opacity":"","overlay-gradient":""}},"ast-content-background-meta":{"desktop":{"background-color":"var(--ast-global-color-5)","background-image":"","background-repeat":"repeat","background-position":"center center","background-size":"auto","background-attachment":"scroll","background-type":"","background-media":"","overlay-type":"","overlay-color":"","overlay-opacity":"","overlay-gradient":""},"tablet":{"background-color":"var(--ast-global-color-5)","background-image":"","background-repeat":"repeat","background-position":"center center","background-size":"auto","background-attachment":"scroll","background-type":"","background-media":"","overlay-type":"","overlay-color":"","overlay-opacity":"","overlay-gradient":""},"mobile":{"background-color":"var(--ast-global-color-5)","background-image":"","background-repeat":"repeat","background-position":"center center","background-size":"auto","background-attachment":"scroll","background-type":"","background-media":"","overlay-type":"","overlay-color":"","overlay-opacity":"","overlay-gradient":""}}},"product_brand":[],"product_cat":[1001],"product_tag":[],"class_list":{"0":"post-21246","1":"product","2":"type-product","3":"status-publish","4":"has-post-thumbnail","6":"product_cat-husholdningsartikler","7":"pa_21043_j8dxv3si-a","8":"pa_21043_j8dxv3si-b","9":"pa_21043_j8dxv3si-c","10":"pa_21043_j8dxv3si-d","11":"pa_21043_j8dxv3si-e","12":"pa_21043_j8dxv3si-f","13":"desktop-align-left","14":"tablet-align-left","15":"mobile-align-left","17":"first","18":"instock","19":"shipping-taxable","20":"purchasable","21":"product-type-variable"},"_links":{"self":[{"href":"https:\/\/keluvo.com\/no\/wp-json\/wp\/v2\/product\/21246","targetHints":{"allow":["GET"]}}],"collection":[{"href":"https:\/\/keluvo.com\/no\/wp-json\/wp\/v2\/product"}],"about":[{"href":"https:\/\/keluvo.com\/no\/wp-json\/wp\/v2\/types\/product"}],"replies":[{"embeddable":true,"href":"https:\/\/keluvo.com\/no\/wp-json\/wp\/v2\/comments?post=21246"}],"wp:featuredmedia":[{"embeddable":true,"href":"https:\/\/keluvo.com\/no\/wp-json\/wp\/v2\/media\/21242"}],"wp:attachment":[{"href":"https:\/\/keluvo.com\/no\/wp-json\/wp\/v2\/media?parent=21246"}],"wp:term":[{"taxonomy":"product_brand","embeddable":true,"href":"https:\/\/keluvo.com\/no\/wp-json\/wp\/v2\/product_brand?post=21246"},{"taxonomy":"product_cat","embeddable":true,"href":"https:\/\/keluvo.com\/no\/wp-json\/wp\/v2\/product_cat?post=21246"},{"taxonomy":"product_tag","embeddable":true,"href":"https:\/\/keluvo.com\/no\/wp-json\/wp\/v2\/product_tag?post=21246"}],"curies":[{"name":"wp","href":"https:\/\/api.w.org\/{rel}","templated":true}]}}