{"id":21209,"date":"2025-05-22T16:45:46","date_gmt":"2025-05-22T14:45:46","guid":{"rendered":"https:\/\/keluvo.com\/no\/produkt\/leppeplumper-serum\/"},"modified":"2025-09-04T20:18:22","modified_gmt":"2025-09-04T17:18:22","slug":"leppeplumper-serum","status":"publish","type":"product","link":"https:\/\/keluvo.com\/no\/produkt\/leppeplumper-serum\/","title":{"rendered":"Leppeplumper-serum"},"content":{"rendered":"<p style=\"text-align: center\"><strong>\ud83d\udc8b F\u00e5 fyldigere, fuktige lepper \u00f8yeblikkelig med lip plumper serum!<\/strong><\/p>\n<p style=\"text-align: center\"><span style=\"font-weight: 400\">Oppn\u00e5 naturlig fyldige, saftige lepper p\u00e5 sekunder med dette ikke-klebende, fuktighetsgivende leppeserumet &#8211; designet for \u00e5 \u00f8ke fylden samtidig som leppene holdes myke og glatte. Serumet er formulert med naturlige planteekstrakter, mineraler og avanserte leppepumpende ingredienser, og bruker oljeseparasjonsteknologi for \u00e5 holde p\u00e5 fuktigheten og skape et synlig fyldigere utseende. Perfekt for daglig bruk eller et raskt skj\u00f8nnhetsboost f\u00f8r du g\u00e5r ut.<\/span><\/p>\n<p><img decoding=\"async\" class=\"alignnone size-full wp-image-20705 aligncenter\" src=\"https:\/\/keluvo.com\/template\/wp-content\/uploads\/sites\/5\/2025\/05\/Sb531e918b29a4ce29949001341dcf409U.jpg_960x960q75.jpg_.jpeg\" alt=\"\" \/><\/p>\n<h2 style=\"text-align: center\">\ud83c\udf1f Hovedfordeler<\/h2>\n<p>\ud83d\udca7 Hydrerer &amp; n\u00e6rer \u2013 Holder leppene myke, glatte og fuktige<\/p>\n<p>\ud83d\udc8b Plumper \u00f8yeblikkelig \u2013 Forbedrer volumet for et fyldigere og mer sexy utseende<\/p>\n<p>\ud83c\udf43 Naturlige ingredienser \u2013 Sk\u00e5nsom formel laget med planteekstrakter og mineraler<\/p>\n<p>\ud83e\uddf4 Ikke-klebrig formel \u2013 Behagelig \u00e5 ha p\u00e5 hele dagen uten rester<\/p>\n<p>\ud83d\udd52 Langvarig effekt \u2013 holder leppene fyldige i timevis<\/p>\n<p><img decoding=\"async\" class=\"alignnone size-full wp-image-20703 aligncenter\" src=\"https:\/\/keluvo.com\/template\/wp-content\/uploads\/sites\/5\/2025\/05\/S65baf2d9215b4dad9606b62b549b0c59d.jpg_960x960q75.jpg_.jpeg\" alt=\"\" \/><\/p>\n<h2 style=\"text-align: center\">\ud83d\udee0\ufe0f Slik bruker du den<\/h2>\n<ol>\n<li style=\"font-weight: 400\"><span style=\"font-weight: 400\">P\u00e5f\u00f8r et tynt, jevnt lag direkte p\u00e5 rene lepper.<\/span><span style=\"font-weight: 400\"><br \/>\n<\/span><\/li>\n<li style=\"font-weight: 400\"><span style=\"font-weight: 400\">La serumet trekke inn i noen sekunder og begynne \u00e5 plumpe.<\/span><span style=\"font-weight: 400\"><br \/>\n<\/span><\/li>\n<li style=\"font-weight: 400\"><span style=\"font-weight: 400\">Bruk alene eller over favorittleppefargen din.<\/span><span style=\"font-weight: 400\"><br \/>\n<\/span><\/li>\n<li style=\"font-weight: 400\"><span style=\"font-weight: 400\">P\u00e5f\u00f8r p\u00e5 nytt etter behov for fortsatt fuktighet og fylde.<\/span><span style=\"font-weight: 400\"><br \/>\n<\/span><\/li>\n<\/ol>\n<h2 style=\"text-align: center\">\ud83d\udccf Produktdetaljer<\/h2>\n<ul>\n<li style=\"font-weight: 400\"><span style=\"font-weight: 400\">Nettovekt: 5 ml<\/span><span style=\"font-weight: 400\"><br \/>\n<\/span><\/li>\n<li style=\"font-weight: 400\"><span style=\"font-weight: 400\">Holdbarhet: 3 \u00e5r<\/span><span style=\"font-weight: 400\"><br \/>\n<\/span><\/li>\n<li style=\"font-weight: 400\"><span style=\"font-weight: 400\">Ingredienser: Mineraler, voks, naturlige planteekstrakter<\/span><span style=\"font-weight: 400\"><br \/>\n<\/span><\/li>\n<\/ul>\n<h2 style=\"text-align: center\">\ud83d\udce6 Pakken inneholder<\/h2>\n<ul>\n<li style=\"font-weight: 400\"><span style=\"font-weight: 400\">1, 2, 5 x leppeplumper-serum.<\/span><\/li>\n<\/ul>\n","protected":false},"excerpt":{"rendered":"<p>\ud83d\udc8b F\u00e5 fyldigere, fuktige lepper \u00f8yeblikkelig med lip plumper serum! Oppn\u00e5 naturlig fyldige, saftige lepper p\u00e5 sekunder med dette ikke-klebende, [&hellip;]<\/p>\n","protected":false},"featured_media":21205,"comment_status":"open","ping_status":"closed","template":"","meta":{"site-sidebar-layout":"default","site-content-layout":"","ast-site-content-layout":"default","site-content-style":"default","site-sidebar-style":"default","ast-global-header-display":"","ast-banner-title-visibility":"","ast-main-header-display":"","ast-hfb-above-header-display":"","ast-hfb-below-header-display":"","ast-hfb-mobile-header-display":"","site-post-title":"","ast-breadcrumbs-content":"","ast-featured-img":"","footer-sml-layout":"","theme-transparent-header-meta":"default","adv-header-id-meta":"","stick-header-meta":"","header-above-stick-meta":"","header-main-stick-meta":"","header-below-stick-meta":"","astra-migrate-meta-layouts":"set","ast-page-background-enabled":"default","ast-page-background-meta":{"desktop":{"background-color":"var(--ast-global-color-4)","background-image":"","background-repeat":"repeat","background-position":"center center","background-size":"auto","background-attachment":"scroll","background-type":"","background-media":"","overlay-type":"","overlay-color":"","overlay-opacity":"","overlay-gradient":""},"tablet":{"background-color":"","background-image":"","background-repeat":"repeat","background-position":"center center","background-size":"auto","background-attachment":"scroll","background-type":"","background-media":"","overlay-type":"","overlay-color":"","overlay-opacity":"","overlay-gradient":""},"mobile":{"background-color":"","background-image":"","background-repeat":"repeat","background-position":"center center","background-size":"auto","background-attachment":"scroll","background-type":"","background-media":"","overlay-type":"","overlay-color":"","overlay-opacity":"","overlay-gradient":""}},"ast-content-background-meta":{"desktop":{"background-color":"var(--ast-global-color-5)","background-image":"","background-repeat":"repeat","background-position":"center center","background-size":"auto","background-attachment":"scroll","background-type":"","background-media":"","overlay-type":"","overlay-color":"","overlay-opacity":"","overlay-gradient":""},"tablet":{"background-color":"var(--ast-global-color-5)","background-image":"","background-repeat":"repeat","background-position":"center center","background-size":"auto","background-attachment":"scroll","background-type":"","background-media":"","overlay-type":"","overlay-color":"","overlay-opacity":"","overlay-gradient":""},"mobile":{"background-color":"var(--ast-global-color-5)","background-image":"","background-repeat":"repeat","background-position":"center center","background-size":"auto","background-attachment":"scroll","background-type":"","background-media":"","overlay-type":"","overlay-color":"","overlay-opacity":"","overlay-gradient":""}}},"product_brand":[],"product_cat":[992],"product_tag":[],"class_list":{"0":"post-21209","1":"product","2":"type-product","3":"status-publish","4":"has-post-thumbnail","6":"product_cat-skjonnhets-og-hygieneprodukter","7":"pa_19326_dxdgn4ha-1-stk","8":"pa_19326_dxdgn4ha-2-stk","9":"pa_19326_dxdgn4ha-5-stk","10":"desktop-align-left","11":"tablet-align-left","12":"mobile-align-left","14":"first","15":"instock","16":"shipping-taxable","17":"purchasable","18":"product-type-variable"},"_links":{"self":[{"href":"https:\/\/keluvo.com\/no\/wp-json\/wp\/v2\/product\/21209","targetHints":{"allow":["GET"]}}],"collection":[{"href":"https:\/\/keluvo.com\/no\/wp-json\/wp\/v2\/product"}],"about":[{"href":"https:\/\/keluvo.com\/no\/wp-json\/wp\/v2\/types\/product"}],"replies":[{"embeddable":true,"href":"https:\/\/keluvo.com\/no\/wp-json\/wp\/v2\/comments?post=21209"}],"wp:featuredmedia":[{"embeddable":true,"href":"https:\/\/keluvo.com\/no\/wp-json\/wp\/v2\/media\/21205"}],"wp:attachment":[{"href":"https:\/\/keluvo.com\/no\/wp-json\/wp\/v2\/media?parent=21209"}],"wp:term":[{"taxonomy":"product_brand","embeddable":true,"href":"https:\/\/keluvo.com\/no\/wp-json\/wp\/v2\/product_brand?post=21209"},{"taxonomy":"product_cat","embeddable":true,"href":"https:\/\/keluvo.com\/no\/wp-json\/wp\/v2\/product_cat?post=21209"},{"taxonomy":"product_tag","embeddable":true,"href":"https:\/\/keluvo.com\/no\/wp-json\/wp\/v2\/product_tag?post=21209"}],"curies":[{"name":"wp","href":"https:\/\/api.w.org\/{rel}","templated":true}]}}