{"id":21172,"date":"2025-05-22T16:41:33","date_gmt":"2025-05-22T14:41:33","guid":{"rendered":"https:\/\/keluvo.com\/no\/produkt\/lettere\/"},"modified":"2025-05-23T16:18:42","modified_gmt":"2025-05-23T14:18:42","slug":"lettere","status":"publish","type":"product","link":"https:\/\/keluvo.com\/no\/produkt\/lettere\/","title":{"rendered":"Lighter"},"content":{"rendered":"<p style=\"text-align: center;\"><strong>\ud83d\udd25 Tenn \u00f8yeblikkelig med den 360\u00b0 roterende turbo-lighteren!<\/strong><\/p>\n<p style=\"text-align: center;\"><span style=\"font-weight: 400;\">Opplev jevn, rask tenning med denne innovative lighteren med hjultenning &#8211; bygget for hverdagsbruk, vindfulle forhold og elegant stil p\u00e5 farten. Med en unik rullende hjuldesign gir denne lighteren umiddelbar tenning og en kraftig, vindtett flamme. Den er lett og i lommeformat, og passer perfekt til reiser, utend\u00f8rsaktiviteter eller som en stilig gave. Bare fyll p\u00e5 med butan, s\u00e5 er den klar til bruk n\u00e5r som helst og hvor som helst.<\/span><\/p>\n<p><img decoding=\"async\" class=\"alignnone size-full wp-image-20823 aligncenter\" src=\"https:\/\/keluvo.com\/template\/wp-content\/uploads\/sites\/5\/2025\/05\/b20195cf-3135-4fd7-ae48-b1ae86f20622.gif-ezgif.com-video-to-webp-converter.webp\" alt=\"\" \/><\/p>\n<h2 style=\"text-align: center;\">\ud83c\udf1f Hovedfordeler<\/h2>\n<p><span style=\"font-weight: 400;\">\ud83d\udd04 <\/span><b>360\u00b0 rullende tenning<\/b><span style=\"font-weight: 400;\"> &#8211; Dra i hjulet for rask og enkel tenning.<\/span><\/p>\n<p><span style=\"font-weight: 400;\">\ud83c\udf2c\ufe0f <\/span><b>Vindtett flamme<\/b><span style=\"font-weight: 400;\"> &#8211; Fungerer i bris eller utend\u00f8rs.<\/span><\/p>\n<p><span style=\"font-weight: 400;\">\ud83c\udfaf <\/span><b>Presisjonstenning<\/b><span style=\"font-weight: 400;\"> &#8211; Sterk enkeltflamme for sikker og m\u00e5lrettet tenning.<\/span><\/p>\n<p><span style=\"font-weight: 400;\">\ud83c\udf81 <\/span><b>Flott gavealternativ<\/b><span style=\"font-weight: 400;\"> &#8211; Elegant design gj\u00f8r den til en gjennomtenkt og stilig gave.<\/span><\/p>\n<p><span style=\"font-weight: 400;\">\ud83c\udf92 <\/span><b>B\u00e6rbar st\u00f8rrelse<\/b><span style=\"font-weight: 400;\"> &#8211; Kompakt og lett for enkel transport.<\/span><span style=\"font-weight: 400;\"><br \/>\n<\/span><\/p>\n<p><img decoding=\"async\" class=\"alignnone size-full wp-image-20805 aligncenter\" src=\"https:\/\/keluvo.com\/template\/wp-content\/uploads\/sites\/5\/2025\/05\/6ce53f78-1bcd-4ad4-9c0e-69bf26b33c1c.webp.webp\" alt=\"\" \/><\/p>\n<h2 style=\"text-align: center;\">\ud83d\udee0\ufe0f Slik bruker du<\/h2>\n<ol>\n<li style=\"font-weight: 400;\"><span style=\"font-weight: 400;\">Fyll lighteren med butan ved hjelp av en dunk med lang dyse.<\/span><span style=\"font-weight: 400;\"><br \/>\n<\/span><\/li>\n<li style=\"font-weight: 400;\"><span style=\"font-weight: 400;\">Trykk p\u00e5 det rullende tenningshjulet for \u00e5 tenne.<\/span><span style=\"font-weight: 400;\"><br \/>\n<\/span><\/li>\n<li style=\"font-weight: 400;\"><span style=\"font-weight: 400;\">Bruk den presise flammen til \u00e5 tenne m\u00e5let ditt p\u00e5 en trygg m\u00e5te.<\/span><span style=\"font-weight: 400;\"><br \/>\n<\/span><\/li>\n<li style=\"font-weight: 400;\"><span style=\"font-weight: 400;\">Oppbevares i lommen eller vesken n\u00e5r du er ferdig.<\/span><span style=\"font-weight: 400;\"><br \/>\n<\/span><\/li>\n<\/ol>\n<h2 style=\"text-align: center;\">\ud83d\udccf Produktdetaljer<\/h2>\n<ul>\n<li style=\"font-weight: 400;\"><span style=\"font-weight: 400;\">Flammetype: Turbojet (vindtett)<\/span><span style=\"font-weight: 400;\"><br \/>\n<\/span><\/li>\n<li style=\"font-weight: 400;\"><span style=\"font-weight: 400;\">Tenning: Rullende hjuldesign<\/span><span style=\"font-weight: 400;\"><br \/>\n<\/span><\/li>\n<li style=\"font-weight: 400;\"><span style=\"font-weight: 400;\">Drivstofftype: Butan (ikke inkludert)<\/span><span style=\"font-weight: 400;\"><br \/>\n<\/span><\/li>\n<\/ul>\n<h2 style=\"text-align: center;\">\ud83d\udce6 Pakken inkluderer<\/h2>\n<ul>\n<li style=\"font-weight: 400;\"><span style=\"font-weight: 400;\">1 x lettere.<\/span><\/li>\n<\/ul>\n","protected":false},"excerpt":{"rendered":"<p>\ud83d\udd25 Tenn \u00f8yeblikkelig med den 360\u00b0 roterende turbo-lighteren! Opplev jevn, rask tenning med denne innovative lighteren med hjultenning &#8211; bygget [&hellip;]<\/p>\n","protected":false},"featured_media":21168,"comment_status":"open","ping_status":"closed","template":"","meta":{"site-sidebar-layout":"default","site-content-layout":"","ast-site-content-layout":"default","site-content-style":"default","site-sidebar-style":"default","ast-global-header-display":"","ast-banner-title-visibility":"","ast-main-header-display":"","ast-hfb-above-header-display":"","ast-hfb-below-header-display":"","ast-hfb-mobile-header-display":"","site-post-title":"","ast-breadcrumbs-content":"","ast-featured-img":"","footer-sml-layout":"","theme-transparent-header-meta":"default","adv-header-id-meta":"","stick-header-meta":"","header-above-stick-meta":"","header-main-stick-meta":"","header-below-stick-meta":"","astra-migrate-meta-layouts":"set","ast-page-background-enabled":"default","ast-page-background-meta":{"desktop":{"background-color":"var(--ast-global-color-4)","background-image":"","background-repeat":"repeat","background-position":"center center","background-size":"auto","background-attachment":"scroll","background-type":"","background-media":"","overlay-type":"","overlay-color":"","overlay-opacity":"","overlay-gradient":""},"tablet":{"background-color":"","background-image":"","background-repeat":"repeat","background-position":"center center","background-size":"auto","background-attachment":"scroll","background-type":"","background-media":"","overlay-type":"","overlay-color":"","overlay-opacity":"","overlay-gradient":""},"mobile":{"background-color":"","background-image":"","background-repeat":"repeat","background-position":"center center","background-size":"auto","background-attachment":"scroll","background-type":"","background-media":"","overlay-type":"","overlay-color":"","overlay-opacity":"","overlay-gradient":""}},"ast-content-background-meta":{"desktop":{"background-color":"var(--ast-global-color-5)","background-image":"","background-repeat":"repeat","background-position":"center center","background-size":"auto","background-attachment":"scroll","background-type":"","background-media":"","overlay-type":"","overlay-color":"","overlay-opacity":"","overlay-gradient":""},"tablet":{"background-color":"var(--ast-global-color-5)","background-image":"","background-repeat":"repeat","background-position":"center center","background-size":"auto","background-attachment":"scroll","background-type":"","background-media":"","overlay-type":"","overlay-color":"","overlay-opacity":"","overlay-gradient":""},"mobile":{"background-color":"var(--ast-global-color-5)","background-image":"","background-repeat":"repeat","background-position":"center center","background-size":"auto","background-attachment":"scroll","background-type":"","background-media":"","overlay-type":"","overlay-color":"","overlay-opacity":"","overlay-gradient":""}}},"product_brand":[],"product_cat":[993],"product_tag":[],"class_list":{"0":"post-21172","1":"product","2":"type-product","3":"status-publish","4":"has-post-thumbnail","6":"product_cat-skotoy-tilbehor","7":"pa_30204_2a483fup-diamant","8":"pa_30204_2a483fup-tanggress","9":"pa_30204_srjv0j5r-gull","10":"pa_30204_srjv0j5r-solv","11":"desktop-align-left","12":"tablet-align-left","13":"mobile-align-left","15":"first","16":"instock","17":"shipping-taxable","18":"purchasable","19":"product-type-variable","20":"has-default-attributes"},"_links":{"self":[{"href":"https:\/\/keluvo.com\/no\/wp-json\/wp\/v2\/product\/21172","targetHints":{"allow":["GET"]}}],"collection":[{"href":"https:\/\/keluvo.com\/no\/wp-json\/wp\/v2\/product"}],"about":[{"href":"https:\/\/keluvo.com\/no\/wp-json\/wp\/v2\/types\/product"}],"replies":[{"embeddable":true,"href":"https:\/\/keluvo.com\/no\/wp-json\/wp\/v2\/comments?post=21172"}],"wp:featuredmedia":[{"embeddable":true,"href":"https:\/\/keluvo.com\/no\/wp-json\/wp\/v2\/media\/21168"}],"wp:attachment":[{"href":"https:\/\/keluvo.com\/no\/wp-json\/wp\/v2\/media?parent=21172"}],"wp:term":[{"taxonomy":"product_brand","embeddable":true,"href":"https:\/\/keluvo.com\/no\/wp-json\/wp\/v2\/product_brand?post=21172"},{"taxonomy":"product_cat","embeddable":true,"href":"https:\/\/keluvo.com\/no\/wp-json\/wp\/v2\/product_cat?post=21172"},{"taxonomy":"product_tag","embeddable":true,"href":"https:\/\/keluvo.com\/no\/wp-json\/wp\/v2\/product_tag?post=21172"}],"curies":[{"name":"wp","href":"https:\/\/api.w.org\/{rel}","templated":true}]}}