{"id":21141,"date":"2025-05-22T16:35:04","date_gmt":"2025-05-22T14:35:04","guid":{"rendered":"https:\/\/keluvo.com\/no\/produkt\/rengjoringsmiddel-for-mobler\/"},"modified":"2025-05-22T16:35:10","modified_gmt":"2025-05-22T14:35:10","slug":"rengjoringsmiddel-for-mobler","status":"publish","type":"product","link":"https:\/\/keluvo.com\/no\/produkt\/rengjoringsmiddel-for-mobler\/","title":{"rendered":"Rengj\u00f8ringsmiddel for m\u00f8bler"},"content":{"rendered":"<p style=\"text-align: center\"><strong>\ud83e\ude91 Gjenopprett glansen, fjern smuss og beskytt trem\u00f8blene dine p\u00e5 bare noen minutter med denne helt naturlige sprayen!<\/strong><\/p>\n<p style=\"text-align: center\"><span style=\"font-weight: 400\">Rengj\u00f8ringsmidlet inneholder ren mikromolekyl\u00e6r bivoks som gir n\u00e6ring til treverket, gir en glatt og blank overflate og danner et beskyttende lag som beskytter mot riper og fuktighet. Den er perfekt for bruk p\u00e5 skap, bord, stoler og mye mer &#8211; og etterlater dem rene, polerte og velstelte.<\/span><\/p>\n<p><img decoding=\"async\" class=\"alignnone size-full wp-image-20643 aligncenter\" src=\"https:\/\/keluvo.com\/template\/wp-content\/uploads\/sites\/5\/2025\/05\/Furniturecleaner-ezgif.com-video-to-webp-converter.webp\" alt=\"\" \/><\/p>\n<h2 style=\"text-align: center\">\ud83c\udf1f Hovedfordeler<\/h2>\n<p><span style=\"font-weight: 400\">\u2728 <\/span><b>Gjenoppretter glans<\/b><span style=\"font-weight: 400\"> \u2013 Gir liv til matte treoverflater.<\/span><\/p>\n<p><span style=\"font-weight: 400\">\ud83d\udc1d <\/span><b>Naturlig bivoksformel<\/b><span style=\"font-weight: 400\"> \u2013 Sikker, milj\u00f8vennlig og sk\u00e5nsom mot tre.<\/span><\/p>\n<p><span style=\"font-weight: 400\">\ud83d\udee1\ufe0f <\/span><b>Beskytter mot skader<\/b><span style=\"font-weight: 400\"> \u2013 Beskytter mot fukt, smuss og riper.<\/span><\/p>\n<p><span style=\"font-weight: 400\">\ud83e\uddfd <\/span><b>Enkel \u00e5 bruke<\/b><span style=\"font-weight: 400\"> \u2013 Bare spray, t\u00f8rk av og beundre den polerte finishen.<\/span><\/p>\n<p><span style=\"font-weight: 400\">\ud83e\udeb5 <\/span><b>Kan brukes p\u00e5 flere overflater<\/b><span style=\"font-weight: 400\"> \u2013 Ideell for alle behandlede trem\u00f8bler og skap.<\/span><\/p>\n<p><img decoding=\"async\" class=\"alignnone size-full wp-image-20639 aligncenter\" src=\"https:\/\/keluvo.com\/template\/wp-content\/uploads\/sites\/5\/2025\/05\/Sf833b194459348848849e3a87537454ay.jpg_960x960q75.jpg_.jpeg\" alt=\"\" \/><\/p>\n<h2 style=\"text-align: center\">\ud83d\udee0\ufe0f Slik bruker du det<\/h2>\n<ol>\n<li style=\"font-weight: 400\"><span style=\"font-weight: 400\">Rist flasken godt f\u00f8r bruk.<\/span><span style=\"font-weight: 400\"><br \/>\n<\/span><\/li>\n<li style=\"font-weight: 400\"><span style=\"font-weight: 400\">Spray en liten mengde direkte p\u00e5 m\u00f8beloverflaten.<\/span><span style=\"font-weight: 400\"><br \/>\n<\/span><\/li>\n<li style=\"font-weight: 400\"><span style=\"font-weight: 400\">Bruk den medf\u00f8lgende svampen eller kluten til \u00e5 fordele og polere forsiktig.<\/span><span style=\"font-weight: 400\"><br \/>\n<\/span><\/li>\n<li style=\"font-weight: 400\"><span style=\"font-weight: 400\">Poler til en blank overflate med den t\u00f8rre siden av kluten for best resultat.<\/span><span style=\"font-weight: 400\"><br \/>\n<\/span><\/li>\n<\/ol>\n<h2 style=\"text-align: center\">\ud83d\udccf Produktdetaljer<\/h2>\n<ul>\n<li style=\"font-weight: 400\"><span style=\"font-weight: 400\">Flaske st\u00f8rrelse: 17 x 7 cm<\/span><span style=\"font-weight: 400\"><br \/>\n<\/span><\/li>\n<li style=\"font-weight: 400\"><span style=\"font-weight: 400\">Svamp st\u00f8rrelse: 7 cm<\/span><span style=\"font-weight: 400\"><br \/>\n<\/span><\/li>\n<li style=\"font-weight: 400\"><span style=\"font-weight: 400\">Klut st\u00f8rrelse: 19 x 19 cm<\/span><span style=\"font-weight: 400\"><br \/>\n<\/span><\/li>\n<li style=\"font-weight: 400\"><span style=\"font-weight: 400\">Kapasitet: 120 ml<\/span><span style=\"font-weight: 400\"><br \/>\n<\/span><\/li>\n<li style=\"font-weight: 400\"><span style=\"font-weight: 400\">Legner seg for: Behandlede trem\u00f8bler, skap med mer<\/span><span style=\"font-weight: 400\"><br \/>\n<\/span><\/li>\n<\/ul>\n<h2 style=\"text-align: center\">\ud83d\udce6 Pakken inneholder<\/h2>\n<ul>\n<li style=\"font-weight: 400\"><span style=\"font-weight: 400\">1, 2, 5 x m\u00f8belpolish bivoksspray (120 ml)<\/span><span style=\"font-weight: 400\"><br \/>\n<\/span><\/li>\n<li style=\"font-weight: 400\"><span style=\"font-weight: 400\">1 x svamp<\/span><span style=\"font-weight: 400\"><br \/>\n<\/span><\/li>\n<li style=\"font-weight: 400\"><span style=\"font-weight: 400\">1 x klut.<\/span><\/li>\n<\/ul>\n","protected":false},"excerpt":{"rendered":"<p>\ud83e\ude91 Gjenopprett glansen, fjern smuss og beskytt trem\u00f8blene dine p\u00e5 bare noen minutter med denne helt naturlige sprayen! Rengj\u00f8ringsmidlet inneholder [&hellip;]<\/p>\n","protected":false},"featured_media":21137,"comment_status":"open","ping_status":"closed","template":"","meta":{"site-sidebar-layout":"default","site-content-layout":"","ast-site-content-layout":"default","site-content-style":"default","site-sidebar-style":"default","ast-global-header-display":"","ast-banner-title-visibility":"","ast-main-header-display":"","ast-hfb-above-header-display":"","ast-hfb-below-header-display":"","ast-hfb-mobile-header-display":"","site-post-title":"","ast-breadcrumbs-content":"","ast-featured-img":"","footer-sml-layout":"","theme-transparent-header-meta":"default","adv-header-id-meta":"","stick-header-meta":"","header-above-stick-meta":"","header-main-stick-meta":"","header-below-stick-meta":"","astra-migrate-meta-layouts":"set","ast-page-background-enabled":"default","ast-page-background-meta":{"desktop":{"background-color":"var(--ast-global-color-4)","background-image":"","background-repeat":"repeat","background-position":"center center","background-size":"auto","background-attachment":"scroll","background-type":"","background-media":"","overlay-type":"","overlay-color":"","overlay-opacity":"","overlay-gradient":""},"tablet":{"background-color":"","background-image":"","background-repeat":"repeat","background-position":"center center","background-size":"auto","background-attachment":"scroll","background-type":"","background-media":"","overlay-type":"","overlay-color":"","overlay-opacity":"","overlay-gradient":""},"mobile":{"background-color":"","background-image":"","background-repeat":"repeat","background-position":"center center","background-size":"auto","background-attachment":"scroll","background-type":"","background-media":"","overlay-type":"","overlay-color":"","overlay-opacity":"","overlay-gradient":""}},"ast-content-background-meta":{"desktop":{"background-color":"var(--ast-global-color-5)","background-image":"","background-repeat":"repeat","background-position":"center center","background-size":"auto","background-attachment":"scroll","background-type":"","background-media":"","overlay-type":"","overlay-color":"","overlay-opacity":"","overlay-gradient":""},"tablet":{"background-color":"var(--ast-global-color-5)","background-image":"","background-repeat":"repeat","background-position":"center center","background-size":"auto","background-attachment":"scroll","background-type":"","background-media":"","overlay-type":"","overlay-color":"","overlay-opacity":"","overlay-gradient":""},"mobile":{"background-color":"var(--ast-global-color-5)","background-image":"","background-repeat":"repeat","background-position":"center center","background-size":"auto","background-attachment":"scroll","background-type":"","background-media":"","overlay-type":"","overlay-color":"","overlay-opacity":"","overlay-gradient":""}}},"product_brand":[],"product_cat":[1001],"product_tag":[],"class_list":{"0":"post-21141","1":"product","2":"type-product","3":"status-publish","4":"has-post-thumbnail","6":"product_cat-husholdningsartikler","7":"pa_24295_tf1n4jok-1-stk","8":"pa_24295_tf1n4jok-2-stk","9":"pa_24295_tf1n4jok-5-stk","10":"desktop-align-left","11":"tablet-align-left","12":"mobile-align-left","14":"first","15":"instock","16":"shipping-taxable","17":"purchasable","18":"product-type-variable"},"_links":{"self":[{"href":"https:\/\/keluvo.com\/no\/wp-json\/wp\/v2\/product\/21141","targetHints":{"allow":["GET"]}}],"collection":[{"href":"https:\/\/keluvo.com\/no\/wp-json\/wp\/v2\/product"}],"about":[{"href":"https:\/\/keluvo.com\/no\/wp-json\/wp\/v2\/types\/product"}],"replies":[{"embeddable":true,"href":"https:\/\/keluvo.com\/no\/wp-json\/wp\/v2\/comments?post=21141"}],"wp:featuredmedia":[{"embeddable":true,"href":"https:\/\/keluvo.com\/no\/wp-json\/wp\/v2\/media\/21137"}],"wp:attachment":[{"href":"https:\/\/keluvo.com\/no\/wp-json\/wp\/v2\/media?parent=21141"}],"wp:term":[{"taxonomy":"product_brand","embeddable":true,"href":"https:\/\/keluvo.com\/no\/wp-json\/wp\/v2\/product_brand?post=21141"},{"taxonomy":"product_cat","embeddable":true,"href":"https:\/\/keluvo.com\/no\/wp-json\/wp\/v2\/product_cat?post=21141"},{"taxonomy":"product_tag","embeddable":true,"href":"https:\/\/keluvo.com\/no\/wp-json\/wp\/v2\/product_tag?post=21141"}],"curies":[{"name":"wp","href":"https:\/\/api.w.org\/{rel}","templated":true}]}}