{"id":21088,"date":"2025-05-22T16:31:33","date_gmt":"2025-05-22T14:31:33","guid":{"rendered":"https:\/\/keluvo.com\/no\/produkt\/tappeplugg\/"},"modified":"2025-05-23T16:17:48","modified_gmt":"2025-05-23T14:17:48","slug":"tappeplugg","status":"publish","type":"product","link":"https:\/\/keluvo.com\/no\/produkt\/tappeplugg\/","title":{"rendered":"Avl\u00f8psplugg"},"content":{"rendered":"<p style=\"text-align: center;\"><strong>\ud83d\udebf Si farvel til d\u00e5rlig lukt og insekter med gulvsluk kuleformede gulvsluk.<\/strong><\/p>\n<p style=\"text-align: center;\"><span style=\"font-weight: 400;\">Hold badet ditt luktende friskt og fritt for skadedyr med dette stilige, lettinstallerte gulvsluket som blokkerer lukt og insekter uten problemer. Gulvsluket har en kuleformet design som forbedrer dreneringen samtidig som det gir et elegant utseende til rommet ditt. Med sin anti-luktkjerne og skadedyrblokkerende funksjoner reduserer den behovet for hyppig rengj\u00f8ring og bidrar til \u00e5 opprettholde et renere og sunnere milj\u00f8.<\/span><\/p>\n<p><img decoding=\"async\" class=\"alignnone size-full wp-image-20586 aligncenter\" src=\"https:\/\/keluvo.com\/template\/wp-content\/uploads\/sites\/5\/2025\/05\/S983492bbec3447ceb43ab3cd6251867cu.jpg_960x960q75.jpg_.jpeg\" alt=\"\" \/><\/p>\n<h2 style=\"text-align: center;\">\ud83c\udf1f Hovedfordeler<\/h2>\n<p><span style=\"font-weight: 400;\">\ud83c\udf2c\ufe0f <\/span><b>Eliminerer lukt<\/b><span style=\"font-weight: 400;\"> \u2013 Holder badet ditt luktende rent og friskt.<\/span><\/p>\n<p><span style=\"font-weight: 400;\">\ud83d\udee1\ufe0f <\/span><b>Anti-luktkjerne<\/b><span style=\"font-weight: 400;\"> \u2013 Langvarig beskyttelse uten konstant vedlikehold.<\/span><\/p>\n<p><span style=\"font-weight: 400;\">\ud83d\udc1c <\/span><b>Blokkerer skadedyr<\/b><span style=\"font-weight: 400;\"> \u2013 Hindrer insekter fra \u00e5 komme gjennom gulvsluket.<\/span><\/p>\n<p><span style=\"font-weight: 400;\">\ud83e\uddf1 <\/span><b>Slitesterk konstruksjon<\/b><span style=\"font-weight: 400;\"> \u2013 Laget av sterk PP og silikon for varig bruk.<\/span><\/p>\n<p><span style=\"font-weight: 400;\">\ud83d\udee0\ufe0f <\/span><b>Enkel \u00e5 montere<\/b><span style=\"font-weight: 400;\"> \u2013 Passer raskt og enkelt til standard 2,6-tommers gulvsluk.<\/span><\/p>\n<p><span style=\"font-weight: 400;\">\ud83c\udf00 <\/span><b>Moderne design<\/b><span style=\"font-weight: 400;\"> \u2013 Kuleformet for effektiv drenering og et stilig preg.<\/span><\/p>\n<p><img decoding=\"async\" class=\"alignnone size-full wp-image-20585 aligncenter\" src=\"https:\/\/keluvo.com\/template\/wp-content\/uploads\/sites\/5\/2025\/05\/S9826da18a81e488c90be9d002aa35893Q.jpg_960x960q75.jpg_.jpeg\" alt=\"\" \/><\/p>\n<h2 style=\"text-align: center;\">\ud83d\udee0\ufe0f Slik Bruker Du Den<\/h2>\n<ol>\n<li style=\"font-weight: 400;\"><span style=\"font-weight: 400;\">Rengj\u00f8r gulvslukomr\u00e5det.<\/span><span style=\"font-weight: 400;\"><br \/>\n<\/span><\/li>\n<li style=\"font-weight: 400;\"><span style=\"font-weight: 400;\">Sett gulvslukets kule direkte inn i sluk\u00e5pningen.<\/span><span style=\"font-weight: 400;\"><br \/>\n<\/span><\/li>\n<li style=\"font-weight: 400;\"><span style=\"font-weight: 400;\">trykk godt for \u00e5 feste den p\u00e5 plass.<\/span><\/li>\n<li style=\"font-weight: 400;\"><span style=\"font-weight: 400;\">bytt ut ved behov etter lengre tids bruk eller synlig slitasje.<\/span><\/li>\n<\/ol>\n<h2 style=\"text-align: center;\">\ud83d\udccf Produktdetaljer<\/h2>\n<ul>\n<li style=\"font-weight: 400;\"><span style=\"font-weight: 400;\">St\u00f8rrelse: 5,5 x 6,5 x 3,6 cm<\/span><\/li>\n<li style=\"font-weight: 400;\"><span style=\"font-weight: 400;\">Materiale: PP + silikon<\/span><span style=\"font-weight: 400;\"><br \/>\n<\/span><\/li>\n<li><span style=\"font-weight: 400;\">Vekt: 0,033 kg<\/span><\/li>\n<\/ul>\n<h2 style=\"text-align: center;\">\ud83d\udce6 Pakken Inkluderer<\/h2>\n<ul>\n<li style=\"font-weight: 400;\"><span style=\"font-weight: 400;\"><span style=\"font-weight: 400;\">1, 2, 4 t<\/span><\/span>appeplugg.<\/li>\n<\/ul>\n","protected":false},"excerpt":{"rendered":"<p>\ud83d\udebf Si farvel til d\u00e5rlig lukt og insekter med gulvsluk kuleformede gulvsluk. Hold badet ditt luktende friskt og fritt for [&hellip;]<\/p>\n","protected":false},"featured_media":21084,"comment_status":"open","ping_status":"closed","template":"","meta":{"site-sidebar-layout":"default","site-content-layout":"","ast-site-content-layout":"default","site-content-style":"default","site-sidebar-style":"default","ast-global-header-display":"","ast-banner-title-visibility":"","ast-main-header-display":"","ast-hfb-above-header-display":"","ast-hfb-below-header-display":"","ast-hfb-mobile-header-display":"","site-post-title":"","ast-breadcrumbs-content":"","ast-featured-img":"","footer-sml-layout":"","theme-transparent-header-meta":"default","adv-header-id-meta":"","stick-header-meta":"","header-above-stick-meta":"","header-main-stick-meta":"","header-below-stick-meta":"","astra-migrate-meta-layouts":"set","ast-page-background-enabled":"default","ast-page-background-meta":{"desktop":{"background-color":"var(--ast-global-color-4)","background-image":"","background-repeat":"repeat","background-position":"center center","background-size":"auto","background-attachment":"scroll","background-type":"","background-media":"","overlay-type":"","overlay-color":"","overlay-opacity":"","overlay-gradient":""},"tablet":{"background-color":"","background-image":"","background-repeat":"repeat","background-position":"center center","background-size":"auto","background-attachment":"scroll","background-type":"","background-media":"","overlay-type":"","overlay-color":"","overlay-opacity":"","overlay-gradient":""},"mobile":{"background-color":"","background-image":"","background-repeat":"repeat","background-position":"center center","background-size":"auto","background-attachment":"scroll","background-type":"","background-media":"","overlay-type":"","overlay-color":"","overlay-opacity":"","overlay-gradient":""}},"ast-content-background-meta":{"desktop":{"background-color":"var(--ast-global-color-5)","background-image":"","background-repeat":"repeat","background-position":"center center","background-size":"auto","background-attachment":"scroll","background-type":"","background-media":"","overlay-type":"","overlay-color":"","overlay-opacity":"","overlay-gradient":""},"tablet":{"background-color":"var(--ast-global-color-5)","background-image":"","background-repeat":"repeat","background-position":"center center","background-size":"auto","background-attachment":"scroll","background-type":"","background-media":"","overlay-type":"","overlay-color":"","overlay-opacity":"","overlay-gradient":""},"mobile":{"background-color":"var(--ast-global-color-5)","background-image":"","background-repeat":"repeat","background-position":"center center","background-size":"auto","background-attachment":"scroll","background-type":"","background-media":"","overlay-type":"","overlay-color":"","overlay-opacity":"","overlay-gradient":""}}},"product_brand":[],"product_cat":[1001],"product_tag":[],"class_list":{"0":"post-21088","1":"product","2":"type-product","3":"status-publish","4":"has-post-thumbnail","6":"product_cat-husholdningsartikler","7":"pa_20103_4utj40ed-hvit","8":"pa_20103_4utj40ed-svart","9":"pa_20103_kenh7thv-1-stk","10":"pa_20103_kenh7thv-2-stk","11":"pa_20103_kenh7thv-4-stk","12":"desktop-align-left","13":"tablet-align-left","14":"mobile-align-left","16":"first","17":"instock","18":"shipping-taxable","19":"purchasable","20":"product-type-variable","21":"has-default-attributes"},"_links":{"self":[{"href":"https:\/\/keluvo.com\/no\/wp-json\/wp\/v2\/product\/21088","targetHints":{"allow":["GET"]}}],"collection":[{"href":"https:\/\/keluvo.com\/no\/wp-json\/wp\/v2\/product"}],"about":[{"href":"https:\/\/keluvo.com\/no\/wp-json\/wp\/v2\/types\/product"}],"replies":[{"embeddable":true,"href":"https:\/\/keluvo.com\/no\/wp-json\/wp\/v2\/comments?post=21088"}],"wp:featuredmedia":[{"embeddable":true,"href":"https:\/\/keluvo.com\/no\/wp-json\/wp\/v2\/media\/21084"}],"wp:attachment":[{"href":"https:\/\/keluvo.com\/no\/wp-json\/wp\/v2\/media?parent=21088"}],"wp:term":[{"taxonomy":"product_brand","embeddable":true,"href":"https:\/\/keluvo.com\/no\/wp-json\/wp\/v2\/product_brand?post=21088"},{"taxonomy":"product_cat","embeddable":true,"href":"https:\/\/keluvo.com\/no\/wp-json\/wp\/v2\/product_cat?post=21088"},{"taxonomy":"product_tag","embeddable":true,"href":"https:\/\/keluvo.com\/no\/wp-json\/wp\/v2\/product_tag?post=21088"}],"curies":[{"name":"wp","href":"https:\/\/api.w.org\/{rel}","templated":true}]}}