{"id":21051,"date":"2025-05-22T16:27:40","date_gmt":"2025-05-22T14:27:40","guid":{"rendered":"https:\/\/keluvo.com\/no\/produkt\/tannkremdispenser\/"},"modified":"2025-05-22T16:27:48","modified_gmt":"2025-05-22T14:27:48","slug":"tannkremdispenser","status":"publish","type":"product","link":"https:\/\/keluvo.com\/no\/produkt\/tannkremdispenser\/","title":{"rendered":"Tannkremdispenser"},"content":{"rendered":"<p style=\"text-align: center\"><strong>\ud83e\uddb7 F\u00e5 med hver eneste dr\u00e5pe med tannkremdispenseren!<\/strong><\/p>\n<p style=\"text-align: center\"><span style=\"font-weight: 400\">Si farvel til bortkastet tannkrem, kremer og pastaer &#8211; denne kraftige tubepresseren hjelper deg med \u00e5 presse ut hver eneste dr\u00e5pe med letthet og uten s\u00f8l. Denne dispenseren er laget av slitesterke materialer og er designet for enkel bruk. Den griper godt tak i metall- eller plasttuber og ruller dem jevnt og trutt for \u00e5 f\u00e5 ut hele innholdet. Enten det er tannkrem, h\u00e5ndkrem eller maling, er den perfekt for \u00e5 spare penger og holde rommet ditt ryddig.<\/span><\/p>\n<p><img decoding=\"async\" class=\"alignnone size-full wp-image-20461 aligncenter\" src=\"https:\/\/keluvo.com\/template\/wp-content\/uploads\/sites\/5\/2025\/05\/Toothpastedispenser-ezgif.com-video-to-webp-converter.webp\" alt=\"\" \/><\/p>\n<h2 style=\"text-align: center\">\ud83c\udf1f Hovedfordeler<\/h2>\n<p><span style=\"font-weight: 400\">\ud83d\udcb0 <\/span><b>Ikke mer sl\u00f8sing<\/b><span style=\"font-weight: 400\"> \u2013 F\u00e5 ut hver eneste dr\u00e5pe fra tubene dine og spar penger.<\/span><\/p>\n<p><span style=\"font-weight: 400\">\ud83e\udd32 <\/span><b>Enkel \u00e5 bruke<\/b><span style=\"font-weight: 400\"> \u2013 Ergonomisk h\u00e5ndtak og jevnt girsystem for problemfri klemming.<\/span><\/p>\n<p><span style=\"font-weight: 400\">\ud83e\uddf4 <\/span><b>Allsidig passform<\/b><span style=\"font-weight: 400\"> \u2013 Fungerer med plast- og metalltuber (tannkrem, kosmetikk, maling og mer).<\/span><\/p>\n<p><span style=\"font-weight: 400\">\ud83d\udee0\ufe0f <\/span><b>Sterk og holdbar<\/b><span style=\"font-weight: 400\"> \u2013 Bygget av aluminiumslegering for langvarig styrke.<\/span><\/p>\n<p><span style=\"font-weight: 400\">\ud83d\udeab <\/span><b>Ingen glidning<\/b><span style=\"font-weight: 400\"> \u2013 Stramt girgrep forhindrer at tuben sklir eller l\u00f8sner.<\/span><\/p>\n<p><img decoding=\"async\" class=\"alignnone size-full wp-image-20462 aligncenter\" src=\"https:\/\/keluvo.com\/template\/wp-content\/uploads\/sites\/5\/2025\/05\/S1f33e1b8bac843c491aed693085a4f26c.jpg_960x960q75.jpg_.jpeg\" alt=\"\" \/><\/p>\n<h2 style=\"text-align: center\">\ud83d\udee0\ufe0f Slik bruker du den<\/h2>\n<ol>\n<li style=\"font-weight: 400\"><span style=\"font-weight: 400\">Sett enden av tuben inn i sporet p\u00e5 klemmen.<\/span><span style=\"font-weight: 400\"><br \/>\n<\/span><\/li>\n<li style=\"font-weight: 400\"><span style=\"font-weight: 400\">Vri h\u00e5ndtaket for \u00e5 rulle og presse ut innholdet.<\/span><span style=\"font-weight: 400\"><br \/>\n<\/span><\/li>\n<li style=\"font-weight: 400\"><span style=\"font-weight: 400\">Fortsett \u00e5 vri etter behov til tuben er tom.<\/span><span style=\"font-weight: 400\"><br \/>\n<\/span><\/li>\n<li style=\"font-weight: 400\"><span style=\"font-weight: 400\">Ta ut og gjenbruk med en annen tube n\u00e5r du er ferdig.<\/span><span style=\"font-weight: 400\"><br \/>\n<\/span><\/li>\n<\/ol>\n<h2 style=\"text-align: center\">\ud83d\udccf Produktdetaljer<\/h2>\n<ul>\n<li style=\"font-weight: 400\"><span style=\"font-weight: 400\">Materiale: Plast + aluminiumslegering<\/span><span style=\"font-weight: 400\"><br \/>\n<\/span><\/li>\n<li style=\"font-weight: 400\"><span style=\"font-weight: 400\">St\u00f8rrelse: 9,6 x 10,5 x 8,6 cm<\/span><span style=\"font-weight: 400\"><br \/>\n<\/span><\/li>\n<li style=\"font-weight: 400\"><span style=\"font-weight: 400\">Kompatibel med: Metall- og plasttuber (tannkrem, maling, kremer, lim osv.)<\/span><span style=\"font-weight: 400\"><br \/>\n<\/span><\/li>\n<\/ul>\n<h2 style=\"text-align: center\">\ud83d\udce6 Pakken inkluderer<\/h2>\n<ul>\n<li style=\"font-weight: 400\"><span style=\"font-weight: 400\">1 x tannkremtubepresser.<\/span><\/li>\n<\/ul>\n","protected":false},"excerpt":{"rendered":"<p>\ud83e\uddb7 F\u00e5 med hver eneste dr\u00e5pe med tannkremdispenseren! Si farvel til bortkastet tannkrem, kremer og pastaer &#8211; denne kraftige tubepresseren [&hellip;]<\/p>\n","protected":false},"featured_media":21047,"comment_status":"open","ping_status":"closed","template":"","meta":{"site-sidebar-layout":"default","site-content-layout":"","ast-site-content-layout":"default","site-content-style":"default","site-sidebar-style":"default","ast-global-header-display":"","ast-banner-title-visibility":"","ast-main-header-display":"","ast-hfb-above-header-display":"","ast-hfb-below-header-display":"","ast-hfb-mobile-header-display":"","site-post-title":"","ast-breadcrumbs-content":"","ast-featured-img":"","footer-sml-layout":"","theme-transparent-header-meta":"default","adv-header-id-meta":"","stick-header-meta":"","header-above-stick-meta":"","header-main-stick-meta":"","header-below-stick-meta":"","astra-migrate-meta-layouts":"set","ast-page-background-enabled":"default","ast-page-background-meta":{"desktop":{"background-color":"var(--ast-global-color-4)","background-image":"","background-repeat":"repeat","background-position":"center center","background-size":"auto","background-attachment":"scroll","background-type":"","background-media":"","overlay-type":"","overlay-color":"","overlay-opacity":"","overlay-gradient":""},"tablet":{"background-color":"","background-image":"","background-repeat":"repeat","background-position":"center center","background-size":"auto","background-attachment":"scroll","background-type":"","background-media":"","overlay-type":"","overlay-color":"","overlay-opacity":"","overlay-gradient":""},"mobile":{"background-color":"","background-image":"","background-repeat":"repeat","background-position":"center center","background-size":"auto","background-attachment":"scroll","background-type":"","background-media":"","overlay-type":"","overlay-color":"","overlay-opacity":"","overlay-gradient":""}},"ast-content-background-meta":{"desktop":{"background-color":"var(--ast-global-color-5)","background-image":"","background-repeat":"repeat","background-position":"center center","background-size":"auto","background-attachment":"scroll","background-type":"","background-media":"","overlay-type":"","overlay-color":"","overlay-opacity":"","overlay-gradient":""},"tablet":{"background-color":"var(--ast-global-color-5)","background-image":"","background-repeat":"repeat","background-position":"center center","background-size":"auto","background-attachment":"scroll","background-type":"","background-media":"","overlay-type":"","overlay-color":"","overlay-opacity":"","overlay-gradient":""},"mobile":{"background-color":"var(--ast-global-color-5)","background-image":"","background-repeat":"repeat","background-position":"center center","background-size":"auto","background-attachment":"scroll","background-type":"","background-media":"","overlay-type":"","overlay-color":"","overlay-opacity":"","overlay-gradient":""}}},"product_brand":[],"product_cat":[1001],"product_tag":[],"class_list":{"0":"post-21051","1":"product","2":"type-product","3":"status-publish","4":"has-post-thumbnail","6":"product_cat-husholdningsartikler","7":"pa_18698_x67xeej0-hvit","8":"pa_18698_x67xeej0-solv","9":"pa_18698_x67xeej0-svart","10":"pa_18698_x67xeej0-svart-brun","11":"desktop-align-left","12":"tablet-align-left","13":"mobile-align-left","15":"first","16":"instock","17":"shipping-taxable","18":"purchasable","19":"product-type-variable"},"_links":{"self":[{"href":"https:\/\/keluvo.com\/no\/wp-json\/wp\/v2\/product\/21051","targetHints":{"allow":["GET"]}}],"collection":[{"href":"https:\/\/keluvo.com\/no\/wp-json\/wp\/v2\/product"}],"about":[{"href":"https:\/\/keluvo.com\/no\/wp-json\/wp\/v2\/types\/product"}],"replies":[{"embeddable":true,"href":"https:\/\/keluvo.com\/no\/wp-json\/wp\/v2\/comments?post=21051"}],"wp:featuredmedia":[{"embeddable":true,"href":"https:\/\/keluvo.com\/no\/wp-json\/wp\/v2\/media\/21047"}],"wp:attachment":[{"href":"https:\/\/keluvo.com\/no\/wp-json\/wp\/v2\/media?parent=21051"}],"wp:term":[{"taxonomy":"product_brand","embeddable":true,"href":"https:\/\/keluvo.com\/no\/wp-json\/wp\/v2\/product_brand?post=21051"},{"taxonomy":"product_cat","embeddable":true,"href":"https:\/\/keluvo.com\/no\/wp-json\/wp\/v2\/product_cat?post=21051"},{"taxonomy":"product_tag","embeddable":true,"href":"https:\/\/keluvo.com\/no\/wp-json\/wp\/v2\/product_tag?post=21051"}],"curies":[{"name":"wp","href":"https:\/\/api.w.org\/{rel}","templated":true}]}}