{"id":20920,"date":"2025-05-22T16:18:01","date_gmt":"2025-05-22T14:18:01","guid":{"rendered":"https:\/\/keluvo.com\/no\/produkt\/hoytrykksspyler\/"},"modified":"2025-05-22T16:18:01","modified_gmt":"2025-05-22T14:18:01","slug":"hoytrykksspyler","status":"publish","type":"product","link":"https:\/\/keluvo.com\/no\/produkt\/hoytrykksspyler\/","title":{"rendered":"H\u00f8ytrykksspyler"},"content":{"rendered":"<p style=\"text-align: center\"><strong>\ud83d\udebf Rengj\u00f8r hva som helst, hvor som helst med den batteridrevne h\u00f8ytrykksspyleren!<\/strong><\/p>\n<p style=\"text-align: center\"><span style=\"font-weight: 400\">Nyt total frihet mens du rengj\u00f8r bilen, terrassen, sykkelen eller utend\u00f8rsutstyret &#8211; ingen ledninger, ingen begrensninger, bare kraftig h\u00f8ytrykksspyling der du trenger det. Denne b\u00e6rbare h\u00f8ytrykksspyleren er designet for mobilitet og brukervennlighet. Med et litiumbatteri med lang levetid og en 5 m lang slange kan du rengj\u00f8re nesten hva som helst uten \u00e5 v\u00e6re bundet til en stikkontakt. Den er kraftig, allsidig og konstruert for langvarig bruk<\/span><\/p>\n<p><img decoding=\"async\" class=\"alignnone size-full wp-image-20311 aligncenter\" src=\"https:\/\/keluvo.com\/template\/wp-content\/uploads\/sites\/5\/2025\/05\/908df681-c7f7-4f07-b4a6-f8bd15643132.webp.webp\" alt=\"\" \/><\/p>\n<h2 style=\"text-align: center\">\ud83c\udf1f Hovedfordeler<\/h2>\n<p><span style=\"font-weight: 400\">\ud83d\udd0b <\/span><b>Tr\u00e5dl\u00f8s bekvemmelighet<\/b><span style=\"font-weight: 400\"> \u2013 rengj\u00f8r n\u00e5r som helst, hvor som helst uten kabler.<\/span><\/p>\n<p><span style=\"font-weight: 400\">\ud83e\uddfc <\/span><b>200 minutters batterilevetid<\/b><span style=\"font-weight: 400\"> \u2013 langvarig litiumkraft for lengre rengj\u00f8rings\u00f8kter.<\/span><\/p>\n<p><span style=\"font-weight: 400\">\ud83d\udebf <\/span><b>Kraftig str\u00e5lespray<\/b><span style=\"font-weight: 400\"> \u2013 Spr\u00f8yter smuss med opptil 10 meters rekkevidde for raske resultater.<\/span><\/p>\n<p><span style=\"font-weight: 400\">\ud83d\udd27 <\/span><b>Multifunksjonelt munnstykke<\/b><span style=\"font-weight: 400\"> \u2013 Bytt enkelt spraytype for ulike oppgaver.<\/span><\/p>\n<p><span style=\"font-weight: 400\">\ud83d\udee1\ufe0f <\/span><b>Smarte sikkerhetsfunksjoner<\/b><span style=\"font-weight: 400\"> \u2013 Innebygd beskyttelse mot overoppladning, overoppheting med mer.<\/span><\/p>\n<p><span style=\"font-weight: 400\">\ud83e\uddf0 <\/span><b>Holdbar og p\u00e5litelig<\/b><span style=\"font-weight: 400\"> \u2013 Ren kobbermotor og eksplosjonssikker konstruksjon for 10 \u00e5rs levetid.<\/span><\/p>\n<p><img decoding=\"async\" class=\"alignnone size-full wp-image-20308 aligncenter\" src=\"https:\/\/keluvo.com\/template\/wp-content\/uploads\/sites\/5\/2025\/05\/6e836a4c-a938-4acf-9916-db38512d8e9a.webp.webp\" alt=\"\" \/><\/p>\n<h2 style=\"text-align: center\">\ud83d\udee0\ufe0f Slik bruker du den<\/h2>\n<ol>\n<li style=\"font-weight: 400\"><span style=\"font-weight: 400\">Fest litiumbatteriet til vannpistolen.<\/span><span style=\"font-weight: 400\"><br \/>\n<\/span><\/li>\n<li style=\"font-weight: 400\"><span style=\"font-weight: 400\">Koble slangen til en vannkilde og fest den til enheten.<\/span><span style=\"font-weight: 400\"><br \/>\n<\/span><\/li>\n<li style=\"font-weight: 400\"><span style=\"font-weight: 400\">Velg ditt foretrukne munnstykke og koble det til.<\/span><span style=\"font-weight: 400\"><br \/>\n<\/span><\/li>\n<li style=\"font-weight: 400\"><span style=\"font-weight: 400\">Trykk p\u00e5 str\u00f8mknappen for \u00e5 begynne \u00e5 vaske.<\/span><span style=\"font-weight: 400\"><br \/>\n<\/span><\/li>\n<li style=\"font-weight: 400\"><span style=\"font-weight: 400\">Bruk skumkannen for dypere rengj\u00f8ring, og skyll deretter med vann.<\/span><\/li>\n<\/ol>\n<h2 style=\"text-align: center\">\ud83d\udccf Produktdetaljer<\/h2>\n<ul>\n<li style=\"font-weight: 400\"><span style=\"font-weight: 400\">Batteriets levetid: Opptil 200 minutter per lading<\/span><span style=\"font-weight: 400\"><br \/>\n<\/span><\/li>\n<li style=\"font-weight: 400\"><span style=\"font-weight: 400\">Rekkevidde: 7-10 meter<\/span><span style=\"font-weight: 400\"><br \/>\n<\/span><\/li>\n<li style=\"font-weight: 400\"><span style=\"font-weight: 400\">Slangelengde: 5 meter<\/span><span style=\"font-weight: 400\"><br \/>\n<\/span><\/li>\n<li style=\"font-weight: 400\"><span style=\"font-weight: 400\">Motor: Rent kobber, 4-sylindret, 14-stempelpumpe<\/span><span style=\"font-weight: 400\"><br \/>\n<\/span><\/li>\n<li style=\"font-weight: 400\"><span style=\"font-weight: 400\">Materiale: ABS-kropp, dyse\/grensesnitt i legering<\/span><span style=\"font-weight: 400\"><br \/>\n<\/span><\/li>\n<li style=\"font-weight: 400\"><span style=\"font-weight: 400\">Design: Tr\u00e5dl\u00f8s, h\u00e5ndflateh\u00e5ndtak<\/span><span style=\"font-weight: 400\"><br \/>\n<\/span><\/li>\n<li style=\"font-weight: 400\"><span style=\"font-weight: 400\">Beskyttelse: 5 sikkerhetsfunksjoner (overladning, overstr\u00f8m, overutladning, overoppheting, kortslutning)<\/span><\/li>\n<\/ul>\n<h2 style=\"text-align: center\">\ud83d\udce6 Pakken inkluderer<\/h2>\n<ul>\n<li style=\"font-weight: 400\"><span style=\"font-weight: 400\">1 x h\u00f8ytrykksspyler vannpistol<\/span><span style=\"font-weight: 400\"><br \/>\n<\/span><\/li>\n<li style=\"font-weight: 400\"><span style=\"font-weight: 400\">1 x litiumbatteri med stor kapasitet<\/span><span style=\"font-weight: 400\"><br \/>\n<\/span><\/li>\n<li style=\"font-weight: 400\"><span style=\"font-weight: 400\">1 x 5 m slange<\/span><span style=\"font-weight: 400\"><br \/>\n<\/span><\/li>\n<li style=\"font-weight: 400\"><span style=\"font-weight: 400\">2 x dyser<\/span><span style=\"font-weight: 400\"><br \/>\n<\/span><\/li>\n<li style=\"font-weight: 400\"><span style=\"font-weight: 400\">1 x forlengelsesstang<\/span><span style=\"font-weight: 400\"><br \/>\n<\/span><\/li>\n<li style=\"font-weight: 400\"><span style=\"font-weight: 400\">1 x hurtigkobling<\/span><span style=\"font-weight: 400\"><br \/>\n<\/span><\/li>\n<li style=\"font-weight: 400\"><span style=\"font-weight: 400\">1 x skumkanne<\/span><span style=\"font-weight: 400\"><br \/>\n<\/span><\/li>\n<li style=\"font-weight: 400\"><span style=\"font-weight: 400\">1 x lader<\/span><span style=\"font-weight: 400\"><br \/>\n<\/span><\/li>\n<li style=\"font-weight: 400\"><span style=\"font-weight: 400\">1 x sil.<\/span><\/li>\n<\/ul>\n","protected":false},"excerpt":{"rendered":"<p>\ud83d\udebf Rengj\u00f8r hva som helst, hvor som helst med den batteridrevne h\u00f8ytrykksspyleren! Nyt total frihet mens du rengj\u00f8r bilen, terrassen, [&hellip;]<\/p>\n","protected":false},"featured_media":20916,"comment_status":"open","ping_status":"closed","template":"","meta":{"site-sidebar-layout":"default","site-content-layout":"","ast-site-content-layout":"default","site-content-style":"default","site-sidebar-style":"default","ast-global-header-display":"","ast-banner-title-visibility":"","ast-main-header-display":"","ast-hfb-above-header-display":"","ast-hfb-below-header-display":"","ast-hfb-mobile-header-display":"","site-post-title":"","ast-breadcrumbs-content":"","ast-featured-img":"","footer-sml-layout":"","theme-transparent-header-meta":"default","adv-header-id-meta":"","stick-header-meta":"","header-above-stick-meta":"","header-main-stick-meta":"","header-below-stick-meta":"","astra-migrate-meta-layouts":"set","ast-page-background-enabled":"default","ast-page-background-meta":{"desktop":{"background-color":"var(--ast-global-color-4)","background-image":"","background-repeat":"repeat","background-position":"center center","background-size":"auto","background-attachment":"scroll","background-type":"","background-media":"","overlay-type":"","overlay-color":"","overlay-opacity":"","overlay-gradient":""},"tablet":{"background-color":"","background-image":"","background-repeat":"repeat","background-position":"center center","background-size":"auto","background-attachment":"scroll","background-type":"","background-media":"","overlay-type":"","overlay-color":"","overlay-opacity":"","overlay-gradient":""},"mobile":{"background-color":"","background-image":"","background-repeat":"repeat","background-position":"center center","background-size":"auto","background-attachment":"scroll","background-type":"","background-media":"","overlay-type":"","overlay-color":"","overlay-opacity":"","overlay-gradient":""}},"ast-content-background-meta":{"desktop":{"background-color":"var(--ast-global-color-5)","background-image":"","background-repeat":"repeat","background-position":"center center","background-size":"auto","background-attachment":"scroll","background-type":"","background-media":"","overlay-type":"","overlay-color":"","overlay-opacity":"","overlay-gradient":""},"tablet":{"background-color":"var(--ast-global-color-5)","background-image":"","background-repeat":"repeat","background-position":"center center","background-size":"auto","background-attachment":"scroll","background-type":"","background-media":"","overlay-type":"","overlay-color":"","overlay-opacity":"","overlay-gradient":""},"mobile":{"background-color":"var(--ast-global-color-5)","background-image":"","background-repeat":"repeat","background-position":"center center","background-size":"auto","background-attachment":"scroll","background-type":"","background-media":"","overlay-type":"","overlay-color":"","overlay-opacity":"","overlay-gradient":""}}},"product_brand":[],"product_cat":[996],"product_tag":[],"class_list":{"0":"post-20920","1":"product","2":"type-product","3":"status-publish","4":"has-post-thumbnail","6":"product_cat-verktoy","7":"desktop-align-left","8":"tablet-align-left","9":"mobile-align-left","11":"first","12":"instock","13":"shipping-taxable","14":"purchasable","15":"product-type-simple"},"_links":{"self":[{"href":"https:\/\/keluvo.com\/no\/wp-json\/wp\/v2\/product\/20920","targetHints":{"allow":["GET"]}}],"collection":[{"href":"https:\/\/keluvo.com\/no\/wp-json\/wp\/v2\/product"}],"about":[{"href":"https:\/\/keluvo.com\/no\/wp-json\/wp\/v2\/types\/product"}],"replies":[{"embeddable":true,"href":"https:\/\/keluvo.com\/no\/wp-json\/wp\/v2\/comments?post=20920"}],"wp:featuredmedia":[{"embeddable":true,"href":"https:\/\/keluvo.com\/no\/wp-json\/wp\/v2\/media\/20916"}],"wp:attachment":[{"href":"https:\/\/keluvo.com\/no\/wp-json\/wp\/v2\/media?parent=20920"}],"wp:term":[{"taxonomy":"product_brand","embeddable":true,"href":"https:\/\/keluvo.com\/no\/wp-json\/wp\/v2\/product_brand?post=20920"},{"taxonomy":"product_cat","embeddable":true,"href":"https:\/\/keluvo.com\/no\/wp-json\/wp\/v2\/product_cat?post=20920"},{"taxonomy":"product_tag","embeddable":true,"href":"https:\/\/keluvo.com\/no\/wp-json\/wp\/v2\/product_tag?post=20920"}],"curies":[{"name":"wp","href":"https:\/\/api.w.org\/{rel}","templated":true}]}}