{"id":20901,"date":"2025-05-22T12:24:46","date_gmt":"2025-05-22T10:24:46","guid":{"rendered":"https:\/\/keluvo.com\/no\/produkt\/sammenkoblede-glassvaser\/"},"modified":"2025-05-22T12:26:18","modified_gmt":"2025-05-22T10:26:18","slug":"sammenkoblede-glassvaser","status":"publish","type":"product","link":"https:\/\/keluvo.com\/no\/produkt\/sammenkoblede-glassvaser\/","title":{"rendered":"Sammenkoblede glassvaser"},"content":{"rendered":"<p style=\"text-align: center;\"><strong>B\u00f8y, vri eller spre &#8211; form blomsterutstillingen akkurat slik du vil ha den.<\/strong><\/p>\n<p style=\"text-align: center;\" data-start=\"324\" data-end=\"569\">Et fantastisk og fleksibelt glassvasesett som lar deg lage endel\u00f8se blomsteroppsatser som passer til rommet, stemningen eller arrangementet ditt. Enten du skal dekorere stuen, dekke bordet eller gi bort en kreativ gave &#8211; denne vasen tilpasser seg perfekt.<\/p>\n<p data-start=\"324\" data-end=\"569\"><img decoding=\"async\" class=\"alignnone size-full wp-image-20814 aligncenter\" src=\"https:\/\/keluvo.com\/template\/wp-content\/uploads\/sites\/5\/2025\/05\/gif2-18.webp\" alt=\"\" \/><\/p>\n<h2 style=\"text-align: center;\" data-start=\"576\" data-end=\"601\"><strong>Design Den P\u00e5 Din M\u00e5te<\/strong><\/h2>\n<p style=\"text-align: center;\" data-start=\"603\" data-end=\"828\">Form buketten din akkurat slik du vil! Vasene er forbundet med hengsler i metall, noe som gir deg full frihet til \u00e5 b\u00f8ye, strekke eller brette arrangementet. Lag en b\u00f8lge over bordet eller et sirkelformet midtpunkt &#8211; det er helt opp til deg.<\/p>\n<p data-start=\"603\" data-end=\"828\"><img decoding=\"async\" class=\"alignnone size-full wp-image-20813 aligncenter\" src=\"https:\/\/keluvo.com\/template\/wp-content\/uploads\/sites\/5\/2025\/05\/gifbild1-4.webp\" alt=\"\" \/><\/p>\n<h2 style=\"text-align: center;\" data-start=\"835\" data-end=\"870\"><strong>Slipp Fantasien L\u00f8s<\/strong><\/h2>\n<p style=\"text-align: center;\" data-start=\"872\" data-end=\"1013\">Slipp kreativiteten l\u00f8s &#8211; bland blomster, urter eller stengler i ulike retninger og m\u00f8nstre. Hvert arrangement blir et unikt kunstverk.<\/p>\n<p data-start=\"872\" data-end=\"1013\"><img decoding=\"async\" class=\"alignnone size-full wp-image-20811 aligncenter\" src=\"https:\/\/keluvo.com\/template\/wp-content\/uploads\/sites\/5\/2025\/05\/galbild2-39.webp\" alt=\"\" \/><\/p>\n<h2 style=\"text-align: center;\" data-start=\"1020\" data-end=\"1061\"><strong>Perfekt For Alle Rom Og Anledninger<\/strong><\/h2>\n<p style=\"text-align: center;\" data-start=\"1063\" data-end=\"1166\">Fra minimalistisk interi\u00f8r til livlige oppsett, denne elegante vasen smelter inn samtidig som den skiller seg ut. Ideell til:<\/p>\n<ul data-start=\"1167\" data-end=\"1250\">\n<li data-start=\"1167\" data-end=\"1183\">\n<p data-start=\"1169\" data-end=\"1183\">Stue<\/p>\n<\/li>\n<li data-start=\"1184\" data-end=\"1202\">\n<p data-start=\"1186\" data-end=\"1202\">Kj\u00f8kkenbord<\/p>\n<\/li>\n<li data-start=\"1203\" data-end=\"1219\">\n<p data-start=\"1205\" data-end=\"1219\">Kontorpulter<\/p>\n<\/li>\n<li data-start=\"1220\" data-end=\"1250\">\n<p data-start=\"1222\" data-end=\"1250\">Bryllup og spesielle anledninger<\/p>\n<\/li>\n<\/ul>\n<p><img decoding=\"async\" class=\"alignnone size-full wp-image-20810 aligncenter\" src=\"https:\/\/keluvo.com\/template\/wp-content\/uploads\/sites\/5\/2025\/05\/gif4-2.webp\" alt=\"\" \/><\/p>\n<h2 style=\"text-align: center;\" data-start=\"1257\" data-end=\"1277\"><strong>Produktinformasjon:<\/strong><\/h2>\n<ul data-start=\"1279\" data-end=\"1449\">\n<li data-start=\"1279\" data-end=\"1330\">\n<p data-start=\"1281\" data-end=\"1330\"><strong>Material<\/strong>: Borosilikatglass + metallkoblinger<\/p>\n<\/li>\n<li data-start=\"1279\" data-end=\"1330\"><strong>H\u00f8yde \/ bredde stor vase:\u00a0<\/strong>\u00a018 cm \/ 3 cm<\/li>\n<li data-start=\"1279\" data-end=\"1330\"><strong>H\u00f8yde \/ bredde liten vase:\u00a0<\/strong>\u00a015 cm \/ 2,5 cm<\/li>\n<li data-start=\"1372\" data-end=\"1419\">\n<p data-start=\"1374\" data-end=\"1419\">Fleksibel koblet design for ubegrensede former<\/p>\n<\/li>\n<li data-start=\"1420\" data-end=\"1449\">\n<p data-start=\"1422\" data-end=\"1449\">Lett \u00e5 rengj\u00f8re og omorganisere<\/p>\n<\/li>\n<\/ul>\n<h2 style=\"text-align: center;\" data-start=\"1456\" data-end=\"1479\"><strong>Kundeanmeldelser<\/strong><\/h2>\n<p data-start=\"1481\" data-end=\"1580\">\u2605\u2605\u2605\u2605\u2605<br data-start=\"1486\" data-end=\"1489\" \/><em data-start=\"1489\" data-end=\"1568\">&laquo;Helt fantastisk! Jeg skifter form med jevne mellomrom for \u00e5 matche blomstene mine.&raquo;<\/em><br data-start=\"1568\" data-end=\"1571\" \/>\u2014 Emma W.<\/p>\n<p data-start=\"1582\" data-end=\"1669\">\u2605\u2605\u2605\u2605\u2605<br data-start=\"1587\" data-end=\"1590\" \/><em data-start=\"1590\" data-end=\"1657\">&laquo;Elsker hvor allsidig den er. Elegant og leken p\u00e5 samme tid.&raquo;<\/em><br data-start=\"1657\" data-end=\"1660\" \/>\u2014 Anna E.<\/p>\n<p data-start=\"1671\" data-end=\"1762\">\u2605\u2605\u2605\u2605\u2605<br data-start=\"1676\" data-end=\"1679\" \/><em data-start=\"1679\" data-end=\"1748\">&laquo;Dette er favorittvasen min n\u00e5. Jeg f\u00e5r komplimenter fra alle gjestene!&raquo;<\/em><br data-start=\"1748\" data-end=\"1751\" \/>\u2014 Bianca D.<\/p>\n","protected":false},"excerpt":{"rendered":"<p>B\u00f8y, vri eller spre &#8211; form blomsterutstillingen akkurat slik du vil ha den. Et fantastisk og fleksibelt glassvasesett som lar [&hellip;]<\/p>\n","protected":false},"featured_media":20898,"comment_status":"open","ping_status":"closed","template":"","meta":{"site-sidebar-layout":"default","site-content-layout":"","ast-site-content-layout":"default","site-content-style":"default","site-sidebar-style":"default","ast-global-header-display":"","ast-banner-title-visibility":"","ast-main-header-display":"","ast-hfb-above-header-display":"","ast-hfb-below-header-display":"","ast-hfb-mobile-header-display":"","site-post-title":"","ast-breadcrumbs-content":"","ast-featured-img":"","footer-sml-layout":"","theme-transparent-header-meta":"default","adv-header-id-meta":"","stick-header-meta":"","header-above-stick-meta":"","header-main-stick-meta":"","header-below-stick-meta":"","astra-migrate-meta-layouts":"set","ast-page-background-enabled":"default","ast-page-background-meta":{"desktop":{"background-color":"var(--ast-global-color-4)","background-image":"","background-repeat":"repeat","background-position":"center center","background-size":"auto","background-attachment":"scroll","background-type":"","background-media":"","overlay-type":"","overlay-color":"","overlay-opacity":"","overlay-gradient":""},"tablet":{"background-color":"","background-image":"","background-repeat":"repeat","background-position":"center center","background-size":"auto","background-attachment":"scroll","background-type":"","background-media":"","overlay-type":"","overlay-color":"","overlay-opacity":"","overlay-gradient":""},"mobile":{"background-color":"","background-image":"","background-repeat":"repeat","background-position":"center center","background-size":"auto","background-attachment":"scroll","background-type":"","background-media":"","overlay-type":"","overlay-color":"","overlay-opacity":"","overlay-gradient":""}},"ast-content-background-meta":{"desktop":{"background-color":"var(--ast-global-color-5)","background-image":"","background-repeat":"repeat","background-position":"center center","background-size":"auto","background-attachment":"scroll","background-type":"","background-media":"","overlay-type":"","overlay-color":"","overlay-opacity":"","overlay-gradient":""},"tablet":{"background-color":"var(--ast-global-color-5)","background-image":"","background-repeat":"repeat","background-position":"center center","background-size":"auto","background-attachment":"scroll","background-type":"","background-media":"","overlay-type":"","overlay-color":"","overlay-opacity":"","overlay-gradient":""},"mobile":{"background-color":"var(--ast-global-color-5)","background-image":"","background-repeat":"repeat","background-position":"center center","background-size":"auto","background-attachment":"scroll","background-type":"","background-media":"","overlay-type":"","overlay-color":"","overlay-opacity":"","overlay-gradient":""}}},"product_brand":[],"product_cat":[1001],"product_tag":[],"class_list":{"0":"post-20901","1":"product","2":"type-product","3":"status-publish","4":"has-post-thumbnail","6":"product_cat-husholdningsartikler","7":"pa_48123_apwn4gt1-liten","8":"pa_48123_apwn4gt1-stor","9":"pa_48123_nklosa6e-6-stk","10":"pa_48123_nklosa6e-8-stk","11":"desktop-align-left","12":"tablet-align-left","13":"mobile-align-left","15":"first","16":"instock","17":"shipping-taxable","18":"purchasable","19":"product-type-variable","20":"has-default-attributes"},"_links":{"self":[{"href":"https:\/\/keluvo.com\/no\/wp-json\/wp\/v2\/product\/20901","targetHints":{"allow":["GET"]}}],"collection":[{"href":"https:\/\/keluvo.com\/no\/wp-json\/wp\/v2\/product"}],"about":[{"href":"https:\/\/keluvo.com\/no\/wp-json\/wp\/v2\/types\/product"}],"replies":[{"embeddable":true,"href":"https:\/\/keluvo.com\/no\/wp-json\/wp\/v2\/comments?post=20901"}],"wp:featuredmedia":[{"embeddable":true,"href":"https:\/\/keluvo.com\/no\/wp-json\/wp\/v2\/media\/20898"}],"wp:attachment":[{"href":"https:\/\/keluvo.com\/no\/wp-json\/wp\/v2\/media?parent=20901"}],"wp:term":[{"taxonomy":"product_brand","embeddable":true,"href":"https:\/\/keluvo.com\/no\/wp-json\/wp\/v2\/product_brand?post=20901"},{"taxonomy":"product_cat","embeddable":true,"href":"https:\/\/keluvo.com\/no\/wp-json\/wp\/v2\/product_cat?post=20901"},{"taxonomy":"product_tag","embeddable":true,"href":"https:\/\/keluvo.com\/no\/wp-json\/wp\/v2\/product_tag?post=20901"}],"curies":[{"name":"wp","href":"https:\/\/api.w.org\/{rel}","templated":true}]}}