{"id":20868,"date":"2025-05-22T10:30:17","date_gmt":"2025-05-22T08:30:17","guid":{"rendered":"https:\/\/keluvo.com\/no\/produkt\/v-halset-kjole-med-v-formet-utringning\/"},"modified":"2025-05-22T10:30:45","modified_gmt":"2025-05-22T08:30:45","slug":"v-halset-kjole-med-v-formet-utringning","status":"publish","type":"product","link":"https:\/\/keluvo.com\/no\/produkt\/v-halset-kjole-med-v-formet-utringning\/","title":{"rendered":"V-halset kjole med v-formet utringning"},"content":{"rendered":"<p style=\"text-align: center\" data-start=\"193\" data-end=\"265\"><strong data-start=\"193\" data-end=\"265\">Sommerkjolen du trenger \u2014 myk, luftig og uanstrengt flatterende.<\/strong><\/p>\n<p style=\"text-align: center\" data-start=\"267\" data-end=\"518\">Ta p\u00e5 deg denne behagelige kjolen for en enkel og elegant look som passer til strandturer, brunsjavtaler eller hagefester. Med en flatterende v-utringning, luftige korte ermer og et komfortabelt, legglangt snitt er denne kjolen designet for \u00e5 holde deg kj\u00f8lig og selvsikker p\u00e5 varme dager.<\/p>\n<p data-start=\"267\" data-end=\"518\"><img decoding=\"async\" class=\"alignnone size-full wp-image-20734 aligncenter\" src=\"https:\/\/keluvo.com\/template\/wp-content\/uploads\/sites\/5\/2025\/05\/2151b6c2-675e-454d-ba1a-91f2dc140f4e-Photoroom.webp\" alt=\"\" \/><\/p>\n<h2 style=\"text-align: center\" data-start=\"525\" data-end=\"551\">\ud83d\udc8e Derfor Vil Du Elske Den:<\/h2>\n<p data-start=\"555\" data-end=\"656\">\u2728 <strong data-start=\"557\" data-end=\"575\">Flatterende Passform<\/strong> \u2013 V-utringningen og den mykt innsvingte midjen skaper en feminin, flytende silhuett.<\/p>\n<p data-start=\"659\" data-end=\"749\">\ud83c\udf2c\ufe0f <strong data-start=\"663\" data-end=\"685\">Lett Stoff<\/strong> \u2013 Pustende materiale som er perfekt for solfylte dager og varme kvelder.<\/p>\n<p data-start=\"752\" data-end=\"825\">\ud83c\udf38 <strong data-start=\"755\" data-end=\"775\">Enkel Stil<\/strong> \u2013 Bare ta den p\u00e5 og g\u00e5 \u2014 ikke noe stress.<\/p>\n<p data-start=\"828\" data-end=\"911\">\ud83e\uddf3 <strong data-start=\"831\" data-end=\"849\">Ferieklar<\/strong> \u2013 Pakker lett og ser flott ut rett ut av kofferten.<\/p>\n<p data-start=\"914\" data-end=\"995\">\ud83d\udc57 <strong data-start=\"917\" data-end=\"941\">Allsidighet I Hverdagen<\/strong> \u2013 Kle den opp eller hold den uformell \u2014 den er laget for begge deler.<\/p>\n<h2 style=\"text-align: center\" data-start=\"1189\" data-end=\"1210\">\ud83d\udccf Passform &amp; Detaljer:<\/h2>\n<ul data-start=\"1212\" data-end=\"1439\">\n<li data-start=\"1212\" data-end=\"1256\">\n<p data-start=\"1214\" data-end=\"1256\"><strong>Passform<\/strong>: Avslappet med en flatterende midje<\/p>\n<\/li>\n<li data-start=\"1257\" data-end=\"1280\">\n<p data-start=\"1259\" data-end=\"1280\"><strong>Lengde<\/strong>: Legg-lengde<\/p>\n<\/li>\n<li data-start=\"1281\" data-end=\"1309\">\n<p data-start=\"1283\" data-end=\"1309\"><strong>Ermer<\/strong>: Korte og luftige<\/p>\n<\/li>\n<li data-start=\"1310\" data-end=\"1366\">\n<p data-start=\"1312\" data-end=\"1366\"><strong>Materiale<\/strong>: Mykt, pustende stoff (lett \u00e5 ta vare p\u00e5)<\/p>\n<\/li>\n<li data-start=\"1367\" data-end=\"1399\">\n<p data-start=\"1369\" data-end=\"1399\"><strong>Tilgjengelige st\u00f8rrelser<\/strong>: S, M, L, XL<\/p>\n<\/li>\n<\/ul>\n<p style=\"text-align: center\" data-start=\"1441\" data-end=\"1561\"><strong data-start=\"1441\" data-end=\"1467\">Bruker du hjelp med st\u00f8rrelsen?<\/strong> Vi anbefaler at du g\u00e5r en st\u00f8rrelse opp for en l\u00f8sere f\u00f8lelse, eller kontakt teamet v\u00e5rt for den perfekte passformen!<\/p>\n<h2 style=\"text-align: center\" data-start=\"1441\" data-end=\"1561\">St\u00f8rrelsestabell<\/h2>\n<p><img decoding=\"async\" class=\"alignnone size-full wp-image-20738 aligncenter\" src=\"https:\/\/keluvo.com\/template\/wp-content\/uploads\/sites\/5\/2025\/05\/size-ch.jpg\" alt=\"\" \/><\/p>\n<h2 style=\"text-align: center\" data-start=\"1690\" data-end=\"1729\">\ud83d\udd01 Enkel Retur. Full Tilfredshet.<\/h2>\n<p style=\"text-align: center\" data-start=\"1731\" data-end=\"1872\">Ikke forelsket? Ingen grunn til bekymring! Hvert kj\u00f8p inkluderer en 30-dagers tilfredshetsgaranti. Hvis det ikke er helt riktig, send det tilbake &#8211; uten sp\u00f8rsm\u00e5l.<\/p>\n","protected":false},"excerpt":{"rendered":"<p>Sommerkjolen du trenger \u2014 myk, luftig og uanstrengt flatterende. Ta p\u00e5 deg denne behagelige kjolen for en enkel og elegant [&hellip;]<\/p>\n","protected":false},"featured_media":20864,"comment_status":"open","ping_status":"closed","template":"","meta":{"site-sidebar-layout":"default","site-content-layout":"","ast-site-content-layout":"default","site-content-style":"default","site-sidebar-style":"default","ast-global-header-display":"","ast-banner-title-visibility":"","ast-main-header-display":"","ast-hfb-above-header-display":"","ast-hfb-below-header-display":"","ast-hfb-mobile-header-display":"","site-post-title":"","ast-breadcrumbs-content":"","ast-featured-img":"","footer-sml-layout":"","theme-transparent-header-meta":"default","adv-header-id-meta":"","stick-header-meta":"","header-above-stick-meta":"","header-main-stick-meta":"","header-below-stick-meta":"","astra-migrate-meta-layouts":"set","ast-page-background-enabled":"default","ast-page-background-meta":{"desktop":{"background-color":"var(--ast-global-color-4)","background-image":"","background-repeat":"repeat","background-position":"center center","background-size":"auto","background-attachment":"scroll","background-type":"","background-media":"","overlay-type":"","overlay-color":"","overlay-opacity":"","overlay-gradient":""},"tablet":{"background-color":"","background-image":"","background-repeat":"repeat","background-position":"center center","background-size":"auto","background-attachment":"scroll","background-type":"","background-media":"","overlay-type":"","overlay-color":"","overlay-opacity":"","overlay-gradient":""},"mobile":{"background-color":"","background-image":"","background-repeat":"repeat","background-position":"center center","background-size":"auto","background-attachment":"scroll","background-type":"","background-media":"","overlay-type":"","overlay-color":"","overlay-opacity":"","overlay-gradient":""}},"ast-content-background-meta":{"desktop":{"background-color":"var(--ast-global-color-5)","background-image":"","background-repeat":"repeat","background-position":"center center","background-size":"auto","background-attachment":"scroll","background-type":"","background-media":"","overlay-type":"","overlay-color":"","overlay-opacity":"","overlay-gradient":""},"tablet":{"background-color":"var(--ast-global-color-5)","background-image":"","background-repeat":"repeat","background-position":"center center","background-size":"auto","background-attachment":"scroll","background-type":"","background-media":"","overlay-type":"","overlay-color":"","overlay-opacity":"","overlay-gradient":""},"mobile":{"background-color":"var(--ast-global-color-5)","background-image":"","background-repeat":"repeat","background-position":"center center","background-size":"auto","background-attachment":"scroll","background-type":"","background-media":"","overlay-type":"","overlay-color":"","overlay-opacity":"","overlay-gradient":""}}},"product_brand":[],"product_cat":[994],"product_tag":[],"class_list":{"0":"post-20868","1":"product","2":"type-product","3":"status-publish","4":"has-post-thumbnail","6":"product_cat-klaer-til-kvinner","7":"pa_48121_9zp72pb3-s","8":"pa_48121_9zp72pb3-m","9":"pa_48121_9zp72pb3-l","10":"pa_48121_9zp72pb3-xl","11":"pa_48121_lqkjkqlg-brun","12":"pa_48121_lqkjkqlg-gronn","13":"pa_48121_lqkjkqlg-hvit","14":"desktop-align-left","15":"tablet-align-left","16":"mobile-align-left","18":"first","19":"instock","20":"shipping-taxable","21":"purchasable","22":"product-type-variable","23":"has-default-attributes"},"_links":{"self":[{"href":"https:\/\/keluvo.com\/no\/wp-json\/wp\/v2\/product\/20868","targetHints":{"allow":["GET"]}}],"collection":[{"href":"https:\/\/keluvo.com\/no\/wp-json\/wp\/v2\/product"}],"about":[{"href":"https:\/\/keluvo.com\/no\/wp-json\/wp\/v2\/types\/product"}],"replies":[{"embeddable":true,"href":"https:\/\/keluvo.com\/no\/wp-json\/wp\/v2\/comments?post=20868"}],"wp:featuredmedia":[{"embeddable":true,"href":"https:\/\/keluvo.com\/no\/wp-json\/wp\/v2\/media\/20864"}],"wp:attachment":[{"href":"https:\/\/keluvo.com\/no\/wp-json\/wp\/v2\/media?parent=20868"}],"wp:term":[{"taxonomy":"product_brand","embeddable":true,"href":"https:\/\/keluvo.com\/no\/wp-json\/wp\/v2\/product_brand?post=20868"},{"taxonomy":"product_cat","embeddable":true,"href":"https:\/\/keluvo.com\/no\/wp-json\/wp\/v2\/product_cat?post=20868"},{"taxonomy":"product_tag","embeddable":true,"href":"https:\/\/keluvo.com\/no\/wp-json\/wp\/v2\/product_tag?post=20868"}],"curies":[{"name":"wp","href":"https:\/\/api.w.org\/{rel}","templated":true}]}}