{"id":20700,"date":"2025-05-20T12:21:05","date_gmt":"2025-05-20T10:21:05","guid":{"rendered":"https:\/\/keluvo.com\/no\/produkt\/midi-kjole\/"},"modified":"2025-07-16T17:38:04","modified_gmt":"2025-07-16T15:38:04","slug":"midi-kjole","status":"publish","type":"product","link":"https:\/\/keluvo.com\/no\/produkt\/midi-kjole\/","title":{"rendered":"Midi kjole"},"content":{"rendered":"<p style=\"text-align: center;\">En elegant kjole i midilengde med v-hals, korte volangermer og en definert midje. Den tynne strukturen gir plagget et eksklusivt uttrykk, samtidig som den fleksible passformen gj\u00f8r den enkel \u00e5 ha p\u00e5 hele dagen.<\/p>\n<ul>\n<li>Flatterende v-utringning og diskrete knapper<\/li>\n<li>Rysjeermer for en feminin touch<\/li>\n<li>Midi-lengde med lett definert midje<\/li>\n<\/ul>\n<p><img decoding=\"async\" class=\"alignnone size-full wp-image-20135 aligncenter\" src=\"https:\/\/keluvo.com\/template\/wp-content\/uploads\/sites\/5\/2025\/05\/2386933e-4280-4fb7-bbd7-b2249dadf072-Photoroom.webp\" alt=\"\" \/><\/p>\n<h2 style=\"text-align: center;\"><strong>Hva Skjer Hvis Jeg Ikke Er Forn\u00f8yd?<\/strong><\/h2>\n<p style=\"text-align: center;\">Vi kan si mye &#8211; men den beste m\u00e5ten \u00e5 vite om du liker noe p\u00e5, er \u00e5 pr\u00f8ve det selv. Derfor har du alltid 30 dagers tilfredshetsgaranti. Er du ikke forn\u00f8yd? Send produktet tilbake og f\u00e5 pengene tilbake. Enkelt og trygt. Kontakt oss alltid f\u00f8rst.<\/p>\n<h2 style=\"text-align: center;\"><strong>St\u00f8rrelsestabell<\/strong><\/h2>\n<p><img decoding=\"async\" class=\"alignnone size-full wp-image-20143 aligncenter\" src=\"https:\/\/keluvo.com\/template\/wp-content\/uploads\/sites\/5\/2025\/05\/dress-chart.jpg\" alt=\"\" \/><\/p>\n<p><img decoding=\"async\" class=\"alignnone size-full wp-image-20144 aligncenter\" src=\"https:\/\/keluvo.com\/template\/wp-content\/uploads\/sites\/5\/2025\/05\/4a746236-2875-4a57-95b3-d39e62a55b88-Photoroom.webp\" alt=\"\" \/><\/p>\n","protected":false},"excerpt":{"rendered":"<p>En elegant kjole i midilengde med v-hals, korte volangermer og en definert midje. Den tynne strukturen gir plagget et eksklusivt [&hellip;]<\/p>\n","protected":false},"featured_media":20696,"comment_status":"open","ping_status":"closed","template":"","meta":{"site-sidebar-layout":"default","site-content-layout":"","ast-site-content-layout":"default","site-content-style":"default","site-sidebar-style":"default","ast-global-header-display":"","ast-banner-title-visibility":"","ast-main-header-display":"","ast-hfb-above-header-display":"","ast-hfb-below-header-display":"","ast-hfb-mobile-header-display":"","site-post-title":"","ast-breadcrumbs-content":"","ast-featured-img":"","footer-sml-layout":"","theme-transparent-header-meta":"default","adv-header-id-meta":"","stick-header-meta":"","header-above-stick-meta":"","header-main-stick-meta":"","header-below-stick-meta":"","astra-migrate-meta-layouts":"set","ast-page-background-enabled":"default","ast-page-background-meta":{"desktop":{"background-color":"var(--ast-global-color-4)","background-image":"","background-repeat":"repeat","background-position":"center center","background-size":"auto","background-attachment":"scroll","background-type":"","background-media":"","overlay-type":"","overlay-color":"","overlay-opacity":"","overlay-gradient":""},"tablet":{"background-color":"","background-image":"","background-repeat":"repeat","background-position":"center center","background-size":"auto","background-attachment":"scroll","background-type":"","background-media":"","overlay-type":"","overlay-color":"","overlay-opacity":"","overlay-gradient":""},"mobile":{"background-color":"","background-image":"","background-repeat":"repeat","background-position":"center center","background-size":"auto","background-attachment":"scroll","background-type":"","background-media":"","overlay-type":"","overlay-color":"","overlay-opacity":"","overlay-gradient":""}},"ast-content-background-meta":{"desktop":{"background-color":"var(--ast-global-color-5)","background-image":"","background-repeat":"repeat","background-position":"center center","background-size":"auto","background-attachment":"scroll","background-type":"","background-media":"","overlay-type":"","overlay-color":"","overlay-opacity":"","overlay-gradient":""},"tablet":{"background-color":"var(--ast-global-color-5)","background-image":"","background-repeat":"repeat","background-position":"center center","background-size":"auto","background-attachment":"scroll","background-type":"","background-media":"","overlay-type":"","overlay-color":"","overlay-opacity":"","overlay-gradient":""},"mobile":{"background-color":"var(--ast-global-color-5)","background-image":"","background-repeat":"repeat","background-position":"center center","background-size":"auto","background-attachment":"scroll","background-type":"","background-media":"","overlay-type":"","overlay-color":"","overlay-opacity":"","overlay-gradient":""}}},"product_brand":[],"product_cat":[994],"product_tag":[],"class_list":{"0":"post-20700","1":"product","2":"type-product","3":"status-publish","4":"has-post-thumbnail","6":"product_cat-klaer-til-kvinner","7":"pa_48116_4sv1ew1d-s","8":"pa_48116_4sv1ew1d-m","9":"pa_48116_4sv1ew1d-l","10":"pa_48116_4sv1ew1d-xl","11":"pa_48116_hzuzywd6-bla","12":"pa_48116_hzuzywd6-gronn","13":"pa_48116_hzuzywd6-hvit","14":"pa_48116_hzuzywd6-svart","15":"desktop-align-left","16":"tablet-align-left","17":"mobile-align-left","19":"first","20":"instock","21":"shipping-taxable","22":"purchasable","23":"product-type-variable","24":"has-default-attributes"},"_links":{"self":[{"href":"https:\/\/keluvo.com\/no\/wp-json\/wp\/v2\/product\/20700","targetHints":{"allow":["GET"]}}],"collection":[{"href":"https:\/\/keluvo.com\/no\/wp-json\/wp\/v2\/product"}],"about":[{"href":"https:\/\/keluvo.com\/no\/wp-json\/wp\/v2\/types\/product"}],"replies":[{"embeddable":true,"href":"https:\/\/keluvo.com\/no\/wp-json\/wp\/v2\/comments?post=20700"}],"wp:featuredmedia":[{"embeddable":true,"href":"https:\/\/keluvo.com\/no\/wp-json\/wp\/v2\/media\/20696"}],"wp:attachment":[{"href":"https:\/\/keluvo.com\/no\/wp-json\/wp\/v2\/media?parent=20700"}],"wp:term":[{"taxonomy":"product_brand","embeddable":true,"href":"https:\/\/keluvo.com\/no\/wp-json\/wp\/v2\/product_brand?post=20700"},{"taxonomy":"product_cat","embeddable":true,"href":"https:\/\/keluvo.com\/no\/wp-json\/wp\/v2\/product_cat?post=20700"},{"taxonomy":"product_tag","embeddable":true,"href":"https:\/\/keluvo.com\/no\/wp-json\/wp\/v2\/product_tag?post=20700"}],"curies":[{"name":"wp","href":"https:\/\/api.w.org\/{rel}","templated":true}]}}