{"id":20592,"date":"2025-05-19T17:01:08","date_gmt":"2025-05-19T15:01:08","guid":{"rendered":"https:\/\/keluvo.com\/no\/produkt\/koppholder-i-bambus-til-sofaen\/"},"modified":"2025-05-19T17:07:04","modified_gmt":"2025-05-19T15:07:04","slug":"koppholder-i-bambus-til-sofaen","status":"publish","type":"product","link":"https:\/\/keluvo.com\/no\/produkt\/koppholder-i-bambus-til-sofaen\/","title":{"rendered":"Koppholder i bambus til sofaen"},"content":{"rendered":"<p style=\"text-align: center;\"><strong>\ud83e\udd64\u2615 Hold drikke og snacks trygt med denne stilige, milj\u00f8vennlige koppholderen i bambus! \ud83c\udf8d<\/strong><\/p>\n<p><img decoding=\"async\" class=\"alignnone size-full wp-image-20092 aligncenter\" src=\"https:\/\/keluvo.com\/template\/wp-content\/uploads\/sites\/5\/2025\/05\/gif.webp\" alt=\"\" \/><\/p>\n<h2 style=\"text-align: center;\">Hvorfor du vil elske den:<\/h2>\n<p style=\"text-align: center;\"><img decoding=\"async\" class=\"emoji\" style=\"font-size: 16px; font-style: inherit; font-weight: inherit; background-color: #ffffff;\" role=\"img\" src=\"https:\/\/s.w.org\/images\/core\/emoji\/15.1.0\/svg\/2705.svg\" alt=\"\u2705\" \/><span style=\"font-size: 16px;\">\u00a0<\/span><strong style=\"font-size: 16px;\">Ikke Mer S\u00f8l, Ikke Mer Stress! <\/strong><span style=\"font-size: 16px;\">Si farvel til kaffeflekker og vinglass som velter! Den sklisikre bambusoverflaten holder drinkene dine stabile og trygge.<\/span><\/p>\n<p style=\"text-align: center;\"><img decoding=\"async\" class=\"emoji\" style=\"font-size: 16px; font-style: inherit; font-weight: inherit; background-color: #ffffff;\" role=\"img\" src=\"https:\/\/s.w.org\/images\/core\/emoji\/15.1.0\/svg\/2705.svg\" alt=\"\u2705\" \/><span style=\"font-size: 16px;\">\u00a0<\/span><strong style=\"font-size: 16px;\">Sm\u00e5spise, Nippe, Str\u00f8mme \u2013 Alt P\u00e5 Ett Sted! <\/strong><span style=\"font-size: 16px;\">Oppbevar krus, telefon, fjernkontroll og snacks p\u00e5 ett og samme sted! Perfekt for \u00e5 se p\u00e5 favorittseriene dine, intense spill\u00f8kter eller late s\u00f8ndager.<\/span><\/p>\n<p style=\"text-align: center;\"><img decoding=\"async\" class=\"emoji\" style=\"font-size: 16px; font-style: inherit; font-weight: inherit; background-color: #ffffff;\" role=\"img\" src=\"https:\/\/s.w.org\/images\/core\/emoji\/15.1.0\/svg\/2705.svg\" alt=\"\u2705\" \/><span style=\"font-size: 16px;\">\u00a0<\/span><strong style=\"font-size: 16px;\">Passer Til Alle Drinker Og Alle Sofaer!<\/strong><span style=\"font-size: 16px;\"> Dette brettet passer til alle typer drikke, fra h\u00f8ye drikkeglass til cocktailglass. Det er kompatibelt med sofaer, lenestoler, elskovsseter og mer!<\/span><\/p>\n<p style=\"text-align: center;\"><img decoding=\"async\" class=\"emoji\" style=\"font-size: 16px; font-style: inherit; font-weight: inherit; background-color: #ffffff;\" role=\"img\" src=\"https:\/\/s.w.org\/images\/core\/emoji\/15.1.0\/svg\/2705.svg\" alt=\"\u2705\" \/><span style=\"font-size: 16px;\">\u00a0<\/span><strong style=\"font-size: 16px;\">Monteres P\u00e5 2 Sekunder!<\/strong><span style=\"font-size: 16px;\"> Ingen verkt\u00f8y, ingen problemer &#8211; bare klikk det fast p\u00e5 armlenet, s\u00e5 er du klar til \u00e5 sette i gang.<\/span><\/p>\n<p style=\"text-align: center;\"><img decoding=\"async\" class=\"emoji\" style=\"font-size: 16px; font-style: inherit; font-weight: inherit; background-color: #ffffff;\" role=\"img\" src=\"https:\/\/s.w.org\/images\/core\/emoji\/15.1.0\/svg\/2705.svg\" alt=\"\u2705\" \/><span style=\"font-size: 16px;\">\u00a0<\/span><strong style=\"font-size: 16px;\">Stilig Og Slitesterk!<\/strong><span style=\"font-size: 16px;\">\u00a0Denne koppholderen er laget av naturlig bambus og gir et jordn\u00e6rt, elegant utseende til stuen din, samtidig som den er milj\u00f8vennlig.<\/span><\/p>\n<h2 style=\"text-align: center;\">Perfekt for:<\/h2>\n<p style=\"text-align: center;\"><img decoding=\"async\" class=\"emoji\" style=\"font-size: 16px; font-style: inherit; font-weight: inherit; background-color: #ffffff;\" role=\"img\" src=\"https:\/\/s.w.org\/images\/core\/emoji\/15.1.0\/svg\/1f37f.svg\" alt=\"\ud83c\udf7f\" width=\"15\" height=\"15\" \/><span style=\"font-size: 16px;\">\u00a0<\/span><strong style=\"font-size: 16px;\">Filmkvelder:<\/strong><span style=\"font-size: 16px;\"> Ha snacks og drikke innen rekkevidde uten rot.<\/span><\/p>\n<p style=\"text-align: center;\"><img decoding=\"async\" class=\"emoji\" style=\"font-size: 16px; font-style: inherit; font-weight: inherit; background-color: #ffffff;\" role=\"img\" src=\"https:\/\/s.w.org\/images\/core\/emoji\/15.1.0\/svg\/2615.svg\" alt=\"\u2615\" \/><span style=\"font-size: 16px;\">\u00a0<\/span><strong style=\"font-size: 16px;\">Morgenkaffen:<\/strong><span style=\"font-size: 16px;\"> Balanser kruset sikkert mens du skroller eller slapper av.<\/span><\/p>\n<p style=\"text-align: center;\"><img decoding=\"async\" class=\"emoji\" style=\"font-size: 16px; font-style: inherit; font-weight: inherit; background-color: #ffffff;\" role=\"img\" src=\"https:\/\/s.w.org\/images\/core\/emoji\/15.1.0\/svg\/1f3ae.svg\" alt=\"\ud83c\udfae\" \/><span style=\"font-size: 16px;\">\u00a0<\/span><strong style=\"font-size: 16px;\">Spill\u00f8kter:<\/strong><span style=\"font-size: 16px;\"> F\u00e5 hendene fri uten \u00e5 m\u00e5tte stoppe spillet.<\/span><\/p>\n<p style=\"text-align: center;\"><img decoding=\"async\" class=\"emoji aligncenter\" style=\"font-size: 16px; font-style: inherit; font-weight: inherit; background-color: #ffffff;\" role=\"img\" src=\"https:\/\/s.w.org\/images\/core\/emoji\/15.1.0\/svg\/1f381.svg\" alt=\"\ud83c\udf81\" \/><span style=\"font-size: 16px;\">\u00a0<\/span><strong style=\"font-size: 16px;\">Gave til giveren:<\/strong><span style=\"font-size: 16px;\">\u00a0En praktisk, men gjennomtenkt innflyttingsgave.<\/span><\/p>\n<h2 style=\"text-align: center;\">Slik fungerer den:<\/h2>\n<p style=\"text-align: center;\">Bare plasser den p\u00e5 et hvilket som helst armlen. Len deg tilbake, slapp av og nyt &#8211; drikkevarene holder seg p\u00e5 plass og snacksen er organisert. T\u00f8rk av med en fuktig klut for enkel rengj\u00f8ring.<\/p>\n<h2 style=\"text-align: center;\">Produktinformasjon:<\/h2>\n<ul>\n<li><strong>Farge:<\/strong>\u00a0Naturlig bambus<\/li>\n<li><strong>Materiale:<\/strong>\u00a0Milj\u00f8vennlig bambus<\/li>\n<li><strong>St\u00f8rrelse:<\/strong>\u00a040 cm (L) x 32,8 cm (B) x 4,6 cm (H)<\/li>\n<li><strong>Form:<\/strong>\u00a0Slank rektangul\u00e6r design<\/li>\n<\/ul>\n<p>&nbsp;<\/p>\n","protected":false},"excerpt":{"rendered":"<p>\ud83e\udd64\u2615 Hold drikke og snacks trygt med denne stilige, milj\u00f8vennlige koppholderen i bambus! \ud83c\udf8d Hvorfor du vil elske den: \u00a0Ikke [&hellip;]<\/p>\n","protected":false},"featured_media":20588,"comment_status":"open","ping_status":"closed","template":"","meta":{"site-sidebar-layout":"default","site-content-layout":"","ast-site-content-layout":"default","site-content-style":"default","site-sidebar-style":"default","ast-global-header-display":"","ast-banner-title-visibility":"","ast-main-header-display":"","ast-hfb-above-header-display":"","ast-hfb-below-header-display":"","ast-hfb-mobile-header-display":"","site-post-title":"","ast-breadcrumbs-content":"","ast-featured-img":"","footer-sml-layout":"","theme-transparent-header-meta":"default","adv-header-id-meta":"","stick-header-meta":"","header-above-stick-meta":"","header-main-stick-meta":"","header-below-stick-meta":"","astra-migrate-meta-layouts":"set","ast-page-background-enabled":"default","ast-page-background-meta":{"desktop":{"background-color":"var(--ast-global-color-4)","background-image":"","background-repeat":"repeat","background-position":"center center","background-size":"auto","background-attachment":"scroll","background-type":"","background-media":"","overlay-type":"","overlay-color":"","overlay-opacity":"","overlay-gradient":""},"tablet":{"background-color":"","background-image":"","background-repeat":"repeat","background-position":"center center","background-size":"auto","background-attachment":"scroll","background-type":"","background-media":"","overlay-type":"","overlay-color":"","overlay-opacity":"","overlay-gradient":""},"mobile":{"background-color":"","background-image":"","background-repeat":"repeat","background-position":"center center","background-size":"auto","background-attachment":"scroll","background-type":"","background-media":"","overlay-type":"","overlay-color":"","overlay-opacity":"","overlay-gradient":""}},"ast-content-background-meta":{"desktop":{"background-color":"var(--ast-global-color-5)","background-image":"","background-repeat":"repeat","background-position":"center center","background-size":"auto","background-attachment":"scroll","background-type":"","background-media":"","overlay-type":"","overlay-color":"","overlay-opacity":"","overlay-gradient":""},"tablet":{"background-color":"var(--ast-global-color-5)","background-image":"","background-repeat":"repeat","background-position":"center center","background-size":"auto","background-attachment":"scroll","background-type":"","background-media":"","overlay-type":"","overlay-color":"","overlay-opacity":"","overlay-gradient":""},"mobile":{"background-color":"var(--ast-global-color-5)","background-image":"","background-repeat":"repeat","background-position":"center center","background-size":"auto","background-attachment":"scroll","background-type":"","background-media":"","overlay-type":"","overlay-color":"","overlay-opacity":"","overlay-gradient":""}}},"product_brand":[],"product_cat":[1001],"product_tag":[],"class_list":{"0":"post-20592","1":"product","2":"type-product","3":"status-publish","4":"has-post-thumbnail","6":"product_cat-husholdningsartikler","7":"desktop-align-left","8":"tablet-align-left","9":"mobile-align-left","11":"first","12":"instock","13":"shipping-taxable","14":"purchasable","15":"product-type-simple"},"_links":{"self":[{"href":"https:\/\/keluvo.com\/no\/wp-json\/wp\/v2\/product\/20592","targetHints":{"allow":["GET"]}}],"collection":[{"href":"https:\/\/keluvo.com\/no\/wp-json\/wp\/v2\/product"}],"about":[{"href":"https:\/\/keluvo.com\/no\/wp-json\/wp\/v2\/types\/product"}],"replies":[{"embeddable":true,"href":"https:\/\/keluvo.com\/no\/wp-json\/wp\/v2\/comments?post=20592"}],"wp:featuredmedia":[{"embeddable":true,"href":"https:\/\/keluvo.com\/no\/wp-json\/wp\/v2\/media\/20588"}],"wp:attachment":[{"href":"https:\/\/keluvo.com\/no\/wp-json\/wp\/v2\/media?parent=20592"}],"wp:term":[{"taxonomy":"product_brand","embeddable":true,"href":"https:\/\/keluvo.com\/no\/wp-json\/wp\/v2\/product_brand?post=20592"},{"taxonomy":"product_cat","embeddable":true,"href":"https:\/\/keluvo.com\/no\/wp-json\/wp\/v2\/product_cat?post=20592"},{"taxonomy":"product_tag","embeddable":true,"href":"https:\/\/keluvo.com\/no\/wp-json\/wp\/v2\/product_tag?post=20592"}],"curies":[{"name":"wp","href":"https:\/\/api.w.org\/{rel}","templated":true}]}}