{"id":20509,"date":"2025-05-19T15:00:40","date_gmt":"2025-05-19T13:00:40","guid":{"rendered":"https:\/\/keluvo.com\/no\/produkt\/kilesandaler\/"},"modified":"2025-07-16T17:35:28","modified_gmt":"2025-07-16T15:35:28","slug":"kilesandaler","status":"publish","type":"product","link":"https:\/\/keluvo.com\/no\/produkt\/kilesandaler\/","title":{"rendered":"Kilesandaler"},"content":{"rendered":"<h2 style=\"text-align: center\">Sandalene f\u00f8ttene dine fortjener<\/h2>\n<p style=\"text-align: center\"><strong>Mer enn halvparten av alle voksne opplever en eller annen form for fotproblem som holder dem tilbake.<\/strong><\/p>\n<p style=\"text-align: center\">Enten det er diabetes, leddgikt, en gammel skade eller bare livet som krever sitt, kan smerter i f\u00f8ttene gj\u00f8re selv de enkleste ting umulige. Det er her disse ortopediske sandalene kommer inn i bildet. De er designet for \u00e5 dempe hvert skritt, avlaste leddene og beskytte f\u00f8lsomme omr\u00e5der &#8211; enten det dreier seg om en kronisk tilstand eller slitasjen etter en gammel skade.<\/p>\n<p><img decoding=\"async\" class=\"size-full wp-image-20017 aligncenter\" src=\"https:\/\/keluvo.com\/template\/wp-content\/uploads\/sites\/5\/2025\/05\/unnamed.png\" alt=\"\" \/><\/p>\n<h2><\/h2>\n<h2 style=\"text-align: center\">Derfor kommer du til \u00e5 elske dem<\/h2>\n<p><strong>Komfort hele dagen:<\/strong> Den brede t\u00e5en og de tynne s\u00e5lene gir deg en perfekt passform som f\u00f8les som om du g\u00e5r naturlig, uansett hvor lenge du er p\u00e5 beina.<\/p>\n<p><strong>Smertelindring som virker: <\/strong>De polstrede innleggss\u00e5lene avlaster ikke bare trykket &#8211; de fordeler det jevnt, slik at f\u00f8ttene, kn\u00e6rne, hoftene og ryggen f\u00f8les lettere for hvert skritt du tar.<\/p>\n<p><strong>Bedre balanse, bedre deg: <\/strong>Disse sandalene gir den perfekte balansen mellom st\u00f8tte og stabilitet, noe som bidrar til en bedre holdning og f\u00e5r deg til \u00e5 f\u00f8le deg bra, b\u00e5de innvendig og utvendig.<\/p>\n<p><strong>Stil og stabilitet: <\/strong>Med en elegant design som passer til ethvert antrekk og et sklisikkert grep, holder du balansen og ser stilig ut, selv p\u00e5 glatte eller v\u00e5te underlag.<\/p>\n<p><img decoding=\"async\" class=\"size-full wp-image-20019 aligncenter\" src=\"https:\/\/keluvo.com\/template\/wp-content\/uploads\/sites\/5\/2025\/05\/unnamed-ezgif.com-gif-to-webp-converter.webp\" alt=\"\" \/><\/p>\n<h2 style=\"text-align: center\">St\u00f8rrelsestabell<\/h2>\n<p><img decoding=\"async\" class=\"size-full wp-image-20047 aligncenter\" src=\"https:\/\/keluvo.com\/template\/wp-content\/uploads\/sites\/5\/2025\/05\/Screenshot-2025-05-19-152811.png\" alt=\"\" \/><\/p>\n","protected":false},"excerpt":{"rendered":"<p>Sandalene f\u00f8ttene dine fortjener Mer enn halvparten av alle voksne opplever en eller annen form for fotproblem som holder dem [&hellip;]<\/p>\n","protected":false},"featured_media":20505,"comment_status":"open","ping_status":"closed","template":"","meta":{"site-sidebar-layout":"default","site-content-layout":"","ast-site-content-layout":"default","site-content-style":"default","site-sidebar-style":"default","ast-global-header-display":"","ast-banner-title-visibility":"","ast-main-header-display":"","ast-hfb-above-header-display":"","ast-hfb-below-header-display":"","ast-hfb-mobile-header-display":"","site-post-title":"","ast-breadcrumbs-content":"","ast-featured-img":"","footer-sml-layout":"","theme-transparent-header-meta":"default","adv-header-id-meta":"","stick-header-meta":"","header-above-stick-meta":"","header-main-stick-meta":"","header-below-stick-meta":"","astra-migrate-meta-layouts":"set","ast-page-background-enabled":"default","ast-page-background-meta":{"desktop":{"background-color":"var(--ast-global-color-4)","background-image":"","background-repeat":"repeat","background-position":"center center","background-size":"auto","background-attachment":"scroll","background-type":"","background-media":"","overlay-type":"","overlay-color":"","overlay-opacity":"","overlay-gradient":""},"tablet":{"background-color":"","background-image":"","background-repeat":"repeat","background-position":"center center","background-size":"auto","background-attachment":"scroll","background-type":"","background-media":"","overlay-type":"","overlay-color":"","overlay-opacity":"","overlay-gradient":""},"mobile":{"background-color":"","background-image":"","background-repeat":"repeat","background-position":"center center","background-size":"auto","background-attachment":"scroll","background-type":"","background-media":"","overlay-type":"","overlay-color":"","overlay-opacity":"","overlay-gradient":""}},"ast-content-background-meta":{"desktop":{"background-color":"var(--ast-global-color-5)","background-image":"","background-repeat":"repeat","background-position":"center center","background-size":"auto","background-attachment":"scroll","background-type":"","background-media":"","overlay-type":"","overlay-color":"","overlay-opacity":"","overlay-gradient":""},"tablet":{"background-color":"var(--ast-global-color-5)","background-image":"","background-repeat":"repeat","background-position":"center center","background-size":"auto","background-attachment":"scroll","background-type":"","background-media":"","overlay-type":"","overlay-color":"","overlay-opacity":"","overlay-gradient":""},"mobile":{"background-color":"var(--ast-global-color-5)","background-image":"","background-repeat":"repeat","background-position":"center center","background-size":"auto","background-attachment":"scroll","background-type":"","background-media":"","overlay-type":"","overlay-color":"","overlay-opacity":"","overlay-gradient":""}}},"product_brand":[],"product_cat":[993],"product_tag":[],"class_list":{"0":"post-20509","1":"product","2":"type-product","3":"status-publish","4":"has-post-thumbnail","6":"product_cat-skotoy-tilbehor","7":"pa_48112_840xd2fk-brun","8":"pa_48112_840xd2fk-gra","9":"pa_48112_840xd2fk-rod","10":"pa_48112_840xd2fk-svart","11":"pa_48112_sq5m16nr-4026","12":"pa_48112_sq5m16nr-4027","13":"pa_48112_sq5m16nr-4028","14":"pa_48112_sq5m16nr-4029","15":"pa_48112_sq5m16nr-4030","16":"pa_48112_sq5m16nr-4031","17":"pa_48112_sq5m16nr-4032","18":"desktop-align-left","19":"tablet-align-left","20":"mobile-align-left","22":"first","23":"instock","24":"shipping-taxable","25":"purchasable","26":"product-type-variable","27":"has-default-attributes"},"_links":{"self":[{"href":"https:\/\/keluvo.com\/no\/wp-json\/wp\/v2\/product\/20509","targetHints":{"allow":["GET"]}}],"collection":[{"href":"https:\/\/keluvo.com\/no\/wp-json\/wp\/v2\/product"}],"about":[{"href":"https:\/\/keluvo.com\/no\/wp-json\/wp\/v2\/types\/product"}],"replies":[{"embeddable":true,"href":"https:\/\/keluvo.com\/no\/wp-json\/wp\/v2\/comments?post=20509"}],"wp:featuredmedia":[{"embeddable":true,"href":"https:\/\/keluvo.com\/no\/wp-json\/wp\/v2\/media\/20505"}],"wp:attachment":[{"href":"https:\/\/keluvo.com\/no\/wp-json\/wp\/v2\/media?parent=20509"}],"wp:term":[{"taxonomy":"product_brand","embeddable":true,"href":"https:\/\/keluvo.com\/no\/wp-json\/wp\/v2\/product_brand?post=20509"},{"taxonomy":"product_cat","embeddable":true,"href":"https:\/\/keluvo.com\/no\/wp-json\/wp\/v2\/product_cat?post=20509"},{"taxonomy":"product_tag","embeddable":true,"href":"https:\/\/keluvo.com\/no\/wp-json\/wp\/v2\/product_tag?post=20509"}],"curies":[{"name":"wp","href":"https:\/\/api.w.org\/{rel}","templated":true}]}}